{"id":21777,"date":"2024-07-07T19:58:20","date_gmt":"2024-07-07T17:58:20","guid":{"rendered":"https:\/\/opranic.com\/shop\/uncategorized\/radiateur-infrarouge-a-panneau-metallique-opranic-p5-300w-900w\/"},"modified":"2026-05-03T16:07:47","modified_gmt":"2026-05-03T14:07:47","slug":"radiateur-infrarouge-a-panneau-metallique-opranic-p5-300w-900w","status":"publish","type":"product","link":"https:\/\/opranic.com\/fr\/shop\/chauffage-interieur\/p5-metal-mural-plafond\/radiateur-infrarouge-a-panneau-metallique-opranic-p5-300w-900w\/","title":{"rendered":"Panneau rayonnant infrarouge en m\u00e9tal OPRANIC P5 300 W &#8211; 900 W"},"content":{"rendered":"<div class=\"wpb-content-wrapper\">[vc_row][vc_column][vc_tta_tabs shape=\u00a0\u00bbsquare\u00a0\u00bb active_section=\u00a0\u00bb1&Prime; css=\u00a0\u00bb.vc_custom_1760386833377{background-color: #FFFFFF00 !important;border-color: #FFFFFF00 !important;}\u00a0\u00bb][vc_tta_section title=\u00a0\u00bbD\u00e9tails\u00a0\u00bb tab_id=\u00a0\u00bb1715058604722-4be8b460-d501&Prime;]<style>.vcex-heading.vcex_69fe06afc1f4d{text-transform:capitalize;}<\/style><h2 class=\"vcex-heading vcex-heading-plain vcex-module wpex-heading wpex-text-2xl vcex_69fe06afc1f4d\"><span class=\"vcex-heading-inner wpex-inline-block\">Caract\u00e9ristiques principales du radiateur infrarouge \u00e0 panneau m\u00e9tallique Opranic P5<\/span><\/h2>[vc_column_text css=\u00a0\u00bb\u00a0\u00bb]Le panneau de chauffage infrarouge Opranic P5 Metal utilise la technologie de chauffage par infrarouge sombre et atteint une efficacit\u00e9 \u00e9lev\u00e9e, convertissant environ 99 % de l\u2019\u00e9nergie \u00e9lectrique en chaleur. La s\u00e9rie P5 est un chauffage infrarouge efficace pour un usage int\u00e9rieur.  Il assure une diffusion homog\u00e8ne de la chaleur et offre une chaleur constante dans tout votre espace.<\/p>\n<h3>Caract\u00e9ristiques<\/h3>\n<ul>\n<li><strong>Technologie avanc\u00e9e :<\/strong> La technologie de chauffage infrarouge sombre fournit une chaleur constante semblable au soleil.<\/li>\n<li><strong>Chauffage efficace :<\/strong> L&rsquo;isolation arri\u00e8re avec un r\u00e9flecteur en aluminium r\u00e9duit les pertes de chaleur.<\/li>\n<li><strong>Construction de haute qualit\u00e9 :<\/strong> Bo\u00eetier m\u00e9tallique robuste.<\/li>\n<li><strong>Protection renforc\u00e9e :<\/strong> Protection contre la surchauffe et supports de s\u00e9curit\u00e9.<\/li>\n<li><strong>Design \u00e9l\u00e9gant :<\/strong> Surface blanche soie-mate et une profondeur ultra-mince de 2,5 cm pour un look moderne.<\/li>\n<li><strong>Installation polyvalente :<\/strong> Montage horizontal ou vertical sur murs ou plafonds.<\/li>\n<li><strong>Indice IP44 :<\/strong> S\u00fbr pour utilisation dans les salles de bains, prot\u00e9g\u00e9 contre les \u00e9claboussures d&rsquo;eau.<\/li>\n<li><strong>S\u00e9curit\u00e9 :<\/strong> Protection int\u00e9gr\u00e9e contre la surchauffe pour une s\u00e9curit\u00e9 maximale.<\/li>\n<li><strong>Certifications :<\/strong> T\u00dcV S\u00fcd, CE, RoHS, REACH et EMC.<\/li>\n<li><strong>Compatibilit\u00e9 thermostat :<\/strong> Fonctionne avec des thermostats externes.<\/li>\n<li><strong>Garantie :<\/strong> Garantie 5 ans pour la fiabilit\u00e9 du produit.<\/li>\n<\/ul>\n<h3>Caract\u00e9ristiques de design et de s\u00e9curit\u00e9 du radiateur infrarouge opranic P5<\/h3>\n<p>Le radiateur infrarouge \u00e0 panneau m\u00e9tallique Opranic P5 pr\u00e9sente un design textur\u00e9 blanc-mat premium. Il n&rsquo;est pas seulement esth\u00e9tique mais aussi s\u00fbr au toucher. Ce radiateur est rapide et facile \u00e0 monter sur les murs ou plafonds, offrant des options d&rsquo;installation polyvalentes. Il inclut une protection contre la surchauffe et la surtension. Avec un indice IP44, il est s\u00fbr pour utilisation dans les salles de bains.    <\/p>\n<h3>Compatibilit\u00e9 et certification du radiateur infrarouge opranic P5<\/h3>\n<p>Le radiateur infrarouge \u00e0 panneau m\u00e9tallique Opranic P5 fonctionne avec d&rsquo;autres syst\u00e8mes de thermostat et environnements domotiques pour plus de commodit\u00e9 et de polyvalence. Les panneaux de chauffage infrarouge muraux P5 sont certifi\u00e9s par T\u00dcV S\u00fcd, CE, EMC, REACH et RoHS, garantissant fiabilit\u00e9 et durabilit\u00e9 pour une utilisation \u00e0 long terme. <\/p>\n<h3>Luxe exclusif avec les radiateurs infrarouges de salle de bain opranic<\/h3>\n<p>Les panneaux rayonnants infrarouges OPRANIC sont id\u00e9aux pour la salle de bain. Gr\u00e2ce \u00e0 la technologie de chauffage par infrarouge lointain, les radiateurs OPRANIC diffusent une chaleur agr\u00e9able, semblable \u00e0 celle du soleil, qui rayonne directement sur votre corps pour un confort optimal. Ils aident \u00e9galement \u00e0 maintenir les murs secs et sans moisissure, r\u00e9duisant ainsi le besoin de d\u00e9shumidification. La s\u00e9rie P5, avec son profil ultra-mince de 2,5 cm et son design moderne, peut \u00eatre install\u00e9e horizontalement ou verticalement au mur ou au plafond, lib\u00e9rant un espace pr\u00e9cieux. Avec OPRANIC, profitez d\u2019une chaleur infrarouge naturelle dans votre salle de bain.    <\/p>\n<p>Les radiateurs m\u00e9talliques de la s\u00e9rie OPRANIC P5 sont des \u00e9metteurs infrarouges haut de gamme dot\u00e9s d\u2019une technologie de chauffage par infrarouge lointain haute performance. Disponibles avec des puissances allant jusqu\u2019\u00e0 900 watts, ces radiateurs int\u00e8grent un c\u00e2blage innovant \u00e0 r\u00e9sistance nano-technologique et affichent une efficacit\u00e9 \u00e9nerg\u00e9tique d\u2019environ 99 %. Les radiateurs OPRANIC s\u00e9rie P5 pr\u00e9sentent une \u00e9l\u00e9gante surface en m\u00e9tal blanc au fini mat satin\u00e9 et une trame chauffante de haute qualit\u00e9 diffusant une chaleur rayonnante uniforme. Malgr\u00e9 une \u00e9paisseur de seulement 2,5 cm, ils offrent une puissance de chauffe robuste. Les supports muraux et de plafond garantissent une installation s\u00e9curis\u00e9e. Certifi\u00e9e IP44, la s\u00e9rie OPRANIC P5 r\u00e9siste aux \u00e9claboussures et \u00e0 l\u2019humidit\u00e9, ce qui la rend parfaite pour les salles de bain.      Gr\u00e2ce \u00e0 une protection int\u00e9gr\u00e9e contre la surchauffe et des interrupteurs de s\u00e9curit\u00e9 emp\u00eachant les panneaux d\u2019atteindre des temp\u00e9ratures dangereuses, ces chauffages infrarouges sont s\u00fbrs et fiables. Ils sont compatibles avec la maison connect\u00e9e et dot\u00e9s d\u2019une isolation avanc\u00e9e ainsi que d\u2019un bo\u00eetier m\u00e9tallique robuste. Chaque chauffage infrarouge b\u00e9n\u00e9ficie d\u2019une garantie de 5 ans pour des performances durables.  <\/p>\n<h3>Accessoires optionnels, pieds<\/h3>\n<p>Vous pouvez transformer notre s\u00e9rie OPRANIC Metal en unit\u00e9 de chauffage mobile gr\u00e2ce \u00e0 des pieds m\u00e9talliques. Gr\u00e2ce au syst\u00e8me de montage simple, vous pouvez d\u00e9tacher l\u2019appareil du mur ou du plafond pour le convertir en radiateur mobile polyvalent.<br \/>\n[\/vc_column_text]<h2 class=\"vcex-heading vcex-heading-plain vcex-module wpex-heading wpex-text-2xl\"><span class=\"vcex-heading-inner wpex-inline-block\">Sp\u00e9cifications techniques<\/span><\/h2>[vc_column_text css=\u00a0\u00bb\u00a0\u00bb]\n<ul>\n<li>Puissance de chauffage : Mod\u00e8les disponibles de 300W \u00e0 900W pour s&rsquo;adapter \u00e0 diverses tailles de pi\u00e8ces.<\/li>\n<li>Dimensions :\n<ul>\n<li>300 Watts : 60 x 40 x 2,5 cm<\/li>\n<li>450 Watts : 60 x 60 x 2,5 cm<\/li>\n<li>700 Watts : 60 x 90 x 2,5 cm<\/li>\n<li>900 Watts : 60 x 120 x 2,5 cm<\/li>\n<\/ul>\n<\/li>\n<li>Zone de chauffage : Adapt\u00e9 aux pi\u00e8ces de 6 m\u00b2 \u00e0 20 m\u00b2 selon le mod\u00e8le.<\/li>\n<li>Temp\u00e9rature de surface : Jusqu&rsquo;\u00e0 110\u00b0C.<\/li>\n<li>Temp\u00e9rature arri\u00e8re : Environ 35 \u00e0 45\u00b0C.<\/li>\n<li>Type de chaleur : Rayonnement infrarouge \u00e0 ondes longues C.<\/li>\n<li>Profondeur de montage : Profondeur totale avec support est de 5 cm.<\/li>\n<li>Alimentation : 230V \/ 50Hz avec un cordon d&rsquo;alimentation de 1,9 m.<\/li>\n<\/ul>\n<h3>Puissance et poids<\/h3>\n<ul>\n<li>Mat\u00e9riau : Construction m\u00e9tallique de haute qualit\u00e9.<\/li>\n<li>Alimentation : 230V \/ 50Hz avec un cordon d&rsquo;alimentation de 1,9 m.<\/li>\n<li>Poids :\n<ul>\n<li>300 Watts : 5,5 kg<\/li>\n<li>450 Watts : 6,9 kg<\/li>\n<li>700 Watts : 8,4 kg<\/li>\n<li>900 Watts : 12,2 kg<\/li>\n<\/ul>\n<\/li>\n<li>Classe de protection : I<\/li>\n<\/ul>\n<h3>Couverture de chauffage : exclusivement pour espaces int\u00e9rieurs ferm\u00e9s<\/h3>\n<ul>\n<li>300 watts : jusqu&rsquo;\u00e0 environ 8 m\u00b2<\/li>\n<li>450 watts : jusqu&rsquo;\u00e0 environ 12 m\u00b2<\/li>\n<li>700 watts : jusqu&rsquo;\u00e0 environ 16 m\u00b2<\/li>\n<li>900 watts : jusqu&rsquo;\u00e0 environ 20 m\u00b2<\/li>\n<\/ul>\n<p>Les estimations de couverture de chauffage ci-dessus sont bas\u00e9es sur des mesures et tests effectu\u00e9s dans des pi\u00e8ces bien isol\u00e9es. La couverture r\u00e9elle peut varier en raison de facteurs tels que la hauteur de plafond, la taille de la pi\u00e8ce, la qualit\u00e9 de l&rsquo;isolation, la structure du b\u00e2timent et le nombre de murs ext\u00e9rieurs. <\/p>\n<h3>Technologie de chauffage<\/h3>\n<ul>\n<li><strong>Filament chauffant :<\/strong> Technologie de double conducteur de chaleur avec une disposition serpentine pour une distribution uniforme de la chaleur et aucun champ magn\u00e9tique suppl\u00e9mentaire. Le filament chauffant s&rsquo;\u00e9tend jusqu&rsquo;aux bords du panneau, garantissant une temp\u00e9rature de surface uniforme et un rayonnement thermique efficace sans points chauds. <\/li>\n<li><strong>Isolation arri\u00e8re :<\/strong> R\u00e9flecteur en aluminium de haute qualit\u00e9 avec une couche d&rsquo;isolation thermique min\u00e9rale de 2,5 cm pour une r\u00e9flexion cibl\u00e9e de la chaleur vers l&rsquo;avant, minimisant les pertes d&rsquo;\u00e9nergie. Cette conception est hautement efficace et s\u00fbre. <\/li>\n<\/ul>\n<h3>Efficacit\u00e9 du rayonnement<\/h3>\n<p>Nos panneaux chauffants infrarouges sont con\u00e7us pour une conversion \u00e9nerg\u00e9tique optimale, afin qu\u2019une plus grande part de l\u2019\u00e9nergie \u00e9lectrique soit directement transform\u00e9e en chaleur. Ils d\u00e9passent les standards du secteur, offrant un chauffage efficace pour les petits comme les grands espaces. Les chauffages infrarouges OPRANIC assurent une diffusion de chaleur constante avec des pertes d\u2019\u00e9nergie minimales, ce qui se traduit par des \u00e9conomies significatives sur les co\u00fbts de chauffage.  <\/p>\n<h3>Thermostat int\u00e9gr\u00e9 et thermostat externe<\/h3>\n<p>Pour une optimisation \u00e9nerg\u00e9tique efficace, we recommandons l\u2019utilisation d\u2019un thermostat. Celui-ci n\u2019est pas inclus dans l\u2019emballage. Le choix du thermostat d\u00e9pend de l\u2019application pr\u00e9vue. Les radiateurs OPRANIC s\u00e9rie P5 disposent d\u2019une interface ouverte, les rendant compatibles avec n\u2019importe quel syst\u00e8me de thermostat. Ils sont \u00e9galement con\u00e7us pour s\u2019int\u00e9grer aux environnements de maison connect\u00e9e et sont compatibles avec les thermostats d\u2019autres fabricants.    <\/p>\n<h3>Caract\u00e9ristiques de s\u00e9curit\u00e9 et utilisation s\u00fbre<\/h3>\n<ul>\n<li>Protection contre la surchauffe : Interrupteur de s\u00e9curit\u00e9 int\u00e9gr\u00e9 emp\u00eachant les temp\u00e9ratures dangereuses.<\/li>\n<li>Indice IP44 : Prot\u00e8ge contre les \u00e9claboussures d&rsquo;eau, adapt\u00e9 pour usage en salle de bain.<\/li>\n<li>Distances de s\u00e9curit\u00e9 : Maintenez une distance de s\u00e9curit\u00e9 de 30 cm devant et de 10 cm sur tous les c\u00f4t\u00e9s, y compris vers le haut et vers le bas, par rapport aux objets inflammables.<\/li>\n<\/ul>\n<h3>Applications pour le radiateur infrarouge \u00e0 panneau m\u00e9tallique P5<\/h3>\n<p><strong>Zones int\u00e9rieures :<\/strong> Id\u00e9al pour salons, bureaux, salles de bains, chambres, cuisines, chambres d&rsquo;enfants, buanderies, sous-sols et greniers, salles de loisirs, abris de jardin, v\u00e9randas, maisons de vacances, petits appartements, serres, et plus.<\/p>\n<h3>Instructions de montage<\/h3>\n<p>Adapt\u00e9 pour montage mural ou au plafond. Les supports inclus dans l&#8217;emballage permettent d&rsquo;installer le radiateur horizontalement ou verticalement, offrant une flexibilit\u00e9 pour votre espace.  L&#8217;emballage inclut un support de montage brevet\u00e9 qui garantit une fixation s\u00e9curis\u00e9e.<\/p>\n<p>Pour installer, fixez le support au plafond ou au mur avec les vis et chevilles fournies. Ensuite, glissez le radiateur en place et tournez le support de s\u00e9curit\u00e9 pour une installation s\u00e9curis\u00e9e et simple. Pour des performances de chauffage optimales, nous recommandons une distance maximale de 3 \u00e0 4 m\u00e8tres de la zone de chauffage souhait\u00e9e.  <\/p>\n<h3>Contenu de la livraison<\/h3>\n<ul>\n<li>1 x Panneau infrarouge en m\u00e9tal OPRANIC P5<\/li>\n<li>1 x Support de montage brevet\u00e9<\/li>\n<li>1 x Kit d&rsquo;installation (chevilles et vis)<\/li>\n<li>1 x Manuel d&rsquo;utilisation<\/li>\n<li>1 x Cordon d&rsquo;alimentation int\u00e9gr\u00e9<\/li>\n<\/ul>\n<h3>Donn\u00e9es suppl\u00e9mentaires<\/h3>\n<ul>\n<li>Couleur : Blanc<\/li>\n<li>Performance : Mod\u00e8les de 300W \u00e0 900W<\/li>\n<li>Efficacit\u00e9 maximale : Environ 99 % de l&rsquo;\u00e9nergie \u00e9lectrique convertie en rendement thermique<\/li>\n<li>Zone chauffable : Jusqu&rsquo;\u00e0 20 m\u00b2 selon le mod\u00e8le<\/li>\n<\/ul>\n<p>La s\u00e9rie OPRANIC P5 allie technologie infrarouge avanc\u00e9e et design \u00e9pur\u00e9 pour une solution de chauffage efficace et s\u00fbre, adapt\u00e9e \u00e0 diverses applications int\u00e9rieures.<\/p>\n<h2>R\u00e8glement (UE) 2015\/1188<\/h2>\n<p>Veuillez vous r\u00e9f\u00e9rer au r\u00e8glement UE \u00c9coconception 2015\/1188. Pour faire fonctionner le chauffage conform\u00e9ment au r\u00e8glement UE n\u00b0 2015\/1188, veuillez utiliser un syst\u00e8me de thermostat \u00e9lectronique suppl\u00e9mentaire qui dispose de la d\u00e9tection d&rsquo;ouverture de fen\u00eatre et de la programmation hebdomadaire. Ce produit convient uniquement aux pi\u00e8ces bien isol\u00e9es ou pour une utilisation occasionnelle (R\u00e8glement UE 2015\/1188 Article 3, Annexe II b) II (2)).   Le contr\u00f4leur de temp\u00e9rature ambiante ne fait pas partie du produit. \u00c9tant donn\u00e9 que les interfaces sont ouvertes, vous pouvez soit utiliser votre propre syst\u00e8me de thermostat ou, par exemple, notre syst\u00e8me de thermostat OT50. [\/vc_column_text][\/vc_tta_section][vc_tta_section title=\u00a0\u00bbF.A.Q.\u00a0\u00bb tab_id=\u00a0\u00bb1715058630675-41822335-92e1&Prime;][vc_row_inner equal_height=\u00a0\u00bbyes\u00a0\u00bb remove_bottom_col_margin=\u00a0\u00bbtrue\u00a0\u00bb css=\u00a0\u00bb.vc_custom_1715063689585{padding-top: 30px !important;padding-bottom: 30px !important;}\u00a0\u00bb el_id=\u00a0\u00bbfaq\u00a0\u00bb][vc_column_inner]<style>.vcex-heading.vcex_69fe06afc3104{font-weight:600;text-transform:uppercase;}<\/style><h2 class=\"vcex-heading vcex-heading-plain vcex-module wpex-heading wpex-text-2xl vcex_69fe06afc3104\"><span class=\"vcex-heading-inner wpex-inline-block\">FAQ - P5 m\u00e9tal infrarouge<\/span><\/h2>[vc_toggle title=\u00a0\u00bbLE RADIATEUR INFRAROUGE EN M\u00c9TAL OPRANIC P5 PEUT-IL \u00caTRE UTILIS\u00c9 DANS UNE SALLE DE BAIN ?\u00a0\u00bb style=\u00a0\u00bbarrow\u00a0\u00bb css=\u00a0\u00bb\u00a0\u00bb]Oui, le chauffage infrarouge de salle de bain Opranic P5 Metal est certifi\u00e9 IP44, garantissant une utilisation s\u00fbre gr\u00e2ce \u00e0 sa protection contre les projections d\u2019eau. Les chauffages de la s\u00e9rie P5 apportent une touche esth\u00e9tique et \u00e9l\u00e9gante \u00e0 votre pi\u00e8ce tout en offrant le confort luxueux d\u2019une salle de bain bien chauff\u00e9e.[\/vc_toggle][vc_toggle title=\u00a0\u00bbLE RADIATEUR INFRAROUGE EN M\u00c9TAL OPRANIC P5 EST-IL COMPATIBLE AVEC LES SYST\u00c8MES DE MAISON CONNECT\u00c9E ?\u00a0\u00bb style=\u00a0\u00bbarrow\u00a0\u00bb css=\u00a0\u00bb\u00a0\u00bb]Oui, le radiateur infrarouge m\u00e9tallique Opranic P5 est compatible avec les syst\u00e8mes de thermostat et les configurations domotiques. Cette compatibilit\u00e9 vous permet d&rsquo;int\u00e9grer le radiateur avec divers appareils domotiques, vous permettant de contr\u00f4ler la temp\u00e9rature \u00e0 distance via votre smartphone ou assistants vocaux comme Amazon Alexa et Google Home. Vous pouvez d\u00e9finir des horaires, surveiller la consommation d&rsquo;\u00e9nergie et ajuster les param\u00e8tres pour un confort optimal et une efficacit\u00e9 \u00e9nerg\u00e9tique, int\u00e9grant parfaitement le radiateur dans votre environnement domotique existant.[\/vc_toggle][vc_column_text css=\u00a0\u00bb\u00a0\u00bb]La FAQ pour tous les produits Opranic se trouve <a href=\"https:\/\/opranic.com\/knowledge-bank-faq\/\">ici<\/a>.<\/p>\n<p><a href=\"https:\/\/opranic.com\/knowledge-bank-faq\/\">Banque de connaissances FAQ | Opranic<\/a>[\/vc_column_text][\/vc_column_inner][\/vc_row_inner][\/vc_tta_section][vc_tta_section title=\u00a0\u00bbM\u00e9dias\u00a0\u00bb tab_id=\u00a0\u00bb1760357335507-d5564118-4f52&Prime;][\/vc_tta_section][\/vc_tta_tabs][\/vc_column][\/vc_row]\n<\/div>","protected":false},"excerpt":{"rendered":"<div class=\"product-description\">\n<p>Ressentez une chaleur instantan\u00e9e et uniforme avec le radiateur infrarouge \u00e0 panneau Opranic P5. Con\u00e7u avec un bo\u00eetier m\u00e9tallique durable et une finition mate lisse, le P5 offre un confort silencieux et efficace pour les espaces int\u00e9rieurs modernes. Sa forme \u00e9pur\u00e9e et minimaliste s&rsquo;int\u00e8gre parfaitement dans toute pi\u00e8ce, tandis que la puissante technologie infrarouge garantit des performances durables et des \u00e9conomies d&rsquo;\u00e9nergie.  <\/p>\n<ul class=\"premium-features\">\n<li>Jusqu&rsquo;\u00e0 99 % d&rsquo;efficacit\u00e9 \u00e9nerg\u00e9tique avec le confort infrarouge radiant<\/li>\n<li>Construction m\u00e9tallique durable avec finition de surface mate<\/li>\n<li>Compatible avec les thermostats externes et les syst\u00e8mes domotiques<\/li>\n<li>Indice IP44 \u2013 adapt\u00e9 aux salles de bains et pi\u00e8ces humides<\/li>\n<li>Montage flexible au mur, au plafond ou sur support, horizontal ou vertical<\/li>\n<li>Certifi\u00e9 par T\u00dcV S\u00fcd, CE et REACH \u2013 garantie 5 ans<\/li>\n<\/ul>\n<\/div>\n","protected":false},"featured_media":21778,"comment_status":"closed","ping_status":"closed","template":"","meta":{"_acf_changed":false,"inline_featured_image":false,"_joinchat":[]},"product_brand":[],"product_cat":[1022,1023],"product_tag":[],"class_list":{"0":"post-21777","1":"product","2":"type-product","3":"status-publish","4":"has-post-thumbnail","6":"product_cat-chauffage-interieur","7":"product_cat-p5-metal-mural-plafond","8":"product_shipping_class-interieur","9":"pa_power-w-300w","10":"pa_power-w-450w","11":"pa_power-w-700w","12":"pa_power-w-900w","13":"entry","14":"has-media","16":"first","17":"instock","18":"sale","19":"featured","20":"taxable","21":"shipping-taxable","22":"purchasable","23":"product-type-variable"},"acf":[],"_links":{"self":[{"href":"https:\/\/opranic.com\/fr\/wp-json\/wp\/v2\/product\/21777","targetHints":{"allow":["GET"]}}],"collection":[{"href":"https:\/\/opranic.com\/fr\/wp-json\/wp\/v2\/product"}],"about":[{"href":"https:\/\/opranic.com\/fr\/wp-json\/wp\/v2\/types\/product"}],"replies":[{"embeddable":true,"href":"https:\/\/opranic.com\/fr\/wp-json\/wp\/v2\/comments?post=21777"}],"wp:featuredmedia":[{"embeddable":true,"href":"https:\/\/opranic.com\/fr\/wp-json\/wp\/v2\/media\/21778"}],"wp:attachment":[{"href":"https:\/\/opranic.com\/fr\/wp-json\/wp\/v2\/media?parent=21777"}],"wp:term":[{"taxonomy":"product_brand","embeddable":true,"href":"https:\/\/opranic.com\/fr\/wp-json\/wp\/v2\/product_brand?post=21777"},{"taxonomy":"product_cat","embeddable":true,"href":"https:\/\/opranic.com\/fr\/wp-json\/wp\/v2\/product_cat?post=21777"},{"taxonomy":"product_tag","embeddable":true,"href":"https:\/\/opranic.com\/fr\/wp-json\/wp\/v2\/product_tag?post=21777"}],"curies":[{"name":"wp","href":"https:\/\/api.w.org\/{rel}","templated":true}]}}