{"id":21790,"date":"2024-07-10T20:29:47","date_gmt":"2024-07-10T18:29:47","guid":{"rendered":"https:\/\/opranic.com\/shop\/uncategorized\/panneau-chauffant-infrarouge-hybride-opranic-p6-550w-900w\/"},"modified":"2026-03-31T09:25:45","modified_gmt":"2026-03-31T07:25:45","slug":"panneau-chauffant-infrarouge-hybride-opranic-p6-550w-900w","status":"publish","type":"product","link":"https:\/\/opranic.com\/fr\/shop\/chauffage-interieur\/p6-hybrid-mural\/panneau-chauffant-infrarouge-hybride-opranic-p6-550w-900w\/","title":{"rendered":"Panneau chauffant infrarouge hybride OPRANIC P6 550 W &#8211; 900 W"},"content":{"rendered":"<div class=\"wpb-content-wrapper\">[vc_row][vc_column][vc_tta_tabs shape=\u00a0\u00bbsquare\u00a0\u00bb active_section=\u00a0\u00bb1&Prime; css=\u00a0\u00bb.vc_custom_1760386833377{background-color: #FFFFFF00 !important;border-color: #FFFFFF00 !important;}\u00a0\u00bb][vc_tta_section title=\u00a0\u00bbD\u00e9tails\u00a0\u00bb tab_id=\u00a0\u00bb1715058604722-4be8b460-d501&Prime;]<style>.vcex-heading.vcex_69dfd36438295{font-weight:600;text-transform:uppercase;}<\/style><h2 class=\"vcex-heading vcex-heading-plain vcex-module wpex-heading wpex-text-2xl vcex_69dfd36438295\"><span class=\"vcex-heading-inner wpex-inline-block\">Panneau chauffant infrarouge hybride Opranic P6 - caract\u00e9ristiques principales<\/span><\/h2>[vc_column_text css=\u00a0\u00bb.vc_custom_1725984920864{padding-bottom: 30px !important;}\u00a0\u00bb]La s\u00e9rie OPRANIC Hybrid P6 offre un chauffage \u00e9conome en \u00e9nergie gr\u00e2ce \u00e0 sa technologie hybride double innovante, combinant le chauffage infrarouge et la convection. Le chauffage infrarouge \u00e9met des ondes radiantes directes, semblables \u00e0 celles du soleil, tandis que le chauffage par convection est g\u00e9n\u00e9r\u00e9 par la circulation d&rsquo;air chauff\u00e9 \u00e0 l&rsquo;int\u00e9rieur du bo\u00eetier ouvert du panneau. Cette double approche am\u00e9liore l&rsquo;efficacit\u00e9 en assurant une distribution compl\u00e8te de la chaleur dans toute la pi\u00e8ce.  <\/p>\n<p>La s\u00e9rie OPRANIC Hybrid P6 est disponible en 550 W et 900 W. L&rsquo;efficacit\u00e9 \u00e9nerg\u00e9tique est obtenue gr\u00e2ce \u00e0 une r\u00e9sistance d\u00e9velopp\u00e9e en interne et \u00e0 un c\u00e2blage en fil de silicium nanotechnologique. Les r\u00e9sistances thermiques s&rsquo;\u00e9tendent enti\u00e8rement jusqu&rsquo;aux bords du chauffage, assurant une distribution uniforme de la chaleur sans points chauds. La s\u00e9rie OPRANIC Hybrid convertit environ 99 % de l&rsquo;\u00e9nergie \u00e9lectrique en puissance thermique, offrant une efficacit\u00e9 \u00e9nerg\u00e9tique maximale, avec une capacit\u00e9 de chaleur de surface allant jusqu&rsquo;\u00e0 110 \u00b0C.   <\/p>\n<p>Le chauffage infrarouge P6 est \u00e9quip\u00e9 d\u2019un thermostat int\u00e9gr\u00e9, un thermostat m\u00e9canique qui vous permet de r\u00e9gler la temp\u00e9rature de surface du chauffage, avec un contr\u00f4le continu. Les chauffages infrarouges hybrides P6 sont fins (4 cm de profondeur), fabriqu\u00e9s avec un bo\u00eetier m\u00e9tallique de haute qualit\u00e9, offrant une grande durabilit\u00e9 et une \u00e9l\u00e9gante finition blanche. <\/p>\n<p>Le syst\u00e8me de montage sp\u00e9cialement con\u00e7u comprend un m\u00e9canisme de verrouillage de s\u00e9curit\u00e9 pour une installation murale horizontale s\u00fbre. La s\u00e9rie OPRANIC P6 b\u00e9n\u00e9ficie d\u2019un indice de protection IP24, ce qui la rend adapt\u00e9e \u00e0 une utilisation dans la salle de bains avec protection contre les projections d\u2019eau, et int\u00e8gre une protection contre la surchauffe et les surtensions. Certifi\u00e9e CE, EMC, REACH et RoHS, elle est couverte par une garantie de 3 ans.[\/vc_column_text]<h3 class=\"vcex-heading vcex-heading-plain vcex-module wpex-heading wpex-text-2xl\"><span class=\"vcex-heading-inner wpex-inline-block\">Rendez-le portable ou utilisez-le dans la salle de bain comme s\u00e8che-serviettes<\/span><\/h3>[vc_column_text css=\u00a0\u00bb.vc_custom_1725984912798{padding-bottom: 30px !important;}\u00a0\u00bb]\n<div class=\"wpb_text_column wpb_content_element vc_custom_1725955535196\">\n<div class=\"wpb_wrapper\">\n<p>La s\u00e9rie Hybrid P6 peut \u00eatre utilis\u00e9e de mani\u00e8re autonome et mobile, avec des pieds sur support en option pour une utilisation facile partout. La s\u00e9rie est \u00e9galement compatible avec d\u2019autres syst\u00e8mes de thermostat enfichables et peut \u00eatre int\u00e9gr\u00e9e \u00e0 des environnements de maison intelligente pour plus de confort. La s\u00e9rie OPRANIC Hybrid P6 garantit un chauffage efficace et autonome partout o\u00f9 vous en avez besoin.  <\/p>\n<p>Vous pouvez transformer notre s\u00e9rie OPRANIC Metal en chauffage mobile gr\u00e2ce \u00e0 des pieds de support m\u00e9talliques. Gr\u00e2ce \u00e0 son syst\u00e8me de support de montage facile \u00e0 utiliser, vous pouvez retirer l\u2019appareil du mur ou du plafond et le convertir en un chauffage mobile polyvalent. <\/p>\n<p>Les chauffages infrarouges OPRANIC sont les chauffages de salle de bains id\u00e9aux pour votre maison, transformant les salles de bains froides en espaces chaleureux et accueillants. Ces chauffages offrent une chaleur efficace et r\u00e9confortante, un indispensable pour votre routine quotidienne. Nos chauffages infrarouges pour salle de bains d\u00e9livrent une chaleur rayonnante intense avec une efficacit\u00e9 \u00e9nerg\u00e9tique maximale, gr\u00e2ce \u00e0 une technologie infrarouge sombre avanc\u00e9e. Con\u00e7us comme la solution de chauffage infrarouge parfaite dans la salle de bains, ils sont r\u00e9sistants aux projections d\u2019eau, garantissant la s\u00e9curit\u00e9 en environnement humide. Avec des designs \u00e9pur\u00e9s et une construction durable, nos chauffages infrarouges sont la mise \u00e0 niveau id\u00e9ale pour votre routine du matin, offrant un confort durable et du style dans toute salle de bains.    <\/p>\n<\/div>\n<\/div>\n[\/vc_column_text]<h3 class=\"vcex-heading vcex-heading-plain vcex-module wpex-heading wpex-text-2xl\"><span class=\"vcex-heading-inner wpex-inline-block\">Caract\u00e9ristiques principales<\/span><\/h3>[vc_column_text css=\u00a0\u00bb.vc_custom_1725984928339{padding-bottom: 30px !important;}\u00a0\u00bb]\n<ul>\n<li>Technologie hybride double : Combine le chauffage infrarouge et par convection pour une efficacit\u00e9 \u00e9nerg\u00e9tique et des performances am\u00e9lior\u00e9es. Chauffage infrarouge sombre. <\/li>\n<li>Efficacit\u00e9 \u00e9nerg\u00e9tique : Convertit environ 99 % de l&rsquo;\u00e9nergie \u00e9lectrique en production thermique en utilisant une r\u00e9sistance avanc\u00e9e et un fil de silicone nanotechnologique.<\/li>\n<li>Distribution uniforme de la chaleur : les r\u00e9sistances de chauffage s&rsquo;\u00e9tendent jusqu&rsquo;aux bords, \u00e9vitant les points chauds<\/li>\n<li>Construction de haute qualit\u00e9 : Fabriqu\u00e9 avec un bo\u00eetier m\u00e9tallique durable avec un profil mince de 4 cm et une surface blanche mate soyeuse.<\/li>\n<li>Protection am\u00e9lior\u00e9e : Protection contre la surchauffe et supports de s\u00e9curit\u00e9 pour une installation s\u00e9curis\u00e9e.<\/li>\n<li>Design \u00e9l\u00e9gant : Surface blanche mate soyeuse et bo\u00eetier mince de 4 cm pour un look moderne<\/li>\n<li>Certifications : Certifi\u00e9 CE, RoHS, REACH et CEM.<\/li>\n<li>Thermostat int\u00e9gr\u00e9 et compatibilit\u00e9 : Thermostat m\u00e9canique int\u00e9gr\u00e9 et compatibilit\u00e9 avec les syst\u00e8mes de maison intelligente.<\/li>\n<li>Mobilit\u00e9 optionnelle : Peut \u00eatre converti en radiateur mobile avec des pieds en option.<\/li>\n<li>Garantie : Fiabilit\u00e9 assur\u00e9e avec une garantie de 3 ans.<\/li>\n<\/ul>\n[\/vc_column_text]<h3 class=\"vcex-heading vcex-heading-plain vcex-module wpex-heading wpex-text-2xl\"><span class=\"vcex-heading-inner wpex-inline-block\">Performance<\/span><\/h3>[vc_column_text css=\u00a0\u00bb.vc_custom_1725984936701{padding-bottom: 30px !important;}\u00a0\u00bb]\n<ul>\n<li>Puissance de chauffage : Disponible en niveaux de puissance de 550W et 900W<\/li>\n<li> Dimensions :\n<ul>\n<li>550 Watts : 60 x 60 x 4 cm<\/li>\n<li>900 Watts : 100 x 60 x 4 cm<\/li>\n<\/ul>\n<\/li>\n<li>Surface de chauffage : Jusqu&rsquo;\u00e0 22 m\u00b2 selon le mod\u00e8le.<\/li>\n<li>Temp\u00e9rature de surface uniforme 90 &#8211; 110\u00b0C.<\/li>\n<li>Temp\u00e9rature arri\u00e8re : Environ 35 \u2013 45\u00b0C.<\/li>\n<li>Type de chaleur : Rayonnement infrarouge \u00e0 ondes longues C.<\/li>\n<li>Profondeur de montage : La profondeur totale avec le support est de 5,3 cm.<\/li>\n<li>Alimentation \u00e9lectrique : 230V \/ 50Hz avec un cordon d&rsquo;alimentation de 1,7 m.<\/li>\n<\/ul>\n[\/vc_column_text]<h3 class=\"vcex-heading vcex-heading-plain vcex-module wpex-heading wpex-text-2xl\"><span class=\"vcex-heading-inner wpex-inline-block\">Sp\u00e9cifications techniques<\/span><\/h3>[vc_column_text css=\u00a0\u00bb.vc_custom_1725984946609{padding-bottom: 30px !important;}\u00a0\u00bb]\n<ul>\n<li>Mat\u00e9riau : Construction m\u00e9tallique de haute qualit\u00e9. Alimentation \u00e9lectrique : 230V \/ 50Hz avec un cordon d&rsquo;alimentation de 1,9 m.<\/li>\n<li>Poids :\n<ul>\n<li>550 Watts : 7 kg<\/li>\n<li>900 Watts : 11 kg<\/li>\n<\/ul>\n<\/li>\n<li>Classe de protection : I<\/li>\n<\/ul>\n[\/vc_column_text]<h3 class=\"vcex-heading vcex-heading-plain vcex-module wpex-heading wpex-text-2xl\"><span class=\"vcex-heading-inner wpex-inline-block\">Couverture de chauffage : exclusivement pour espaces int\u00e9rieurs ferm\u00e9s<\/span><\/h3>[vc_column_text css=\u00a0\u00bb.vc_custom_1725984956389{padding-bottom: 30px !important;}\u00a0\u00bb]\n<ul>\n<li>550 watts : jusqu&rsquo;\u00e0 environ 14 m\u00b2<\/li>\n<li>900 watts : jusqu&rsquo;\u00e0 environ 22 m\u00b2<\/li>\n<\/ul>\n<p>Les estimations de couverture de chauffage ci-dessus sont bas\u00e9es sur des mesures et des tests effectu\u00e9s dans des pi\u00e8ces bien isol\u00e9es. La couverture r\u00e9elle de la zone de chauffage peut varier en fonction de facteurs tels que la hauteur du plafond, la taille de la pi\u00e8ce, la qualit\u00e9 de l&rsquo;isolation, la structure du b\u00e2timent et le nombre de murs ext\u00e9rieurs.[\/vc_column_text]<h3 class=\"vcex-heading vcex-heading-plain vcex-module wpex-heading wpex-text-2xl\"><span class=\"vcex-heading-inner wpex-inline-block\">Technologie de chauffage<\/span><\/h3>[vc_column_text css=\u00a0\u00bb.vc_custom_1725984967504{padding-bottom: 30px !important;}\u00a0\u00bb]Filament chauffant : Technologie \u00e0 double conducteur de chaleur avec une disposition en serpentin pour une distribution uniforme de la chaleur et sans champs magn\u00e9tiques suppl\u00e9mentaires. Le filament chauffant s&rsquo;\u00e9tend jusqu&rsquo;aux bords du panneau, assurant une temp\u00e9rature de surface uniforme et un rayonnement de chaleur efficace sans points chauds.[\/vc_column_text]<h3 class=\"vcex-heading vcex-heading-plain vcex-module wpex-heading wpex-text-2xl\"><span class=\"vcex-heading-inner wpex-inline-block\">Efficacit\u00e9 du rayonnement<\/span><\/h3>[vc_column_text css=\u00a0\u00bb.vc_custom_1725984976211{padding-bottom: 30px !important;}\u00a0\u00bb]Nos panneaux chauffants infrarouges sont con\u00e7us pour une conversion \u00e9nerg\u00e9tique optimale, afin qu\u2019une plus grande part de l\u2019\u00e9nergie \u00e9lectrique soit directement transform\u00e9e en chaleur. Ils d\u00e9passent les standards du secteur, offrant un chauffage efficace pour les petits comme les grands espaces. Les chauffages infrarouges OPRANIC assurent une diffusion de chaleur constante avec des pertes d\u2019\u00e9nergie minimales, ce qui se traduit par des \u00e9conomies significatives sur les co\u00fbts de chauffage.[\/vc_column_text]<h3 class=\"vcex-heading vcex-heading-plain vcex-module wpex-heading wpex-text-2xl\"><span class=\"vcex-heading-inner wpex-inline-block\">Thermostat int\u00e9gr\u00e9 et thermostat externe<\/span><\/h3>[vc_column_text css=\u00a0\u00bb.vc_custom_1725984843947{padding-bottom: 30px !important;}\u00a0\u00bb]La s\u00e9rie P6 dispose d\u2019un thermostat m\u00e9canique int\u00e9gr\u00e9 permettant d\u2019ajuster la temp\u00e9rature de surface du chauffage. Le thermostat int\u00e9gr\u00e9 r\u00e9gule la puissance de chauffe en ajustant la temp\u00e9rature de surface du radiateur. De plus, le chauffage infrarouge hybride P6 peut \u00eatre pilot\u00e9 par un thermostat externe, non inclus dans l\u2019emballage du produit. Le choix d\u2019un thermostat adapt\u00e9 d\u00e9pend de l\u2019application pr\u00e9vue. Les chauffages infrarouges de la s\u00e9rie OPRANIC P6 disposent d\u2019une interface ouverte, les rendant compatibles avec tout syst\u00e8me de thermostat. Ils sont \u00e9galement con\u00e7us pour une int\u00e9gration dans des environnements de maison intelligente et sont compatibles avec des thermostats d\u2019autres fabricants.[\/vc_column_text]<h3 class=\"vcex-heading vcex-heading-plain vcex-module wpex-heading wpex-text-2xl\"><span class=\"vcex-heading-inner wpex-inline-block\">Caract\u00e9ristiques de s\u00e9curit\u00e9 et utilisation s\u00fbre<\/span><\/h3>[vc_column_text css=\u00a0\u00bb.vc_custom_1725984986793{padding-bottom: 30px !important;}\u00a0\u00bb]\n<ul>\n<li>Protection contre la surchauffe : Interrupteur de s\u00e9curit\u00e9 int\u00e9gr\u00e9 emp\u00eachant les temp\u00e9ratures dangereuses.<\/li>\n<li>Indice IP24 : Prot\u00e9g\u00e9 contre les \u00e9claboussures d&rsquo;eau dans toutes les directions<\/li>\n<li>Distances de s\u00e9curit\u00e9 : Maintenez une distance de s\u00e9curit\u00e9 de 30 cm devant et de 10 cm sur tous les c\u00f4t\u00e9s, y compris vers le haut et vers le bas, par rapport aux objets inflammables.<\/li>\n<\/ul>\n[\/vc_column_text]<h3 class=\"vcex-heading vcex-heading-plain vcex-module wpex-heading wpex-text-2xl\"><span class=\"vcex-heading-inner wpex-inline-block\">Applications pour le panneau chauffant infrarouge hybride P6<\/span><\/h3>[vc_column_text css=\u00a0\u00bb.vc_custom_1725984855328{padding-bottom: 30px !important;}\u00a0\u00bb]Zones int\u00e9rieures : Id\u00e9al pour les salons, bureaux, salles de bains, chambres, cuisines, chambres d&rsquo;enfants, buanderies, sous-sols et greniers, salles de loisirs, maisons de jardin, v\u00e9randas, r\u00e9sidences secondaires, petits appartements, serres, etc.[\/vc_column_text]<h3 class=\"vcex-heading vcex-heading-plain vcex-module wpex-heading wpex-text-2xl\"><span class=\"vcex-heading-inner wpex-inline-block\">Instructions de montage<\/span><\/h3>[vc_column_text css=\u00a0\u00bb.vc_custom_1725984996328{padding-bottom: 30px !important;}\u00a0\u00bb]Adapt\u00e9 au montage mural, les supports inclus dans le package permettent d&rsquo;installer le radiateur horizontalement. Pour l&rsquo;installation, fixez le support au mur avec les vis et chevilles fournies. Ensuite, faites glisser le radiateur en place et tournez le support de s\u00e9curit\u00e9 pour une installation s\u00fbre et simple. Pour des performances de chauffage optimales, nous recommandons une distance maximale de 3 \u00e0 4 m\u00e8tres de la zone de chauffage souhait\u00e9e.[\/vc_column_text]<h3 class=\"vcex-heading vcex-heading-plain vcex-module wpex-heading wpex-text-2xl\"><span class=\"vcex-heading-inner wpex-inline-block\">Contenu de la livraison<\/span><\/h3>[vc_column_text css=\u00a0\u00bb.vc_custom_1725987104340{padding-bottom: 30px !important;}\u00a0\u00bb]\n<ul>\n<li>1 x panneau infrarouge hybride OPRANIC P6 Metal<\/li>\n<li>1 x Support de montage brevet\u00e9<\/li>\n<li>1 x Kit d&rsquo;installation (chevilles et vis)<\/li>\n<li>1 x Manuel d&rsquo;utilisation<\/li>\n<li>1 x Cordon d&rsquo;alimentation int\u00e9gr\u00e9<\/li>\n<\/ul>\n[\/vc_column_text]<h3 class=\"vcex-heading vcex-heading-plain vcex-module wpex-heading wpex-text-2xl\"><span class=\"vcex-heading-inner wpex-inline-block\">Donn\u00e9es techniques<\/span><\/h3>[vc_column_text css=\u00a0\u00bb.vc_custom_1725985012617{padding-bottom: 30px !important;}\u00a0\u00bb]\n<ul>\n<li>Couleur : Blanc<\/li>\n<li>Performance : 550W et 900W<\/li>\n<li>Efficacit\u00e9 maximale : Environ 99 % de l&rsquo;\u00e9nergie \u00e9lectrique convertie en rendement thermique<\/li>\n<li>Surface chauffable : Jusqu&rsquo;\u00e0 22 m\u00e8tres carr\u00e9s selon le mod\u00e8le<\/li>\n<\/ul>\n<p>La s\u00e9rie OPRANIC P6 associe une technologie infrarouge avanc\u00e9e \u00e0 un design \u00e9pur\u00e9 pour une solution de chauffage efficace et s\u00fbre, adapt\u00e9e \u00e0 diverses applications en int\u00e9rieur.[\/vc_column_text]<h2 class=\"vcex-heading vcex-heading-plain vcex-module wpex-heading wpex-text-2xl\"><span class=\"vcex-heading-inner wpex-inline-block\">R\u00e8glement (UE) 2015\/1188<\/span><\/h2>[vc_column_text css=\u00a0\u00bb\u00a0\u00bb]Veuillez vous r\u00e9f\u00e9rer au r\u00e8glement europ\u00e9en Ecodesign 2015\/1188. Pour utiliser le chauffage conform\u00e9ment au r\u00e8glement (UE) n\u00b0 2015\/118, veuillez utiliser un syst\u00e8me de thermostat \u00e9lectronique suppl\u00e9mentaire disposant de la d\u00e9tection \u00ab fen\u00eatre ouverte \u00bb et de la programmation des jours de semaine. Ce produit convient uniquement aux pi\u00e8ces bien isol\u00e9es ou \u00e0 une utilisation occasionnelle (r\u00e8glement (UE) 2015\/1188, article 3, annexe II b) II (2)). Le r\u00e9gulateur de temp\u00e9rature ambiante ne fait pas partie du produit. Les interfaces \u00e9tant ouvertes, vous pouvez utiliser votre propre syst\u00e8me de thermostat ou, par exemple, notre syst\u00e8me de thermostat OT50. La s\u00e9rie OPRANIC P6 Hybrid dispose d\u2019un thermostat de surface m\u00e9caniquement int\u00e9gr\u00e9.[\/vc_column_text][\/vc_tta_section][vc_tta_section title=\u00a0\u00bbF.A.Q.\u00a0\u00bb tab_id=\u00a0\u00bb1715058630675-41822335-92e1&Prime;][vc_row_inner equal_height=\u00a0\u00bbyes\u00a0\u00bb remove_bottom_col_margin=\u00a0\u00bbtrue\u00a0\u00bb css=\u00a0\u00bb.vc_custom_1715063689585{padding-top: 30px !important;padding-bottom: 30px !important;}\u00a0\u00bb el_id=\u00a0\u00bbfaq\u00a0\u00bb][vc_column_inner]<style>.vcex-heading.vcex_69dfd36440a26{font-weight:600;text-transform:uppercase;}<\/style><h2 class=\"vcex-heading vcex-heading-plain vcex-module wpex-heading wpex-text-2xl vcex_69dfd36440a26\"><span class=\"vcex-heading-inner wpex-inline-block\">FAQ - P6 hybride m\u00e9tal<\/span><\/h2>[vc_toggle title=\u00a0\u00bbLE CHAUFFAGE INFRAROUGE HYBRIDE OPRANIC P6 EST-IL S\u00dbR POUR UNE UTILISATION DANS LES SALLES DE BAINS ?\u00a0\u00bb style=\u00a0\u00bbarrow\u00a0\u00bb css=\u00a0\u00bb\u00a0\u00bb]Oui, le chauffage infrarouge de salle de bain Opranic P6 Hybrid est class\u00e9 IP24, ce qui le rend s\u00fbr pour une utilisation dans les salles de bain. Il est prot\u00e9g\u00e9 contre les \u00e9claboussures d&rsquo;eau et inclut une protection contre la surchauffe pour assurer la s\u00e9curit\u00e9 de l&rsquo;utilisateur. Ce chauffage ajoute non seulement une touche d&rsquo;\u00e9l\u00e9gance \u00e0 votre salle de bain gr\u00e2ce \u00e0 son design \u00e9pur\u00e9, mais assure \u00e9galement le confort d&rsquo;une salle de bain chaude, am\u00e9liorant ainsi votre exp\u00e9rience globale.[\/vc_toggle][vc_toggle title=\u00a0\u00bbQU\u2019EST-CE QUE LA TECHNOLOGIE DOUBLE HYBRIDE DU CHAUFFAGE INFRAROUGE HYBRIDE OPRANIC P6 ?\u00a0\u00bb style=\u00a0\u00bbarrow\u00a0\u00bb css=\u00a0\u00bb\u00a0\u00bb]La technologie hybride double de l&rsquo;OPRANIC P6 combine le chauffage infrarouge et par convection, fournissant \u00e0 la fois une chaleur radiante semblable \u00e0 celle du soleil et de l&rsquo;air chauff\u00e9. Le chauffage infrarouge r\u00e9chauffe directement les objets et les personnes dans la pi\u00e8ce, de mani\u00e8re similaire \u00e0 la chaleur fournie par la lumi\u00e8re du soleil. Le chauffage par convection, quant \u00e0 lui, r\u00e9chauffe l&rsquo;air, cr\u00e9ant un environnement chauff\u00e9 de mani\u00e8re plus uniforme. La combinaison de ces deux m\u00e9thodes assure une chaleur plus rapide et plus constante, maximisant le confort tout en minimisant la consommation d&rsquo;\u00e9nergie.[\/vc_toggle][\/vc_column_inner][\/vc_row_inner][\/vc_tta_section][vc_tta_section title=\u00a0\u00bbM\u00e9dias\u00a0\u00bb tab_id=\u00a0\u00bb1760357335507-d5564118-4f52&Prime;][\/vc_tta_section][\/vc_tta_tabs][\/vc_column][\/vc_row]\n<\/div>","protected":false},"excerpt":{"rendered":"<div class=\"product-description\">\n<p>D\u00e9couvrez une chaleur rapide, semblable \u00e0 celle du soleil, avec le panneau infrarouge Opranic P6 Hybrid. Son bo\u00eetier m\u00e9tallique de 4 cm et sa finition blanc mat satin\u00e9 offrent un confort homog\u00e8ne, tandis que sa conception hybride combine rayonnement et convection pour une chaleur \u00e9quilibr\u00e9e en 550 W ou 900 W. <\/p>\n<ul class=\"premium-features\">\n<li>Chauffage hybride double : infrarouge + convection pour une haute efficacit\u00e9<\/li>\n<li>Thermostat m\u00e9canique int\u00e9gr\u00e9 avec contr\u00f4le progressif<\/li>\n<li>R\u00e9sistant aux \u00e9claboussures IP24 et adapt\u00e9 aux salles de bains<\/li>\n<li>Montage mural horizontal s\u00e9curis\u00e9 avec verrouillage de s\u00e9curit\u00e9 et protection contre la surchauffe<\/li>\n<li>Certifi\u00e9 CE, RoHS, REACH et CEM ; garantie de 3 ans<\/li>\n<\/ul>\n<\/div>\n","protected":false},"featured_media":21806,"comment_status":"closed","ping_status":"closed","template":"","meta":{"_acf_changed":false,"inline_featured_image":false,"_joinchat":[]},"product_brand":[],"product_cat":[1022,1024],"product_tag":[986,987],"class_list":{"0":"post-21790","1":"product","2":"type-product","3":"status-publish","4":"has-post-thumbnail","6":"product_cat-chauffage-interieur","7":"product_cat-p6-hybrid-mural","8":"product_tag-panneau-chauffant-hybride","9":"product_tag-panneau-chauffant-infrarouge","10":"pa_power-w-550w","11":"pa_power-w-900w","12":"entry","13":"has-media","15":"first","16":"instock","17":"sale","18":"taxable","19":"shipping-taxable","20":"purchasable","21":"product-type-variable","22":"has-default-attributes"},"acf":[],"_links":{"self":[{"href":"https:\/\/opranic.com\/fr\/wp-json\/wp\/v2\/product\/21790","targetHints":{"allow":["GET"]}}],"collection":[{"href":"https:\/\/opranic.com\/fr\/wp-json\/wp\/v2\/product"}],"about":[{"href":"https:\/\/opranic.com\/fr\/wp-json\/wp\/v2\/types\/product"}],"replies":[{"embeddable":true,"href":"https:\/\/opranic.com\/fr\/wp-json\/wp\/v2\/comments?post=21790"}],"wp:featuredmedia":[{"embeddable":true,"href":"https:\/\/opranic.com\/fr\/wp-json\/wp\/v2\/media\/21806"}],"wp:attachment":[{"href":"https:\/\/opranic.com\/fr\/wp-json\/wp\/v2\/media?parent=21790"}],"wp:term":[{"taxonomy":"product_brand","embeddable":true,"href":"https:\/\/opranic.com\/fr\/wp-json\/wp\/v2\/product_brand?post=21790"},{"taxonomy":"product_cat","embeddable":true,"href":"https:\/\/opranic.com\/fr\/wp-json\/wp\/v2\/product_cat?post=21790"},{"taxonomy":"product_tag","embeddable":true,"href":"https:\/\/opranic.com\/fr\/wp-json\/wp\/v2\/product_tag?post=21790"}],"curies":[{"name":"wp","href":"https:\/\/api.w.org\/{rel}","templated":true}]}}