{"id":22676,"date":"2023-04-21T07:01:39","date_gmt":"2023-04-21T07:01:39","guid":{"rendered":"https:\/\/opranic.com\/shop\/non%20class\u00e9\/housse-de-protection-opranic-pour-v50-et-v70\/"},"modified":"2026-03-30T21:11:35","modified_gmt":"2026-03-30T19:11:35","slug":"housse-de-protection-opranic-pour-v50-et-v70","status":"publish","type":"product","link":"https:\/\/opranic.com\/fr\/shop\/accessoires\/chauffages-exterieurs\/housse-de-protection-opranic-pour-v50-et-v70\/","title":{"rendered":"Housse de protection Opranic pour V50 et V70"},"content":{"rendered":"<div class=\"wpb-content-wrapper\">[vc_row][vc_column][vc_tta_tabs][vc_tta_section title=\u00a0\u00bbD\u00e9tails\u00a0\u00bb tab_id=\u00a0\u00bb1760790713439-1c128aa2-96d7&Prime;]<h2 class=\"vcex-heading vcex-heading-plain vcex-module wpex-heading wpex-text-2xl\"><span class=\"vcex-heading-inner wpex-inline-block\">Housse de protection Opranic pour V50 et V70<\/span><\/h2>[vc_column_text css=\u00a0\u00bb\u00a0\u00bb]\n<p data-start=\"905\" data-end=\"1018\"><strong data-start=\"905\" data-end=\"913\">R\u00e9f\u00e9rence :<\/strong> WALLCOVER-B<br data-start=\"925\" data-end=\"928\"><strong data-start=\"928\" data-end=\"939\">Couleur :<\/strong> Noir<br data-start=\"945\" data-end=\"948\"><strong data-start=\"948\" data-end=\"975\">Dimensions (L x P x H) :<\/strong> 95 x 15 x 22 cm<br data-start=\"991\" data-end=\"994\"><strong data-start=\"994\" data-end=\"1016\">Mod\u00e8les compatibles :<\/strong><\/p>\n<ul>\n<li>Mod\u00e8les : NOVA V50, PRO V70<\/li>\n<li>Anciens mod\u00e8les : ECO18 \/ ECO23, PRO15 \/ PRO23, NOVA18 \/ NOVA23<\/li>\n<\/ul>\n<p data-start=\"1123\" data-end=\"1408\">Prot\u00e9gez votre chauffage infrarouge mural Opranic avec cette housse sur mesure, con\u00e7ue pour pr\u00e9server l\u2019aspect et les performances de votre appareil au fil du temps. Fabriqu\u00e9e en tissu robuste et r\u00e9sistant aux intemp\u00e9ries, elle offre une protection fiable contre la poussi\u00e8re et l\u2019humidit\u00e9 lorsque le chauffage n\u2019est pas utilis\u00e9. <\/p>\n<p data-start=\"1410\" data-end=\"1717\">La housse pour radiateur mural Opranic est sp\u00e9cialement con\u00e7ue pour les mod\u00e8les Opranic et assure un ajustement parfait. Il suffit de glisser la housse sur votre radiateur et de la fixer \u00e0 l&rsquo;arri\u00e8re avec les bandes Velcro int\u00e9gr\u00e9es. La conception permet une installation et un retrait rapides, tandis que le mat\u00e9riau reste souple et facile \u00e0 manipuler.  <\/p>\n<p data-start=\"1719\" data-end=\"2060\">Fabriqu\u00e9e en textile technique de haute qualit\u00e9, r\u00e9sistant aux d\u00e9chirures et hydrofuge, cette housse aide \u00e0 pr\u00e9server la surface et les r\u00e9flecteurs de votre radiateur, \u00e9vitant l&rsquo;accumulation de poussi\u00e8re qui peut affecter les performances. Le design \u00e9l\u00e9gant noir refl\u00e8te le style scandinave intemporel des produits Opranic, alliant praticit\u00e9 et esth\u00e9tique moderne. <\/p>\n<p data-start=\"2062\" data-end=\"2241\">Parfaite pour une utilisation int\u00e9rieure et ext\u00e9rieure abrit\u00e9e, cette housse de protection maintient votre radiateur Opranic en excellent \u00e9tat, pr\u00eat \u00e0 offrir un confort optimal d\u00e8s que vous en avez besoin.<\/p>\n<p data-start=\"2243\" data-end=\"2261\"><strong data-start=\"2243\" data-end=\"2259\">Caract\u00e9ristiques principales<\/strong><\/p>\n<ul>\n<li data-start=\"2243\" data-end=\"2261\">Con\u00e7ue sp\u00e9cifiquement pour les radiateurs muraux Opranic<\/li>\n<li data-start=\"2264\" data-end=\"2320\">Tissu technique durable et r\u00e9sistant aux d\u00e9chirures<\/li>\n<li data-start=\"2323\" data-end=\"2365\">Hydrofuge et facile \u00e0 nettoyer<\/li>\n<li data-start=\"2368\" data-end=\"2403\">Se fixe avec des bandes Velcro pour un ajustement parfait<\/li>\n<li data-start=\"2406\" data-end=\"2452\">Prot\u00e8ge contre la poussi\u00e8re et l&rsquo;humidit\u00e9<\/li>\n<li data-start=\"2455\" data-end=\"2491\">Compatible avec les mod\u00e8les Opranic actuels et anciens<\/li>\n<\/ul>\n<p data-start=\"2541\" data-end=\"2564\"><strong data-start=\"2541\" data-end=\"2562\">Contenu de la livraison<\/strong><\/p>\n<ul>\n<li data-start=\"2567\" data-end=\"2606\">1 x Housse pour radiateur mural Opranic (Noir)<\/li>\n<\/ul>\n<p data-start=\"2608\" data-end=\"2703\"><strong data-start=\"2608\" data-end=\"2622\">Important :<\/strong> <em><strong>N&rsquo;utilisez la housse que lorsque le radiateur est \u00e9teint et compl\u00e8tement refroidi<\/strong><\/em>.<\/p>\n[\/vc_column_text][\/vc_tta_section][\/vc_tta_tabs][\/vc_column][\/vc_row]\n<\/div>","protected":false},"excerpt":{"rendered":"<h2 data-start=\"366\" data-end=\"397\">Housse de protection pour radiateur mural Opranic<\/h2>\n<p data-start=\"399\" data-end=\"812\">Prot\u00e9gez votre radiateur mural Opranic avec cette housse noire durable. Con\u00e7ue pour les mod\u00e8les Opranic actuels et pr\u00e9c\u00e9dents, elle prot\u00e8ge votre radiateur de la poussi\u00e8re, de la salet\u00e9 et de l&rsquo;humidit\u00e9 lorsqu&rsquo;il n&rsquo;est pas utilis\u00e9. Fabriqu\u00e9e en tissu r\u00e9sistant aux intemp\u00e9ries de haute qualit\u00e9, la housse se glisse facilement sur le radiateur et se fixe \u00e0 l&rsquo;arri\u00e8re avec des bandes Velcro pour un ajustement parfait. Gardez votre radiateur Opranic propre et pr\u00eat pour la prochaine saison.   <\/p>\n<p><strong data-start=\"905\" data-end=\"913\">R\u00e9f\u00e9rence :<\/strong> WALLCOVER-B<br data-start=\"925\" data-end=\"928\"><strong data-start=\"928\" data-end=\"939\">Couleur :<\/strong> noir<br data-start=\"945\" data-end=\"948\"><strong data-start=\"948\" data-end=\"975\">Dimensions (L x P x H) :<\/strong> 95 x 15 x 22 cm<\/p>\n","protected":false},"featured_media":22678,"comment_status":"closed","ping_status":"closed","template":"","meta":{"_acf_changed":false,"inline_featured_image":false,"_joinchat":[]},"product_brand":[],"product_cat":[1042,1052],"product_tag":[],"class_list":{"0":"post-22676","1":"product","2":"type-product","3":"status-publish","4":"has-post-thumbnail","6":"product_cat-accessoires","7":"product_cat-chauffages-exterieurs","8":"entry","9":"has-media","11":"first","12":"instock","13":"taxable","14":"shipping-taxable","15":"purchasable","16":"product-type-simple"},"acf":[],"_links":{"self":[{"href":"https:\/\/opranic.com\/fr\/wp-json\/wp\/v2\/product\/22676","targetHints":{"allow":["GET"]}}],"collection":[{"href":"https:\/\/opranic.com\/fr\/wp-json\/wp\/v2\/product"}],"about":[{"href":"https:\/\/opranic.com\/fr\/wp-json\/wp\/v2\/types\/product"}],"replies":[{"embeddable":true,"href":"https:\/\/opranic.com\/fr\/wp-json\/wp\/v2\/comments?post=22676"}],"wp:featuredmedia":[{"embeddable":true,"href":"https:\/\/opranic.com\/fr\/wp-json\/wp\/v2\/media\/22678"}],"wp:attachment":[{"href":"https:\/\/opranic.com\/fr\/wp-json\/wp\/v2\/media?parent=22676"}],"wp:term":[{"taxonomy":"product_brand","embeddable":true,"href":"https:\/\/opranic.com\/fr\/wp-json\/wp\/v2\/product_brand?post=22676"},{"taxonomy":"product_cat","embeddable":true,"href":"https:\/\/opranic.com\/fr\/wp-json\/wp\/v2\/product_cat?post=22676"},{"taxonomy":"product_tag","embeddable":true,"href":"https:\/\/opranic.com\/fr\/wp-json\/wp\/v2\/product_tag?post=22676"}],"curies":[{"name":"wp","href":"https:\/\/api.w.org\/{rel}","templated":true}]}}