{"id":22679,"date":"2023-04-21T01:07:17","date_gmt":"2023-04-20T23:07:17","guid":{"rendered":"https:\/\/opranic.com\/shop\/non%20class\u00e9\/norveco-radiateur-de-terrasse-star-portable-ou-mural-1800w-avec-pied-telecommande-ip44\/"},"modified":"2026-04-06T18:02:52","modified_gmt":"2026-04-06T16:02:52","slug":"norveco-radiateur-de-terrasse-star-portable-ou-mural-1800w-avec-pied-telecommande-ip44","status":"publish","type":"product","link":"https:\/\/opranic.com\/fr\/shop\/chauffage-exterieur\/v40-star\/norveco-radiateur-de-terrasse-star-portable-ou-mural-1800w-avec-pied-telecommande-ip44\/","title":{"rendered":"Chauffage de terrasse infrarouge portable STAR V40 1 800 W"},"content":{"rendered":"<div class=\"wpb-content-wrapper\">[vc_row][vc_column][vc_tta_tabs][vc_tta_section title=\u00a0\u00bbD\u00e9tails\u00a0\u00bb tab_id=\u00a0\u00bb1715058604722-4be8b460-d501&Prime;][vc_row_inner][vc_column_inner]<h2 class=\"vcex-heading vcex-heading-plain vcex-module wpex-heading wpex-text-2xl\"><span class=\"vcex-heading-inner wpex-inline-block\">Chauffage de terrasse infrarouge STAR pour installation sur support, murale ou au plafond<\/span><\/h2>[vc_column_text css=\u00a0\u00bb.vc_custom_1775473782538{margin-top: 30px !important;}\u00a0\u00bb]\n<div class=\"wpb_text_column wpb_content_element section-margin\">\n<div class=\"wpb_wrapper\">\n<p>Le STAR V30 est un chauffage de terrasse infrarouge portable con\u00e7u pour la flexibilit\u00e9. Contrairement aux chauffages muraux fixes, il diffuse 1 800 W de chaleur infrarouge efficace directement aux personnes et aux objets, et non \u00e0 l\u2019air ambiant, \u00e9vitant ainsi toute perte de chaleur. Utilisez-le sur le support inclus, fixez-le au mur ou suspendez-le au plafond.  <\/p>\n<h2>Design et caract\u00e9ristiques de s\u00e9curit\u00e9<\/h2>\n<p>Le STAR18RS dispose d\u2019un bo\u00eetier en aluminium con\u00e7u pour un usage quotidien. Il comprend des fonctions de s\u00e9curit\u00e9 int\u00e9gr\u00e9es telles qu\u2019une protection automatique contre le basculement, qui \u00e9teint l\u2019appareil en cas de chute. <\/p>\n<h2>Fonctionnalit\u00e9 et contr\u00f4le<\/h2>\n<p>Le chauffage est t\u00e9l\u00e9command\u00e9 et offre une utilisation facile avec :<\/p>\n<ul>\n<li>3 niveaux de puissance<\/li>\n<li>Fonction minuterie jusqu\u2019\u00e0 9 heures<\/li>\n<li>Fonction thermostat \u00e9lectronique<\/li>\n<\/ul>\n<p>L\u2019appareil peut \u00eatre utilis\u00e9 dans diff\u00e9rentes configurations :<\/p>\n<ul>\n<li>Mont\u00e9 sur le support inclus ou au mur \/ plafond (n\u00e9cessite la d\u00e9sactivation de l\u2019interrupteur d\u2019inclinaison \u00e9lectronique). <\/li>\n<li>Utilis\u00e9 avec le support r\u00e9glable inclus (1,0 \u2013 1,4 m)<\/li>\n<\/ul>\n<h2><strong>D\u00c9SACTIVER L&rsquo;INTERRUPTEUR D&rsquo;INCLINAISON POUR STAR18RS<\/strong><\/h2>\n<p>La protection contre l&rsquo;inclinaison peut \u00eatre d\u00e9sactiv\u00e9e. Veuillez suivre les instructions ci-dessous : <\/p>\n<p>\u00ab E3 \u00bb indique que l\u2019interrupteur d\u2019inclinaison est activ\u00e9.<\/p>\n<p>Il est possible de d\u00e9sactiver l&rsquo;interrupteur d&rsquo;inclinaison. Nous l&rsquo;avons d\u00e9lib\u00e9r\u00e9ment rendu plus difficile pour \u00e9viter que les clients ne le d\u00e9sactivent accidentellement. Je vais expliquer les \u00e9tapes une par une :  <\/p>\n<ol>\n<li>Tout d&rsquo;abord, vous devez d\u00e9brancher et rebrancher le chauffage. (Gardez la t\u00e9l\u00e9commande \u00e0 port\u00e9e de main car vous n&rsquo;aurez que quelques secondes pour effectuer les modifications apr\u00e8s le rebranchement.) <\/li>\n<li>Imm\u00e9diatement apr\u00e8s le rebranchement, lorsque vous voyez les voyants tourner, vous devez appuyer sur le bouton de la minuterie (en bas \u00e0 droite), le bouton du thermostat (en bas \u00e0 gauche) et le bouton de niveau (au centre) dans un d\u00e9lai de 2 secondes.<\/li>\n<li>Si vous avez correctement effectu\u00e9 cette partie, vous devriez voir la lettre A ou P sur l&rsquo;\u00e9cran. Cela signifie que vous avez r\u00e9ussi. <\/li>\n<li>Le r\u00e9glage par d\u00e9faut \u00e9tant l\u2019activation de l\u2019interrupteur de basculement, vous devriez voir la lettre A. Vous pouvez maintenant utiliser les boutons + et \u2013 pour basculer entre A et P. Pour d\u00e9sactiver l\u2019interrupteur de basculement, r\u00e9glez-le sur P, puis \u00e9teignez l\u2019appareil \u00e0 l\u2019aide du bouton d\u2019alimentation.<br \/>\nLorsque vous le rallumerez, l\u2019interrupteur de basculement sera d\u00e9sactiv\u00e9 et le restera \u00e0 moins que vous ne r\u00e9p\u00e9tiez les \u00e9tapes pour le r\u00e9activer.<\/li>\n<\/ol>\n<p>Veuillez \u00e9galement consulter cette vid\u00e9o qui montre le processus d\u00e9crit ci-dessus.<\/p>\n<p><a href=\"https:\/\/opranic.com\/external\/video\/norveco_star18rs_tilt.mp4?v=efad7abb323e\">https:\/\/opranic.com\/external\/video\/norveco_star18rs_tilt.mp4<\/a><\/p>\n<h2>Polyvalence et confort<\/h2>\n<p>Le STAR18RS fournit une chaleur infrarouge douce et confortable, semblable \u00e0 la chaleur du soleil. Il chauffe directement sans ass\u00e9cher l\u2019air, ce qui le rend adapt\u00e9 aux environnements ext\u00e9rieurs et int\u00e9rieurs. <\/p>\n<h3>Avantages :<\/h3>\n<ul>\n<li>Chauffage direct sans perte d\u2019\u00e9nergie dans l\u2019air<\/li>\n<li>Chaleur douce et naturelle<\/li>\n<li>Installation simple et flexible<\/li>\n<li>Convient pour un usage int\u00e9rieur et ext\u00e9rieur<\/li>\n<\/ul>\n<h3>Sp\u00e9cifications techniques :<\/h3>\n<ul>\n<li>Puissance max : 1 800 W<\/li>\n<li>3 r\u00e9glages de chaleur<\/li>\n<li>Tension : 220 \u2013 240 V<\/li>\n<li>Dur\u00e9e de vie estim\u00e9e : env. 5 000 heures <\/li>\n<li>Indice IP44 pour usage ext\u00e9rieur<\/li>\n<\/ul>\n<h3>Technologie de chauffage :<\/h3>\n<ul>\n<li>Chauffage infrarouge \u00e0 ondes moyennes<\/li>\n<li>Plus de 90 % de l\u2019\u00e9nergie convertie en chaleur<\/li>\n<li>Faible \u00e9mission de lumi\u00e8re<\/li>\n<li>Chauffe directement les objets plut\u00f4t que l\u2019air<\/li>\n<\/ul>\n<h3>Zone de chauffage :<\/h3>\n<ul>\n<li>Env. 5 \u2013 18 m\u00b2 selon les conditions <\/li>\n<\/ul>\n<h3>Design :<\/h3>\n<ul>\n<li>Bo\u00eetier en aluminium<\/li>\n<li>Dimensions : 76 x 8,5 x 16,5 cm<\/li>\n<li>Poids : 3,85 kg (support inclus)<\/li>\n<\/ul>\n<h3>Domaines d&rsquo;application :<\/h3>\n<ul>\n<li>Balcons, terrasses, patios<\/li>\n<li>Garages et sous-sols<\/li>\n<li>Espaces ext\u00e9rieurs<\/li>\n<\/ul>\n<h3>Installation :<\/h3>\n<ul>\n<li>Montage mural possible<\/li>\n<li>Comprend un support r\u00e9glable (1,0 \u2013 1,4 m)<\/li>\n<\/ul>\n<h3>Co\u00fbts de chauffage :<\/h3>\n<p>Pour un prix moyen de l&rsquo;\u00e9lectricit\u00e9 de 10 centimes par kWh :<br \/>\n0,1 \u20ac \u00d7 1,8 kW \u2248 0,18 \u20ac par heure<br \/>\n<em>*Les r\u00e9glages inf\u00e9rieurs r\u00e9duisent davantage la consommation d\u2019\u00e9nergie.<\/em><\/p>\n<\/div>\n<\/div>\n[\/vc_column_text]<h2 class=\"vcex-heading vcex-heading-plain vcex-module wpex-heading wpex-text-2xl\"><span class=\"vcex-heading-inner wpex-inline-block\">Sp\u00e9cifications techniques<\/span><\/h2>[vc_column_text css=\u00a0\u00bb\u00a0\u00bb]\n<ul>\n<li>Produit : NORVECO STAR18RS &#8211; chauffage \u00e9lectrique d\u2019ext\u00e9rieur<\/li>\n<li>Technologie infrarouge : Carbon Classic<\/li>\n<li>Couleur : Argent<\/li>\n<li>Mat\u00e9riau : Bo\u00eetier en aluminium, avec plastiques lat\u00e9raux<\/li>\n<li>Tension : 230V AC ~ 50 Hz<\/li>\n<li>Puissance totale : 1 800 watts<\/li>\n<li>3 r\u00e9glages de chaleur<\/li>\n<li>\u00c9cran LCD : oui<\/li>\n<li>Minuterie : oui (9 heures)<\/li>\n<li>Prise \u00e9lectrique : Prise schuko type F (Standard UE)<\/li>\n<li>Pour une connexion permanente au secteur, la prise doit \u00eatre d\u00e9connect\u00e9e par un professionnel qualifi\u00e9. La garantie restera valide. <\/li>\n<li>Longueur du cordon : 1,9 m<\/li>\n<li>T\u00e9l\u00e9commande : oui<\/li>\n<li>Fonctions de la t\u00e9l\u00e9commande : Marche, arr\u00eat (veille), s\u00e9lection des niveaux de chaleur, puissance max, minuterie, thermostat.<\/li>\n<li>Dimensions (H x L x P) : 16,5 x 76 x 8,5 cm<\/li>\n<li>Poids : 2,5 kg<\/li>\n<li>Classe de protection : IP44 (prot\u00e9g\u00e9 contre les projections d\u2019eau)<\/li>\n<li>Montage : Supports en deux parties pour installation murale\/plafond.<\/li>\n<li>Surface de chauffe : max. 5-10 m\u00b2 \u00e0 l\u2019ext\u00e9rieur, jusqu\u2019\u00e0 9-18 m\u00b2 dans les zones prot\u00e9g\u00e9es du vent <\/li>\n<li>Piles t\u00e9l\u00e9commande : 2 x AAA (incluses)<\/li>\n<\/ul>\n<h3>Contenu de la livraison<\/h3>\n<ul>\n<li>1 x chauffage \u00e9lectrique d\u2019ext\u00e9rieur STAR18RS<\/li>\n<li>1 x support<\/li>\n<li>2 x Supports de montage en deux parties<\/li>\n<li>1 x Mat\u00e9riel de montage (vis)<\/li>\n<li>1 x T\u00e9l\u00e9commande (piles incluses)<\/li>\n<li>1 x Manuel d&rsquo;utilisation<\/li>\n<\/ul>\n[\/vc_column_text][\/vc_column_inner][\/vc_row_inner][\/vc_tta_section][vc_tta_section title=\u00a0\u00bbF.A.Q.\u00a0\u00bb tab_id=\u00a0\u00bb1715058630675-41822335-92e1&Prime;][vc_row_inner equal_height=\u00a0\u00bbyes\u00a0\u00bb remove_bottom_col_margin=\u00a0\u00bbtrue\u00a0\u00bb css=\u00a0\u00bb.vc_custom_1715063689585{padding-top: 30px !important;padding-bottom: 30px !important;}\u00a0\u00bb el_id=\u00a0\u00bbfaq\u00a0\u00bb][vc_column_inner]<style>.vcex-heading.vcex_69dff702cb6ff{font-size:32px;text-transform:uppercase;}<\/style><h2 class=\"vcex-heading vcex-heading-plain vcex-module wpex-heading wpex-text-2xl vcex_69dff702cb6ff\"><span class=\"vcex-heading-inner wpex-inline-block\">Questions fr\u00e9quemment pos\u00e9es<\/span><\/h2>[vc_column_text css=\u00a0\u00bb\u00a0\u00bb]La FAQ pour tous les produits Opranic se trouve <a href=\"https:\/\/opranic.com\/knowledge-bank-faq\/\">ici<\/a>.<\/p>\n<p><a href=\"https:\/\/opranic.com\/knowledge-bank-faq\/\">Banque de connaissances FAQ | Opranic<\/a>[\/vc_column_text]<div class=\"vcex-module vcex-divider vcex-divider-solid vcex-divider-center wpex-mx-auto wpex-block wpex-h-0 wpex-border-b wpex-border-solid wpex-border-main\"><\/div>[\/vc_column_inner][\/vc_row_inner][\/vc_tta_section][vc_tta_section title=\u00a0\u00bbO\u00f9 acheter\u00a0\u00bb tab_id=\u00a0\u00bb1774800383448-fdc70b06-a580&Prime;][vc_raw_html css=\u00a0\u00bb\u00a0\u00bb]W29wcmFuaWNfd2hlcmV0b2J1eV90YWJd[\/vc_raw_html][\/vc_tta_section][vc_tta_section title=\u00a0\u00bbInstallateurs\u00a0\u00bb tab_id=\u00a0\u00bb1774800474792-cfb58904-653b\u00a0\u00bb][vc_raw_html css=\u00a0\u00bb\u00a0\u00bb]W29wcmFuaWNfaW5zdGFsbGVyX3RhYl0=[\/vc_raw_html][\/vc_tta_section][\/vc_tta_tabs][\/vc_column][\/vc_row]\n<\/div>","protected":false},"excerpt":{"rendered":"<p>Le chauffage de terrasse infrarouge portable STAR <strong>peut \u00eatre mont\u00e9 au mur\/plafond<\/strong> ou sur le <strong>support inclus<\/strong> ! Gr\u00e2ce \u00e0 la <strong>t\u00e9l\u00e9commande<\/strong>, vous <strong>s\u00e9lectionnez la puissance souhait\u00e9e<\/strong>, l\u2019arr\u00eat (9 heures, <strong>fonction de veille<\/strong>) et une <strong>fonction thermostatique int\u00e9gr\u00e9e<\/strong>. \u00c9quip\u00e9 de la technologie Carbon Clear, il d\u00e9livre une chaleur infrarouge \u00e0 ondes moyennes efficace de 1 800 W. Il offre une couverture importante, jusqu\u2019\u00e0 15 m\u00b2 \u00e0 l\u2019int\u00e9rieur et 8 m\u00b2 \u00e0 l\u2019ext\u00e9rieur, garantissant une atmosph\u00e8re chaleureuse dans tout environnement r\u00e9sidentiel. Con\u00e7u pour durer avec une protection IP44 et une dur\u00e9e de vie allant jusqu\u2019\u00e0 6 000 heures.   <\/p>\n<ul>\n<li><strong>Puissance :<\/strong> 1800W<\/li>\n<li><strong>Montage :<\/strong> Pied et pour mur ou plafond (voir ci-dessous pour d\u00e9sactiver l&rsquo;interrupteur d&rsquo;inclinaison)<\/li>\n<li><strong>Puissance r\u00e9glable :<\/strong> Oui &#8211; 3 niveaux de puissance<\/li>\n<li><strong>Couverture de chaleur :<\/strong> int\u00e9rieur : 18kwm, ext\u00e9rieur : 6-9kwm<\/li>\n<li><strong>T\u00e9l\u00e9commande :<\/strong> Oui<\/li>\n<li><strong>Protection IP :<\/strong> IP44<\/li>\n<li><strong>Minuterie :<\/strong> Oui &#8211; 9 heures<\/li>\n<li><strong>Poids :<\/strong> 2,7 kg<\/li>\n<li><strong>Dimensions (H\/L\/P) :<\/strong> 23 x 97 x 13 cm (pied : 26x39cm)<\/li>\n<li><strong>Dur\u00e9e de vie :<\/strong> Jusqu&rsquo;\u00e0 6 000 heures<\/li>\n<li><strong>Garantie :<\/strong> 2 ans<\/li>\n<\/ul>\n","protected":false},"featured_media":24256,"comment_status":"closed","ping_status":"closed","template":"","meta":{"_acf_changed":false,"inline_featured_image":false,"_joinchat":[]},"product_brand":[],"product_cat":[1104,1025],"product_tag":[947,1018,1017],"class_list":{"0":"post-22679","1":"product","2":"type-product","3":"status-publish","4":"has-post-thumbnail","6":"product_cat-v40-star","7":"product_cat-chauffage-exterieur","8":"product_tag-eco23r","9":"product_tag-norveco","10":"product_tag-star18rs","11":"entry","12":"has-media","14":"first","15":"instock","16":"sale","17":"taxable","18":"shipping-taxable","19":"purchasable","20":"product-type-variable","21":"has-default-attributes"},"acf":[],"_links":{"self":[{"href":"https:\/\/opranic.com\/fr\/wp-json\/wp\/v2\/product\/22679","targetHints":{"allow":["GET"]}}],"collection":[{"href":"https:\/\/opranic.com\/fr\/wp-json\/wp\/v2\/product"}],"about":[{"href":"https:\/\/opranic.com\/fr\/wp-json\/wp\/v2\/types\/product"}],"replies":[{"embeddable":true,"href":"https:\/\/opranic.com\/fr\/wp-json\/wp\/v2\/comments?post=22679"}],"wp:featuredmedia":[{"embeddable":true,"href":"https:\/\/opranic.com\/fr\/wp-json\/wp\/v2\/media\/24256"}],"wp:attachment":[{"href":"https:\/\/opranic.com\/fr\/wp-json\/wp\/v2\/media?parent=22679"}],"wp:term":[{"taxonomy":"product_brand","embeddable":true,"href":"https:\/\/opranic.com\/fr\/wp-json\/wp\/v2\/product_brand?post=22679"},{"taxonomy":"product_cat","embeddable":true,"href":"https:\/\/opranic.com\/fr\/wp-json\/wp\/v2\/product_cat?post=22679"},{"taxonomy":"product_tag","embeddable":true,"href":"https:\/\/opranic.com\/fr\/wp-json\/wp\/v2\/product_tag?post=22679"}],"curies":[{"name":"wp","href":"https:\/\/api.w.org\/{rel}","templated":true}]}}