{"id":23423,"date":"2024-07-12T10:30:35","date_gmt":"2024-07-12T08:30:35","guid":{"rendered":"https:\/\/opranic.com\/shop\/non%20class\u00e9\/opranic-i90-aerotherme-industriel-infrarouge-vega\/"},"modified":"2026-03-30T21:12:11","modified_gmt":"2026-03-30T19:12:11","slug":"opranic-i90-aerotherme-industriel-infrarouge-vega","status":"publish","type":"product","link":"https:\/\/opranic.com\/fr\/shop\/chauffage-exterieur\/i90-vega-industriel\/opranic-i90-aerotherme-industriel-infrarouge-vega\/","title":{"rendered":"OPRANIC I90 &#8211; Radiateur infrarouge industriel VEGA"},"content":{"rendered":"","protected":false},"excerpt":{"rendered":"<h2 class=\"vcex-heading vcex-heading-plain vcex-module wpex-heading wpex-text-2xl\"><span class=\"vcex-heading-inner wpex-inline-block\">SUPPORT DE PERSONNALISATION<\/span><\/h2>\n<div class=\"wpb_text_column wpb_content_element section-margin\">\n<div class=\"wpb_wrapper\">\n<p>Le chauffage infrarouge industriel Opranic Pro Vega peut \u00eatre adapt\u00e9 \u00e0 vos besoins sp\u00e9cifiques. Le VEGA standard dispose de trois filaments chauffants, mais nous pouvons le fabriquer selon vos exigences avec un ou deux filaments. Contactez-nous et nous ferons de notre mieux pour vous accompagner.  <\/p>\n<h2 class=\"vcex-heading vcex-heading-plain vcex-module wpex-heading wpex-text-2xl\"><span class=\"vcex-heading-inner wpex-inline-block\">A\u00c9ROTHERME INFRAROUGE INDUSTRIEL VEGA<\/span><\/h2>\n<p>Le chauffage infrarouge industriel Opranic Vega est une s\u00e9rie puissante de chauffages infrarouges \u00e0 ondes moyennes jusqu\u2019\u00e0 9000 W (9 kW), con\u00e7ue pour chauffer de grandes surfaces telles que les halls industriels, les ar\u00e9nas sportifs, les entrep\u00f4ts et autres grands espaces. Gr\u00e2ce \u00e0 son rendement \u00e9lev\u00e9 et \u00e0 une longueur d\u2019onde de rayonnement optimale, les co\u00fbts de chauffage sont r\u00e9duits par rapport aux m\u00e9thodes de chauffage traditionnelles. <\/p>\n<\/div>\n<\/div>\n","protected":false},"featured_media":23424,"comment_status":"closed","ping_status":"closed","template":"","meta":{"_acf_changed":false,"inline_featured_image":false,"_joinchat":[]},"product_brand":[],"product_cat":[1057,1025],"product_tag":[],"class_list":{"0":"post-23423","1":"product","2":"type-product","3":"status-publish","4":"has-post-thumbnail","6":"product_cat-i90-vega-industriel","7":"product_cat-chauffage-exterieur","8":"pa_power-w-5400w","9":"pa_power-w-6900w","10":"pa_power-w-9000w","11":"entry","12":"has-media","14":"first","15":"instock","16":"taxable","17":"shipping-taxable","18":"purchasable","19":"product-type-variable"},"acf":[],"_links":{"self":[{"href":"https:\/\/opranic.com\/fr\/wp-json\/wp\/v2\/product\/23423","targetHints":{"allow":["GET"]}}],"collection":[{"href":"https:\/\/opranic.com\/fr\/wp-json\/wp\/v2\/product"}],"about":[{"href":"https:\/\/opranic.com\/fr\/wp-json\/wp\/v2\/types\/product"}],"replies":[{"embeddable":true,"href":"https:\/\/opranic.com\/fr\/wp-json\/wp\/v2\/comments?post=23423"}],"wp:featuredmedia":[{"embeddable":true,"href":"https:\/\/opranic.com\/fr\/wp-json\/wp\/v2\/media\/23424"}],"wp:attachment":[{"href":"https:\/\/opranic.com\/fr\/wp-json\/wp\/v2\/media?parent=23423"}],"wp:term":[{"taxonomy":"product_brand","embeddable":true,"href":"https:\/\/opranic.com\/fr\/wp-json\/wp\/v2\/product_brand?post=23423"},{"taxonomy":"product_cat","embeddable":true,"href":"https:\/\/opranic.com\/fr\/wp-json\/wp\/v2\/product_cat?post=23423"},{"taxonomy":"product_tag","embeddable":true,"href":"https:\/\/opranic.com\/fr\/wp-json\/wp\/v2\/product_tag?post=23423"}],"curies":[{"name":"wp","href":"https:\/\/api.w.org\/{rel}","templated":true}]}}