{"id":26568,"date":"2026-04-19T02:37:13","date_gmt":"2026-04-19T00:37:13","guid":{"rendered":"https:\/\/opranic.com\/gidsen\/"},"modified":"2026-04-20T15:09:13","modified_gmt":"2026-04-20T13:09:13","slug":"gidsen","status":"publish","type":"page","link":"https:\/\/opranic.com\/nl\/gidsen\/","title":{"rendered":"Gidsen"},"content":{"rendered":"<div class=\"wpb-content-wrapper\">[vc_row][vc_column][vc_column_text css=&#8221;.vc_custom_1776597393852{margin-bottom: 30px !important;}&#8221;]\n<section class=\"opr-guides-hero\"><img decoding=\"async\" class=\"opr-guides-hero__bg\" src=\"https:\/\/opranic.com\/wp-content\/uploads\/2026\/04\/2560x960-infravarme-guider-2.jpg\" alt=\"\"><\/p>\n<div class=\"opr-guides-hero__overlay\"><\/div>\n<div class=\"opr-guides-hero__text\">\n<p class=\"opr-guides-hero__overline\">Kennis &amp; aankoophulp<\/p>\n<h1 class=\"opr-guides-hero__title\">Opranic-gidsen<\/h1>\n<div class=\"opr-guides-hero__accent\"><\/div>\n<p class=\"opr-guides-hero__sub\">Koopgidsen, tests, technologie en vergelijkingen<\/p>\n<\/div>\n<\/section>\n[\/vc_column_text][vc_column_text css=&#8221;&#8221;]    <section class=\"opr-guides-section\">\r\n\r\n                    <p class=\"opr-section-label\">01 \u2014 Koopgidsen &amp; vergelijkingen<\/p>\r\n        \r\n                    <h2 class=\"opr-section-h2\">Kies de juiste verwarmer<\/h2>\r\n            <div class=\"opr-section-accent\"><\/div>\r\n        \r\n                    <p class=\"opr-guides-section-desc\">Praktische gidsen, tests en directe vergelijkingen die je helpen de juiste verwarmer voor jouw omgeving te kiezen.<\/p>\r\n        \r\n        <div class=\"opr-guides-grid\">\r\n\r\n                    <a href=\"https:\/\/opranic.com\/nl\/infraroodverwarmer-voor-buiten\/\" class=\"opr-guides-card\">\r\n                <div class=\"opr-guides-card-media\"><img src=\"https:\/\/opranic.com\/wp-content\/uploads\/2026\/04\/2560x960-infravarmare-utomhus.jpg\" alt=\"Infraroodverwarmer voor buiten\" loading=\"lazy\" decoding=\"async\" \/><\/div>\r\n                <div class=\"opr-guides-card-body\">\r\n                                            <span class=\"opr-guides-card-kicker\">Koopgids<\/span>\r\n                                        <h3 class=\"opr-guides-card-title\">Infraroodverwarmer voor buiten<\/h3>\r\n                    <p class=\"opr-guides-card-desc\">Infraroodverwarmer voor buiten: zo kies je het juiste model voor terras, balkon of serre. Vermogen, plaatsing en drie topmodellen van Opranic.<\/p>\r\n                    <span class=\"opr-guides-card-arrow\">Read more<\/span>\r\n                <\/div>\r\n            <\/a>\r\n                    <a href=\"https:\/\/opranic.com\/nl\/infraroodheater-beste-uit-de-test-2026-daarom-levert-opranic-de-meeste-warmte-per-watt\/\" class=\"opr-guides-card\">\r\n                <div class=\"opr-guides-card-media\"><img width=\"970\" height=\"600\" src=\"https:\/\/opranic.com\/wp-content\/uploads\/2026\/04\/970x600_infravarmare-bast-i-test-2026.jpg\" class=\"attachment-opr_guides_card size-opr_guides_card wp-post-image\" alt=\"Infraroodheater beste uit de test 2026: daarom levert Opranic de meeste warmte per watt\" loading=\"lazy\" decoding=\"async\" srcset=\"https:\/\/opranic.com\/wp-content\/uploads\/2026\/04\/970x600_infravarmare-bast-i-test-2026.jpg 970w, https:\/\/opranic.com\/wp-content\/uploads\/2026\/04\/970x600_infravarmare-bast-i-test-2026-300x186.jpg 300w, https:\/\/opranic.com\/wp-content\/uploads\/2026\/04\/970x600_infravarmare-bast-i-test-2026-768x475.jpg 768w\" sizes=\"auto, (max-width: 970px) 100vw, 970px\" \/><\/div>\r\n                <div class=\"opr-guides-card-body\">\r\n                                            <span class=\"opr-guides-card-kicker\">Test &amp; ranking<\/span>\r\n                                        <h3 class=\"opr-guides-card-title\">Infraroodheater beste uit de test 2026: daarom levert Opranic de meeste warmte per watt<\/h3>\r\n                    <p class=\"opr-guides-card-desc\">Infraroodheater beste uit de test 2026: Opranic THOR S70 en PRO V70 leveren de meeste warmte per watt. IP65, levensduur van 12.000 uur. <\/p>\r\n                    <span class=\"opr-guides-card-arrow\">Read more<\/span>\r\n                <\/div>\r\n            <\/a>\r\n                    <a href=\"https:\/\/opranic.com\/nl\/gasheater-of-infraroodheater-wat-is-het-beste-in-2026\/\" class=\"opr-guides-card\">\r\n                <div class=\"opr-guides-card-media\"><img width=\"970\" height=\"600\" src=\"https:\/\/opranic.com\/wp-content\/uploads\/2026\/04\/970x600-gasol-vs-infravarmare-2.jpg\" class=\"attachment-opr_guides_card size-opr_guides_card wp-post-image\" alt=\"Gasheater of infraroodheater \u2013 wat is het beste in 2026\" loading=\"lazy\" decoding=\"async\" srcset=\"https:\/\/opranic.com\/wp-content\/uploads\/2026\/04\/970x600-gasol-vs-infravarmare-2.jpg 970w, https:\/\/opranic.com\/wp-content\/uploads\/2026\/04\/970x600-gasol-vs-infravarmare-2-300x186.jpg 300w, https:\/\/opranic.com\/wp-content\/uploads\/2026\/04\/970x600-gasol-vs-infravarmare-2-768x475.jpg 768w\" sizes=\"auto, (max-width: 970px) 100vw, 970px\" \/><\/div>\r\n                <div class=\"opr-guides-card-body\">\r\n                                            <span class=\"opr-guides-card-kicker\">Vergelijking<\/span>\r\n                                        <h3 class=\"opr-guides-card-title\">Gasheater of infraroodheater \u2013 wat is het beste in 2026<\/h3>\r\n                    <p class=\"opr-guides-card-desc\">Gasheater of infraroodheater \u2013 wij vergelijken de werkelijke kosten, techniek en veiligheid. Zie waarom steeds meer mensen voor elektriciteit kiezen in plaats van gas. <\/p>\r\n                    <span class=\"opr-guides-card-arrow\">Read more<\/span>\r\n                <\/div>\r\n            <\/a>\r\n        \r\n        <\/div>\r\n    <\/section>\r\n    [\/vc_column_text][vc_column_text css=&#8221;&#8221;]    <section class=\"opr-guides-section\">\r\n\r\n                    <p class=\"opr-section-label\">02 \u2014 Kennis &amp; technologie<\/p>\r\n        \r\n                    <h2 class=\"opr-section-h2\">Infraroodverwarming begrijpen<\/h2>\r\n            <div class=\"opr-section-accent\"><\/div>\r\n        \r\n                    <p class=\"opr-guides-section-desc\">De fysica, de technologie en het merk erachter. De diepgaande referentiepagina&#039;s die verklaren waarom infrarood werkt zoals het werkt.<\/p>\r\n        \r\n        <div class=\"opr-guides-grid\">\r\n\r\n                    <a href=\"https:\/\/opranic.com\/sv\/vad-ar-infravarme\/\" class=\"opr-guides-card opr-guides-card--pillar\">\r\n                <div class=\"opr-guides-card-media\"><img src=\"https:\/\/opranic.com\/wp-content\/uploads\/2026\/04\/2560x960_about-infrared-a.jpg\" alt=\"Vad \u00e4r Infrav\u00e4rme\" loading=\"lazy\" decoding=\"async\" \/><\/div>\r\n                <div class=\"opr-guides-card-body\">\r\n                                            <span class=\"opr-guides-card-kicker\">Basis<\/span>\r\n                                        <h3 class=\"opr-guides-card-title\">Vad \u00e4r Infrav\u00e4rme<\/h3>\r\n                    <p class=\"opr-guides-card-desc\">Infrav\u00e4rme \u00e4r elektromagnetisk str\u00e5lning som v\u00e4rmer direkt utan att v\u00e4rma luften. L\u00e4r dig hur det fungerar och hur Opranic anv\u00e4nder tekniken.<\/p>\r\n                    <span class=\"opr-guides-card-arrow\">Read more<\/span>\r\n                <\/div>\r\n            <\/a>\r\n                    <a href=\"https:\/\/opranic.com\/sv\/sa-fungerar-infravarme\/\" class=\"opr-guides-card opr-guides-card--pillar\">\r\n                <div class=\"opr-guides-card-media\"><img src=\"https:\/\/opranic.com\/wp-content\/uploads\/2026\/04\/2560x960-sa-fungerar-infravarme.jpg\" alt=\"S\u00e5 fungerar infrav\u00e4rme\" loading=\"lazy\" decoding=\"async\" \/><\/div>\r\n                <div class=\"opr-guides-card-body\">\r\n                                            <span class=\"opr-guides-card-kicker\">Diepgaande analyse<\/span>\r\n                                        <h3 class=\"opr-guides-card-title\">S\u00e5 fungerar infrav\u00e4rme<\/h3>\r\n                    <p class=\"opr-guides-card-desc\">S\u00e5 fungerar infrav\u00e4rme i detalj: v\u00e5gl\u00e4ngder, 2,4 mikrometer och varf\u00f6r v\u00e5gl\u00e4ngden avg\u00f6r komforten p\u00e5 en terrass. Djup teknisk guide fr\u00e5n Opranic.<\/p>\r\n                    <span class=\"opr-guides-card-arrow\">Read more<\/span>\r\n                <\/div>\r\n            <\/a>\r\n                    <a href=\"https:\/\/opranic.com\/sv\/varfor-opranic\/\" class=\"opr-guides-card opr-guides-card--pillar\">\r\n                <div class=\"opr-guides-card-media\"><img src=\"https:\/\/opranic.com\/wp-content\/uploads\/2026\/04\/2560x960-varfor-opranic.jpg\" alt=\"Varf\u00f6r Opranic\" loading=\"lazy\" decoding=\"async\" \/><\/div>\r\n                <div class=\"opr-guides-card-body\">\r\n                                            <span class=\"opr-guides-card-kicker\">Merk &amp; engineering<\/span>\r\n                                        <h3 class=\"opr-guides-card-title\">Varf\u00f6r Opranic<\/h3>\r\n                    <p class=\"opr-guides-card-desc\">Opranic utvecklar och tillverkar egna infrav\u00e4rmare sedan 2015. L\u00e4r dig varf\u00f6r Opranic har en verkningsgrad p\u00e5 96 % med sin IR-X-teknik.<\/p>\r\n                    <span class=\"opr-guides-card-arrow\">Read more<\/span>\r\n                <\/div>\r\n            <\/a>\r\n        \r\n        <\/div>\r\n    <\/section>\r\n    [\/vc_column_text][\/vc_column][\/vc_row][vc_row max_width_custom=&#8221;1200&#8243;][vc_column]<div class=\"vcex-module vcex-divider vcex-divider-solid vcex-divider-center wpex-mx-auto wpex-block wpex-h-0 wpex-border-b wpex-border-solid wpex-border-main\" style=\"border-color:#ece8e0;\"><\/div><h2 class=\"vcex-heading vcex-heading-plain vcex-module wpex-heading wpex-text-2xl\"><span class=\"vcex-heading-inner wpex-inline-block\">Overig nieuws<\/span><\/h2><div class=\"vcex-spacing wpex-w-100 wpex-clear\" style=\"height:30px;\"><\/div><div class=\"vcex-module vcex-post-type-grid-wrap wpex-clr\"><div class=\"wpex-row vcex-post-type-grid entries wpex-clr\"><div class=\"vcex-post-type-entry vcex-grid-item wpex-clr col span_1_of_3 col-1 entry post-25715 type-post has-media cat-322 translation_priority-323\"><div class=\"vcex-post-type-entry-inner entry-inner wpex-first-mt-0 wpex-last-mb-0 wpex-clr\"><div class=\"vcex-post-type-entry-media entry-media wpex-relative\"><a href=\"https:\/\/opranic.com\/nl\/gasheater-of-infraroodheater-wat-is-het-beste-in-2026\/\" title=\"Gasheater of infraroodheater \u2013 wat is het beste in 2026\"><img width=\"970\" height=\"600\" src=\"https:\/\/opranic.com\/wp-content\/uploads\/2026\/04\/970x600-gasol-vs-infravarmare-2.jpg\" class=\"vcex-blog-entry-img wpex-align-middle\" alt=\"gasolvarmare eller elektriska infravarmare - vad ar bast?\" decoding=\"async\" srcset=\"https:\/\/opranic.com\/wp-content\/uploads\/2026\/04\/970x600-gasol-vs-infravarmare-2.jpg 970w, https:\/\/opranic.com\/wp-content\/uploads\/2026\/04\/970x600-gasol-vs-infravarmare-2-300x186.jpg 300w, https:\/\/opranic.com\/wp-content\/uploads\/2026\/04\/970x600-gasol-vs-infravarmare-2-768x475.jpg 768w\" sizes=\"(max-width: 970px) 100vw, 970px\" \/><\/a><\/div><div class=\"vcex-post-type-entry-details entry-details wpex-bordered wpex-first-mt-0 wpex-last-mb-0 wpex-clr\"><h2 class=\"vcex-post-type-entry-title entry-title wpex-mb-5\"><a href=\"https:\/\/opranic.com\/nl\/gasheater-of-infraroodheater-wat-is-het-beste-in-2026\/\">Gasheater of infraroodheater \u2013 wat is het beste in 2026<\/a><\/h2 ><div class=\"vcex-post-type-entry-date entry-date wpex-text-sm wpex-text-3 wpex-mb-5\">13 april 2026<\/div><div class=\"vcex-post-type-entry-excerpt entry-excerpt wpex-my-15 wpex-text-pretty wpex-last-mb-0 wpex-clr\"><p>Gasheater of infraroodheater \u2013 wat is nu echt het beste voor uw terras of buitenhoreca? Dit artikel geeft u de&hellip;<\/p><\/div><div class=\"vcex-post-type-entry-readmore-wrap entry-readmore-wrap wpex-my-15 wpex-clr\"><a href=\"https:\/\/opranic.com\/nl\/gasheater-of-infraroodheater-wat-is-het-beste-in-2026\/\" class=\"entry-readmore theme-button\" aria-label=\"Read more about Gasheater of infraroodheater \u2013 wat is het beste in 2026\">Read more<\/a><\/div><\/div><\/div><\/div><div class=\"vcex-post-type-entry vcex-grid-item wpex-clr col span_1_of_3 col-2 entry post-25734 type-post has-media cat-322 post_tag-1120 post_tag-1118 post_tag-1119 translation_priority-323\"><div class=\"vcex-post-type-entry-inner entry-inner wpex-first-mt-0 wpex-last-mb-0 wpex-clr\"><div class=\"vcex-post-type-entry-media entry-media wpex-relative\"><a href=\"https:\/\/opranic.com\/nl\/infraroodheater-beste-uit-de-test-2026-daarom-levert-opranic-de-meeste-warmte-per-watt\/\" title=\"Infraroodheater beste uit de test 2026: daarom levert Opranic de meeste warmte per watt\"><img width=\"970\" height=\"600\" src=\"https:\/\/opranic.com\/wp-content\/uploads\/2026\/04\/970x600_infravarmare-bast-i-test-2026.jpg\" class=\"vcex-blog-entry-img wpex-align-middle\" alt=\"&lt;h2&gt;Infrav\u00e4rmare b\u00e4st i test 2026: d\u00e4rf\u00f6r ger Opranic mest v\u00e4rmeprestanda per watt\" decoding=\"async\" srcset=\"https:\/\/opranic.com\/wp-content\/uploads\/2026\/04\/970x600_infravarmare-bast-i-test-2026.jpg 970w, https:\/\/opranic.com\/wp-content\/uploads\/2026\/04\/970x600_infravarmare-bast-i-test-2026-300x186.jpg 300w, https:\/\/opranic.com\/wp-content\/uploads\/2026\/04\/970x600_infravarmare-bast-i-test-2026-768x475.jpg 768w\" sizes=\"(max-width: 970px) 100vw, 970px\" \/><\/a><\/div><div class=\"vcex-post-type-entry-details entry-details wpex-bordered wpex-first-mt-0 wpex-last-mb-0 wpex-clr\"><h2 class=\"vcex-post-type-entry-title entry-title wpex-mb-5\"><a href=\"https:\/\/opranic.com\/nl\/infraroodheater-beste-uit-de-test-2026-daarom-levert-opranic-de-meeste-warmte-per-watt\/\">Infraroodheater beste uit de test 2026: daarom levert Opranic de meeste warmte per watt<\/a><\/h2 ><div class=\"vcex-post-type-entry-date entry-date wpex-text-sm wpex-text-3 wpex-mb-5\">12 april 2026<\/div><div class=\"vcex-post-type-entry-excerpt entry-excerpt wpex-my-15 wpex-text-pretty wpex-last-mb-0 wpex-clr\"><p>Opranic THOR S70, PRO V70 en NOVA V50 zijn volledig nieuwe ontwerpen van de bekroonde productseries die onderscheidingen hebben ontvangen&hellip;<\/p><\/div><div class=\"vcex-post-type-entry-readmore-wrap entry-readmore-wrap wpex-my-15 wpex-clr\"><a href=\"https:\/\/opranic.com\/nl\/infraroodheater-beste-uit-de-test-2026-daarom-levert-opranic-de-meeste-warmte-per-watt\/\" class=\"entry-readmore theme-button\" aria-label=\"Read more about Infraroodheater beste uit de test 2026: daarom levert Opranic de meeste warmte per watt\">Read more<\/a><\/div><\/div><\/div><\/div><div class=\"vcex-post-type-entry vcex-grid-item wpex-clr col span_1_of_3 col-3 entry post-21834 type-post has-media cat-322 cat-559 translation_priority-323\"><div class=\"vcex-post-type-entry-inner entry-inner wpex-first-mt-0 wpex-last-mb-0 wpex-clr\"><div class=\"vcex-post-type-entry-media entry-media wpex-relative\"><a href=\"https:\/\/opranic.com\/nl\/de-efficiente-wetenschap-achter-opranic\/\" title=\"De effici\u00ebnte wetenschap achter Opranic\"><img width=\"970\" height=\"600\" src=\"https:\/\/opranic.com\/wp-content\/uploads\/2025\/10\/970x600_v70_sunset.jpg\" class=\"vcex-blog-entry-img wpex-align-middle\" alt=\"Comparison of water absorption with Halogen IR-A and Opranic IR-B showing Opranic peak at 2.4 \u00b5m\" decoding=\"async\" srcset=\"https:\/\/opranic.com\/wp-content\/uploads\/2025\/10\/970x600_v70_sunset.jpg 970w, https:\/\/opranic.com\/wp-content\/uploads\/2025\/10\/970x600_v70_sunset-300x186.jpg 300w, https:\/\/opranic.com\/wp-content\/uploads\/2025\/10\/970x600_v70_sunset-768x475.jpg 768w\" sizes=\"(max-width: 970px) 100vw, 970px\" \/><\/a><\/div><div class=\"vcex-post-type-entry-details entry-details wpex-bordered wpex-first-mt-0 wpex-last-mb-0 wpex-clr\"><h2 class=\"vcex-post-type-entry-title entry-title wpex-mb-5\"><a href=\"https:\/\/opranic.com\/nl\/de-efficiente-wetenschap-achter-opranic\/\">De effici\u00ebnte wetenschap achter Opranic<\/a><\/h2 ><div class=\"vcex-post-type-entry-date entry-date wpex-text-sm wpex-text-3 wpex-mb-5\">28 oktober 2025<\/div><div class=\"vcex-post-type-entry-excerpt entry-excerpt wpex-my-15 wpex-text-pretty wpex-last-mb-0 wpex-clr\"><p>De Opranic wetenschap Een visuele analyse die Opranic IR-X Carbon Black technologie (Mediumwave IR-B bij \u22482,4 \u00b5m) vergelijkt met traditionele&hellip;<\/p><\/div><div class=\"vcex-post-type-entry-readmore-wrap entry-readmore-wrap wpex-my-15 wpex-clr\"><a href=\"https:\/\/opranic.com\/nl\/de-efficiente-wetenschap-achter-opranic\/\" class=\"entry-readmore theme-button\" aria-label=\"Read more about De effici\u00ebnte wetenschap achter Opranic\">Read more<\/a><\/div><\/div><\/div><\/div><\/div><div class=\"vcex-loadmore wpex-clear wpex-text-center wpex-mt-10\"><a href=\"#\" class=\"vcex-loadmore-button theme-button\" data-infinite-scroll=\"0\" data-text=\"MEER LADEN\" data-loading-text=\"Loading...\" data-failed-text=\"Failed to load posts.\" data-page=\"1\" data-max-pages=\"7\" data-shortcode-tag=\"vcex_post_type_grid\" data-shortcode-params=\"{&quot;entry_count&quot;:0,&quot;img_size&quot;:&quot;wpex_custom&quot;,&quot;pagination_loadmore&quot;:&quot;true&quot;,&quot;posts_per_page&quot;:&quot;3&quot;,&quot;tax_query&quot;:&quot;true&quot;,&quot;tax_query_taxonomy&quot;:&quot;category&quot;,&quot;nonce&quot;:&quot;ff4a06856c&quot;}\"><span class=\"vcex-txt\">MEER LADEN<\/span><\/a><div class=\"vcex-loadmore-spinner vcex-spinner wpex-hidden\"><svg height=\"20\" width=\"20\" class=\"wpex-animate-spin wpex-opacity-5\" xmlns=\"http:\/\/www.w3.org\/2000\/svg\" viewBox=\"0 0 16 16\" fill=\"currentColor\"><path fill-rule=\"evenodd\" d=\"M8 3a5 5 0 1 0 4.546 2.914.5.5 0 0 1 .908-.417A6 6 0 1 1 8 2z\"\/><path d=\"M8 4.466V.534a.25.25 0 0 1 .41-.192l2.36 1.966c.12.1.12.284 0 .384L8.41 4.658A.25.25 0 0 1 8 4.466\"\/><\/svg><\/div><\/div><\/div>[\/vc_column][\/vc_row]\n<\/div>","protected":false},"excerpt":{"rendered":"<p>[vc_row][vc_column][vc_column_text css=&#8221;.vc_custom_1776597393852{margin-bottom: 30px !important;}&#8221;] Kennis &amp; aankoophulp Opranic-gidsen Koopgidsen, tests, technologie en vergelijkingen [\/vc_column_text][vc_column_text css=&#8221;&#8221;][\/vc_column_text][vc_column_text css=&#8221;&#8221;][\/vc_column_text][\/vc_column][\/vc_row][vc_row max_width_custom=&#8221;1200&#8243;][vc_column][\/vc_column][\/vc_row]<\/p>\n","protected":false},"author":1,"featured_media":0,"parent":0,"menu_order":0,"comment_status":"closed","ping_status":"closed","template":"","meta":{"_acf_changed":false,"inline_featured_image":false,"_joinchat":[],"footnotes":""},"class_list":["post-26568","page","type-page","status-publish","hentry","entry","has-media"],"acf":[],"_links":{"self":[{"href":"https:\/\/opranic.com\/nl\/wp-json\/wp\/v2\/pages\/26568","targetHints":{"allow":["GET"]}}],"collection":[{"href":"https:\/\/opranic.com\/nl\/wp-json\/wp\/v2\/pages"}],"about":[{"href":"https:\/\/opranic.com\/nl\/wp-json\/wp\/v2\/types\/page"}],"author":[{"embeddable":true,"href":"https:\/\/opranic.com\/nl\/wp-json\/wp\/v2\/users\/1"}],"replies":[{"embeddable":true,"href":"https:\/\/opranic.com\/nl\/wp-json\/wp\/v2\/comments?post=26568"}],"version-history":[{"count":6,"href":"https:\/\/opranic.com\/nl\/wp-json\/wp\/v2\/pages\/26568\/revisions"}],"predecessor-version":[{"id":26721,"href":"https:\/\/opranic.com\/nl\/wp-json\/wp\/v2\/pages\/26568\/revisions\/26721"}],"wp:attachment":[{"href":"https:\/\/opranic.com\/nl\/wp-json\/wp\/v2\/media?parent=26568"}],"curies":[{"name":"wp","href":"https:\/\/api.w.org\/{rel}","templated":true}]}}