{"id":4492,"date":"2023-04-18T15:35:23","date_gmt":"2023-04-18T15:35:23","guid":{"rendered":"https:\/\/opranic.com\/product\/opranic-insteekthermostaat-ot50\/"},"modified":"2026-03-28T15:05:18","modified_gmt":"2026-03-28T14:05:18","slug":"opranic-plugin-thermostaat-ot50","status":"publish","type":"product","link":"https:\/\/opranic.com\/nl\/shop\/accessories\/binnenverwarmers\/opranic-plugin-thermostaat-ot50\/","title":{"rendered":"OPRANIC Plug-in Thermostaat OT50"},"content":{"rendered":"<div class=\"wpb-content-wrapper\">[vc_row][vc_column][vc_tta_tabs][vc_tta_section title=&#8221;Details&#8221; tab_id=&#8221;1760790713439-1c128aa2-96d7&#8243;]<h2 class=\"vcex-heading vcex-heading-plain vcex-module wpex-heading wpex-text-2xl\"><span class=\"vcex-heading-inner wpex-inline-block\">Opranic OT50 thermostaat stekker<\/span><\/h2>[vc_column_text css=&#8221;&#8221;]\n<p data-start=\"974\" data-end=\"1177\"><strong data-start=\"974\" data-end=\"982\">SKU:<\/strong> OT50<br data-start=\"987\" data-end=\"990\"><strong data-start=\"990\" data-end=\"1007\">Voeding:<\/strong> 230 V \/ 50 Hz<br data-start=\"1021\" data-end=\"1024\"><strong data-start=\"1024\" data-end=\"1046\">Temperatuurbereik:<\/strong> 3 \u00b0C \u2013 40 \u00b0C<br data-start=\"1059\" data-end=\"1062\"><strong data-start=\"1062\" data-end=\"1075\">Nauwkeurigheid:<\/strong> \u00b10,5 \u00b0C<br data-start=\"1083\" data-end=\"1086\"><strong data-start=\"1086\" data-end=\"1099\">Max belasting:<\/strong> 16 A<br data-start=\"1104\" data-end=\"1107\"><strong data-start=\"1107\" data-end=\"1128\">Beschermingsklasse:<\/strong> IP20<br data-start=\"1133\" data-end=\"1136\"><strong data-start=\"1136\" data-end=\"1162\">Bedrijfstemperatuur:<\/strong> 0 \u00b0C \u2013 40 \u00b0C<\/p>\n<p data-start=\"1179\" data-end=\"1449\">De Opranic OT50 is een compacte plug-in thermostaat ontworpen voor eenvoudige bediening van uw Opranic infrarood paneel kachels. Het biedt nauwkeurige temperatuurregeling en helpt u een consistent en comfortabel kamerklimaat te behouden terwijl het onnodige energieconsumptie vermindert. <\/p>\n<p data-start=\"1451\" data-end=\"1749\">Sluit de OT50 thermostaat gewoon aan op een standaard stopcontact, steek uw kachel in de thermostaat en stel uw gewenste temperatuur in met de intu\u00eftieve bedieningselementen. Het heldere digitale display toont de huidige kamertemperatuur en de geselecteerde instelling, zodat u eenvoudig kunt monitoren en aanpassen. <\/p>\n<p data-start=\"1751\" data-end=\"2040\">Met temperatuurinstelling in stappen van 0,5 \u00b0C levert de OT50 nauwkeurige controle over uw comfortniveau. De ingebouwde vorstbeschermingsfunctie activeert automatisch bij 3 \u00b0C om bevriezing in koude omgevingen te voorkomen, waardoor het ideaal is voor gebruik in woningen, kantoren, werkplaatsen of huisjes. <\/p>\n<p data-start=\"2042\" data-end=\"2311\">De thermostaat bevat een handige UIT-modus voor volledige deactivering van het aangesloten apparaat wanneer verwarming niet vereist is. Ontworpen met een hoogwaardige relaisuitgang ondersteunt het belastingen tot 16 A, wat compatibiliteit met alle Opranic infrarood paneel kachels garandeert. <\/p>\n<p data-start=\"2313\" data-end=\"2447\">De Opranic OT50 combineert eenvoud en effici\u00ebntie in \u00e9\u00e9n apparaat en geeft u volledige controle over uw verwarming met minimale inspanning.<\/p>\n<p data-start=\"2449\" data-end=\"2467\"><strong data-start=\"2449\" data-end=\"2465\">Belangrijkste kenmerken<\/strong><\/p>\n<ul data-start=\"2468\" data-end=\"2674\">\n<li data-start=\"2468\" data-end=\"2503\">\n<p data-start=\"2470\" data-end=\"2503\">Eenvoudige plug-and-play installatie<\/p>\n<\/li>\n<li data-start=\"2504\" data-end=\"2551\">\n<p data-start=\"2506\" data-end=\"2551\">Nauwkeurige temperatuurregeling in stappen van 0,5 \u00b0C<\/p>\n<\/li>\n<li data-start=\"2552\" data-end=\"2588\">\n<p data-start=\"2554\" data-end=\"2588\">Vorstbeschermingsfunctie (3 \u00b0C)<\/p>\n<\/li>\n<li data-start=\"2589\" data-end=\"2623\">\n<p data-start=\"2591\" data-end=\"2623\">Helder en goed leesbaar display<\/p>\n<\/li>\n<li data-start=\"2624\" data-end=\"2643\">\n<p data-start=\"2626\" data-end=\"2643\">Max uitgangsvermogen 16 A<\/p>\n<\/li>\n<li data-start=\"2644\" data-end=\"2674\">\n<p data-start=\"2646\" data-end=\"2674\">Compact en elegant ontwerp<\/p>\n<\/li>\n<\/ul>\n[\/vc_column_text][\/vc_tta_section][\/vc_tta_tabs][\/vc_column][\/vc_row]\n<\/div>","protected":false},"excerpt":{"rendered":"<h2>Opranic OT50 thermostaat stekker<\/h2>\n<p>Bedien uw Opranic infrarood paneel kachel eenvoudig met de OT50 thermostaat stekker. Sluit de thermostaat gewoon aan op uw stopcontact en steek uw kachel erin voor automatische temperatuurregeling. Stel uw gewenste temperatuur in en geniet van consistente, comfortabele warmte zonder handmatige aanpassing. Het digitale display maakt de bediening intu\u00eftief, terwijl de thermostaat zorgt voor maximale energie-effici\u00ebntie en comfort in elke ruimte.   <\/p>\n<p><strong data-start=\"974\" data-end=\"982\">SKU:<\/strong> OT50<br data-start=\"987\" data-end=\"990\"><strong data-start=\"990\" data-end=\"1007\">Voeding:<\/strong> 230 V \/ 50 Hz<br data-start=\"1021\" data-end=\"1024\"><strong data-start=\"1024\" data-end=\"1046\">Temperatuurbereik:<\/strong> 3 \u00b0C \u2013 40 \u00b0C<br data-start=\"1059\" data-end=\"1062\"><strong data-start=\"1062\" data-end=\"1075\">Nauwkeurigheid:<\/strong> \u00b10,5 \u00b0C<br data-start=\"1083\" data-end=\"1086\"><strong data-start=\"1086\" data-end=\"1099\">Max belasting:<\/strong> 16 A<br data-start=\"1104\" data-end=\"1107\"><strong data-start=\"1107\" data-end=\"1128\">Beschermingsklasse:<\/strong> IP20<br data-start=\"1133\" data-end=\"1136\"><strong data-start=\"1136\" data-end=\"1162\">Bedrijfstemperatuur:<\/strong> 0 \u00b0C \u2013 40 \u00b0C<\/p>\n<p>&nbsp;<\/p>\n","protected":false},"featured_media":20283,"comment_status":"closed","ping_status":"closed","template":"","meta":{"_acf_changed":false,"inline_featured_image":false,"_joinchat":[]},"product_brand":[],"product_cat":[1041,1046],"product_tag":[],"class_list":{"0":"post-4492","1":"product","2":"type-product","3":"status-publish","4":"has-post-thumbnail","6":"product_cat-accessories","7":"product_cat-binnenverwarmers","8":"entry","9":"has-media","11":"first","12":"instock","13":"taxable","14":"shipping-taxable","15":"purchasable","16":"product-type-simple"},"acf":[],"_links":{"self":[{"href":"https:\/\/opranic.com\/nl\/wp-json\/wp\/v2\/product\/4492","targetHints":{"allow":["GET"]}}],"collection":[{"href":"https:\/\/opranic.com\/nl\/wp-json\/wp\/v2\/product"}],"about":[{"href":"https:\/\/opranic.com\/nl\/wp-json\/wp\/v2\/types\/product"}],"replies":[{"embeddable":true,"href":"https:\/\/opranic.com\/nl\/wp-json\/wp\/v2\/comments?post=4492"}],"wp:featuredmedia":[{"embeddable":true,"href":"https:\/\/opranic.com\/nl\/wp-json\/wp\/v2\/media\/20283"}],"wp:attachment":[{"href":"https:\/\/opranic.com\/nl\/wp-json\/wp\/v2\/media?parent=4492"}],"wp:term":[{"taxonomy":"product_brand","embeddable":true,"href":"https:\/\/opranic.com\/nl\/wp-json\/wp\/v2\/product_brand?post=4492"},{"taxonomy":"product_cat","embeddable":true,"href":"https:\/\/opranic.com\/nl\/wp-json\/wp\/v2\/product_cat?post=4492"},{"taxonomy":"product_tag","embeddable":true,"href":"https:\/\/opranic.com\/nl\/wp-json\/wp\/v2\/product_tag?post=4492"}],"curies":[{"name":"wp","href":"https:\/\/api.w.org\/{rel}","templated":true}]}}