{"id":13520,"date":"2024-07-27T18:15:53","date_gmt":"2024-07-27T16:15:53","guid":{"rendered":"https:\/\/opranic.com\/faq-infrarod-uppvarmning-utomhus\/"},"modified":"2026-03-28T15:05:33","modified_gmt":"2026-03-28T14:05:33","slug":"faq-infrarod-uppvarmning-utomhus","status":"publish","type":"page","link":"https:\/\/opranic.com\/sv\/faq-infrarod-uppvarmning-utomhus\/","title":{"rendered":"FAQ Infrav\u00e4rme f\u00f6r utomhusbruk"},"content":{"rendered":"<div class=\"wpb-content-wrapper\">[vc_row][vc_column]<figure class=\"vcex-image vcex-module\"><div class=\"vcex-image-inner wpex-relative wpex-inline-block\"><img width=\"2400\" height=\"600\" src=\"https:\/\/opranic.com\/wp-content\/uploads\/2023\/07\/2400x600_contact_opranic-1.jpg\" class=\"vcex-image-img wpex-align-middle\" alt=\"\" decoding=\"async\" srcset=\"https:\/\/opranic.com\/wp-content\/uploads\/2023\/07\/2400x600_contact_opranic-1.jpg 2400w, https:\/\/opranic.com\/wp-content\/uploads\/2023\/07\/2400x600_contact_opranic-1-300x75.jpg 300w, https:\/\/opranic.com\/wp-content\/uploads\/2023\/07\/2400x600_contact_opranic-1-1024x256.jpg 1024w, https:\/\/opranic.com\/wp-content\/uploads\/2023\/07\/2400x600_contact_opranic-1-768x192.jpg 768w, https:\/\/opranic.com\/wp-content\/uploads\/2023\/07\/2400x600_contact_opranic-1-1536x384.jpg 1536w, https:\/\/opranic.com\/wp-content\/uploads\/2023\/07\/2400x600_contact_opranic-1-2048x512.jpg 2048w\" sizes=\"(max-width: 2400px) 100vw, 2400px\" \/><\/div><\/figure>[\/vc_column][\/vc_row][vc_row][vc_column]<style>.vcex-navbar.vcex_69e641a09abfc a.vcex-navbar-link{color:#ffffff;background:#ee9305;text-transform:uppercase;}.vcex-navbar.vcex_69e641a09abfc a.vcex-navbar-link:is(:hover,.active){color:#ffffff;background:#d6d6d6;}.vcex-navbar.vcex_69e641a09abfc a.vcex-navbar-link:is(:active,.active){color:#ffffff;background:#262626;}<\/style><nav class=\"vcex-navbar vcex-navbar--expanded vcex-module vcex_69e641a09abfc\"><div class=\"vcex-navbar-inner wpex-clr\"><a href=\"https:\/\/opranic.com\/faq-infrared-heating\/\" class=\"vcex-navbar-link vcex-navbar-link--8079 wpex-block wpex-float-left wpex-mb-5 theme-button minimal-border expanded has-bg-hover\"><span class=\"vcex-navbar-link-text\">Vanliga fr\u00e5gor Infrar\u00f6d uppv\u00e4rmning<\/span><\/a><a href=\"https:\/\/opranic.com\/faq-indoor-infrared-heating\/\" class=\"vcex-navbar-link vcex-navbar-link--13508 wpex-block wpex-float-left wpex-mb-5 theme-button minimal-border expanded has-bg-hover\"><span class=\"vcex-navbar-link-text\">FAQ Infrar\u00f6d uppv\u00e4rmning inomhus<\/span><\/a><a href=\"https:\/\/opranic.com\/faq-outdoor-infrared-heating\/\" class=\"vcex-navbar-link vcex-navbar-link--13520 wpex-block wpex-float-left wpex-mb-5 theme-button minimal-border expanded has-bg-hover\"><span class=\"vcex-navbar-link-text\">FAQ Infrav\u00e4rme f\u00f6r utomhusbruk<\/span><\/a><\/div><\/nav>[vc_row_inner equal_height=&#8221;yes&#8221; remove_bottom_col_margin=&#8221;true&#8221; css=&#8221;.vc_custom_1715063689585{padding-top: 30px !important;padding-bottom: 30px !important;}&#8221; el_id=&#8221;faq&#8221;][vc_column_inner]<style>.vcex-heading.vcex_69e641a0a1fbc{font-size:32px;text-transform:uppercase;}<\/style><h1 class=\"vcex-heading vcex-heading-plain vcex-module wpex-heading wpex-text-2xl vcex_69e641a0a1fbc\"><span class=\"vcex-heading-inner wpex-inline-block\">FAQ - INFRAR\u00d6D UPPV\u00c4RMNING UTOMHUS<\/span><\/h1><style>.vcex-heading.vcex_69e641a0a28fd{color:#262626;font-weight:600;}<\/style><h2 class=\"vcex-heading vcex-heading-plain vcex-module wpex-heading wpex-text-2xl wpex-text-left vcex_69e641a0a28fd\"><span class=\"vcex-heading-inner wpex-inline-block\">INSTALLATION<\/span><\/h2>[vc_toggle title=&#8221;STAR18RS (NORVECO) V\u00c4RMAREN STARTAR INTE ELLER VISAR FELKOD E3!&#8221; style=&#8221;arrow&#8221; css=&#8221;&#8221;]\n<h2><strong>AVAKTIVERA TITLT-OMKOPPLAREN F\u00d6R STAR18RS<\/strong><\/h2>\n<p>Tilt-skyddet kan inaktiveras. F\u00f6lj instruktionerna nedan: <\/p>\n<p>&#8221;E3&#8221; indikerar att lutningsbrytaren \u00e4r aktiverad.<\/p>\n<p>Det \u00e4r m\u00f6jligt att inaktivera lutningsbrytaren.<br \/>Vi har medvetet gjort det lite mer komplicerat f\u00f6r att f\u00f6rhindra att kunder av misstag st\u00e4nger av den. F\u00f6rklaring med ett steg i taget:  <\/p>\n<ol>\n<li>F\u00f6rst m\u00e5ste du koppla ur och \u00e5teransluta v\u00e4rmaren. (Ha fj\u00e4rrkontrollen redo eftersom du bara har n\u00e5gra sekunder p\u00e5 dig att g\u00f6ra \u00e4ndringarna efter \u00e5teranslutningen). <\/li>\n<li>Omedelbart efter \u00e5teranslutningen, n\u00e4r du ser lamporna cirkla, m\u00e5ste du trycka p\u00e5 timerknappen (l\u00e4ngst ned till h\u00f6ger), termostatknappen (l\u00e4ngst ned till v\u00e4nster) och niv\u00e5knappen (mitten) inom 2 sekunder.<\/li>\n<li>Om du har utf\u00f6rt denna del korrekt b\u00f6r du se bokstaven A eller P p\u00e5 displayen. Detta betyder att du lyckades. <\/li>\n<li>Eftersom standardinst\u00e4llningen \u00e4r att lutningsskyddet \u00e4r aktivt, b\u00f6r du se bokstaven A.<br \/>\nNu kan du anv\u00e4nda + och &#8211; knapparna f\u00f6r att v\u00e4xla mellan A och P.<br \/>F\u00f6r att inaktivera lutningsbrytaren, st\u00e4ll in den p\u00e5 P och st\u00e4ng sedan av enheten med str\u00f6mbrytaren.<br \/>N\u00e4r du sl\u00e5r p\u00e5 den igen ska lutningsskyddet vara inaktiverat, och det f\u00f6rblir s\u00e5 tills du upprepar stegen f\u00f6r att aktivera det igen.<\/li>\n<\/ol>\n<p>Se g\u00e4rna \u00e4ven denna video som visar processen ovan.<\/p>\n<p><a href=\"https:\/\/opranic.com\/external\/video\/norveco_star18rs_tilt.mp4\">https:\/\/opranic.com\/external\/video\/norveco_star18rs_tilt.mp4<\/a><\/p>\n[\/vc_toggle][vc_toggle title=&#8221;MIN V\u00c4RMARE STARTAR INTE ELLER VISAR FELKOD!&#8221; style=&#8221;arrow&#8221; css=&#8221;&#8221;]\n<h2><strong>DENNA ANVISNING G\u00c4LLER V50- eller V70-serien med fj\u00e4rrkontroll<\/strong><\/h2>\n<p>Om displayen p\u00e5 v\u00e4rmaren visar &#8221;ER&#8221; n\u00e4r den \u00e4r ansluten till eln\u00e4tet kan det tyda p\u00e5 att den elektroniska lutningsbrytaren \u00e4r aktiverad. F\u00f6lj dessa steg f\u00f6r att avaktivera lutningskontakten: <\/p>\n<p>Se till att v\u00e4rmaren \u00e4r placerad s\u00e5 att LCD-sk\u00e4rmen \u00e4r v\u00e4nd upp\u00e5t eller vinklad upp till 90\u00b0 \u00e5t h\u00f6ger eller v\u00e4nster.<x id=\"gid_0\"><\/x>Den f\u00e5r inte vara v\u00e4nd ned\u00e5t.<br \/>\nN\u00e4r du sl\u00e5r p\u00e5 str\u00f6mmen till enheten eller kopplar in den i ett eluttag, tryck p\u00e5 &#8221;T-&#8221; och direkt efter p\u00e5 &#8221;T+&#8221;.<br \/>Displayen kommer d\u00e5 att visa &#8221;OF&#8221; eller &#8221;ON&#8221; \u2013 d\u00e4r &#8221;OF&#8221; betyder att lutningsskyddet \u00e4r inaktiverat och &#8221;ON&#8221; betyder att det \u00e4r aktiverat.<br \/>V\u00e4lj &#8221;OF&#8221; f\u00f6r att inaktivera det elektroniska lutningsskyddet.  <\/p>\n<p>N\u00e4r lutningsbrytaren \u00e4r avaktiverad kan v\u00e4rmaren arbeta i alla riktningar och kan monteras p\u00e5 en v\u00e4gg eller i taket.<\/p>\n<p>Obs: Av s\u00e4kerhetssk\u00e4l kan v\u00e4rmaren inte placeras p\u00e5 ett stativ n\u00e4r lutningsbrytaren \u00e4r avaktiverad.<\/p>\n<p>V\u00e4rmaren fungerar nu i alla monteringsriktningar och kan endast monteras p\u00e5 v\u00e4gg eller i tak.<\/p>\n<p>OBS! Av s\u00e4kerhetssk\u00e4l kan v\u00e4rmaren inte monteras p\u00e5 ett stativ n\u00e4r lutningsbrytaren \u00e4r avaktiverad.[\/vc_toggle][vc_toggle title=&#8221;VAR KAN JAG HITTA OPRANIC-PRODUKTER?&#8221; style=&#8221;arrow&#8221; css=&#8221;&#8221;]Opranic produkter s\u00e4ljs via grossister, detaljhandelsbutiker och e-handel. I varje land str\u00e4var vi efter att ha en distribut\u00f6r som distribuerar produkterna lokalt till detaljister och grossister. Du kan ocks\u00e5 k\u00f6pa v\u00e5ra produkter direkt p\u00e5 v\u00e5r webbplats https:\/\/www.opranic.com[\/vc_toggle][vc_toggle title=&#8221;KAN JAG MONTERA DEN P\u00c5 EN TR\u00c4V\u00c4GG?&#8221; style=&#8221;arrow&#8221;]Ja, s\u00e5 l\u00e4nge du f\u00f6ljer de s\u00e4kerhetsavst\u00e5nd som anges i bruksanvisningen som medf\u00f6ljde v\u00e4rmaren. Den finns ocks\u00e5 tillg\u00e4nglig i v\u00e5rt mediabibliotek.[\/vc_toggle][vc_toggle title=&#8221;HUR L\u00c5NG \u00c4R STR\u00d6MKABELN?&#8221; style=&#8221;arrow&#8221; css=&#8221;&#8221;]Kabell\u00e4ngden varierar fr\u00e5n 1,85 till 1,95 meter, beroende p\u00e5 modell, och den har en F-kontakt av europeisk typ.[\/vc_toggle][vc_toggle title=&#8221;VAD SOM ING\u00c5R I PAKETET&#8221; style=&#8221;arrow&#8221;]I k\u00f6pet ing\u00e5r en v\u00e4rmare, manual, skruvar, 4 monteringsf\u00e4sten och en fj\u00e4rrkontroll f\u00f6r &#8221;R&#8221;-versionerna. Om du saknar n\u00e5got i din l\u00e5da, v\u00e4nligen kontakta oss s\u00e5 skickar vi ut den saknade delen omedelbart.[\/vc_toggle][vc_toggle title=&#8221;VILKEN \u00c4R DEN REKOMMENDERADE INSTALLATIONSH\u00d6JDEN?&#8221; style=&#8221;arrow&#8221; css=&#8221;&#8221;]Vid v\u00e4gg- eller takmontering m\u00e5ste avst\u00e5ndet till golvet vara minst 1,8 meter, i enlighet med CE-best\u00e4mmelserna. En rekommenderad installationsh\u00f6jd, t.ex. f\u00f6r en terrass, \u00e4r 1,8-2,3 meter f\u00f6r uteffekter upp till 2300 W. VEGA-serien kr\u00e4ver h\u00f6gre installationsh\u00f6jder fr\u00e5n 4 meter och upp\u00e5t.[\/vc_toggle][vc_toggle title=&#8221;KAN JAG ANV\u00c4NDA EN F\u00d6RL\u00c4NGNINGSSLADD?&#8221; style=&#8221;arrow&#8221; css=&#8221;&#8221;]Undvik att anv\u00e4nda en f\u00f6rl\u00e4ngningssladd eftersom den kan \u00f6verhettas och utg\u00f6ra en brandrisk. Om en f\u00f6rl\u00e4ngningssladd beh\u00f6vs m\u00e5ste den vara minst 1,5 mm stor och ha en m\u00e4rkstr\u00f6m p\u00e5 minst 10 A. Anslut inte flera elektriska apparater till f\u00f6rl\u00e4ngningssladden f\u00f6r att f\u00f6rhindra \u00f6verbelastning.[\/vc_toggle]<div class=\"vcex-spacing wpex-w-100 wpex-clear\"><\/div><style>.vcex-heading.vcex_69e641a0a30fd{color:#262626;font-weight:600;}<\/style><h2 class=\"vcex-heading vcex-heading-plain vcex-module wpex-heading wpex-text-2xl wpex-text-left vcex_69e641a0a30fd\"><span class=\"vcex-heading-inner wpex-inline-block\">HUR MAN ANV\u00c4NDER<\/span><\/h2>[vc_toggle title=&#8221;KAN JAG ANV\u00c4NDA SAMMA FJ\u00c4RRKONTROLL TILL FLERA V\u00c4RMARE?&#8221; style=&#8221;arrow&#8221;]Ja, fj\u00e4rrkontrollen \u00e4r densamma f\u00f6r alla Opranic fj\u00e4rrstyrda v\u00e4rmare. Om du k\u00f6per tv\u00e5 v\u00e4rmare kan du anv\u00e4nda samma fj\u00e4rrkontroll till b\u00e5da v\u00e4rmarna. Rikta bara fj\u00e4rrkontrollen mot v\u00e4rmaren (maxavst\u00e5nd 8-10 meter) och v\u00e4lj \u00f6nskad effekt.[\/vc_toggle][vc_toggle title=&#8221;KAN JAG JUSTERA EFFEKTEN P\u00c5 DE TERMOSTATISKA MODELLERNA?&#8221; style=&#8221;arrow&#8221;]Nej, de termostatiska modellerna har inga effektniv\u00e5er. Den har en temperatursensor inuti v\u00e4rmaren som sl\u00e5r p\u00e5 och av beroende p\u00e5 v\u00e4rmeelementets temperatur. Du kan justera termostaten s\u00e5 att den st\u00e4ngs av\/p\u00e5 flera g\u00e5nger per timme eller ha den p\u00e5 max f\u00f6r kontinuerlig drift.[\/vc_toggle][vc_toggle title=&#8221;\u00c4R OPRANIC-V\u00c4RMARE VINDT\u00c5LIGA?&#8221; style=&#8221;arrow&#8221;]Teoretiskt sett har du alltid samma niv\u00e5 av str\u00e5lningsv\u00e4rme p\u00e5 huden oavsett omgivningstemperatur. Den kylande effekt som orsakas av l\u00e5ga temperaturer och luftr\u00f6relser kyler dock huden och f\u00f6r att kompensera f\u00f6r detta m\u00e5ste du tillf\u00f6ra mer energi (v\u00e4rme). <\/p>\n<p>Opranic-v\u00e4rmare omvandlar 96% av energin till str\u00e5lningsv\u00e4rme, s\u00e5 Opranic-v\u00e4rmare \u00e4r mycket effektiva, har det h\u00f6gsta vindmotst\u00e5ndet av alla utomhusv\u00e4rmare p\u00e5 marknaden p\u00e5 grund av den unika str\u00e5lningstekniken som ocks\u00e5 har en mycket h\u00f6g absorptionsniv\u00e5 f\u00f6r m\u00e4nsklig hud.<\/p>\n<p>F\u00f6r ett isolerat rum inomhus r\u00e4cker det med en 2300W-v\u00e4rmare f\u00f6r att v\u00e4rma upp 23 kvadratmeter. Men f\u00f6r en utomhusmilj\u00f6 d\u00e4r du inte har n\u00e5gon isolering och energin f\u00f6rbrukas av st\u00e4ndiga luftr\u00f6relser t\u00e4cker en 2300W-v\u00e4rmare en yta p\u00e5 cirka 13 kvadratmeter. <\/p>\n<p>Se v\u00e5ra bilder och guider f\u00f6r v\u00e4rmet\u00e4ckning i sidof\u00e4ltet till h\u00f6ger.<\/p>\n<p>Om du beh\u00f6ver ytterligare hj\u00e4lp, v\u00e4nligen kontakta oss![\/vc_toggle][vc_toggle title=&#8221;FINNS DET ETT STATIV F\u00d6R V\u00c4RMAREN?&#8221; style=&#8221;arrow&#8221; css=&#8221;&#8221;]Nej, vi erbjuder inte n\u00e5got stativ f\u00f6r de v\u00e4ggmonterade v\u00e4rmarna p\u00e5 grund av s\u00e4kerhetsf\u00f6reskrifter. Att montera en v\u00e4ggmonterad v\u00e4rmare p\u00e5 ett stativ kan strida mot lagkrav och medf\u00f6ra allvarliga risker. V\u00e4ggmonterade v\u00e4rmare \u00e4r utformade f\u00f6r att installeras p\u00e5 v\u00e4ggar och uppfyller specifika s\u00e4kerhets- och prestandastandarder f\u00f6r den konfigurationen.  <\/p>\n<p>Om du beh\u00f6ver en portabel v\u00e4rmel\u00f6sning rekommenderar vi v\u00e5ra v\u00e4rmare i THOR- eller STAR-serien. Dessa modeller \u00e4r s\u00e4rskilt utformade f\u00f6r att vara b\u00e4rbara och uppfyller de n\u00f6dv\u00e4ndiga s\u00e4kerhetsf\u00f6reskrifterna f\u00f6r b\u00e4rbara Infrav\u00e4rmare. De ger s\u00e4ker och effektiv uppv\u00e4rmning samtidigt som de uppfyller alla n\u00f6dv\u00e4ndiga standarder.[\/vc_toggle]<div class=\"vcex-spacing wpex-w-100 wpex-clear\"><\/div><style>.vcex-heading.vcex_69e641a0a3873{color:#262626;font-weight:600;}<\/style><h2 class=\"vcex-heading vcex-heading-plain vcex-module wpex-heading wpex-text-2xl wpex-text-left vcex_69e641a0a3873\"><span class=\"vcex-heading-inner wpex-inline-block\">SUPPORT OCH GARANTI<\/span><\/h2>[vc_toggle title=&#8221;\u00c4R OPRANIC-V\u00c4RMARE V\u00c4DERT\u00c5LIGA MOT ROST OCH OXIDATION?&#8221; style=&#8221;arrow&#8221;]Opranic-v\u00e4rmare \u00e4r tillverkade f\u00f6r att motst\u00e5 rost och oxidation. Starkt direkt solljus, sn\u00f6 och andra v\u00e4derf\u00f6rh\u00e5llanden f\u00f6rs\u00e4mrar alla material med tiden, s\u00e5 f\u00f6r att h\u00e5lla din v\u00e4rmare i gott skick rekommenderar vi att du antingen installerar den under ett tak eller t\u00e4cker den under en l\u00e4ngre period n\u00e4r den inte anv\u00e4nds. <\/p>\n<p>H\u00f6ljet \u00e4r tillverkat av aluminium och kommer att ha mycket liten nedbrytning fr\u00e5n utomhusbruk.<\/p>\n<p>Frontgallret \u00e4r tillverkat av f\u00f6rkromat st\u00e5l och kan ha en viss tendens att reagera p\u00e5 ett utomhusklimat. Men om du upplever att frontgallret f\u00f6rs\u00e4mras \u00e4r det m\u00f6jligt att byta ut gallret. Kontakta oss s\u00e5 hj\u00e4lper vi dig med ett utbytesfrontgaller.  <\/p>\n<p>Sidok\u00e5porna \u00e4r tillverkade av speciell glasfiberarmerad plast som har en mycket h\u00f6g skyddsniv\u00e5 mot alla v\u00e4derp\u00e5verkan. Men om du har r\u00e5kat tappa v\u00e4rmaren och plasten har g\u00e5tt s\u00f6nder, kontakta oss s\u00e5 hj\u00e4lper vi dig med ett nytt sidoskydd.[\/vc_toggle][vc_toggle title=&#8221;VILKEN TYP AV GARANTI FINNS DET P\u00c5 V\u00c4RMAREN?&#8221; style=&#8221;arrow&#8221; css=&#8221;&#8221;]Opranic-v\u00e4rmare har en garanti p\u00e5 2 till 5 \u00e5r beroende p\u00e5 modell.[\/vc_toggle][\/vc_column_inner][\/vc_row_inner][\/vc_column][\/vc_row]\n<\/div>","protected":false},"excerpt":{"rendered":"<p>[vc_row][vc_column][\/vc_column][\/vc_row][vc_row][vc_column][vc_row_inner equal_height=&#8221;yes&#8221; remove_bottom_col_margin=&#8221;true&#8221; css=&#8221;.vc_custom_1715063689585{padding-top: 30px !important;padding-bottom: 30px !important;}&#8221; el_id=&#8221;faq&#8221;][vc_column_inner][vc_toggle title=&#8221;STAR18RS (NORVECO) V\u00c4RMAREN STARTAR INTE ELLER VISAR FELKOD E3!&#8221; style=&#8221;arrow&#8221; css=&#8221;&#8221;] AVAKTIVERA TITLT-OMKOPPLAREN F\u00d6R STAR18RS Tilt-skyddet kan inaktiveras. F\u00f6lj instruktionerna nedan: &#8221;E3&#8221; indikerar att lutningsbrytaren \u00e4r aktiverad. Det \u00e4r m\u00f6jligt att inaktivera lutningsbrytaren.Vi har medvetet gjort det lite mer komplicerat f\u00f6r att f\u00f6rhindra att kunder av&hellip;<\/p>\n","protected":false},"author":1,"featured_media":0,"parent":0,"menu_order":0,"comment_status":"closed","ping_status":"closed","template":"","meta":{"_acf_changed":false,"inline_featured_image":false,"_joinchat":[],"footnotes":""},"class_list":["post-13520","page","type-page","status-publish","hentry","entry","no-media"],"acf":[],"_links":{"self":[{"href":"https:\/\/opranic.com\/sv\/wp-json\/wp\/v2\/pages\/13520","targetHints":{"allow":["GET"]}}],"collection":[{"href":"https:\/\/opranic.com\/sv\/wp-json\/wp\/v2\/pages"}],"about":[{"href":"https:\/\/opranic.com\/sv\/wp-json\/wp\/v2\/types\/page"}],"author":[{"embeddable":true,"href":"https:\/\/opranic.com\/sv\/wp-json\/wp\/v2\/users\/1"}],"replies":[{"embeddable":true,"href":"https:\/\/opranic.com\/sv\/wp-json\/wp\/v2\/comments?post=13520"}],"version-history":[{"count":9,"href":"https:\/\/opranic.com\/sv\/wp-json\/wp\/v2\/pages\/13520\/revisions"}],"predecessor-version":[{"id":24702,"href":"https:\/\/opranic.com\/sv\/wp-json\/wp\/v2\/pages\/13520\/revisions\/24702"}],"wp:attachment":[{"href":"https:\/\/opranic.com\/sv\/wp-json\/wp\/v2\/media?parent=13520"}],"curies":[{"name":"wp","href":"https:\/\/api.w.org\/{rel}","templated":true}]}}