{"id":14652,"date":"2024-08-20T14:50:45","date_gmt":"2024-08-20T12:50:45","guid":{"rendered":"https:\/\/opranic.com\/aterforsaljarforfragan\/"},"modified":"2025-10-30T00:21:28","modified_gmt":"2025-10-29T23:21:28","slug":"aterforsaljarforfragan","status":"publish","type":"page","link":"https:\/\/opranic.com\/sv\/aterforsaljarforfragan\/","title":{"rendered":"\u00c5terf\u00f6rs\u00e4ljarf\u00f6rfr\u00e5gan"},"content":{"rendered":"<div class=\"wpb-content-wrapper\">[vc_row full_width=&#8221;stretch_row&#8221; equal_height=&#8221;yes&#8221; css=&#8221;.vc_custom_1690754731832{padding-top: 10px !important;padding-bottom: 10px !important;background-image: url(https:\/\/opranic.com\/wp-content\/uploads\/2023\/07\/2400x600_contact_opranic-1.jpg?id=5101) !important;background-position: center !important;background-repeat: no-repeat !important;background-size: cover !important;}&#8221;][vc_column]<div class=\"vcex-spacing wpex-w-100 wpex-clear\" style=\"height:500px;\"><\/div>[\/vc_column][\/vc_row][vc_row][vc_column width=&#8221;1\/4&#8243;]<div class=\"vcex-spacing wpex-w-100 wpex-clear\" style=\"height:20px;\"><\/div><style>.vcex-navbar.vcex_69f4505c011bc a.vcex-navbar-link{color:#ffffff;background:#ee9305;text-transform:uppercase;}.vcex-navbar.vcex_69f4505c011bc a.vcex-navbar-link:is(:hover,.active){color:#ffffff;background:#d6d6d6;}.vcex-navbar.vcex_69f4505c011bc a.vcex-navbar-link:is(:active,.active){color:#ffffff;background:#262626;}<\/style><nav class=\"vcex-navbar vcex-navbar--expanded vcex-module vcex_69f4505c011bc\"><div class=\"vcex-navbar-inner wpex-clr\"><a href=\"https:\/\/opranic.com\/contact-us\/\" class=\"vcex-navbar-link vcex-navbar-link--7375 wpex-block wpex-float-left wpex-mb-5 theme-button minimal-border expanded has-bg-hover\"><span class=\"vcex-navbar-link-text\">Kontakta oss<\/span><\/a><a href=\"https:\/\/opranic.com\/reseller-inquiry\/\" class=\"vcex-navbar-link vcex-navbar-link--14652 wpex-block wpex-float-left wpex-mb-5 theme-button minimal-border expanded has-bg-hover\"><span class=\"vcex-navbar-link-text\">\u00c5terf\u00f6rs\u00e4ljarf\u00f6rfr\u00e5gan<\/span><\/a><a href=\"https:\/\/opranic.com\/return-form\/\" class=\"vcex-navbar-link vcex-navbar-link--8227 wpex-block wpex-float-left wpex-mb-5 theme-button minimal-border expanded has-bg-hover\"><span class=\"vcex-navbar-link-text\">Returformul\u00e4r<\/span><\/a><\/div><\/nav><div class=\"vcex-spacing wpex-w-100 wpex-clear\"><\/div><div class=\"vcex-module vcex-divider vcex-divider-solid vcex-divider-center wpex-mx-auto wpex-block wpex-h-0 wpex-border-b wpex-border-solid wpex-border-main\"><\/div><div class=\"vcex-spacing wpex-w-100 wpex-clear\"><\/div>[vc_column_text css=&#8221;&#8221;]\n<h2 class=\"vcex-heading vcex-heading-plain vcex-module wpex-text-2xl wpex-font-normal wpex-mb-10 wpex-text-left vcex_6511575c2cfb8\"><span class=\"vcex-heading-inner wpex-inline-block\">V\u00c5R ADRESS<\/span><\/h2>\n<div class=\"vcex-spacing wpex-w-100 wpex-clear vcex_6511575c2d39c\">Adress: OPRANIC AB<\/div>\n<div class=\"vcex-spacing wpex-w-100 wpex-clear vcex_6511575c2d39c\">BOX 2548, 116 74 Stockholm<\/div>\n<div class=\"vcex-spacing wpex-w-100 wpex-clear vcex_6511575c2d39c\">Tfn: <a href=\"tel:+46855920360\">+46 8 559 203 60<\/a><\/div>\n<div class=\"vcex-spacing wpex-w-100 wpex-clear vcex_6511575c2d39c\">Fax: <a href=\"fax:+4655116586\">+46 551 165 86<\/a><\/div>\n<div class=\"vcex-spacing wpex-w-100 wpex-clear vcex_6511575c2d39c\">E-post: <a href=\"mailto:info@opranic.com\">info@opranic.com<\/a><\/div>\n[\/vc_column_text][\/vc_column][vc_column width=&#8221;3\/4&#8243;]<div class=\"vcex-spacing wpex-w-100 wpex-clear\" style=\"height:20px;\"><\/div><style>.vcex-heading.vcex_69f4505c0697a{text-transform:uppercase;}<\/style><h1 class=\"vcex-heading vcex-heading-plain vcex-module wpex-heading wpex-text-2xl vcex_69f4505c0697a\"><span class=\"vcex-heading-inner wpex-inline-block\">\u00c5terf\u00f6rs\u00e4ljarf\u00f6rfr\u00e5gan<\/span><\/h1><div class=\"vcex-spacing wpex-w-100 wpex-clear\" style=\"height:20px;\"><\/div>[vc_column_text css=&#8221;&#8221;]Opranic bjuder in dig att g\u00e5 i br\u00e4schen f\u00f6r den f\u00f6r\u00e4nderliga v\u00e4rmebranschen!<br \/>\nV\u00e5ra h\u00e5llbara och effektiva Infrav\u00e4rmare f\u00f6r inomhus- och utomhusbruk \u00e4r ett perfekt komplement till dina erbjudanden.<br \/>\nOPRANIC \u00e4r ett svenskt varum\u00e4rke som \u00e4r k\u00e4nt f\u00f6r sitt engagemang f\u00f6r kvalitet och innovation inom v\u00e4rmebranschen.<br \/>\nVi har \u00e4ven lager i Tyskland, vilket s\u00e4kerst\u00e4ller effektiv distribution och snabb service i hela Europa.[\/vc_column_text]<div class=\"vcex-spacing wpex-w-100 wpex-clear\"><\/div>[vc_row_inner][vc_column_inner width=&#8221;1\/2&#8243;][vc_column_text css=&#8221;&#8221;]<strong>Vad vi erbjuder<\/strong><\/p>\n<ul>\n<li>Konkurrenskraftig priss\u00e4ttning<\/li>\n<li>Intr\u00e4de p\u00e5 en fram\u00e5tblickande marknad<\/li>\n<li>Innovativa produkter av h\u00f6gsta kvalitet<\/li>\n<li>Omfattande expertis och ett fram\u00e5tblickande f\u00f6rh\u00e5llningss\u00e4tt<\/li>\n<li>Starkt marknadsf\u00f6ringsst\u00f6d och en unik varum\u00e4rkesidentitet<\/li>\n<li>Tekniskt st\u00f6d och responsiv service<\/li>\n<\/ul>\n[\/vc_column_text][\/vc_column_inner][vc_column_inner width=&#8221;1\/2&#8243;][vc_column_text css=&#8221;&#8221;]<strong>Vad vi v\u00e4rdes\u00e4tter hos v\u00e5ra partners<\/strong><\/p>\n<ul>\n<li>Passion och ett innovativt tankes\u00e4tt<\/li>\n<li>Fullst\u00e4ndigt kundfokus och tillf\u00f6rlitlighet<\/li>\n<li>Tekniskt kunnande<\/li>\n<li>En partnerskapsorienterad strategi<\/li>\n<li>L\u00e5ngsiktigt samarbete<\/li>\n<\/ul>\n[\/vc_column_text][\/vc_column_inner][\/vc_row_inner][vc_column_text css=&#8221;&#8221;]\n<p>Med varm h\u00e4lsning Opranic[\/vc_column_text]<div class=\"vcex-shortcode wpex-clr\"><style id=\"wpforms-css-vars-14623\">\n\t\t\t\t#wpforms-14623 {\n\t\t\t\t--wpforms-field-size-input-height: 43px;\n--wpforms-field-size-input-spacing: 15px;\n--wpforms-field-size-font-size: 16px;\n--wpforms-field-size-line-height: 19px;\n--wpforms-field-size-padding-h: 14px;\n--wpforms-field-size-checkbox-size: 16px;\n--wpforms-field-size-sublabel-spacing: 5px;\n--wpforms-field-size-icon-size: 1;\n--wpforms-label-size-font-size: 16px;\n--wpforms-label-size-line-height: 19px;\n--wpforms-label-size-sublabel-font-size: 14px;\n--wpforms-label-size-sublabel-line-height: 17px;\n--wpforms-button-size-font-size: 17px;\n--wpforms-button-size-height: 41px;\n--wpforms-button-size-padding-h: 15px;\n--wpforms-button-size-margin-top: 10px;\n--wpforms-container-shadow-size-box-shadow: none;\n\t\t\t}\n\t\t\t<\/style><div class=\"wpforms-container wpforms-container-full wpforms-render-modern\" id=\"wpforms-14623\"><form id=\"wpforms-form-14623\" class=\"wpforms-validate wpforms-form wpforms-ajax-form\" data-formid=\"14623\" method=\"post\" enctype=\"multipart\/form-data\" action=\"\/sv\/wp-json\/wp\/v2\/pages\/14652\" data-token=\"179de0eace8a119ffbdddbb188bcc508\" data-token-time=\"1777619036\"><noscript class=\"wpforms-error-noscript\">Aktivera JavaScript i din webbl\u00e4sare f\u00f6r att slutf\u00f6ra detta formul\u00e4r.<\/noscript><div id=\"wpforms-error-noscript\" style=\"display: none;\">Aktivera JavaScript i din webbl\u00e4sare f\u00f6r att slutf\u00f6ra detta formul\u00e4r.<\/div><div class=\"wpforms-field-container\">\t\t<div id=\"wpforms-14623-field_5-container\"\n\t\t\tclass=\"wpforms-field wpforms-field-text\"\n\t\t\tdata-field-type=\"text\"\n\t\t\tdata-field-id=\"5\"\n\t\t\t>\n\t\t\t<label class=\"wpforms-field-label\" for=\"wpforms-14623-field_5\" >Detaljer Layout F\u00f6retagets<\/label>\n\t\t\t<input type=\"text\" id=\"wpforms-14623-field_5\" class=\"wpforms-field-medium\" name=\"wpforms[fields][5]\" >\n\t\t<\/div>\n\t\t<div id=\"wpforms-14623-field_9-container\" class=\"wpforms-field wpforms-field-layout\" data-field-id=\"9\"><div class=\"wpforms-field-layout-rows wpforms-field-large\"><div class=\"wpforms-layout-row\"><div class=\"wpforms-layout-column wpforms-layout-column-50\"><div id=\"wpforms-14623-field_4-container\" class=\"wpforms-field wpforms-field-text\" data-field-id=\"4\"><label class=\"wpforms-field-label\" for=\"wpforms-14623-field_4\">F\u00f6retagets namn <span class=\"wpforms-required-label\" aria-hidden=\"true\">*<\/span><\/label><input type=\"text\" id=\"wpforms-14623-field_4\" class=\"wpforms-field-medium wpforms-field-required\" name=\"wpforms[fields][4]\" aria-errormessage=\"wpforms-14623-field_4-error\" required><\/div><\/div><div class=\"wpforms-layout-column wpforms-layout-column-50\"><div id=\"wpforms-14623-field_1-container\" class=\"wpforms-field wpforms-field-email\" data-field-id=\"1\"><label class=\"wpforms-field-label\" for=\"wpforms-14623-field_1\">E-post p\u00e5 jobbet <span class=\"wpforms-required-label\" aria-hidden=\"true\">*<\/span><\/label><input type=\"email\" id=\"wpforms-14623-field_1\" class=\"wpforms-field-medium wpforms-field-required\" name=\"wpforms[fields][1]\" spellcheck=\"false\" aria-errormessage=\"wpforms-14623-field_1-error\" required><\/div><\/div><\/div><div class=\"wpforms-layout-row\"><div class=\"wpforms-layout-column wpforms-layout-column-50\"><div id=\"wpforms-14623-field_8-container\" class=\"wpforms-field wpforms-field-text\" data-field-id=\"8\"><label class=\"wpforms-field-label\" for=\"wpforms-14623-field_8\">Din webbplats<\/label><input type=\"text\" id=\"wpforms-14623-field_8\" class=\"wpforms-field-medium\" name=\"wpforms[fields][8]\" aria-errormessage=\"wpforms-14623-field_8-error\" ><\/div><\/div><div class=\"wpforms-layout-column wpforms-layout-column-50\"><div id=\"wpforms-14623-field_3-container\" class=\"wpforms-field wpforms-field-phone\" data-field-id=\"3\"><label class=\"wpforms-field-label\" for=\"wpforms-14623-field_3\">Telefonnummer<\/label><input type=\"tel\" id=\"wpforms-14623-field_3\" class=\"wpforms-field-medium wpforms-smart-phone-field\" data-rule-smart-phone-field=\"true\" name=\"wpforms[fields][3]\" aria-label=\"Telefonnummer\" aria-errormessage=\"wpforms-14623-field_3-error\" ><\/div><\/div><\/div><div class=\"wpforms-layout-row\"><div class=\"wpforms-layout-column wpforms-layout-column-50\"><div id=\"wpforms-14623-field_0-container\" class=\"wpforms-field wpforms-field-name\" data-field-id=\"0\"><fieldset><legend class=\"wpforms-field-label\">Namn<\/legend><div class=\"wpforms-field-row wpforms-field-medium\"><div class=\"wpforms-field-row-block wpforms-first wpforms-one-half\"><input type=\"text\" id=\"wpforms-14623-field_0\" class=\"wpforms-field-name-first\" name=\"wpforms[fields][0][first]\" aria-errormessage=\"wpforms-14623-field_0-error\" ><label for=\"wpforms-14623-field_0\" class=\"wpforms-field-sublabel after\">F\u00f6rsta<\/label><\/div><div class=\"wpforms-field-row-block wpforms-one-half\"><input type=\"text\" id=\"wpforms-14623-field_0-last\" class=\"wpforms-field-name-last\" name=\"wpforms[fields][0][last]\" aria-errormessage=\"wpforms-14623-field_0-last-error\" ><label for=\"wpforms-14623-field_0-last\" class=\"wpforms-field-sublabel after\">Sista<\/label><\/div><\/div><\/fieldset><\/div><\/div><div class=\"wpforms-layout-column wpforms-layout-column-50\"><div id=\"wpforms-14623-field_7-container\" class=\"wpforms-field wpforms-field-text\" data-field-id=\"7\"><label class=\"wpforms-field-label\" for=\"wpforms-14623-field_7\">Typ av verksamhet<\/label><input type=\"text\" id=\"wpforms-14623-field_7\" class=\"wpforms-field-medium\" name=\"wpforms[fields][7]\" placeholder=\"elektriker, arkitekt, byggnadsarbetare...\" aria-errormessage=\"wpforms-14623-field_7-error\" ><\/div><\/div><\/div><\/div><\/div><div id=\"wpforms-14623-field_2-container\" class=\"wpforms-field wpforms-field-textarea\" data-field-id=\"2\"><label class=\"wpforms-field-label\" for=\"wpforms-14623-field_2\">F\u00f6rfr\u00e5gan Detaljer<\/label><textarea id=\"wpforms-14623-field_2\" class=\"wpforms-field-medium\" name=\"wpforms[fields][2]\" aria-errormessage=\"wpforms-14623-field_2-error\" ><\/textarea><\/div><script>\n\t\t\t\t( function() {\n\t\t\t\t\tconst style = document.createElement( 'style' );\n\t\t\t\t\tstyle.appendChild( document.createTextNode( '#wpforms-14623-field_5-container { position: absolute !important; overflow: hidden !important; display: inline !important; height: 1px !important; width: 1px !important; z-index: -1000 !important; padding: 0 !important; } #wpforms-14623-field_5-container input { visibility: hidden; } #wpforms-conversational-form-page #wpforms-14623-field_5-container label { counter-increment: none; }' ) );\n\t\t\t\t\tdocument.head.appendChild( style );\n\t\t\t\t\tdocument.currentScript?.remove();\n\t\t\t\t} )();\n\t\t\t<\/script><\/div><!-- .wpforms-field-container --><div class=\"wpforms-recaptcha-container wpforms-is-recaptcha wpforms-is-recaptcha-type-v2\" ><div class=\"g-recaptcha\" data-sitekey=\"6LcFqsssAAAAAJ5CHAKuH1vdKdhDrTWFHXfS-Tu-\"><\/div><input type=\"text\" name=\"g-recaptcha-hidden\" class=\"wpforms-recaptcha-hidden\" style=\"position:absolute!important;clip:rect(0,0,0,0)!important;height:1px!important;width:1px!important;border:0!important;overflow:hidden!important;padding:0!important;margin:0!important;\" data-rule-recaptcha=\"1\"><\/div><div class=\"wpforms-submit-container\" ><input type=\"hidden\" name=\"wpforms[id]\" value=\"14623\"><input type=\"hidden\" name=\"page_title\" value=\"\"><input type=\"hidden\" name=\"page_url\" value=\"https:\/\/opranic.com\/sv\/wp-json\/wp\/v2\/pages\/14652\"><input type=\"hidden\" name=\"url_referer\" value=\"\"><button type=\"submit\" name=\"wpforms[submit]\" id=\"wpforms-submit-14623\" class=\"wpforms-submit\" data-alt-text=\"Skickar...\" data-submit-text=\"SKICKA\" aria-live=\"assertive\" value=\"wpforms-submit\">SKICKA<\/button><img src=\"https:\/\/opranic.com\/wp-content\/plugins\/wpforms\/assets\/images\/submit-spin.svg\" class=\"wpforms-submit-spinner\" style=\"display: none;\" width=\"26\" height=\"26\" alt=\"Laddar\"><\/div><\/form><\/div>  <!-- .wpforms-container --><\/div>[vc_column_text]Genom att klicka p\u00e5 knappen &#8221;S\u00c4ND&#8221; samtycker jag till behandlingen av personuppgifter[\/vc_column_text][\/vc_column][\/vc_row]\n<\/div>","protected":false},"excerpt":{"rendered":"<p>[vc_row full_width=&#8221;stretch_row&#8221; equal_height=&#8221;yes&#8221; css=&#8221;.vc_custom_1690754731832{padding-top: 10px !important;padding-bottom: 10px !important;background-image: url(https:\/\/opranic.com\/wp-content\/uploads\/2023\/07\/2400x600_contact_opranic-1.jpg?id=5101) !important;background-position: center !important;background-repeat: no-repeat !important;background-size: cover !important;}&#8221;][vc_column][\/vc_column][\/vc_row][vc_row][vc_column width=&#8221;1\/4&#8243;][vc_column_text css=&#8221;&#8221;] V\u00c5R ADRESS Adress: OPRANIC AB BOX 2548, 116 74 Stockholm Tfn: +46 8 559 203 60 Fax: +46 551 165 86 E-post: info@opranic.com [\/vc_column_text][\/vc_column][vc_column width=&#8221;3\/4&#8243;][vc_column_text css=&#8221;&#8221;]Opranic bjuder in dig att g\u00e5 i br\u00e4schen f\u00f6r den f\u00f6r\u00e4nderliga v\u00e4rmebranschen!&hellip;<\/p>\n","protected":false},"author":1,"featured_media":0,"parent":0,"menu_order":0,"comment_status":"closed","ping_status":"closed","template":"","meta":{"_acf_changed":false,"inline_featured_image":false,"_joinchat":[],"footnotes":""},"class_list":["post-14652","page","type-page","status-publish","hentry","entry","no-media"],"acf":[],"_links":{"self":[{"href":"https:\/\/opranic.com\/sv\/wp-json\/wp\/v2\/pages\/14652","targetHints":{"allow":["GET"]}}],"collection":[{"href":"https:\/\/opranic.com\/sv\/wp-json\/wp\/v2\/pages"}],"about":[{"href":"https:\/\/opranic.com\/sv\/wp-json\/wp\/v2\/types\/page"}],"author":[{"embeddable":true,"href":"https:\/\/opranic.com\/sv\/wp-json\/wp\/v2\/users\/1"}],"replies":[{"embeddable":true,"href":"https:\/\/opranic.com\/sv\/wp-json\/wp\/v2\/comments?post=14652"}],"version-history":[{"count":0,"href":"https:\/\/opranic.com\/sv\/wp-json\/wp\/v2\/pages\/14652\/revisions"}],"wp:attachment":[{"href":"https:\/\/opranic.com\/sv\/wp-json\/wp\/v2\/media?parent=14652"}],"curies":[{"name":"wp","href":"https:\/\/api.w.org\/{rel}","templated":true}]}}