{"id":26152,"date":"2026-04-16T17:37:30","date_gmt":"2026-04-16T15:37:30","guid":{"rendered":"https:\/\/opranic.com\/?page_id=26152"},"modified":"2026-04-19T01:12:37","modified_gmt":"2026-04-18T23:12:37","slug":"om-infrarod-varme","status":"publish","type":"page","link":"https:\/\/opranic.com\/sv\/om-infrarod-varme\/","title":{"rendered":"Om infrar\u00f6d v\u00e4rme"},"content":{"rendered":"<div class=\"wpb-content-wrapper\">[vc_row content_placement=&#8221;middle&#8221; column_spacing=&#8221;30&#8243; equal_height=&#8221;yes&#8221; remove_bottom_col_margin=&#8221;true&#8221; css=&#8221;.vc_custom_1776380229469{margin-top: 0px !important;margin-bottom: 15px !important;}&#8221; el_class=&#8221;hero-fullbleed&#8221;][vc_column wpex_shadow=&#8221;shadow-none&#8221;][vc_column_text css=&#8221;&#8221;]\n<div class=\"opr-home-hero\">\n<p><img decoding=\"async\" class=\"opr-home-hero__bg\" src=\"https:\/\/opranic.com\/wp-content\/uploads\/2026\/04\/2560x960_about-infrared-a.jpg\" sizes=\"100vw\" srcset=\"https:\/\/opranic.com\/wp-content\/uploads\/2026\/04\/2560x960_about-infrared-a.jpg\" alt=\"Om infrar\u00f6d v\u00e4rme\" data-no-lazy=\"1\" data-skip-lazy=\"1\"><\/p>\n<div class=\"opr-home-hero__overlay\"><\/div>\n<div class=\"opr-home-hero__text\">\n<p class=\"opr-home-hero__overline\">Kunskap<\/p>\n<h1 class=\"opr-home-hero__title\">Om infrar\u00f6d v\u00e4rme<\/h1>\n<div class=\"opr-home-hero__accent\"><\/div>\n<p class=\"opr-home-hero__sub\">Vetenskapen, v\u00e5gl\u00e4ngderna och tekniken<\/p>\n<\/div>\n<\/div>\n[\/vc_column_text][\/vc_column][\/vc_row][vc_row][vc_column][vc_column_text]\n[\/vc_column_text][\/vc_column][\/vc_row][vc_row el_class=&#8221;opr-intro-row&#8221;][vc_column css=&#8221;.vc_custom_1776412217522{border-left-width: 3px !important;padding-left: 24px !important;border-left-style: solid !important;border-radius: 3px !important;}&#8221; wpex_border_color=&#8221;#ee9305&#8243;][vc_column_text el_class=&#8221;opr-intro-text&#8221;]Infrar\u00f6d v\u00e4rme \u00e4r en av naturens \u00e4ldsta krafter \u2013 det \u00e4r s\u00e5 solen v\u00e4rmer jorden \u00f6ver 150 miljoner kilometer tomt utrymme. Att f\u00f6rst\u00e5 hur den fungerar \u00e4r skillnaden mellan att v\u00e4lja en v\u00e4rmare som k\u00e4nns r\u00e4tt och en som verkligen presterar. Det h\u00e4r avsnittet t\u00e4cker vetenskapen, tekniken och de ingenj\u00f6rsm\u00e4ssiga valen bakom varje Opranic-produkt.[\/vc_column_text][\/vc_column][\/vc_row][vc_row][vc_column][vc_column_text]\n[\/vc_column_text][\/vc_column][\/vc_row][vc_row content_placement=&#8221;middle&#8221; equal_height=&#8221;yes&#8221; el_class=&#8221;opr-split-row opr-split-row&#8211;img-right&#8221;][vc_column width=&#8221;3\/5&#8243; el_class=&#8221;opr-split-text&#8221;]<p class=\"vcex-heading vcex-heading-plain vcex-module wpex-heading wpex-text-2xl wpex-text-left opr-section-label\"><span class=\"vcex-heading-inner wpex-inline-block\">Grund<\/span><\/p><h2 class=\"vcex-heading vcex-heading-plain vcex-module wpex-heading wpex-text-2xl wpex-text-left opr-section-h2\"><span class=\"vcex-heading-inner wpex-inline-block\">Vad \u00e4r infrar\u00f6d v\u00e4rme?<\/span><\/h2>[vc_column_text css=&#8221;&#8221;]\n<div class=\"opr-section-accent\"><\/div>\n<p>Hur elektromagnetisk str\u00e5lning v\u00e4rmer kroppar och ytor direkt, utan att v\u00e4rma luften d\u00e4remellan. Det \u00e4r fysiken bakom solskensprincipen \u2013 samma mekanism som g\u00f6r att ni kan k\u00e4nna er varm en kall vinterdag i samma \u00f6gonblick som solen tr\u00e4ffar huden. <\/p>\n<p>B\u00f6rja h\u00e4r om ni vill f\u00f6rst\u00e5 grunderna i str\u00e5lningsv\u00e4rme, varf\u00f6r den fungerar utomhus d\u00e4r konvektion misslyckas, och hur den skiljer sig fr\u00e5n alla andra uppv\u00e4rmningsmetoder ni har st\u00f6tt p\u00e5.<\/p>\n<p><a class=\"opr-about-card-link\" href=\"https:\/\/opranic.com\/sv\/vad-ar-infravarme\/\">L\u00e4s guiden \u2192<\/a>[\/vc_column_text][\/vc_column][vc_column width=&#8221;2\/5&#8243; el_class=&#8221;opr-split-media opr-about-icon-cell opr-about-icon-cell&#8211;sun&#8221;][vc_column_text]\n<div class=\"opr-about-icon opr-about-icon--sun\" aria-hidden=\"true\"><\/div>\n[\/vc_column_text][\/vc_column][\/vc_row][vc_row][vc_column][vc_column_text]\n[\/vc_column_text][\/vc_column][\/vc_row][vc_row content_placement=&#8221;middle&#8221; equal_height=&#8221;yes&#8221; el_class=&#8221;opr-split-row opr-split-row&#8211;img-left opr-split-row&#8211;alt&#8221;][vc_column width=&#8221;2\/5&#8243; el_class=&#8221;opr-split-media opr-split-media&#8211;left opr-about-icon-cell opr-about-icon-cell&#8211;wave&#8221;][vc_column_text]\n<div class=\"opr-about-icon opr-about-icon--wave\" aria-hidden=\"true\"><\/div>\n[\/vc_column_text][\/vc_column][vc_column width=&#8221;3\/5&#8243; el_class=&#8221;opr-split-text&#8221;]<p class=\"vcex-heading vcex-heading-plain vcex-module wpex-heading wpex-text-2xl wpex-text-left opr-section-label\"><span class=\"vcex-heading-inner wpex-inline-block\">F\u00f6rdjupning<\/span><\/p><h2 class=\"vcex-heading vcex-heading-plain vcex-module wpex-heading wpex-text-2xl wpex-text-left opr-section-h2\"><span class=\"vcex-heading-inner wpex-inline-block\">S\u00e5 fungerar infrar\u00f6d v\u00e4rme<\/span><\/h2>[vc_column_text css=&#8221;&#8221;]\n<div class=\"opr-section-accent\"><\/div>\n<p>Kortv\u00e5gig, medelv\u00e5gig och l\u00e5ngv\u00e5gig infrar\u00f6d str\u00e5lning beter sig helt olika n\u00e4r de tr\u00e4ffar m\u00e4nsklig hud. V\u00e5gl\u00e4ngden avg\u00f6r om str\u00e5lningen absorberas eller reflekteras, och den avg\u00f6r hur behaglig v\u00e4rmen faktiskt k\u00e4nns. <\/p>\n<p>Det h\u00e4r \u00e4r en teknisk f\u00f6rdjupning i varf\u00f6r 2,4 mikrometer \u00e4r den optimala v\u00e5gl\u00e4ngden f\u00f6r komfortuppv\u00e4rmning utomhus, vad forskningen visar och hur Wiens lag kopplar ett v\u00e4rmeelements yttemperatur till den str\u00e5lning det avger.<\/p>\n<p><a class=\"opr-about-card-link\" href=\"https:\/\/opranic.com\/sv\/sa-fungerar-infravarme\/\">L\u00e4s guiden \u2192<\/a>[\/vc_column_text][\/vc_column][\/vc_row][vc_row][vc_column][vc_column_text]\n[\/vc_column_text][\/vc_column][\/vc_row][vc_row content_placement=&#8221;middle&#8221; equal_height=&#8221;yes&#8221; el_class=&#8221;opr-split-row opr-split-row&#8211;img-right&#8221;][vc_column width=&#8221;3\/5&#8243; el_class=&#8221;opr-split-text&#8221;]<p class=\"vcex-heading vcex-heading-plain vcex-module wpex-heading wpex-text-2xl wpex-text-left opr-section-label\"><span class=\"vcex-heading-inner wpex-inline-block\">Opranic-teknik<\/span><\/p><h2 class=\"vcex-heading vcex-heading-plain vcex-module wpex-heading wpex-text-2xl wpex-text-left opr-section-h2\"><span class=\"vcex-heading-inner wpex-inline-block\">Varf\u00f6r Opranic \u2013 v\u00e5r teknik<\/span><\/h2>[vc_column_text css=&#8221;&#8221;]\n<div class=\"opr-section-accent\"><\/div>\n<p>IR-X Carbon Black-elementet \u00e4r resultatet av mer \u00e4n 20 \u00e5rs ingenj\u00f6rsarbete. I praktiken levererar det upp till 96 procent energiomvandling, en livsl\u00e4ngd p\u00e5 12 000 timmar och ett kolfiberelement tillverkat i Japan med en tolerans som ingen annan i kategorin matchar. <\/p>\n<p>L\u00e4s varf\u00f6r elementet i sig inte r\u00e4cker, varf\u00f6r reflektorgeometrin, h\u00f6ljet och elektroniken alla spelar roll, och varf\u00f6r Opranic ser v\u00e4rmaren som ett komplett str\u00e5lningssystem snarare \u00e4n en samling delar.<\/p>\n<p><a class=\"opr-about-card-link\" href=\"https:\/\/opranic.com\/sv\/varfor-opranic\/\">L\u00e4s guiden \u2192<\/a>[\/vc_column_text][\/vc_column][vc_column width=&#8221;2\/5&#8243; el_class=&#8221;opr-split-media opr-about-icon-cell opr-about-icon-cell&#8211;lock&#8221;][vc_column_text]\n<div class=\"opr-about-icon opr-about-icon--lock\" aria-hidden=\"true\"><\/div>\n[\/vc_column_text][\/vc_column][\/vc_row][vc_row][vc_column][vc_column_text]\n[\/vc_column_text][\/vc_column][\/vc_row][vc_row el_class=&#8221;opr-breather-row&#8221;][vc_column]<p class=\"vcex-heading vcex-heading-plain vcex-module wpex-heading wpex-text-2xl wpex-text-center opr-breather-quote\"><span class=\"vcex-heading-inner wpex-inline-block\">Vetenskapen p\u00e5 den h\u00e4r sidan bygger p\u00e5 sakkunniggranskad forskning och en oberoende akademisk studie best\u00e4lld av Vattenfall AB.<\/span><\/p>[\/vc_column][\/vc_row][vc_row][vc_column][vc_column_text]\n[\/vc_column_text][\/vc_column][\/vc_row][vc_row el_class=&#8221;opr-authority-row&#8221;][vc_column]<p class=\"vcex-heading vcex-heading-plain vcex-module wpex-heading wpex-text-2xl wpex-text-center opr-section-label opr-authority-label\"><span class=\"vcex-heading-inner wpex-inline-block\">Oberoende forskning<\/span><\/p>[vc_column_text el_class=&#8221;opr-authority-text&#8221;]\nVetenskapen p\u00e5 den h\u00e4r sidan bygger p\u00e5 sakkunniggranskad forskning, branschstandardiserade specifikationer och en oberoende akademisk avhandling best\u00e4lld av Vattenfall AB, d\u00e4r Opranic levererade de infrav\u00e4rmare som anv\u00e4ndes i fullskaliga arktiska f\u00e4lttester vid Lule\u00e5 tekniska universitet (2019). K\u00e4llor inkluderar <a href=\"https:\/\/www.icnirp.org\/en\/frequencies\/infrared\/index.html\" target=\"_blank\" rel=\"noopener\">ICNIRP:s s\u00e4kerhetsriktlinjer<\/a> och publicerad forskning fr\u00e5n <a href=\"https:\/\/www.ncbi.nlm.nih.gov\/pmc\/articles\/PMC3699878\/\" target=\"_blank\" rel=\"noopener\">National Institutes of Health (NCBI)<\/a>.<br \/>\n[\/vc_column_text][\/vc_column][\/vc_row]\n<\/div>","protected":false},"excerpt":{"rendered":"<p>[vc_row content_placement=&#8221;middle&#8221; column_spacing=&#8221;30&#8243; equal_height=&#8221;yes&#8221; remove_bottom_col_margin=&#8221;true&#8221; css=&#8221;.vc_custom_1776380229469{margin-top: 0px !important;margin-bottom: 15px !important;}&#8221; el_class=&#8221;hero-fullbleed&#8221;][vc_column wpex_shadow=&#8221;shadow-none&#8221;][vc_column_text css=&#8221;&#8221;] Kunskap Om infrar\u00f6d v\u00e4rme Vetenskapen, v\u00e5gl\u00e4ngderna och tekniken [\/vc_column_text][\/vc_column][\/vc_row][vc_row][vc_column][vc_column_text] [\/vc_column_text][\/vc_column][\/vc_row][vc_row el_class=&#8221;opr-intro-row&#8221;][vc_column css=&#8221;.vc_custom_1776412217522{border-left-width: 3px !important;padding-left: 24px !important;border-left-style: solid !important;border-radius: 3px !important;}&#8221; wpex_border_color=&#8221;#ee9305&#8243;][vc_column_text el_class=&#8221;opr-intro-text&#8221;]Infrar\u00f6d v\u00e4rme \u00e4r en av naturens \u00e4ldsta krafter \u2013 det \u00e4r s\u00e5 solen v\u00e4rmer jorden \u00f6ver 150 miljoner kilometer tomt utrymme.&hellip;<\/p>\n","protected":false},"author":1,"featured_media":0,"parent":0,"menu_order":0,"comment_status":"closed","ping_status":"closed","template":"","meta":{"_acf_changed":false,"inline_featured_image":false,"_joinchat":[],"footnotes":""},"class_list":["post-26152","page","type-page","status-publish","hentry","entry","no-media"],"acf":[],"_links":{"self":[{"href":"https:\/\/opranic.com\/sv\/wp-json\/wp\/v2\/pages\/26152","targetHints":{"allow":["GET"]}}],"collection":[{"href":"https:\/\/opranic.com\/sv\/wp-json\/wp\/v2\/pages"}],"about":[{"href":"https:\/\/opranic.com\/sv\/wp-json\/wp\/v2\/types\/page"}],"author":[{"embeddable":true,"href":"https:\/\/opranic.com\/sv\/wp-json\/wp\/v2\/users\/1"}],"replies":[{"embeddable":true,"href":"https:\/\/opranic.com\/sv\/wp-json\/wp\/v2\/comments?post=26152"}],"version-history":[{"count":16,"href":"https:\/\/opranic.com\/sv\/wp-json\/wp\/v2\/pages\/26152\/revisions"}],"predecessor-version":[{"id":26348,"href":"https:\/\/opranic.com\/sv\/wp-json\/wp\/v2\/pages\/26152\/revisions\/26348"}],"wp:attachment":[{"href":"https:\/\/opranic.com\/sv\/wp-json\/wp\/v2\/media?parent=26152"}],"curies":[{"name":"wp","href":"https:\/\/api.w.org\/{rel}","templated":true}]}}