{"id":26560,"date":"2026-04-19T02:37:13","date_gmt":"2026-04-19T00:37:13","guid":{"rendered":"https:\/\/opranic.com\/guider\/"},"modified":"2026-04-20T15:09:17","modified_gmt":"2026-04-20T13:09:17","slug":"guider","status":"publish","type":"page","link":"https:\/\/opranic.com\/sv\/guider\/","title":{"rendered":"Guider"},"content":{"rendered":"<div class=\"wpb-content-wrapper\">[vc_row][vc_column][vc_column_text css=&#8221;.vc_custom_1776597393852{margin-bottom: 30px !important;}&#8221;]\n<section class=\"opr-guides-hero\"><img decoding=\"async\" class=\"opr-guides-hero__bg\" src=\"https:\/\/opranic.com\/wp-content\/uploads\/2026\/04\/2560x960-infravarme-guider-2.jpg\" alt=\"\"><\/p>\n<div class=\"opr-guides-hero__overlay\"><\/div>\n<div class=\"opr-guides-hero__text\">\n<p class=\"opr-guides-hero__overline\">Kunskap &amp; k\u00f6phj\u00e4lp<\/p>\n<h1 class=\"opr-guides-hero__title\">Opranic Guider<\/h1>\n<div class=\"opr-guides-hero__accent\"><\/div>\n<p class=\"opr-guides-hero__sub\">K\u00f6pguider, tester, teknik och j\u00e4mf\u00f6relser<\/p>\n<\/div>\n<\/section>\n[\/vc_column_text][vc_column_text css=&#8221;&#8221;]    <section class=\"opr-guides-section\">\r\n\r\n                    <p class=\"opr-section-label\">01 \u2014 K\u00f6pguider &amp; j\u00e4mf\u00f6relser<\/p>\r\n        \r\n                    <h2 class=\"opr-section-h2\">V\u00e4lj r\u00e4tt v\u00e4rmare<\/h2>\r\n            <div class=\"opr-section-accent\"><\/div>\r\n        \r\n                    <p class=\"opr-guides-section-desc\">Praktiska guider, tester och j\u00e4mf\u00f6relser som hj\u00e4lper dig att v\u00e4lja r\u00e4tt v\u00e4rmare f\u00f6r din milj\u00f6.<\/p>\r\n        \r\n        <div class=\"opr-guides-grid\">\r\n\r\n                    <a href=\"https:\/\/opranic.com\/sv\/infravarmare-utomhus\/\" class=\"opr-guides-card\">\r\n                <div class=\"opr-guides-card-media\"><img src=\"https:\/\/opranic.com\/wp-content\/uploads\/2026\/04\/2560x960-infravarmare-utomhus.jpg\" alt=\"Infrav\u00e4rmare utomhus\" loading=\"lazy\" decoding=\"async\" \/><\/div>\r\n                <div class=\"opr-guides-card-body\">\r\n                                            <span class=\"opr-guides-card-kicker\">K\u00f6pguide<\/span>\r\n                                        <h3 class=\"opr-guides-card-title\">Infrav\u00e4rmare utomhus<\/h3>\r\n                    <p class=\"opr-guides-card-desc\">Infrav\u00e4rmare utomhus: s\u00e5 v\u00e4ljer du r\u00e4tt modell f\u00f6r terrass, balkong eller uterum. Effektbehov, placering och tre testvinnare fr\u00e5n Opranic.<\/p>\r\n                    <span class=\"opr-guides-card-arrow\">Read more<\/span>\r\n                <\/div>\r\n            <\/a>\r\n                    <a href=\"https:\/\/opranic.com\/sv\/infravarmare-bast-i-test\/\" class=\"opr-guides-card\">\r\n                <div class=\"opr-guides-card-media\"><img width=\"970\" height=\"600\" src=\"https:\/\/opranic.com\/wp-content\/uploads\/2026\/04\/970x600_infravarmare-bast-i-test-2026.jpg\" class=\"attachment-opr_guides_card size-opr_guides_card wp-post-image\" alt=\"Infrav\u00e4rmare b\u00e4st i test 2026: D\u00e4rf\u00f6r levererar Opranic mest v\u00e4rme per watt\" loading=\"lazy\" decoding=\"async\" srcset=\"https:\/\/opranic.com\/wp-content\/uploads\/2026\/04\/970x600_infravarmare-bast-i-test-2026.jpg 970w, https:\/\/opranic.com\/wp-content\/uploads\/2026\/04\/970x600_infravarmare-bast-i-test-2026-300x186.jpg 300w, https:\/\/opranic.com\/wp-content\/uploads\/2026\/04\/970x600_infravarmare-bast-i-test-2026-768x475.jpg 768w\" sizes=\"auto, (max-width: 970px) 100vw, 970px\" \/><\/div>\r\n                <div class=\"opr-guides-card-body\">\r\n                                            <span class=\"opr-guides-card-kicker\">Test &amp; ranking<\/span>\r\n                                        <h3 class=\"opr-guides-card-title\">Infrav\u00e4rmare b\u00e4st i test 2026: D\u00e4rf\u00f6r levererar Opranic mest v\u00e4rme per watt<\/h3>\r\n                    <p class=\"opr-guides-card-desc\">Infrav\u00e4rmare b\u00e4st i test 2026: Opranic THOR S70 och PRO V70 ger mest v\u00e4rme per watt. IP65, 12 000 timmars livsl\u00e4ngd.<\/p>\r\n                    <span class=\"opr-guides-card-arrow\">Read more<\/span>\r\n                <\/div>\r\n            <\/a>\r\n                    <a href=\"https:\/\/opranic.com\/sv\/gasolvarmare-infravarmare\/\" class=\"opr-guides-card\">\r\n                <div class=\"opr-guides-card-media\"><img width=\"970\" height=\"600\" src=\"https:\/\/opranic.com\/wp-content\/uploads\/2026\/04\/970x600-gasol-vs-infravarmare-2.jpg\" class=\"attachment-opr_guides_card size-opr_guides_card wp-post-image\" alt=\"Gasolv\u00e4rmare eller infrav\u00e4rmare &#8211; vad \u00e4r b\u00e4st 2026\" loading=\"lazy\" decoding=\"async\" srcset=\"https:\/\/opranic.com\/wp-content\/uploads\/2026\/04\/970x600-gasol-vs-infravarmare-2.jpg 970w, https:\/\/opranic.com\/wp-content\/uploads\/2026\/04\/970x600-gasol-vs-infravarmare-2-300x186.jpg 300w, https:\/\/opranic.com\/wp-content\/uploads\/2026\/04\/970x600-gasol-vs-infravarmare-2-768x475.jpg 768w\" sizes=\"auto, (max-width: 970px) 100vw, 970px\" \/><\/div>\r\n                <div class=\"opr-guides-card-body\">\r\n                                            <span class=\"opr-guides-card-kicker\">J\u00e4mf\u00f6relse<\/span>\r\n                                        <h3 class=\"opr-guides-card-title\">Gasolv\u00e4rmare eller infrav\u00e4rmare &#8211; vad \u00e4r b\u00e4st 2026<\/h3>\r\n                    <p class=\"opr-guides-card-desc\">Gasolv\u00e4rmare eller infrav\u00e4rmare - vi j\u00e4mf\u00f6r verkliga kostnader, teknik och s\u00e4kerhet. Se varf\u00f6r allt fler v\u00e4ljer el framf\u00f6r gasol.<\/p>\r\n                    <span class=\"opr-guides-card-arrow\">Read more<\/span>\r\n                <\/div>\r\n            <\/a>\r\n        \r\n        <\/div>\r\n    <\/section>\r\n    [\/vc_column_text][vc_column_text css=&#8221;&#8221;]    <section class=\"opr-guides-section\">\r\n\r\n                    <p class=\"opr-section-label\">02 \u2014 Kunskap &amp; teknik<\/p>\r\n        \r\n                    <h2 class=\"opr-section-h2\">F\u00f6rst\u00e5 infrav\u00e4rme<\/h2>\r\n            <div class=\"opr-section-accent\"><\/div>\r\n        \r\n                    <p class=\"opr-guides-section-desc\">Fysiken, tekniken och varum\u00e4rket bakom. De djupg\u00e5ende referenssidorna som f\u00f6rklarar varf\u00f6r infrav\u00e4rme fungerar som den g\u00f6r.<\/p>\r\n        \r\n        <div class=\"opr-guides-grid\">\r\n\r\n                    <a href=\"https:\/\/opranic.com\/sv\/vad-ar-infravarme\/\" class=\"opr-guides-card opr-guides-card--pillar\">\r\n                <div class=\"opr-guides-card-media\"><img src=\"https:\/\/opranic.com\/wp-content\/uploads\/2026\/04\/2560x960_about-infrared-a.jpg\" alt=\"Vad \u00e4r Infrav\u00e4rme\" loading=\"lazy\" decoding=\"async\" \/><\/div>\r\n                <div class=\"opr-guides-card-body\">\r\n                                            <span class=\"opr-guides-card-kicker\">Grund<\/span>\r\n                                        <h3 class=\"opr-guides-card-title\">Vad \u00e4r Infrav\u00e4rme<\/h3>\r\n                    <p class=\"opr-guides-card-desc\">Infrav\u00e4rme \u00e4r elektromagnetisk str\u00e5lning som v\u00e4rmer direkt utan att v\u00e4rma luften. L\u00e4r dig hur det fungerar och hur Opranic anv\u00e4nder tekniken.<\/p>\r\n                    <span class=\"opr-guides-card-arrow\">Read more<\/span>\r\n                <\/div>\r\n            <\/a>\r\n                    <a href=\"https:\/\/opranic.com\/sv\/sa-fungerar-infravarme\/\" class=\"opr-guides-card opr-guides-card--pillar\">\r\n                <div class=\"opr-guides-card-media\"><img src=\"https:\/\/opranic.com\/wp-content\/uploads\/2026\/04\/2560x960-sa-fungerar-infravarme.jpg\" alt=\"S\u00e5 fungerar infrav\u00e4rme\" loading=\"lazy\" decoding=\"async\" \/><\/div>\r\n                <div class=\"opr-guides-card-body\">\r\n                                            <span class=\"opr-guides-card-kicker\">F\u00f6rdjupning<\/span>\r\n                                        <h3 class=\"opr-guides-card-title\">S\u00e5 fungerar infrav\u00e4rme<\/h3>\r\n                    <p class=\"opr-guides-card-desc\">S\u00e5 fungerar infrav\u00e4rme i detalj: v\u00e5gl\u00e4ngder, 2,4 mikrometer och varf\u00f6r v\u00e5gl\u00e4ngden avg\u00f6r komforten p\u00e5 en terrass. Djup teknisk guide fr\u00e5n Opranic.<\/p>\r\n                    <span class=\"opr-guides-card-arrow\">Read more<\/span>\r\n                <\/div>\r\n            <\/a>\r\n                    <a href=\"https:\/\/opranic.com\/sv\/varfor-opranic\/\" class=\"opr-guides-card opr-guides-card--pillar\">\r\n                <div class=\"opr-guides-card-media\"><img src=\"https:\/\/opranic.com\/wp-content\/uploads\/2026\/04\/2560x960-varfor-opranic.jpg\" alt=\"Varf\u00f6r Opranic\" loading=\"lazy\" decoding=\"async\" \/><\/div>\r\n                <div class=\"opr-guides-card-body\">\r\n                                            <span class=\"opr-guides-card-kicker\">Varum\u00e4rke &amp; teknik<\/span>\r\n                                        <h3 class=\"opr-guides-card-title\">Varf\u00f6r Opranic<\/h3>\r\n                    <p class=\"opr-guides-card-desc\">Opranic utvecklar och tillverkar egna infrav\u00e4rmare sedan 2015. L\u00e4r dig varf\u00f6r Opranic har en verkningsgrad p\u00e5 96 % med sin IR-X-teknik.<\/p>\r\n                    <span class=\"opr-guides-card-arrow\">Read more<\/span>\r\n                <\/div>\r\n            <\/a>\r\n        \r\n        <\/div>\r\n    <\/section>\r\n    [\/vc_column_text][\/vc_column][\/vc_row][vc_row max_width_custom=&#8221;1200&#8243;][vc_column]<div class=\"vcex-module vcex-divider vcex-divider-solid vcex-divider-center wpex-mx-auto wpex-block wpex-h-0 wpex-border-b wpex-border-solid wpex-border-main\" style=\"border-color:#ece8e0;\"><\/div><h2 class=\"vcex-heading vcex-heading-plain vcex-module wpex-heading wpex-text-2xl\"><span class=\"vcex-heading-inner wpex-inline-block\">\u00d6vriga Nyheter<\/span><\/h2><div class=\"vcex-spacing wpex-w-100 wpex-clear\" style=\"height:30px;\"><\/div><div class=\"vcex-module vcex-post-type-grid-wrap wpex-clr\"><div class=\"wpex-row vcex-post-type-grid entries wpex-clr\"><div class=\"vcex-post-type-entry vcex-grid-item wpex-clr col span_1_of_3 col-1 entry post-25551 type-post has-media cat-17 translation_priority-23\"><div class=\"vcex-post-type-entry-inner entry-inner wpex-first-mt-0 wpex-last-mb-0 wpex-clr\"><div class=\"vcex-post-type-entry-media entry-media wpex-relative\"><a href=\"https:\/\/opranic.com\/sv\/gasolvarmare-infravarmare\/\" title=\"Gasolv\u00e4rmare eller infrav\u00e4rmare &#8211; vad \u00e4r b\u00e4st 2026\"><img width=\"970\" height=\"600\" src=\"https:\/\/opranic.com\/wp-content\/uploads\/2026\/04\/970x600-gasol-vs-infravarmare-2.jpg\" class=\"vcex-blog-entry-img wpex-align-middle\" alt=\"gasolvarmare eller elektriska infravarmare - vad ar bast?\" decoding=\"async\" srcset=\"https:\/\/opranic.com\/wp-content\/uploads\/2026\/04\/970x600-gasol-vs-infravarmare-2.jpg 970w, https:\/\/opranic.com\/wp-content\/uploads\/2026\/04\/970x600-gasol-vs-infravarmare-2-300x186.jpg 300w, https:\/\/opranic.com\/wp-content\/uploads\/2026\/04\/970x600-gasol-vs-infravarmare-2-768x475.jpg 768w\" sizes=\"(max-width: 970px) 100vw, 970px\" \/><\/a><\/div><div class=\"vcex-post-type-entry-details entry-details wpex-bordered wpex-first-mt-0 wpex-last-mb-0 wpex-clr\"><h2 class=\"vcex-post-type-entry-title entry-title wpex-mb-5\"><a href=\"https:\/\/opranic.com\/sv\/gasolvarmare-infravarmare\/\">Gasolv\u00e4rmare eller infrav\u00e4rmare &#8211; vad \u00e4r b\u00e4st 2026<\/a><\/h2 ><div class=\"vcex-post-type-entry-date entry-date wpex-text-sm wpex-text-3 wpex-mb-5\">13 april 2026<\/div><div class=\"vcex-post-type-entry-excerpt entry-excerpt wpex-my-15 wpex-text-pretty wpex-last-mb-0 wpex-clr\"><p>Gasolv\u00e4rmare eller infrav\u00e4rmare - vad \u00e4r egentligen b\u00e4st f\u00f6r din uteplats eller uteservering? Den h\u00e4r artikeln ger dig riktiga kostnader,&hellip;<\/p><\/div><div class=\"vcex-post-type-entry-readmore-wrap entry-readmore-wrap wpex-my-15 wpex-clr\"><a href=\"https:\/\/opranic.com\/sv\/gasolvarmare-infravarmare\/\" class=\"entry-readmore theme-button\" aria-label=\"Read more about Gasolv\u00e4rmare eller infrav\u00e4rmare &#8211; vad \u00e4r b\u00e4st 2026\">Read more<\/a><\/div><\/div><\/div><\/div><div class=\"vcex-post-type-entry vcex-grid-item wpex-clr col span_1_of_3 col-2 entry post-25482 type-post has-media cat-17 post_tag-1111 post_tag-1109 post_tag-1110 translation_priority-23\"><div class=\"vcex-post-type-entry-inner entry-inner wpex-first-mt-0 wpex-last-mb-0 wpex-clr\"><div class=\"vcex-post-type-entry-media entry-media wpex-relative\"><a href=\"https:\/\/opranic.com\/sv\/infravarmare-bast-i-test\/\" title=\"Infrav\u00e4rmare b\u00e4st i test 2026: D\u00e4rf\u00f6r levererar Opranic mest v\u00e4rme per watt\"><img width=\"970\" height=\"600\" src=\"https:\/\/opranic.com\/wp-content\/uploads\/2026\/04\/970x600_infravarmare-bast-i-test-2026.jpg\" class=\"vcex-blog-entry-img wpex-align-middle\" alt=\"Infrav\u00e4rmare b\u00e4st i test 2026 \u2013 Opranic THOR S70 och PRO V70&quot;\" decoding=\"async\" srcset=\"https:\/\/opranic.com\/wp-content\/uploads\/2026\/04\/970x600_infravarmare-bast-i-test-2026.jpg 970w, https:\/\/opranic.com\/wp-content\/uploads\/2026\/04\/970x600_infravarmare-bast-i-test-2026-300x186.jpg 300w, https:\/\/opranic.com\/wp-content\/uploads\/2026\/04\/970x600_infravarmare-bast-i-test-2026-768x475.jpg 768w\" sizes=\"(max-width: 970px) 100vw, 970px\" \/><\/a><\/div><div class=\"vcex-post-type-entry-details entry-details wpex-bordered wpex-first-mt-0 wpex-last-mb-0 wpex-clr\"><h2 class=\"vcex-post-type-entry-title entry-title wpex-mb-5\"><a href=\"https:\/\/opranic.com\/sv\/infravarmare-bast-i-test\/\">Infrav\u00e4rmare b\u00e4st i test 2026: D\u00e4rf\u00f6r levererar Opranic mest v\u00e4rme per watt<\/a><\/h2 ><div class=\"vcex-post-type-entry-date entry-date wpex-text-sm wpex-text-3 wpex-mb-5\">12 april 2026<\/div><div class=\"vcex-post-type-entry-excerpt entry-excerpt wpex-my-15 wpex-text-pretty wpex-last-mb-0 wpex-clr\"><p>I v\u00e5r genomg\u00e5ng av infrav\u00e4rmare b\u00e4st i test 2026 utm\u00e4rker sig Opranic THOR S70, PRO V70 och NOVA V50 \u2013&hellip;<\/p><\/div><div class=\"vcex-post-type-entry-readmore-wrap entry-readmore-wrap wpex-my-15 wpex-clr\"><a href=\"https:\/\/opranic.com\/sv\/infravarmare-bast-i-test\/\" class=\"entry-readmore theme-button\" aria-label=\"Read more about Infrav\u00e4rmare b\u00e4st i test 2026: D\u00e4rf\u00f6r levererar Opranic mest v\u00e4rme per watt\">Read more<\/a><\/div><\/div><\/div><\/div><div class=\"vcex-post-type-entry vcex-grid-item wpex-clr col span_1_of_3 col-3 entry post-14257 type-post has-media cat-17 translation_priority-23\"><div class=\"vcex-post-type-entry-inner entry-inner wpex-first-mt-0 wpex-last-mb-0 wpex-clr\"><div class=\"vcex-post-type-entry-media entry-media wpex-relative\"><a href=\"https:\/\/opranic.com\/sv\/fordelar-med-infrarod-inomhusvarme-fran-opranic\/\" title=\"F\u00f6rdelar med infrar\u00f6d inomhusv\u00e4rme fr\u00e5n Opranic\"><img width=\"970\" height=\"600\" src=\"https:\/\/opranic.com\/wp-content\/uploads\/2024\/07\/970x600_indoor_heating.jpg\" class=\"vcex-blog-entry-img wpex-align-middle\" alt=\"Opranic Indoor Heating\" decoding=\"async\" srcset=\"https:\/\/opranic.com\/wp-content\/uploads\/2024\/07\/970x600_indoor_heating.jpg 970w, https:\/\/opranic.com\/wp-content\/uploads\/2024\/07\/970x600_indoor_heating-600x371.jpg 600w, https:\/\/opranic.com\/wp-content\/uploads\/2024\/07\/970x600_indoor_heating-300x186.jpg 300w, https:\/\/opranic.com\/wp-content\/uploads\/2024\/07\/970x600_indoor_heating-768x475.jpg 768w\" sizes=\"(max-width: 970px) 100vw, 970px\" \/><\/a><\/div><div class=\"vcex-post-type-entry-details entry-details wpex-bordered wpex-first-mt-0 wpex-last-mb-0 wpex-clr\"><h2 class=\"vcex-post-type-entry-title entry-title wpex-mb-5\"><a href=\"https:\/\/opranic.com\/sv\/fordelar-med-infrarod-inomhusvarme-fran-opranic\/\">F\u00f6rdelar med infrar\u00f6d inomhusv\u00e4rme fr\u00e5n Opranic<\/a><\/h2 ><div class=\"vcex-post-type-entry-date entry-date wpex-text-sm wpex-text-3 wpex-mb-5\">21 augusti 2024<\/div><div class=\"vcex-post-type-entry-excerpt entry-excerpt wpex-my-15 wpex-text-pretty wpex-last-mb-0 wpex-clr\"><p>Effektiv infrar\u00f6d inomhusv\u00e4rme ger en \u00f6verl\u00e4gsen metod f\u00f6r uppv\u00e4rmning. Ist\u00e4llet f\u00f6r att sl\u00f6sa energi p\u00e5 att v\u00e4rma upp luften som&hellip;<\/p><\/div><div class=\"vcex-post-type-entry-readmore-wrap entry-readmore-wrap wpex-my-15 wpex-clr\"><a href=\"https:\/\/opranic.com\/sv\/fordelar-med-infrarod-inomhusvarme-fran-opranic\/\" class=\"entry-readmore theme-button\" aria-label=\"Read more about F\u00f6rdelar med infrar\u00f6d inomhusv\u00e4rme fr\u00e5n Opranic\">Read more<\/a><\/div><\/div><\/div><\/div><\/div><div class=\"vcex-loadmore wpex-clear wpex-text-center wpex-mt-10\"><a href=\"#\" class=\"vcex-loadmore-button theme-button\" data-infinite-scroll=\"0\" data-text=\"Load More\" data-loading-text=\"Loading...\" data-failed-text=\"Failed to load posts.\" data-page=\"1\" data-max-pages=\"5\" data-shortcode-tag=\"vcex_post_type_grid\" data-shortcode-params=\"{&quot;entry_count&quot;:0,&quot;img_size&quot;:&quot;wpex_custom&quot;,&quot;pagination_loadmore&quot;:&quot;true&quot;,&quot;posts_per_page&quot;:&quot;3&quot;,&quot;tax_query&quot;:&quot;true&quot;,&quot;tax_query_taxonomy&quot;:&quot;category&quot;,&quot;nonce&quot;:&quot;ff4a06856c&quot;}\"><span class=\"vcex-txt\">Load More<\/span><\/a><div class=\"vcex-loadmore-spinner vcex-spinner wpex-hidden\"><svg height=\"20\" width=\"20\" class=\"wpex-animate-spin wpex-opacity-5\" xmlns=\"http:\/\/www.w3.org\/2000\/svg\" viewBox=\"0 0 16 16\" fill=\"currentColor\"><path fill-rule=\"evenodd\" d=\"M8 3a5 5 0 1 0 4.546 2.914.5.5 0 0 1 .908-.417A6 6 0 1 1 8 2z\"\/><path d=\"M8 4.466V.534a.25.25 0 0 1 .41-.192l2.36 1.966c.12.1.12.284 0 .384L8.41 4.658A.25.25 0 0 1 8 4.466\"\/><\/svg><\/div><\/div><\/div>[\/vc_column][\/vc_row]\n<\/div>","protected":false},"excerpt":{"rendered":"<p>[vc_row][vc_column][vc_column_text css=&#8221;.vc_custom_1776597393852{margin-bottom: 30px !important;}&#8221;] Kunskap &amp; k\u00f6phj\u00e4lp Opranic Guider K\u00f6pguider, tester, teknik och j\u00e4mf\u00f6relser [\/vc_column_text][vc_column_text css=&#8221;&#8221;][\/vc_column_text][vc_column_text css=&#8221;&#8221;][\/vc_column_text][\/vc_column][\/vc_row][vc_row max_width_custom=&#8221;1200&#8243;][vc_column][\/vc_column][\/vc_row]<\/p>\n","protected":false},"author":1,"featured_media":0,"parent":0,"menu_order":0,"comment_status":"closed","ping_status":"closed","template":"","meta":{"_acf_changed":false,"inline_featured_image":false,"_joinchat":[],"footnotes":""},"class_list":["post-26560","page","type-page","status-publish","hentry","entry","has-media"],"acf":[],"_links":{"self":[{"href":"https:\/\/opranic.com\/sv\/wp-json\/wp\/v2\/pages\/26560","targetHints":{"allow":["GET"]}}],"collection":[{"href":"https:\/\/opranic.com\/sv\/wp-json\/wp\/v2\/pages"}],"about":[{"href":"https:\/\/opranic.com\/sv\/wp-json\/wp\/v2\/types\/page"}],"author":[{"embeddable":true,"href":"https:\/\/opranic.com\/sv\/wp-json\/wp\/v2\/users\/1"}],"replies":[{"embeddable":true,"href":"https:\/\/opranic.com\/sv\/wp-json\/wp\/v2\/comments?post=26560"}],"version-history":[{"count":22,"href":"https:\/\/opranic.com\/sv\/wp-json\/wp\/v2\/pages\/26560\/revisions"}],"predecessor-version":[{"id":26722,"href":"https:\/\/opranic.com\/sv\/wp-json\/wp\/v2\/pages\/26560\/revisions\/26722"}],"wp:attachment":[{"href":"https:\/\/opranic.com\/sv\/wp-json\/wp\/v2\/media?parent=26560"}],"curies":[{"name":"wp","href":"https:\/\/api.w.org\/{rel}","templated":true}]}}