{"id":7420,"date":"2023-08-03T17:02:36","date_gmt":"2023-08-03T15:02:36","guid":{"rendered":"https:\/\/opranic.com\/integritetspolicy\/"},"modified":"2025-10-30T00:25:42","modified_gmt":"2025-10-29T23:25:42","slug":"integritetspolicy","status":"publish","type":"page","link":"https:\/\/opranic.com\/sv\/integritetspolicy\/","title":{"rendered":"Integritetspolicy"},"content":{"rendered":"<div class=\"wpb-content-wrapper\">[vc_row][vc_column width=&#8221;1\/4&#8243;]<h2 class=\"vcex-heading vcex-heading-plain vcex-module wpex-heading wpex-text-2xl\"><span class=\"vcex-heading-inner wpex-inline-block\">VILLKOR OCH BEST\u00c4MMELSER<\/span><\/h2><div class=\"vcex-spacing wpex-w-100 wpex-clear\"><\/div><style>.vcex-navbar.vcex_69f24fe9bb32a a.vcex-navbar-link{color:#ffffff;background:#ee9305;text-transform:uppercase;}.vcex-navbar.vcex_69f24fe9bb32a a.vcex-navbar-link:is(:hover,.active){color:#ffffff;background:#d6d6d6;}.vcex-navbar.vcex_69f24fe9bb32a a.vcex-navbar-link:is(:active,.active){color:#ffffff;background:#262626;}<\/style><nav class=\"vcex-navbar vcex-navbar--expanded vcex-module vcex_69f24fe9bb32a\"><div class=\"vcex-navbar-inner wpex-clr\"><a href=\"https:\/\/opranic.com\/general-terms-and-conditions\/\" class=\"vcex-navbar-link vcex-navbar-link--5959 wpex-block wpex-float-left wpex-mb-5 theme-button minimal-border expanded has-bg-hover\"><span class=\"vcex-navbar-link-text\">Terms and conditions<\/span><\/a><a href=\"https:\/\/opranic.com\/privacy-policy\/\" class=\"vcex-navbar-link vcex-navbar-link--5964 wpex-block wpex-float-left wpex-mb-5 theme-button minimal-border expanded has-bg-hover\"><span class=\"vcex-navbar-link-text\">Privacy Policy<\/span><\/a><a href=\"https:\/\/opranic.com\/return-policy\/\" class=\"vcex-navbar-link vcex-navbar-link--6068 wpex-block wpex-float-left wpex-mb-5 theme-button minimal-border expanded has-bg-hover\"><span class=\"vcex-navbar-link-text\">Return Policy<\/span><\/a><a href=\"https:\/\/opranic.com\/imprint\/\" class=\"vcex-navbar-link vcex-navbar-link--6057 wpex-block wpex-float-left wpex-mb-5 theme-button minimal-border expanded has-bg-hover\"><span class=\"vcex-navbar-link-text\">imprint<\/span><\/a><\/div><\/nav>[\/vc_column][vc_column width=&#8221;3\/4&#8243;]<h2 class=\"vcex-heading vcex-heading-plain vcex-module wpex-heading wpex-text-2xl\"><span class=\"vcex-heading-inner wpex-inline-block\">SEKRETESSPOLICY<\/span><\/h2>[vc_column_text css=&#8221;&#8221;]\n<div class=\"vc_row wpb_row vc_row-fluid\">\n<div class=\"wpb_column vc_column_container vc_col-sm-12\">\n<div class=\"vc_column-inner\">\n<div class=\"wpb_wrapper\">\n<h1>Integritetspolicy<\/h1>\n<div class=\"toc\">\n<h2>Inneh\u00e5llsf\u00f6rteckning<\/h2>\n<ol>\n<li><a href=\"#introduction\"><a href=\"#introduction\">Introduktion och kontaktuppgifter till den personuppgiftsansvarige<\/a><\/a><\/li>\n<li><a href=\"#data-collection\"><a href=\"#data-collection\">Datainsamling vid bes\u00f6k p\u00e5 v\u00e5r webbplats<\/a><\/a><\/li>\n<li><a href=\"#cookies\"><a href=\"#cookies\">Kakor<\/a><\/a><\/li>\n<li><a href=\"#contact\"><a href=\"#contact\">Kontakta oss<\/a><\/a><\/li>\n<li><a href=\"#customer-account\"><a href=\"#customer-account\">Behandling av personuppgifter vid \u00f6ppnande av kundkonto<\/a><\/a><\/li>\n<li><a href=\"#direct-marketing\"><a href=\"#direct-marketing\">Anv\u00e4ndning av kunddata f\u00f6r direktmarknadsf\u00f6ring<\/a><\/a><\/li>\n<li><a href=\"#order-processing\"><a href=\"#order-processing\">Databehandling f\u00f6r orderhantering<\/a><\/a><\/li>\n<li><a href=\"#site-functionalities\"><a href=\"#site-functionalities\">Funktionalitet p\u00e5 webbplatsen<\/a><\/a><\/li>\n<li><a href=\"#tools\"><a href=\"#tools\">Verktyg och \u00f6vrigt<\/a><\/a><\/li>\n<li><a href=\"#rights\"><a href=\"#rights\">Den registrerades r\u00e4ttigheter<\/a><\/a><\/li>\n<li><a href=\"#storage-duration\"><a href=\"#storage-duration\">Varaktighet f\u00f6r lagring av personuppgifter<\/a><\/a><\/li>\n<\/ol>\n<\/div>\n<div id=\"introduction\" class=\"section\">\n<h2><\/h2>\n<h2>1) Introduktion och kontaktuppgifter till den personuppgiftsansvarige<\/h2>\n<p>  1.1 Vi \u00e4r glada \u00f6ver att du bes\u00f6ker v\u00e5r webbplats och tackar f\u00f6r ditt intresse. Denna policy informerar dig om hur vi hanterar dina personuppgifter n\u00e4r du anv\u00e4nder v\u00e5r webbplats. Personuppgifter \u00e4r alla uppgifter som g\u00f6r det m\u00f6jligt att identifiera dig personligen. 1.2 Personuppgiftsansvarig f\u00f6r behandlingen av personuppgifter p\u00e5 denna webbplats \u00e4r Opranic AB Box 2548 116 74 Stockholm Sverige Tel: +46855920360 E-post: kontakt@opranic.se.  <\/p><\/div>\n<p>&nbsp;<\/p>\n<div id=\"data-collection\" class=\"section\">\n<h2>2) Datainsamling vid bes\u00f6k p\u00e5 v\u00e5r webbplats<\/h2>\n<p>  Om du endast anv\u00e4nder v\u00e5r webbplats i informationssyfte samlar vi endast in data som din webbl\u00e4sare \u00f6verf\u00f6r till webbplatsens server (serverloggfiler).<br \/>\nDessa data inkluderar:   <\/p>\n<ul>\n<li>Bes\u00f6kte webbplats<\/li>\n<li>Datum och tid f\u00f6r \u00e5tkomst<\/li>\n<li>M\u00e4ngd data som skickas<\/li>\n<li>K\u00e4lla\/l\u00e4nk som du kom ifr\u00e5n<\/li>\n<li>Webbl\u00e4sare som anv\u00e4nds<\/li>\n<li>Operativsystem som anv\u00e4nds<\/li>\n<li>IP-adress (i anonymiserad form)<\/li>\n<\/ul>\n<p>  Behandlingen sker p\u00e5 grundval av v\u00e5rt ber\u00e4ttigade intresse av att f\u00f6rb\u00e4ttra stabiliteten och funktionaliteten p\u00e5 v\u00e5r webbplats.<br \/>\nUppgifterna kommer inte att vidarebefordras eller anv\u00e4ndas p\u00e5 n\u00e5got annat s\u00e4tt om det inte kr\u00e4vs enligt lag.   <\/p><\/div>\n<p>&nbsp;<\/p>\n<div id=\"cookies\" class=\"section\">\n<h2>3) Kakor<\/h2>\n<p>  Vi anv\u00e4nder cookies f\u00f6r att g\u00f6ra v\u00e5r webbplats mer attraktiv och f\u00f6r att g\u00f6ra det m\u00f6jligt att anv\u00e4nda vissa funktioner.<br \/>\nDu kan st\u00e4lla in din webbl\u00e4sare s\u00e5 att den informerar dig om att cookies anv\u00e4nds och du kan sj\u00e4lv best\u00e4mma om du vill acceptera dem.<br \/>\nObservera att om cookies inte accepteras kan funktionaliteten p\u00e5 v\u00e5r webbplats vara begr\u00e4nsad.    <\/p><\/div>\n<p>&nbsp;<\/p>\n<div id=\"contact\" class=\"section\">\n<h2>4) Kontakta oss<\/h2>\n<h3>4.1 WhatsApp Business<\/h3>\n<p>  Vi erbjuder bes\u00f6kare m\u00f6jlighet att kontakta oss via WhatsApp.<br \/>\nOm du kontaktar oss via WhatsApp kommer vi att lagra och anv\u00e4nda ditt mobilnummer och all annan information du tillhandah\u00e5ller f\u00f6r att svara p\u00e5 din beg\u00e4ran.<br \/>\nDina uppgifter kommer uteslutande att anv\u00e4ndas f\u00f6r detta \u00e4ndam\u00e5l och kommer inte att delas med tredje part.<br \/>\nF\u00f6r mer information, se WhatsApps integritetspolicy.     &nbsp;<\/p>\n<h3>4.2 Kontaktformul\u00e4r och e-post<\/h3>\n<p>  N\u00e4r du kontaktar oss via kontaktformul\u00e4r eller e-post kommer dina personuppgifter endast att behandlas f\u00f6r att besvara din f\u00f6rfr\u00e5gan.<br \/>\nDen r\u00e4ttsliga grunden f\u00f6r denna behandling \u00e4r v\u00e5rt ber\u00e4ttigade intresse av att besvara din beg\u00e4ran.<br \/>\nOm din kontakt syftar till att ing\u00e5 ett avtal \u00e4r den ytterligare r\u00e4ttsliga grunden f\u00f6r behandlingen fullg\u00f6randet av det avtalet.    <\/p><\/div>\n<p>&nbsp;<\/p>\n<div id=\"customer-account\" class=\"section\">\n<h2>5) Behandling av uppgifter vid \u00f6ppnande av kundkonto<\/h2>\n<p>  Personuppgifter kommer att samlas in och behandlas n\u00e4r du \u00f6ppnar ett kundkonto.<br \/>\nDessa uppgifter \u00e4r n\u00f6dv\u00e4ndiga f\u00f6r att fullg\u00f6ra avtalet.<br \/>\nDu kan n\u00e4r som helst ta bort ditt kundkonto genom att kontakta oss.    <\/p><\/div>\n<p>&nbsp;<\/p>\n<div id=\"direct-marketing\" class=\"section\">\n<h2>6) Anv\u00e4ndning av kunddata f\u00f6r direktmarknadsf\u00f6ring<\/h2>\n<h3>6.1 Prenumerera p\u00e5 v\u00e5rt nyhetsbrev via e-post<\/h3>\n<p>  Om du prenumererar p\u00e5 v\u00e5rt nyhetsbrev via e-post kommer vi att skicka information om v\u00e5ra erbjudanden till dig.<br \/>\nDu kan n\u00e4r som helst avregistrera dig via en l\u00e4nk i nyhetsbrevet.<br \/>\nVi anv\u00e4nder double opt-in-f\u00f6rfarandet f\u00f6r att verifiera din prenumeration.    &nbsp;<\/p>\n<h3>6.2 Skicka e-postnyhetsbrevet till befintliga kunder<\/h3>\n<p>  Om du har l\u00e4mnat din e-postadress till oss n\u00e4r du k\u00f6per varor eller tj\u00e4nster kan vi skicka information om liknande varor eller tj\u00e4nster till dig.<br \/>\nDu kan n\u00e4r som helst v\u00e4lja att inte ta emot dessa e-postmeddelanden.   &nbsp;<\/p>\n<h3>6.3 MailChimp<\/h3>\n<p>  V\u00e5ra nyhetsbrev via e-post skickas via MailChimp.<br \/>\nF\u00f6r mer information h\u00e4nvisas till MailChimps integritetspolicy.   <\/p><\/div>\n<p>&nbsp;<\/p>\n<div id=\"order-processing\" class=\"section\">\n<h2>7) Databehandling f\u00f6r orderhantering<\/h2>\n<p>  F\u00f6r orderhantering delar vi dina uppgifter med transportf\u00f6retag och betaltj\u00e4nstleverant\u00f6rer som Stripe.<br \/>\nDina uppgifter kommer endast att anv\u00e4ndas f\u00f6r att behandla din best\u00e4llning.<br \/>\nF\u00f6r mer information h\u00e4nvisas till Stripes integritetspolicy.    <\/p><\/div>\n<p>&nbsp;<\/p>\n<div id=\"site-functionalities\" class=\"section\">\n<h2>8) Funktionalitet p\u00e5 webbplatsen<\/h2>\n<h3>8.1 Google Maps<\/h3>\n<p>  Vi anv\u00e4nder Google Maps f\u00f6r att visa v\u00e5r plats och hj\u00e4lpa till med v\u00e4gbeskrivningar.<br \/>\nF\u00f6r mer information, se Googles integritetspolicy.   &nbsp;<\/p>\n<h3>8.2 Google reCAPTCHA<\/h3>\n<p>  Vi anv\u00e4nder Google reCAPTCHA f\u00f6r att verifiera att data som matas in p\u00e5 v\u00e5r webbplats kommer fr\u00e5n en m\u00e4nniska.<br \/>\nF\u00f6r mer information, se Googles integritetspolicy.   <\/p><\/div>\n<p>&nbsp;<\/p>\n<div id=\"tools\" class=\"section\">\n<h2>9) Verktyg och \u00f6vrigt<\/h2>\n<p>  Vi anv\u00e4nder ett verktyg f\u00f6r samtycke till cookies f\u00f6r att f\u00e5 ditt samtycke till cookies som kr\u00e4ver det.<br \/>\nDetta s\u00e4kerst\u00e4ller att cookies endast s\u00e4tts om du samtycker till det.   <\/p><\/div>\n<p>&nbsp;<\/p>\n<div id=\"rights\" class=\"section\">\n<h2>10) Den registrerades r\u00e4ttigheter<\/h2>\n<p>  Du har r\u00e4tt till:  <\/p>\n<ul>\n<li>F\u00e5 tillg\u00e5ng till dina personuppgifter.<\/li>\n<li>Korrigera felaktiga uppgifter.<\/li>\n<li>Beg\u00e4ra radering av dina uppgifter.<\/li>\n<li>Begr\u00e4nsa eller inv\u00e4nda mot behandlingen av dina uppgifter.<\/li>\n<li>Dataportabilitet.<\/li>\n<li>\u00c5terkalla samtycke n\u00e4r som helst.<\/li>\n<\/ul>\n<p>  F\u00f6r att ut\u00f6va dessa r\u00e4ttigheter, v\u00e4nligen kontakta oss p\u00e5 den adress som anges i denna policy.  <\/p><\/div>\n<p>&nbsp;<\/p>\n<div id=\"storage-duration\" class=\"section\">\n<h2>11) Varaktighet f\u00f6r lagring av personuppgifter<\/h2>\n<p>  Hur l\u00e4nge personuppgifterna ska lagras best\u00e4ms av den r\u00e4ttsliga grunden f\u00f6r behandlingen och syftet med behandlingen.<br \/>\nUppgifterna kommer att raderas n\u00e4r de inte l\u00e4ngre \u00e4r n\u00f6dv\u00e4ndiga f\u00f6r de \u00e4ndam\u00e5l f\u00f6r vilka de samlades in.   <\/p><\/div>\n<\/div>\n<\/div>\n<\/div>\n<\/div>\n[\/vc_column_text][\/vc_column][\/vc_row]\n<\/div>","protected":false},"excerpt":{"rendered":"<p>[vc_row][vc_column width=&#8221;1\/4&#8243;][\/vc_column][vc_column width=&#8221;3\/4&#8243;][vc_column_text css=&#8221;&#8221;] Integritetspolicy Inneh\u00e5llsf\u00f6rteckning Introduktion och kontaktuppgifter till den personuppgiftsansvarige Datainsamling vid bes\u00f6k p\u00e5 v\u00e5r webbplats Kakor Kontakta oss Behandling av personuppgifter vid \u00f6ppnande av kundkonto Anv\u00e4ndning av kunddata f\u00f6r direktmarknadsf\u00f6ring Databehandling f\u00f6r orderhantering Funktionalitet p\u00e5 webbplatsen Verktyg och \u00f6vrigt Den registrerades r\u00e4ttigheter Varaktighet f\u00f6r lagring av personuppgifter 1) Introduktion och kontaktuppgifter till&hellip;<\/p>\n","protected":false},"author":1,"featured_media":0,"parent":0,"menu_order":0,"comment_status":"closed","ping_status":"closed","template":"","meta":{"_acf_changed":false,"inline_featured_image":false,"_joinchat":[],"footnotes":""},"class_list":["post-7420","page","type-page","status-publish","hentry","entry","no-media"],"acf":[],"_links":{"self":[{"href":"https:\/\/opranic.com\/sv\/wp-json\/wp\/v2\/pages\/7420","targetHints":{"allow":["GET"]}}],"collection":[{"href":"https:\/\/opranic.com\/sv\/wp-json\/wp\/v2\/pages"}],"about":[{"href":"https:\/\/opranic.com\/sv\/wp-json\/wp\/v2\/types\/page"}],"author":[{"embeddable":true,"href":"https:\/\/opranic.com\/sv\/wp-json\/wp\/v2\/users\/1"}],"replies":[{"embeddable":true,"href":"https:\/\/opranic.com\/sv\/wp-json\/wp\/v2\/comments?post=7420"}],"version-history":[{"count":0,"href":"https:\/\/opranic.com\/sv\/wp-json\/wp\/v2\/pages\/7420\/revisions"}],"wp:attachment":[{"href":"https:\/\/opranic.com\/sv\/wp-json\/wp\/v2\/media?parent=7420"}],"curies":[{"name":"wp","href":"https:\/\/api.w.org\/{rel}","templated":true}]}}