{"id":8043,"date":"2023-09-23T21:57:30","date_gmt":"2023-09-23T19:57:30","guid":{"rendered":"https:\/\/opranic.com\/teori-for-infrarod-uppvarmning\/"},"modified":"2024-07-17T12:00:35","modified_gmt":"2024-07-17T10:00:35","slug":"teori-for-infrarod-uppvarmning","status":"publish","type":"page","link":"https:\/\/opranic.com\/sv\/teori-for-infrarod-uppvarmning\/","title":{"rendered":"Teori f\u00f6r infrar\u00f6d uppv\u00e4rmning"},"content":{"rendered":"<div class=\"wpb-content-wrapper\">[vc_row][vc_column]<figure class=\"vcex-image vcex-module\"><div class=\"vcex-image-inner wpex-relative wpex-inline-block\"><img width=\"1500\" height=\"550\" src=\"https:\/\/opranic.com\/wp-content\/uploads\/2023\/09\/1500x550_theory-of-infrared-heat-opranic.jpg\" class=\"vcex-image-img wpex-align-middle\" alt=\"Opranisk teori om infrar\u00f6d v\u00e4rme\" decoding=\"async\" srcset=\"https:\/\/opranic.com\/wp-content\/uploads\/2023\/09\/1500x550_theory-of-infrared-heat-opranic.jpg 1500w, https:\/\/opranic.com\/wp-content\/uploads\/2023\/09\/1500x550_theory-of-infrared-heat-opranic-300x110.jpg 300w, https:\/\/opranic.com\/wp-content\/uploads\/2023\/09\/1500x550_theory-of-infrared-heat-opranic-1024x375.jpg 1024w, https:\/\/opranic.com\/wp-content\/uploads\/2023\/09\/1500x550_theory-of-infrared-heat-opranic-768x282.jpg 768w\" sizes=\"(max-width: 1500px) 100vw, 1500px\" \/><\/div><\/figure>[\/vc_column][\/vc_row][vc_row][vc_column width=&#8221;1\/5&#8243;]<style>.vcex-navbar.vcex_69fac4705b1bf a.vcex-navbar-link{color:#ffffff;background:#ee9305;text-transform:uppercase;}.vcex-navbar.vcex_69fac4705b1bf a.vcex-navbar-link:is(:hover,.active){color:#ffffff;background:#d6d6d6;}.vcex-navbar.vcex_69fac4705b1bf a.vcex-navbar-link:is(:active,.active){color:#ffffff;background:#262626;}<\/style><nav class=\"vcex-navbar vcex-navbar--expanded vcex-module vcex_69fac4705b1bf\"><div class=\"vcex-navbar-inner wpex-clr\"><a href=\"https:\/\/opranic.com\/faq-infrared-heating\/\" class=\"vcex-navbar-link vcex-navbar-link--8079 wpex-block wpex-float-left wpex-mb-5 theme-button minimal-border expanded has-bg-hover\"><span class=\"vcex-navbar-link-text\">Vanliga fr\u00e5gor Infrar\u00f6d uppv\u00e4rmning<\/span><\/a><a href=\"https:\/\/opranic.com\/faq-indoor-infrared-heating\/\" class=\"vcex-navbar-link vcex-navbar-link--13508 wpex-block wpex-float-left wpex-mb-5 theme-button minimal-border expanded has-bg-hover\"><span class=\"vcex-navbar-link-text\">FAQ Infrar\u00f6d uppv\u00e4rmning inomhus<\/span><\/a><a href=\"https:\/\/opranic.com\/faq-outdoor-infrared-heating\/\" class=\"vcex-navbar-link vcex-navbar-link--13520 wpex-block wpex-float-left wpex-mb-5 theme-button minimal-border expanded has-bg-hover\"><span class=\"vcex-navbar-link-text\">FAQ Infrav\u00e4rme f\u00f6r utomhusbruk<\/span><\/a><\/div><\/nav>[\/vc_column][vc_column width=&#8221;4\/5&#8243;]<style>.vcex-heading.vcex_69fac4705e0f7{font-size:32px;text-transform:uppercase;}<\/style><h1 class=\"vcex-heading vcex-heading-plain vcex-module wpex-heading wpex-text-2xl vcex_69fac4705e0f7\"><span class=\"vcex-heading-inner wpex-inline-block\">TEORI OM INFRAR\u00d6D UPPV\u00c4RMNING<\/span><\/h1><div class=\"vcex-spacing wpex-w-100 wpex-clear\" style=\"height:15px;\"><\/div>[vc_column_text]Teorin bakom infrar\u00f6d uppv\u00e4rmning bygger p\u00e5 principen om v\u00e4rmestr\u00e5lning, vilket \u00e5terspeglar hur solen avger infrar\u00f6da str\u00e5lar. Dessa str\u00e5lar, som f\u00e4rdas en imponerande str\u00e4cka p\u00e5 cirka 150 miljoner kilometer genom den enorma, kalla rymden, n\u00e5r jordytan. N\u00e4r de anl\u00e4nder absorberas de av olika f\u00f6rem\u00e5l och omvandlas till v\u00e4rme.<\/p>\n<h2>\u00d6VERSIKT \u00d6VER VERKSAMHETEN<\/h2>\n<p>Innan vi g\u00e5r in p\u00e5 djupet kommer h\u00e4r en kortfattad \u00f6versikt \u00f6ver det efterf\u00f6ljande inneh\u00e5llet.<\/p>\n<h2>MELLANV\u00c5G OCH L\u00c5NGV\u00c5G: DE OPTIMALA V\u00c5GL\u00c4NGDERNA<\/h2>\n<p>B\u00e5de mellanv\u00e5giga och l\u00e5ngv\u00e5giga infrar\u00f6da v\u00e5gl\u00e4ngder har utm\u00e4rkta egenskaper, inklusive h\u00f6g absorption och minimal reflektion. Framf\u00f6r allt tr\u00e4nger deras str\u00e5lning inte djupt in i huden, vilket g\u00f6r dem idealiska f\u00f6r komfortuppv\u00e4rmning. Dessa v\u00e5gl\u00e4ngder \u00e4r, s\u00e4rskilt j\u00e4mf\u00f6rt med kortv\u00e5gstekniken, betydligt mer effektiva. Egenskaperna hos mellanv\u00e5g och l\u00e5ngv\u00e5g g\u00f6r dem till det \u00f6verl\u00e4gsna valet f\u00f6r komfortstr\u00e5lningsv\u00e4rme.<\/p>\n<h2>INTENSITETEN HOS KORTV\u00c5G<\/h2>\n<p>Kortv\u00e5giga infrar\u00f6da v\u00e4rmare arbetar med extremt h\u00f6ga temperaturer och producerar intensiv v\u00e4rme. \u00c4ven om v\u00e4rmen fr\u00e5n en kortv\u00e5gig infrar\u00f6d v\u00e4rmare kan k\u00e4nnas varmare p\u00e5 2-3 meters avst\u00e5nd, reflekteras den mesta v\u00e4rmen och absorberas inte av m\u00e4nniskan. Det \u00e4r viktigt att notera att &#8221;varmare&#8221; inte n\u00f6dv\u00e4ndigtvis betyder &#8221;bekv\u00e4mare&#8221; eller &#8221;effektivare&#8221;. Mycket av energin fr\u00e5n kortv\u00e5giga v\u00e4rmare g\u00e5r f\u00f6rlorad p\u00e5 grund av stark ljusemission, reflektion och l\u00e5g absorption. Vid bl\u00e5siga f\u00f6rh\u00e5llanden kan dock kortv\u00e5giga infrar\u00f6da v\u00e4rmare vara att f\u00f6redra eftersom de kan motverka de kylande effekterna av byiga vindar mer effektivt \u00e4n sina l\u00e5ngv\u00e5giga eller medelv\u00e5giga motsvarigheter.<\/p>\n<h2>OPRANICS INNOVATIVA TEKNIK<\/h2>\n<p>Opranic erbjuder ett brett sortiment av infrar\u00f6da v\u00e4rmare som \u00e4r anpassade f\u00f6r olika behov och till\u00e4mpningar. F\u00f6r komfortuppv\u00e4rmning utomhus f\u00f6resl\u00e5r vi v\u00e5r egenutvecklade mellanv\u00e5gsteknik (antingen Classic eller IR-X), som har en v\u00e5gl\u00e4ngd p\u00e5 2,4 \u03bcm. Denna teknik avger ett milt sken och uppfyller kriterierna f\u00f6r en h\u00f6gkvalitativ infrar\u00f6d v\u00e4rmare avsedd f\u00f6r m\u00e4nsklig uppv\u00e4rmning. F\u00f6r utrymmen med minimal luftv\u00e4xling, t.ex. inomhus eller slutna rum, rekommenderar vi v\u00e5r l\u00e5ngv\u00e5giga str\u00e5lning (IR-C). \u00c4ven om l\u00e5ngv\u00e5gig str\u00e5lning \u00e4r l\u00e4mplig f\u00f6r komfortuppv\u00e4rmning, minskar dess v\u00e4rmeintensitet n\u00e5got p\u00e5 grund av dess l\u00e4gre temperatur, vilket g\u00f6r den mindre effektiv mot luftstr\u00f6mmarnas kylande effekt.<\/p>\n<p>F\u00f6r ytterligare v\u00e4gledning eller f\u00f6rfr\u00e5gningar, v\u00e4nligen kontakta oss![\/vc_column_text][\/vc_column][\/vc_row][vc_row css=&#8221;.vc_custom_1695500848702{background-color: #f2f2f2 !important;}&#8221;][vc_column][vc_column_text css=&#8221;&#8221;]\n<h2>OPRANIC&#8217;s guide till teorin om infrar\u00f6d uppv\u00e4rmning: Principer och f\u00f6rdelar<\/h2>\n<h2>De tre s\u00e4tten att v\u00e4rma<\/h2>\n<p>V\u00e4rme kan \u00f6verf\u00f6ras mellan f\u00f6rem\u00e5l p\u00e5 tre huvudsakliga s\u00e4tt: ledning, konvektion och str\u00e5lning.<\/p>\n<p>Konduktion inneb\u00e4r direkt \u00f6verf\u00f6ring av v\u00e4rmeenergi mellan tv\u00e5 material som \u00e4r i kontakt med varandra. Denna process syftar till att utj\u00e4mna temperaturskillnader mellan de tv\u00e5 materialen. Konvektion \u00e4r den v\u00e4rme\u00f6verf\u00f6ring som uppst\u00e5r till f\u00f6ljd av temperaturvariationer i en v\u00e4tska, t.ex. en v\u00e4tska eller gas. Det beskrivs ofta som energiutbytet mellan ett f\u00f6rem\u00e5l och den omgivande luften. Str\u00e5lning, \u00e5 andra sidan, \u00e4r den direkta \u00f6verf\u00f6ringen av str\u00e5lningsenergi fr\u00e5n den s\u00e4ndande k\u00e4llan till ett objekt, utan behov av n\u00e5got mellanliggande medium. I likhet med synligt ljus f\u00e4rdas str\u00e5lningsenergi direkt fr\u00e5n k\u00e4llan till m\u00e5let, utan att direkt v\u00e4rma upp luften d\u00e4remellan.<\/p>\n<h3>Utforska infrar\u00f6d str\u00e5lning med OPRANIC<\/h3>\n<p>Det elektromagnetiska spektrumet omfattar alla potentiella frekvenser av elektromagnetisk str\u00e5lning. Detta spektrum omfattar gammastr\u00e5lar, r\u00f6ntgenstr\u00e5lar, ultravioletta str\u00e5lar, synligt ljus, infrar\u00f6da str\u00e5lar, mikrov\u00e5gor och radiov\u00e5gor. Precis som solen avger energi, avges \u00e4ven str\u00e5lningsv\u00e4rmeenergi i form av elektromagnetiska v\u00e5gor inom det infrar\u00f6da bandet. Detta band gr\u00e4nsar till det synliga ljusbandet i det elektromagnetiska spektrumet. OPRANICs infrar\u00f6da v\u00e4rmeenheter fungerar enligt samma principer.<\/p>\n<h3>M\u00c5NGSIDIGHETEN HOS OPRANICS INFRAR\u00d6DA UPPV\u00c4RMNING<\/h3>\n<p>Infrar\u00f6d v\u00e4rme, som utnyttjar kraften i str\u00e5lningsv\u00e4rme\u00f6verf\u00f6ring, initierar uppv\u00e4rmning fr\u00e5n grunden, snarare \u00e4n att b\u00f6rja i taket. Denna egenskap g\u00f6r OPRANICs Infrav\u00e4rmare till en kostnadseffektiv och effektiv l\u00f6sning f\u00f6r olika milj\u00f6er, fr\u00e5n lager och f\u00f6rvaringsutrymmen till stora industriella strukturer.<\/p>\n<p>N\u00e4r ett infrar\u00f6tt v\u00e4rmesystem fr\u00e5n OPRANIC \u00e4r optimalt utformat kan det erbjuda en m\u00e4ngd f\u00f6rdelar, bland annat en betydande minskning av energianv\u00e4ndningen. Oberoende forskning har visat p\u00e5 br\u00e4nslebesparingar p\u00e5 mellan 20 och 50 % j\u00e4mf\u00f6rt med traditionella varmluftssystem. OPRANIC infrar\u00f6da v\u00e4rmare utm\u00e4rker sig som en flexibel v\u00e4rmel\u00f6sning, s\u00e4rskilt f\u00f6rdelaktig f\u00f6r utmanande v\u00e4rmescenarier. De har visat sig vara effektiva i utrymmen med h\u00f6g luftinfiltration, strukturer med h\u00f6ga tak eller i situationer d\u00e4r riktad uppv\u00e4rmning \u00f6nskas.[\/vc_column_text][\/vc_column][\/vc_row][vc_row][vc_column][vc_column_text]\n<h2>INFRAR\u00d6DA V\u00c5GL\u00c4NGDER<\/h2>\n<p>Infrar\u00f6da v\u00e5gl\u00e4ngder kategoriseras baserat p\u00e5 deras temperaturintervall och v\u00e5gl\u00e4ngder, m\u00e4tt i mikrometer. Driftstemperaturen f\u00f6r v\u00e4rmarens gl\u00f6dtr\u00e5d anger vilken typ av infrav\u00e4rmare det r\u00f6r sig om. Den l\u00e4mpliga typen av v\u00e4rmestr\u00e5lning m\u00e5ste v\u00e4ljas utifr\u00e5n m\u00e5lmaterialet eftersom olika material har varierande absorptionsniv\u00e5er. Om den infrar\u00f6da v\u00e4rmestr\u00e5lningen inte \u00e4r l\u00e4mplig absorberas endast en br\u00e5kdel av v\u00e4rmestr\u00e5lningen, medan resten antingen g\u00e5r f\u00f6rlorad eller reflekteras.<\/p>\n<h3>Kortv\u00e5g (\u00e4ven k\u00e4nd som IR-A eller n\u00e4ra infrar\u00f6tt)<\/h3>\n<ul>\n<li>V\u00e5gl\u00e4ngder: 0,78 &#8211; 1,4 \u03bcm<\/li>\n<li>Kortv\u00e5giga infrar\u00f6da v\u00e4rmare arbetar inom omr\u00e5det 780 nm till 1 400 nm.<\/li>\n<li>De avger ljus vid temperaturer mellan 1300\u00b0C och 2600\u00b0C och ger ett starkt synligt ljus.<\/li>\n<li>Vanligtvis \u00e4r str\u00e5lkastarna kvartsr\u00f6r fyllda med halogengas, tillsammans med en reflektor f\u00f6r att rikta v\u00e4rmen.<\/li>\n<\/ul>\n<h3>Mellanv\u00e5g (\u00e4ven k\u00e4nd som IR-B)<\/h3>\n<ul>\n<li>V\u00e5gl\u00e4ngder: 1,4 &#8211; 3,0 \u03bcm<\/li>\n<li>Medelv\u00e5giga infrar\u00f6da v\u00e4rmare arbetar mellan 1 400 nm och 3 000 nm.<\/li>\n<li>De avger ljus med temperaturer fr\u00e5n 500\u00b0C till 1300\u00b0C och ger ett svagt r\u00f6tt ljus.<\/li>\n<li>Str\u00e5lkastarna \u00e4r ofta tillverkade av kvarts och levereras med en reflektor f\u00f6r att fokusera v\u00e4rmen i en specifik riktning.<\/li>\n<\/ul>\n<h3>L\u00e5ngv\u00e5gig (\u00e4ven k\u00e4nd som IR-C eller Far Infrared)<\/h3>\n<ul>\n<li>V\u00e5gl\u00e4ngder: 3,0 &#8211; 1000 \u03bcm<\/li>\n<li>L\u00e5ngv\u00e5giga infrar\u00f6da v\u00e4rmare arbetar med v\u00e5gl\u00e4ngder \u00f6ver 3 000 nm.<\/li>\n<li>Dessa v\u00e4rmare avger mycket l\u00e4gre temperaturer, vanligtvis mellan 100\u00b0C och 500\u00b0C, och avger inget synligt ljus.<\/li>\n<\/ul>\n[\/vc_column_text][\/vc_column][\/vc_row][vc_row css=&#8221;.vc_custom_1695501089017{background-color: #f2f2f2 !important;}&#8221;][vc_column][vc_column_text]\n<h2>ABSORPTION AV INFRAR\u00d6D STR\u00c5LNING AV OPRANIC<\/h2>\n<p>Materialens v\u00e4rmeupptagningsf\u00f6rm\u00e5ga varierar beroende p\u00e5 deras sammans\u00e4ttning och tjocklek. F\u00f6r att en infrar\u00f6d v\u00e4rmare, som de som erbjuds av OPRANIC, ska ge en bekv\u00e4m, effektiv och naturlig uppv\u00e4rmningsupplevelse \u00e4r det viktigt att v\u00e4lja r\u00e4tt infrar\u00f6d v\u00e4rmeteknik. Faktorer som m\u00e5lmaterialets beskaffenhet, avst\u00e5ndet mellan v\u00e4rmaren och m\u00e5lmaterialet samt hur l\u00e4nge v\u00e4rmeexponeringen p\u00e5g\u00e5r spelar en avg\u00f6rande roll f\u00f6r valet av r\u00e4tt typ av infrar\u00f6dv\u00e4rmare.<\/p>\n<h3>M\u00c4NSKLIG ABSORPTION MED OPRANIC<\/h3>\n<p>M\u00e4nniskan best\u00e5r till ungef\u00e4r 80 % av vatten. F\u00f6r optimal v\u00e4rmekomfort \u00e4r det viktigt att en infrav\u00e4rmare, som OPRANICs sortiment, \u00e4r finjusterad f\u00f6r att avge v\u00e5gl\u00e4ngder som vatten absorberar mest effektivt och reflekterar minst. Diagrammet nedan visar sambandet mellan v\u00e5gl\u00e4ngd och absorption av infrar\u00f6d str\u00e5lning i vatten. Detta tyder p\u00e5 att IR-B och IR-C, som \u00e4r l\u00e4ngre v\u00e5gl\u00e4ngder \u00f6ver 2,0 \u03bcm, l\u00e4ttare absorberas av m\u00e4nniskans hud, vilket leder till effektivare uppv\u00e4rmning av m\u00e4nniskor genom dessa mellan- och l\u00e5ngv\u00e5giga band. \u00c4ven om v\u00e4rmare som avger IR-A fortfarande kan v\u00e4rma huden, \u00e4r de mindre effektiva p\u00e5 grund av minskad absorptionsf\u00f6rm\u00e5ga.<\/p>\n<h3>REFLEKTIVITET OCH OPRANICS TEKNIK<\/h3>\n<p>En annan unik egenskap hos m\u00e4nniskans hud \u00e4r dess f\u00f6rm\u00e5ga att reflektera specifika v\u00e5gl\u00e4ngder som en naturlig skydds\u00e5tg\u00e4rd. Reflektansniv\u00e5erna f\u00f6r IR-A, IR-B och IR-C visar att IR-A har h\u00f6g reflektans, medan IR-B och IR-C har betydligt l\u00e4gre reflektans. Detta tyder p\u00e5 att \u00e4ven om IR-A tr\u00e4ffar huden intensivt, reflekteras det mesta av str\u00e5lningen bort, vilket leder till att energi g\u00e5r till spillo. D\u00e4remot absorberas v\u00e5gl\u00e4ngderna IR-B och IR-C (mellanv\u00e5g och l\u00e5ngv\u00e5g) huvudsakligen och reflekteras minimalt av huden, vilket g\u00f6r dem idealiska f\u00f6r effektiv komfortuppv\u00e4rmning.<\/p>\n<h3>PENETRATIONSDJUP OCH OPRANICS S\u00c4KERHETSSTANDARDER<\/h3>\n<p>En annan viktig aspekt att ta h\u00e4nsyn till \u00e4r hur djupt dessa v\u00e5gl\u00e4ngder tr\u00e4nger in i huden. Diagrammet visar att kortv\u00e5giga l\u00e4ngder tr\u00e4nger djupt ner i hudens underskikt. Trots hudens naturliga f\u00f6rsvarsmekanismer, som inkluderar minskad absorption och h\u00f6g reflektans mot kortv\u00e5gig str\u00e5lning, kan den intensiva str\u00e5lningen fr\u00e5n kortv\u00e5giga v\u00e4rmare tr\u00e4nga in djupt och potentiellt p\u00e5skynda hudens \u00e5ldringsprocess. \u00c5 andra sidan tr\u00e4nger inte medel- och l\u00e5ngv\u00e5giga str\u00e5lningsv\u00e5gl\u00e4ngder fr\u00e5n OPRANIC-v\u00e4rmare in lika djupt, vilket g\u00f6r dem till ett s\u00e4krare val som \u00e4r mindre skadligt f\u00f6r hudens \u00e5ldrandeprocess.[\/vc_column_text][\/vc_column][\/vc_row]\n<\/div>","protected":false},"excerpt":{"rendered":"<p>[vc_row][vc_column][\/vc_column][\/vc_row][vc_row][vc_column width=&#8221;1\/5&#8243;][\/vc_column][vc_column width=&#8221;4\/5&#8243;][vc_column_text]Teorin bakom infrar\u00f6d uppv\u00e4rmning bygger p\u00e5 principen om v\u00e4rmestr\u00e5lning, vilket \u00e5terspeglar hur solen avger infrar\u00f6da str\u00e5lar. Dessa str\u00e5lar, som f\u00e4rdas en imponerande str\u00e4cka p\u00e5 cirka 150 miljoner kilometer genom den enorma, kalla rymden, n\u00e5r jordytan. N\u00e4r de anl\u00e4nder absorberas de av olika f\u00f6rem\u00e5l och omvandlas till v\u00e4rme. \u00d6VERSIKT \u00d6VER VERKSAMHETEN Innan vi g\u00e5r&hellip;<\/p>\n","protected":false},"author":1,"featured_media":0,"parent":0,"menu_order":0,"comment_status":"closed","ping_status":"closed","template":"","meta":{"_acf_changed":false,"inline_featured_image":false,"_joinchat":[],"footnotes":""},"class_list":["post-8043","page","type-page","status-publish","hentry","entry","no-media"],"acf":[],"_links":{"self":[{"href":"https:\/\/opranic.com\/sv\/wp-json\/wp\/v2\/pages\/8043","targetHints":{"allow":["GET"]}}],"collection":[{"href":"https:\/\/opranic.com\/sv\/wp-json\/wp\/v2\/pages"}],"about":[{"href":"https:\/\/opranic.com\/sv\/wp-json\/wp\/v2\/types\/page"}],"author":[{"embeddable":true,"href":"https:\/\/opranic.com\/sv\/wp-json\/wp\/v2\/users\/1"}],"replies":[{"embeddable":true,"href":"https:\/\/opranic.com\/sv\/wp-json\/wp\/v2\/comments?post=8043"}],"version-history":[{"count":0,"href":"https:\/\/opranic.com\/sv\/wp-json\/wp\/v2\/pages\/8043\/revisions"}],"wp:attachment":[{"href":"https:\/\/opranic.com\/sv\/wp-json\/wp\/v2\/media?parent=8043"}],"curies":[{"name":"wp","href":"https:\/\/api.w.org\/{rel}","templated":true}]}}