{"id":8055,"date":"2023-09-24T12:33:29","date_gmt":"2023-09-24T10:33:29","guid":{"rendered":"https:\/\/opranic.com\/fordelar-med-infrarod-inomhusvarme\/"},"modified":"2024-07-27T21:39:22","modified_gmt":"2024-07-27T19:39:22","slug":"fordelar-med-infrarod-inomhusvarme","status":"publish","type":"page","link":"https:\/\/opranic.com\/sv\/fordelar-med-infrarod-inomhusvarme\/","title":{"rendered":"F\u00f6rdelar med infrar\u00f6d inomhusv\u00e4rme"},"content":{"rendered":"<div class=\"wpb-content-wrapper\">[vc_row][vc_column]<figure class=\"vcex-image vcex-module\"><div class=\"vcex-image-inner wpex-relative wpex-inline-block\"><img width=\"1500\" height=\"550\" src=\"https:\/\/opranic.com\/wp-content\/uploads\/2023\/09\/1500x550_advantages_infrared-1.jpg\" class=\"vcex-image-img wpex-align-middle\" alt=\"Opranic - P6H900 i vardagsrummet\" decoding=\"async\" srcset=\"https:\/\/opranic.com\/wp-content\/uploads\/2023\/09\/1500x550_advantages_infrared-1.jpg 1500w, https:\/\/opranic.com\/wp-content\/uploads\/2023\/09\/1500x550_advantages_infrared-1-300x110.jpg 300w, https:\/\/opranic.com\/wp-content\/uploads\/2023\/09\/1500x550_advantages_infrared-1-1024x375.jpg 1024w, https:\/\/opranic.com\/wp-content\/uploads\/2023\/09\/1500x550_advantages_infrared-1-768x282.jpg 768w\" sizes=\"(max-width: 1500px) 100vw, 1500px\" \/><\/div><\/figure>[\/vc_column][\/vc_row][vc_row][vc_column width=&#8221;1\/5&#8243;]<style>.vcex-navbar.vcex_69e62ab9d5599 a.vcex-navbar-link{color:#ffffff;background:#ee9305;text-transform:uppercase;}.vcex-navbar.vcex_69e62ab9d5599 a.vcex-navbar-link:is(:hover,.active){color:#ffffff;background:#d6d6d6;}.vcex-navbar.vcex_69e62ab9d5599 a.vcex-navbar-link:is(:active,.active){color:#ffffff;background:#262626;}<\/style><nav class=\"vcex-navbar vcex-navbar--expanded vcex-module vcex_69e62ab9d5599\"><div class=\"vcex-navbar-inner wpex-clr\"><a href=\"https:\/\/opranic.com\/faq-infrared-heating\/\" class=\"vcex-navbar-link vcex-navbar-link--8079 wpex-block wpex-float-left wpex-mb-5 theme-button minimal-border expanded has-bg-hover\"><span class=\"vcex-navbar-link-text\">Vanliga fr\u00e5gor Infrar\u00f6d uppv\u00e4rmning<\/span><\/a><a href=\"https:\/\/opranic.com\/faq-indoor-infrared-heating\/\" class=\"vcex-navbar-link vcex-navbar-link--13508 wpex-block wpex-float-left wpex-mb-5 theme-button minimal-border expanded has-bg-hover\"><span class=\"vcex-navbar-link-text\">FAQ Infrar\u00f6d uppv\u00e4rmning inomhus<\/span><\/a><a href=\"https:\/\/opranic.com\/faq-outdoor-infrared-heating\/\" class=\"vcex-navbar-link vcex-navbar-link--13520 wpex-block wpex-float-left wpex-mb-5 theme-button minimal-border expanded has-bg-hover\"><span class=\"vcex-navbar-link-text\">FAQ Infrav\u00e4rme f\u00f6r utomhusbruk<\/span><\/a><\/div><\/nav>[\/vc_column][vc_column width=&#8221;4\/5&#8243;]<style>.vcex-heading.vcex_69e62ab9d88aa{font-size:32px;text-transform:uppercase;}<\/style><h1 class=\"vcex-heading vcex-heading-plain vcex-module wpex-heading wpex-text-2xl vcex_69e62ab9d88aa\"><span class=\"vcex-heading-inner wpex-inline-block\">F\u00f6rdelar med infrar\u00f6d inomhusv\u00e4rme<\/span><\/h1><div class=\"vcex-spacing wpex-w-100 wpex-clear\" style=\"height:10px;\"><\/div>[vc_column_text]<span style=\"font-size: 16px;\">Effektiv infrar\u00f6d inomhusv\u00e4rme ger en \u00f6verl\u00e4gsen metod f\u00f6r uppv\u00e4rmning. Ist\u00e4llet f\u00f6r att sl\u00f6sa energi p\u00e5 att v\u00e4rma upp luften som traditionella v\u00e4rmare g\u00f6r, str\u00e5lar v\u00e5r teknik direkt ut v\u00e4rmev\u00e5gor till m\u00e4nniskor och f\u00f6rem\u00e5l, vilket garanterar minimal v\u00e4rmef\u00f6rlust och en behaglig inomhusmilj\u00f6.<\/span>[\/vc_column_text]<div class=\"vcex-spacing wpex-w-100 wpex-clear\" style=\"height:20px;\"><\/div><style>.vcex-heading.vcex_69e62ab9d95ae{text-transform:uppercase;}<\/style><h2 class=\"vcex-heading vcex-heading-plain vcex-module wpex-heading wpex-text-2xl vcex_69e62ab9d95ae\"><span class=\"vcex-heading-inner wpex-inline-block\">INFRAR\u00d6D UPPV\u00c4RMNING VS. KONVEKTIONSUPPV\u00c4RMNING: DRIFTS\u00c4TTET I J\u00c4MF\u00d6RELSE<\/span><\/h2>[vc_column_text]Att v\u00e4rma upp all luft i rummet med en konventionell v\u00e4rmare \u00e4r ineffektivt. Att v\u00e4rma upp all luft kr\u00e4ver mer tid och energi \u00e4n infrar\u00f6d uppv\u00e4rmning. Med konventionella radiatorer g\u00e5r mycket energi f\u00f6rlorad eftersom endast lite varm luft n\u00e5r m\u00e4nniskor. \u00c4ven om en del av v\u00e4rmev\u00e5gorna ocks\u00e5 v\u00e4rmer den omgivande luften, fungerar infrar\u00f6d v\u00e4rme fr\u00e4mst genom att v\u00e4rma f\u00f6rem\u00e5len direkt. Luft har ingen h\u00f6g massa. V\u00e4rmeb\u00f6ljor \u00f6verf\u00f6r sin v\u00e4rmeenergi fr\u00e4mst till f\u00f6rem\u00e5l i rymden, t.ex. m\u00e4nniskor, m\u00f6bler och andra f\u00f6rem\u00e5l med h\u00f6gre massa. Denna metod skiljer sig fr\u00e5n traditionella v\u00e4rmare som gasv\u00e4rmare eller elektriska luftv\u00e4rmare. Elektrisk uppv\u00e4rmning med infrar\u00f6d ger omedelbar och m\u00e5ngsidig v\u00e4rme, s\u00e4rskilt p\u00e5 platser som inte kr\u00e4ver konstant uppv\u00e4rmning. Genom att v\u00e4rma med infrar\u00f6d v\u00e4rme ger de snabb v\u00e4rme genom direkta v\u00e4rmev\u00e5gor och g\u00f6r dig varmare p\u00e5 n\u00e5gra minuter. Infrar\u00f6da v\u00e4rmare \u00e4r ocks\u00e5 allergiv\u00e4nliga, eftersom de inte cirkulerar luft och damm som kan st\u00f6ra allergener. Detta \u00e4r ett bra alternativ f\u00f6r personer med allergier. Dessutom har dessa elradiatorer absolut inga utsl\u00e4pp av v\u00e4xthusgaser, vilket g\u00f6r dem till milj\u00f6v\u00e4nliga uppv\u00e4rmningsl\u00f6sningar.[\/vc_column_text][\/vc_column][\/vc_row][vc_row][vc_column width=&#8221;1\/4&#8243;]<figure class=\"vcex-image vcex-module wpex-text-left\"><div class=\"vcex-image-inner wpex-relative wpex-inline-block\"><img width=\"300\" height=\"300\" src=\"https:\/\/opranic.com\/wp-content\/uploads\/2023\/09\/300x300-opranic-panel-infrared-heater-woman-with-phone.jpg\" class=\"vcex-image-img wpex-align-middle\" alt=\"p5-serien infrar\u00f6da v\u00e4rmare opranic\" decoding=\"async\" srcset=\"https:\/\/opranic.com\/wp-content\/uploads\/2023\/09\/300x300-opranic-panel-infrared-heater-woman-with-phone.jpg 300w, https:\/\/opranic.com\/wp-content\/uploads\/2023\/09\/300x300-opranic-panel-infrared-heater-woman-with-phone-100x100.jpg 100w\" sizes=\"(max-width: 300px) 100vw, 300px\" \/><\/div><\/figure><div class=\"vcex-spacing wpex-w-100 wpex-clear\"><\/div><style>.vcex-heading.vcex_69e62ab9da899{text-transform:uppercase;}<\/style><h2 class=\"vcex-heading vcex-heading-plain vcex-module wpex-heading wpex-text-2xl vcex_69e62ab9da899\"><span class=\"vcex-heading-inner wpex-inline-block\">Omedelbar och m\u00e5ngsidig v\u00e4rme<\/span><\/h2>[vc_column_text]Infrar\u00f6da elektriska v\u00e4rmare \u00e4r utm\u00e4rkta k\u00e4llor till omedelbar och m\u00e5ngsidig v\u00e4rme, s\u00e4rskilt p\u00e5 platser som inte kr\u00e4ver kontinuerlig uppv\u00e4rmning. Dessa v\u00e4rmepaneler kan ocks\u00e5 anv\u00e4ndas som en extra v\u00e4rmare f\u00f6r att spara energi samtidigt som de ger riktad v\u00e4rme. Golvst\u00e5ende enheter med infrar\u00f6d v\u00e4rme fungerar bra eftersom de v\u00e4rmer p\u00e5 ett direkt och fokuserat s\u00e4tt. Det sparar energi, ger en j\u00e4mn v\u00e4rmef\u00f6rdelning och f\u00f6rhindrar v\u00e4rmef\u00f6rluster. Detta g\u00f6r infrar\u00f6da v\u00e4rmepaneler till ett kostnadseffektivt och effektivt val f\u00f6r uppv\u00e4rmningsl\u00f6sningar.[\/vc_column_text][\/vc_column][vc_column width=&#8221;1\/4&#8243;]<figure class=\"vcex-image vcex-module wpex-text-left\"><div class=\"vcex-image-inner wpex-relative wpex-inline-block\"><img width=\"300\" height=\"300\" src=\"https:\/\/opranic.com\/wp-content\/uploads\/2023\/09\/300x300-opranic-panel-infrared-heater-chair.jpg\" class=\"vcex-image-img wpex-align-middle\" alt=\"Opranic P5-serie infrar\u00f6da v\u00e4rmare med stol\" decoding=\"async\" srcset=\"https:\/\/opranic.com\/wp-content\/uploads\/2023\/09\/300x300-opranic-panel-infrared-heater-chair.jpg 300w, https:\/\/opranic.com\/wp-content\/uploads\/2023\/09\/300x300-opranic-panel-infrared-heater-chair-100x100.jpg 100w\" sizes=\"(max-width: 300px) 100vw, 300px\" \/><\/div><\/figure><div class=\"vcex-spacing wpex-w-100 wpex-clear\"><\/div><style>.vcex-heading.vcex_69e62ab9dba7f{text-transform:uppercase;}<\/style><h2 class=\"vcex-heading vcex-heading-plain vcex-module wpex-heading wpex-text-2xl vcex_69e62ab9dba7f\"><span class=\"vcex-heading-inner wpex-inline-block\">L\u00e4ngre best\u00e5ende v\u00e4rme<\/span><\/h2>[vc_column_text]\u00c4ven n\u00e4r de infrar\u00f6da str\u00e5lkastarna \u00e4r avst\u00e4ngda str\u00e5lar v\u00e4rmen ut fr\u00e5n v\u00e4ggar och golv. Detta beror p\u00e5 att uppv\u00e4rmda f\u00f6rem\u00e5l avger v\u00e4rme enligt str\u00e5lningsprincipen. Infrar\u00f6d v\u00e4rmes f\u00f6rm\u00e5ga att producera l\u00e5ngvarig v\u00e4rme utan aktiv energif\u00f6rbrukning bidrar till dess effektivitet.[\/vc_column_text][\/vc_column][vc_column width=&#8221;1\/4&#8243;]<figure class=\"vcex-image vcex-module wpex-text-left\"><div class=\"vcex-image-inner wpex-relative wpex-inline-block\"><img width=\"300\" height=\"300\" src=\"https:\/\/opranic.com\/wp-content\/uploads\/2023\/09\/300x300-opranic-panel-infrared-heater-heat.jpg\" class=\"vcex-image-img wpex-align-middle\" alt=\"Opranic - P-serien j\u00e4mn v\u00e4rme\" decoding=\"async\" srcset=\"https:\/\/opranic.com\/wp-content\/uploads\/2023\/09\/300x300-opranic-panel-infrared-heater-heat.jpg 300w, https:\/\/opranic.com\/wp-content\/uploads\/2023\/09\/300x300-opranic-panel-infrared-heater-heat-100x100.jpg 100w\" sizes=\"(max-width: 300px) 100vw, 300px\" \/><\/div><\/figure><div class=\"vcex-spacing wpex-w-100 wpex-clear\"><\/div><style>.vcex-heading.vcex_69e62ab9dcc24{text-transform:uppercase;}<\/style><h2 class=\"vcex-heading vcex-heading-plain vcex-module wpex-heading wpex-text-2xl vcex_69e62ab9dcc24\"><span class=\"vcex-heading-inner wpex-inline-block\">J\u00c4MN V\u00c4RMEF\u00d6RDELNING<\/span><\/h2>[vc_column_text]OPRANIC v\u00e4rmetr\u00e5dsteknik f\u00f6rhindrar att det bildas farliga hot spots och s\u00e4kerst\u00e4ller en j\u00e4mn f\u00f6rdelning av str\u00e5lningsv\u00e4rmen. Med h\u00f6gkvalitativa v\u00e4rmemotst\u00e5nd inb\u00e4ddade b\u00e5de p\u00e5 hela ytan och p\u00e5 ytterkanterna av den infrar\u00f6da v\u00e4rmaren, erbjuder OPRANIC infrar\u00f6da elektriska v\u00e4rmare energibesparing men \u00e4nd\u00e5 exceptionell prestanda.[\/vc_column_text][\/vc_column][vc_column width=&#8221;1\/4&#8243;]<figure class=\"vcex-image vcex-module wpex-text-left\"><div class=\"vcex-image-inner wpex-relative wpex-inline-block\"><img width=\"300\" height=\"300\" src=\"https:\/\/opranic.com\/wp-content\/uploads\/2023\/09\/300x300-opranic-panel-infrared-heat.jpg\" class=\"vcex-image-img wpex-align-middle\" alt=\"Opraniska panelv\u00e4rmare str\u00e5lning\" decoding=\"async\" srcset=\"https:\/\/opranic.com\/wp-content\/uploads\/2023\/09\/300x300-opranic-panel-infrared-heat.jpg 300w, https:\/\/opranic.com\/wp-content\/uploads\/2023\/09\/300x300-opranic-panel-infrared-heat-100x100.jpg 100w\" sizes=\"(max-width: 300px) 100vw, 300px\" \/><\/div><\/figure><div class=\"vcex-spacing wpex-w-100 wpex-clear\"><\/div><style>.vcex-heading.vcex_69e62ab9ddee9{text-transform:uppercase;}<\/style><h2 class=\"vcex-heading vcex-heading-plain vcex-module wpex-heading wpex-text-2xl vcex_69e62ab9ddee9\"><span class=\"vcex-heading-inner wpex-inline-block\">Effektiva direkta v\u00e4rmeb\u00f6ljor<\/span><\/h2>[vc_column_text]Genom \u00f6ppna d\u00f6rrar, f\u00f6nster och drag kan varm luft tr\u00e4nga ut ur rummet. Detta orsakar v\u00e4rmef\u00f6rluster och behov av konstant uppv\u00e4rmning f\u00f6r konventionell uppv\u00e4rmning. Varm luft tenderar ocks\u00e5 att stiga upp\u00e5t, vilket leder till oj\u00e4mn temperaturf\u00f6rdelning i rummet. Det mesta av v\u00e4rmen ackumuleras n\u00e4ra taket, medan de l\u00e4gre omr\u00e5dena f\u00f6rblir svalare. Infrar\u00f6da panelv\u00e4rmare d\u00e4remot s\u00e4nder ut infrar\u00f6da v\u00e5gor som direkt v\u00e4rmer upp f\u00f6rem\u00e5l och personer i deras omgivning. Denna fokuserade str\u00e5lv\u00e4rmemetod v\u00e4rmer direkt utan att v\u00e4rma upp all luft, vilket g\u00f6r den mer effektiv och energibesparande. \u00c4ven i dragiga rum f\u00f6rblir infrav\u00e4rmare effektiva eftersom fasta f\u00f6rem\u00e5l lagrar den mottagna v\u00e4rmen, vilket garanterar minimalt energisl\u00f6seri.[\/vc_column_text][\/vc_column][\/vc_row][vc_row gap=&#8221;10&#8243;][vc_column width=&#8221;1\/2&#8243; css=&#8221;.vc_custom_1695575275148{margin-right: 40px !important;padding-right: 20px !important;padding-bottom: 20px !important;padding-left: 20px !important;background-color: #f2f2f2 !important;}&#8221;]<div class=\"vcex-spacing wpex-w-100 wpex-clear\"><\/div><h2 class=\"vcex-heading vcex-heading-plain vcex-module wpex-heading wpex-text-2xl\"><span class=\"vcex-heading-inner wpex-inline-block\">DEN INFRAR\u00d6DA UPPV\u00c4RMNINGEN ERBJUDER FLERA F\u00d6RDELAR<\/span><\/h2>[vc_column_text]\n<h2>F\u00d6RDELAR MED INFRAR\u00d6D UPPV\u00c4RMNING<\/h2>\n<ul>\n<li><strong>Snabb v\u00e4rme<\/strong>: Direkt v\u00e4rmeavgivning ger omedelbar komfort.<\/li>\n<li><strong>Zonstyrning<\/strong>: Installera i specifika omr\u00e5den f\u00f6r energibesparing.<\/li>\n<li><strong>Energibesparande<\/strong>: Direkt uppv\u00e4rmning minskar v\u00e4rmef\u00f6rlusterna och energianv\u00e4ndningen.<\/li>\n<li><strong>Allergenfri<\/strong>: Ingen luftcirkulation inneb\u00e4r f\u00e4rre allergener, vilket underl\u00e4ttar f\u00f6r allergiker.<\/li>\n<\/ul>\n<h3><strong>Typ av infrar\u00f6d uppv\u00e4rmning<\/strong><\/h3>\n<p>  Allt, inklusive m\u00e4nniskan, avger elektromagnetisk str\u00e5lning. Infrar\u00f6d elv\u00e4rme \u00e4r naturlig och speglar solens v\u00e4rme, en koleld och v\u00e5r kroppsv\u00e4rme. Med Infrav\u00e4rmare f\u00e5r du solliknande v\u00e4rme utan skadliga UV-str\u00e5lar.  <\/p>\n<h3><strong>Varf\u00f6r v\u00e4lja effektiva Infrav\u00e4rmare?<\/strong><\/h3>\n<ul>\n<li><strong>Dragiga rum<\/strong>: Perfekt f\u00f6r utrymmen med drag, h\u00f6gt i tak eller d\u00e5lig isolering. Till skillnad fr\u00e5n traditionella v\u00e4rmare som v\u00e4rmer luften, \u00e4r infrar\u00f6da v\u00e4rmare mer effektiva och ekonomiska i dragiga f\u00f6rh\u00e5llanden.<\/li>\n<li><strong>Omedelbar<\/strong> v\u00e4rme: De ger omedelbar v\u00e4rme, vilket g\u00f6r dem perfekta f\u00f6r utrymmen som s\u00e4llan anv\u00e4nds eller som extra v\u00e4rmek\u00e4lla under kyliga dagar. De \u00e4r s\u00e4rskilt praktiska i badrum f\u00f6r snabb uppv\u00e4rmning.<\/li>\n<li><strong>F\u00f6rebyggande<\/strong> av m\u00f6gel: Infrar\u00f6da str\u00e5lar torkar fuktiga v\u00e4ggar och f\u00f6rhindrar m\u00f6gel i uppv\u00e4rmda utrymmen.<\/li>\n<li><strong>F\u00f6rb\u00e4ttrad luftkvalitet<\/strong>: Till skillnad fr\u00e5n vanliga v\u00e4rmare som cirkulerar damm, uppr\u00e4tth\u00e5ller infrar\u00f6da v\u00e4rmare fr\u00e5n OPRANIC en stabil luftfuktighet, vilket gynnar allergiker.<\/li>\n<li><strong>Milj\u00f6v\u00e4nlig och tystl\u00e5ten<\/strong>: OPRANIC-v\u00e4rmare \u00e4r resurseffektiva, utsl\u00e4ppsfria och tysta, vilket fr\u00e4mjar en gr\u00f6nare framtid.<\/li>\n<li><strong>Problemfri installation<\/strong> och sk\u00f6tsel: OPRANICs infrar\u00f6da elektriska v\u00e4rmare \u00e4r enkla att installera och kr\u00e4ver lite underh\u00e5ll.<\/li>\n<\/ul>\n[\/vc_column_text][\/vc_column][vc_column width=&#8221;1\/2&#8243;]<style>.vcex-heading.vcex_69e62ab9deca6{text-transform:uppercase;}<\/style><h2 class=\"vcex-heading vcex-heading-plain vcex-module wpex-heading wpex-text-2xl vcex_69e62ab9deca6\"><span class=\"vcex-heading-inner wpex-inline-block\">Studie om infrar\u00f6d uppv\u00e4rmning vid universiteten Leeds Beckett och Salford, Storbritannien<\/span><\/h2>[vc_column_text]Energiexperter vid universiteten i Leeds Beckett och Salford unders\u00f6ker infrar\u00f6da v\u00e4rmesystem f\u00f6r bost\u00e4der. De unders\u00f6ker f\u00f6rdelarna med infrar\u00f6da v\u00e4rmepaneler. Eftersom Storbritannien str\u00e4var efter netto-nollutsl\u00e4pp \u00f6verv\u00e4gs \u00e4ven andra uppv\u00e4rmningsalternativ. Dessa inkluderar luft\/vatten-v\u00e4rmepumpar, v\u00e4tgaspannor, nattlagringsv\u00e4rmare och elektriska radiatorer. En blandning av dessa alternativ kan vara n\u00f6dv\u00e4ndig f\u00f6r \u00f6verg\u00e5ngen till nettonollutsl\u00e4pp. Professor Glew f\u00f6rklarade: &#8221;Infrav\u00e4rmare \u00e4r elektriska v\u00e4rmepaneler som avger en del av sin v\u00e4rme i den infrar\u00f6da frekvensen. Teorin \u00e4r att anv\u00e4ndaren kan v\u00e4rma upp hela huset till en l\u00e4gre temperatur \u00e4n normalt, men \u00e4nd\u00e5 vara bekv\u00e4m. M\u00e5let med det h\u00e4r projektet \u00e4r att ge robusta bevis f\u00f6r att den h\u00e4r teorin kan oms\u00e4ttas i praktiken i m\u00e4nniskors hem, vilket skulle kunna leda till l\u00e4gre energianv\u00e4ndning, l\u00e4gre uppv\u00e4rmningskostnader och mindre koldioxidutsl\u00e4pp.&#8221;  <a href=\"https:\/\/www.leedsbeckett.ac.uk\/news\/2023\/05\/infrared-heating-systems-research\/\" target=\"_blank\" rel=\"noopener\">Uppv\u00e4rmning av bost\u00e4der med infrar\u00f6da system &#8211; ny forskning f\u00f6r att informera regeringens Net Zero-uppdrag | Leeds Beckett University<\/a>[\/vc_column_text]<figure class=\"vcex-image vcex-module\"><div class=\"vcex-image-inner wpex-relative wpex-inline-block\"><img width=\"1280\" height=\"720\" src=\"https:\/\/opranic.com\/wp-content\/uploads\/2023\/08\/maxresdefault.jpg\" class=\"vcex-image-img wpex-align-middle\" alt=\"Universiteten Leeds Beckett och Salford\" decoding=\"async\" srcset=\"https:\/\/opranic.com\/wp-content\/uploads\/2023\/08\/maxresdefault.jpg 1280w, https:\/\/opranic.com\/wp-content\/uploads\/2023\/08\/maxresdefault-300x169.jpg 300w, https:\/\/opranic.com\/wp-content\/uploads\/2023\/08\/maxresdefault-1024x576.jpg 1024w, https:\/\/opranic.com\/wp-content\/uploads\/2023\/08\/maxresdefault-768x432.jpg 768w\" sizes=\"(max-width: 1280px) 100vw, 1280px\" \/><\/div><\/figure>[\/vc_column][\/vc_row]\n<\/div>","protected":false},"excerpt":{"rendered":"<p>[vc_row][vc_column][\/vc_column][\/vc_row][vc_row][vc_column width=&#8221;1\/5&#8243;][\/vc_column][vc_column width=&#8221;4\/5&#8243;][vc_column_text]Effektiv infrar\u00f6d inomhusv\u00e4rme ger en \u00f6verl\u00e4gsen metod f\u00f6r uppv\u00e4rmning. Ist\u00e4llet f\u00f6r att sl\u00f6sa energi p\u00e5 att v\u00e4rma upp luften som traditionella v\u00e4rmare g\u00f6r, str\u00e5lar v\u00e5r teknik direkt ut v\u00e4rmev\u00e5gor till m\u00e4nniskor och f\u00f6rem\u00e5l, vilket garanterar minimal v\u00e4rmef\u00f6rlust och en behaglig inomhusmilj\u00f6.[\/vc_column_text][vc_column_text]Att v\u00e4rma upp all luft i rummet med en konventionell v\u00e4rmare \u00e4r ineffektivt.&hellip;<\/p>\n","protected":false},"author":1,"featured_media":0,"parent":0,"menu_order":0,"comment_status":"closed","ping_status":"closed","template":"","meta":{"_acf_changed":false,"inline_featured_image":false,"_joinchat":[],"footnotes":""},"class_list":["post-8055","page","type-page","status-publish","hentry","entry","no-media"],"acf":[],"_links":{"self":[{"href":"https:\/\/opranic.com\/sv\/wp-json\/wp\/v2\/pages\/8055","targetHints":{"allow":["GET"]}}],"collection":[{"href":"https:\/\/opranic.com\/sv\/wp-json\/wp\/v2\/pages"}],"about":[{"href":"https:\/\/opranic.com\/sv\/wp-json\/wp\/v2\/types\/page"}],"author":[{"embeddable":true,"href":"https:\/\/opranic.com\/sv\/wp-json\/wp\/v2\/users\/1"}],"replies":[{"embeddable":true,"href":"https:\/\/opranic.com\/sv\/wp-json\/wp\/v2\/comments?post=8055"}],"version-history":[{"count":0,"href":"https:\/\/opranic.com\/sv\/wp-json\/wp\/v2\/pages\/8055\/revisions"}],"wp:attachment":[{"href":"https:\/\/opranic.com\/sv\/wp-json\/wp\/v2\/media?parent=8055"}],"curies":[{"name":"wp","href":"https:\/\/api.w.org\/{rel}","templated":true}]}}