{"id":8067,"date":"2023-09-24T20:15:03","date_gmt":"2023-09-24T18:15:03","guid":{"rendered":"https:\/\/opranic.com\/effektiv-uppvarmning-utomhus\/"},"modified":"2023-10-05T21:22:00","modified_gmt":"2023-10-05T19:22:00","slug":"effektiv-uppvarmning-utomhus","status":"publish","type":"page","link":"https:\/\/opranic.com\/sv\/effektiv-uppvarmning-utomhus\/","title":{"rendered":"Effektiv uppv\u00e4rmning utomhus"},"content":{"rendered":"<div class=\"wpb-content-wrapper\">[vc_row][vc_column]<figure class=\"vcex-image vcex-module\"><div class=\"vcex-image-inner wpex-relative wpex-inline-block\"><img width=\"1500\" height=\"550\" src=\"https:\/\/opranic.com\/wp-content\/uploads\/2023\/09\/1500x550_outdoor-restaurant-opranic.jpg\" class=\"vcex-image-img wpex-align-middle\" alt=\"Effektiv utomhusuppv\u00e4rmning med Opranic\" decoding=\"async\" srcset=\"https:\/\/opranic.com\/wp-content\/uploads\/2023\/09\/1500x550_outdoor-restaurant-opranic.jpg 1500w, https:\/\/opranic.com\/wp-content\/uploads\/2023\/09\/1500x550_outdoor-restaurant-opranic-300x110.jpg 300w, https:\/\/opranic.com\/wp-content\/uploads\/2023\/09\/1500x550_outdoor-restaurant-opranic-1024x375.jpg 1024w, https:\/\/opranic.com\/wp-content\/uploads\/2023\/09\/1500x550_outdoor-restaurant-opranic-768x282.jpg 768w\" sizes=\"(max-width: 1500px) 100vw, 1500px\" \/><\/div><\/figure>[\/vc_column][\/vc_row][vc_row][vc_column width=&#8221;1\/5&#8243;]<style>.vcex-navbar.vcex_69fa8287b75b9 a.vcex-navbar-link{color:#ffffff;background:#ee9305;text-transform:uppercase;}.vcex-navbar.vcex_69fa8287b75b9 a.vcex-navbar-link:is(:hover,.active){color:#ffffff;background:#d6d6d6;}.vcex-navbar.vcex_69fa8287b75b9 a.vcex-navbar-link:is(:active,.active){color:#ffffff;background:#262626;}<\/style><nav class=\"vcex-navbar vcex-navbar--expanded vcex-module vcex_69fa8287b75b9\"><div class=\"vcex-navbar-inner wpex-clr\"><a href=\"https:\/\/opranic.com\/faq-infrared-heating\/\" class=\"vcex-navbar-link vcex-navbar-link--8079 wpex-block wpex-float-left wpex-mb-5 theme-button minimal-border expanded has-bg-hover\"><span class=\"vcex-navbar-link-text\">Vanliga fr\u00e5gor Infrar\u00f6d uppv\u00e4rmning<\/span><\/a><a href=\"https:\/\/opranic.com\/faq-indoor-infrared-heating\/\" class=\"vcex-navbar-link vcex-navbar-link--13508 wpex-block wpex-float-left wpex-mb-5 theme-button minimal-border expanded has-bg-hover\"><span class=\"vcex-navbar-link-text\">FAQ Infrar\u00f6d uppv\u00e4rmning inomhus<\/span><\/a><a href=\"https:\/\/opranic.com\/faq-outdoor-infrared-heating\/\" class=\"vcex-navbar-link vcex-navbar-link--13520 wpex-block wpex-float-left wpex-mb-5 theme-button minimal-border expanded has-bg-hover\"><span class=\"vcex-navbar-link-text\">FAQ Infrav\u00e4rme f\u00f6r utomhusbruk<\/span><\/a><\/div><\/nav>[\/vc_column][vc_column width=&#8221;4\/5&#8243;]<style>.vcex-heading.vcex_69fa8287b9dce{font-size:32px;text-transform:uppercase;}<\/style><h1 class=\"vcex-heading vcex-heading-plain vcex-module wpex-heading wpex-text-2xl vcex_69fa8287b9dce\"><span class=\"vcex-heading-inner wpex-inline-block\">Effektiv uppv\u00e4rmning utomhus<\/span><\/h1>[vc_column_text]\n<h2>Opranic: Pionj\u00e4r inom effektiv utomhusuppv\u00e4rmning med avancerad uppv\u00e4rmningsteknik och skandinavisk design<\/h2>\n<p>I dagens snabbt f\u00f6r\u00e4nderliga tekniska landskap har jakten p\u00e5 effektiva uppv\u00e4rmningsl\u00f6sningar f\u00f6r utomhusbruk lett till betydande framsteg. Traditionella uppv\u00e4rmningsmetoder, som en g\u00e5ng i tiden var den viktigaste grunden f\u00f6r utomhusv\u00e4rme, ers\u00e4tts nu av mer sofistikerade och effektiva system. I spetsen f\u00f6r denna revolution st\u00e5r Opranic, ett varum\u00e4rke som \u00e4r synonymt med avancerad v\u00e4rmeteknik och skandinavisk design.<\/p>\n<h3>Behovet av effektiv uppv\u00e4rmning utomhus<\/h3>\n<p>Utomhusmilj\u00f6er, oavsett om det handlar om uteplatser, altaner eller kommersiella omr\u00e5den, har alltid utgjort en unik utmaning n\u00e4r det g\u00e4ller uppv\u00e4rmning. Traditionella v\u00e4rmare har ofta sv\u00e5rt att ge j\u00e4mn v\u00e4rme, vilket leder till oj\u00e4mn uppv\u00e4rmning och \u00f6kad energif\u00f6rbrukning. I takt med att allt fler inser v\u00e4rdet av att utnyttja utomhusmilj\u00f6n \u00e5ret runt har efterfr\u00e5gan p\u00e5 effektiva uppv\u00e4rmningsl\u00f6sningar f\u00f6r utomhusmilj\u00f6er \u00f6kat lavinartat.<\/p>\n<p>Opranics engagemang f\u00f6r effektiv utomhusuppv\u00e4rmning syns tydligt i sortimentet av produkter som \u00e4r utformade f\u00f6r att ge j\u00e4mn v\u00e4rme i olika utomhusmilj\u00f6er. Oavsett om det \u00e4r en kylig kv\u00e4ll p\u00e5 uteplatsen eller en vintereftermiddag p\u00e5 ett utomhuscaf\u00e9, ser Opranic till att v\u00e4rmen f\u00f6rblir j\u00e4mn och g\u00f6r utomhusutrymmen anv\u00e4ndbara och bekv\u00e4ma under hela \u00e5ret.<\/p>\n<h3>Avancerad uppv\u00e4rmningsteknik<\/h3>\n<p>Det som utm\u00e4rker Opranic \u00e4r dess orubbliga engagemang f\u00f6r avancerad v\u00e4rmeteknik. Medan traditionella v\u00e4rmare fungerar genom att v\u00e4rma upp luften, fungerar Opranics infrar\u00f6da v\u00e4rmare enligt en annan princip. De v\u00e4rmer f\u00f6rem\u00e5l direkt och efterliknar solens naturliga uppv\u00e4rmningsmekanism. Denna direkta uppv\u00e4rmningsmetod s\u00e4kerst\u00e4ller att v\u00e4rmen k\u00e4nns omedelbart, utan att man beh\u00f6ver v\u00e4nta p\u00e5 att luften ska v\u00e4rmas upp.<\/p>\n<p>F\u00f6rdelarna med denna avancerade uppv\u00e4rmningsteknik \u00e4r m\u00e5nga:<\/p>\n<p><strong>Energieffektivitet<\/strong>: Opranic v\u00e4rmare omvandlar upp till 96% av den tillf\u00f6rda elektriska energin direkt till str\u00e5lningsv\u00e4rme. Den h\u00f6ga omvandlingsgraden s\u00e4kerst\u00e4ller att den st\u00f6rsta delen av energin anv\u00e4nds f\u00f6r uppv\u00e4rmning, vilket leder till betydande energibesparingar.<\/p>\n<p><strong>Milj\u00f6v\u00e4nlig<\/strong>: I en tid d\u00e5 milj\u00f6h\u00e4nsyn \u00e4r av st\u00f6rsta vikt sticker Opranic v\u00e4rmare ut med sin milj\u00f6v\u00e4nlighet. De fungerar utan att avge v\u00e4xthusgaser, obehagliga lukter eller skadligt ultraviolett ljus. Denna milj\u00f6v\u00e4nliga drift s\u00e4kerst\u00e4ller att anv\u00e4ndarna kan njuta av v\u00e4rmen utan n\u00e5gon milj\u00f6skuld.<\/p>\n<p><strong>S\u00e4ker<\/strong> att anv\u00e4nda: Opranics avancerade v\u00e4rmeteknik s\u00e4kerst\u00e4ller att v\u00e4rmarna \u00e4r s\u00e4kra f\u00f6r anv\u00e4ndning b\u00e5de inomhus och utomhus. Avsaknaden av skadliga utsl\u00e4pp och den effektiva omvandlingen av energi till v\u00e4rme g\u00f6r Opranic-v\u00e4rmare till ett s\u00e4kert val f\u00f6r olika milj\u00f6er.<\/p>\n<h3>Essensen av skandinavisk design<\/h3>\n<p>Opranics v\u00e4rmare \u00e4r inte bara funktionella enheter, de \u00e4r konstverk. Varum\u00e4rkets engagemang f\u00f6r skandinavisk design \u00e4r tydligt i varje produkt som erbjuds. Skandinavisk design, k\u00e4nd f\u00f6r sin enkelhet, funktionalitet och minimalism, passar perfekt ihop med Opranics etos.<\/p>\n<p>V\u00e4rmeelementen, som huvudsakligen \u00e4r designade av skandinaviska formgivare, utstr\u00e5lar elegans och sofistikering. Men det handlar inte bara om estetik. De skandinaviska designprinciperna s\u00e4kerst\u00e4ller att v\u00e4rmarna \u00e4r optimalt konstruerade f\u00f6r effektiv utomhusuppv\u00e4rmning. Designen fokuserar p\u00e5 att uppn\u00e5 b\u00e4sta m\u00f6jliga v\u00e4rmestr\u00e5lning f\u00f6r olika till\u00e4mpningar, vilket s\u00e4kerst\u00e4ller att v\u00e4rmarna inte bara \u00e4r vackra utan ocks\u00e5 mycket funktionella.<\/p>\n<p>Genom att integrera design, teknik och produktion har Opranic uppn\u00e5tt en kontrollniv\u00e5 som f\u00e5 varum\u00e4rken kan skryta med. Varje komponent, varje designelement och varje teknisk funktion \u00e4r noggrant utvald f\u00f6r att s\u00e4kerst\u00e4lla att slutprodukten \u00e4r av h\u00f6gsta kvalitet. Detta integrerade tillv\u00e4gag\u00e5ngss\u00e4tt, i kombination med kontinuerliga tester och kvalitetskontroller, s\u00e4kerst\u00e4ller att Opranics v\u00e4rmare uppfyller och ofta \u00f6vertr\u00e4ffar industristandarderna.<\/p>\n<h3>Slutsats<\/h3>\n<p>Opranic har skapat sig en egen nisch n\u00e4r det g\u00e4ller effektiv utomhusuppv\u00e4rmning. Med sin avancerade v\u00e4rmeteknik och sitt engagemang f\u00f6r skandinavisk design erbjuder varum\u00e4rket ett utbud av produkter som \u00e4r b\u00e5de funktionella och estetiskt tilltalande. Oavsett om du vill v\u00e4rma upp din uteplats eller ett kommersiellt utomhusutrymme, lovar Opranics v\u00e4rmare j\u00e4mn v\u00e4rme, energieffektivitet och en touch av skandinavisk elegans.<\/p>\n<p>I takt med att vi g\u00e5r mot en framtid d\u00e4r utomhusmilj\u00f6er blir en integrerad del av v\u00e5ra liv kommer behovet av effektiva uppv\u00e4rmningsl\u00f6sningar f\u00f6r utomhusmilj\u00f6er bara att \u00f6ka. Varum\u00e4rken som Opranic, med sitt fokus p\u00e5 teknik och design, \u00e4r redo att leda denna revolution och se till att v\u00e5ra utomhusmilj\u00f6er f\u00f6rblir varma och v\u00e4lkomnande, oavsett \u00e5rstid.[\/vc_column_text][\/vc_column][\/vc_row]\n<\/div>","protected":false},"excerpt":{"rendered":"<p>[vc_row][vc_column][\/vc_column][\/vc_row][vc_row][vc_column width=&#8221;1\/5&#8243;][\/vc_column][vc_column width=&#8221;4\/5&#8243;][vc_column_text] Opranic: Pionj\u00e4r inom effektiv utomhusuppv\u00e4rmning med avancerad uppv\u00e4rmningsteknik och skandinavisk design I dagens snabbt f\u00f6r\u00e4nderliga tekniska landskap har jakten p\u00e5 effektiva uppv\u00e4rmningsl\u00f6sningar f\u00f6r utomhusbruk lett till betydande framsteg. Traditionella uppv\u00e4rmningsmetoder, som en g\u00e5ng i tiden var den viktigaste grunden f\u00f6r utomhusv\u00e4rme, ers\u00e4tts nu av mer sofistikerade och effektiva system. I spetsen f\u00f6r&hellip;<\/p>\n","protected":false},"author":1,"featured_media":0,"parent":0,"menu_order":0,"comment_status":"closed","ping_status":"closed","template":"","meta":{"_acf_changed":false,"inline_featured_image":false,"_joinchat":[],"footnotes":""},"class_list":["post-8067","page","type-page","status-publish","hentry","entry","no-media"],"acf":[],"_links":{"self":[{"href":"https:\/\/opranic.com\/sv\/wp-json\/wp\/v2\/pages\/8067","targetHints":{"allow":["GET"]}}],"collection":[{"href":"https:\/\/opranic.com\/sv\/wp-json\/wp\/v2\/pages"}],"about":[{"href":"https:\/\/opranic.com\/sv\/wp-json\/wp\/v2\/types\/page"}],"author":[{"embeddable":true,"href":"https:\/\/opranic.com\/sv\/wp-json\/wp\/v2\/users\/1"}],"replies":[{"embeddable":true,"href":"https:\/\/opranic.com\/sv\/wp-json\/wp\/v2\/comments?post=8067"}],"version-history":[{"count":0,"href":"https:\/\/opranic.com\/sv\/wp-json\/wp\/v2\/pages\/8067\/revisions"}],"wp:attachment":[{"href":"https:\/\/opranic.com\/sv\/wp-json\/wp\/v2\/media?parent=8067"}],"curies":[{"name":"wp","href":"https:\/\/api.w.org\/{rel}","templated":true}]}}