{"id":8079,"date":"2023-09-23T18:27:40","date_gmt":"2023-09-23T16:27:40","guid":{"rendered":"https:\/\/opranic.com\/kunskapsbank\/"},"modified":"2025-11-03T21:30:55","modified_gmt":"2025-11-03T20:30:55","slug":"faq-infravarme","status":"publish","type":"page","link":"https:\/\/opranic.com\/sv\/faq-infravarme\/","title":{"rendered":"Vanliga fr\u00e5gor Infrar\u00f6d uppv\u00e4rmning"},"content":{"rendered":"<div class=\"wpb-content-wrapper\">[vc_row][vc_column]<figure class=\"vcex-image vcex-module\"><div class=\"vcex-image-inner wpex-relative wpex-inline-block\"><img width=\"1920\" height=\"400\" src=\"https:\/\/opranic.com\/wp-content\/uploads\/2023\/04\/opranic-about-us-1920x400-q60.jpeg\" class=\"vcex-image-img wpex-align-middle\" alt=\"\" decoding=\"async\" srcset=\"https:\/\/opranic.com\/wp-content\/uploads\/2023\/04\/opranic-about-us-1920x400-q60.jpeg 1920w, https:\/\/opranic.com\/wp-content\/uploads\/2023\/04\/opranic-about-us-1920x400-q60-300x63.jpeg 300w, https:\/\/opranic.com\/wp-content\/uploads\/2023\/04\/opranic-about-us-1920x400-q60-1024x213.jpeg 1024w, https:\/\/opranic.com\/wp-content\/uploads\/2023\/04\/opranic-about-us-1920x400-q60-768x160.jpeg 768w, https:\/\/opranic.com\/wp-content\/uploads\/2023\/04\/opranic-about-us-1920x400-q60-1536x320.jpeg 1536w\" sizes=\"(max-width: 1920px) 100vw, 1920px\" \/><\/div><\/figure>[\/vc_column][\/vc_row][vc_row][vc_column]<style>.vcex-navbar.vcex_69e5f27ced56e a.vcex-navbar-link{color:#ffffff;background:#ee9305;text-transform:uppercase;}.vcex-navbar.vcex_69e5f27ced56e a.vcex-navbar-link:is(:hover,.active){color:#ffffff;background:#d6d6d6;}.vcex-navbar.vcex_69e5f27ced56e a.vcex-navbar-link:is(:active,.active){color:#ffffff;background:#262626;}<\/style><nav class=\"vcex-navbar vcex-navbar--expanded vcex-module vcex_69e5f27ced56e\"><div class=\"vcex-navbar-inner wpex-clr\"><a href=\"https:\/\/opranic.com\/faq-infrared-heating\/\" class=\"vcex-navbar-link vcex-navbar-link--8079 wpex-block wpex-float-left wpex-mb-5 theme-button minimal-border expanded has-bg-hover\"><span class=\"vcex-navbar-link-text\">Vanliga fr\u00e5gor Infrar\u00f6d uppv\u00e4rmning<\/span><\/a><a href=\"https:\/\/opranic.com\/faq-indoor-infrared-heating\/\" class=\"vcex-navbar-link vcex-navbar-link--13508 wpex-block wpex-float-left wpex-mb-5 theme-button minimal-border expanded has-bg-hover\"><span class=\"vcex-navbar-link-text\">FAQ Infrar\u00f6d uppv\u00e4rmning inomhus<\/span><\/a><a href=\"https:\/\/opranic.com\/faq-outdoor-infrared-heating\/\" class=\"vcex-navbar-link vcex-navbar-link--13520 wpex-block wpex-float-left wpex-mb-5 theme-button minimal-border expanded has-bg-hover\"><span class=\"vcex-navbar-link-text\">FAQ Infrav\u00e4rme f\u00f6r utomhusbruk<\/span><\/a><\/div><\/nav>[vc_row_inner equal_height=&#8221;yes&#8221; remove_bottom_col_margin=&#8221;true&#8221; css=&#8221;.vc_custom_1715063689585{padding-top: 30px !important;padding-bottom: 30px !important;}&#8221; el_id=&#8221;faq&#8221;][vc_column_inner]<style>.vcex-heading.vcex_69e5f27cf0e40{font-size:32px;text-transform:uppercase;}<\/style><h1 class=\"vcex-heading vcex-heading-plain vcex-module wpex-heading wpex-text-2xl vcex_69e5f27cf0e40\"><span class=\"vcex-heading-inner wpex-inline-block\">FAQ - OPRANIC INFRAR\u00d6D UPPV\u00c4RMNING<\/span><\/h1><style>.vcex-heading.vcex_69e5f27cf1ba2{color:#262626;font-weight:600;}<\/style><h2 class=\"vcex-heading vcex-heading-plain vcex-module wpex-heading wpex-text-2xl wpex-text-left vcex_69e5f27cf1ba2\"><span class=\"vcex-heading-inner wpex-inline-block\">ALLM\u00c4NT<\/span><\/h2>[vc_toggle title=&#8221;HUR FUNGERAR INFRAR\u00d6D UPPV\u00c4RMNING?&#8221; style=&#8221;arrow&#8221; css=&#8221;&#8221;]Infrar\u00f6d uppv\u00e4rmning fungerar genom att avge infrar\u00f6d str\u00e5lning, en typ av elektromagnetisk v\u00e5g som direkt v\u00e4rmer f\u00f6rem\u00e5l och m\u00e4nniskor snarare \u00e4n luften omkring dem.<br \/>\nDenna str\u00e5lning ligger mellan synligt ljus och mikrov\u00e5gor i det elektromagnetiska spektrumet och kan kategoriseras i n\u00e4ra, mellan och l\u00e5ngt infrar\u00f6d beroende p\u00e5 v\u00e5gl\u00e4ngden.<br \/>\nDessa v\u00e5gor f\u00e4rdas genom luften utan n\u00e5gon st\u00f6rre energif\u00f6rlust och absorberas av f\u00f6rem\u00e5l och ytor vid kontakt, vilket f\u00e5r deras molekyler att vibrera och \u00f6ka i v\u00e4rmeenergi.<br \/>\nDenna process ger omedelbar v\u00e4rme som liknar solens v\u00e4rme men utan skadliga ultravioletta str\u00e5lar, vilket skapar en behaglig och j\u00e4mnt f\u00f6rdelad v\u00e4rme i hela utrymmet genom att undvika ineffektiviteten med att f\u00f6rst v\u00e4rma upp luften.     <a href=\"https:\/\/opranic.com\/theory-of-infrared-heating\/\">L\u00e4s mer p\u00e5 engelska<\/a>[\/vc_toggle][vc_toggle title=&#8221;HUR FUNGERAR INFRAV\u00c4RMARE J\u00c4MF\u00d6RT MED TRADITIONELLA V\u00c4RMARE?&#8221; style=&#8221;arrow&#8221; css=&#8221;&#8221;]Infrav\u00e4rmare erbjuder flera tydliga f\u00f6rdelar j\u00e4mf\u00f6rt med traditionella v\u00e4rmare, vilket g\u00f6r dem till ett popul\u00e4rt val f\u00f6r olika uppv\u00e4rmningsbehov.  <b>Uppv\u00e4rmningsmetod:<\/b><\/p>\n<ul>\n<li>Infrav\u00e4rmare: Dessa v\u00e4rmare avger infrar\u00f6d str\u00e5lning som direkt v\u00e4rmer upp f\u00f6rem\u00e5l och personer i rummet, p\u00e5 samma s\u00e4tt som solen v\u00e4rmer upp jorden.<br \/>\nTill exempel v\u00e4rmer en Opranic Infrav\u00e4rmare f\u00f6r badrum snabbt upp utrymmet och h\u00e5ller ytorna torra, vilket f\u00f6rhindrar m\u00f6geltillv\u00e4xt. <\/li>\n<li>Traditionella v\u00e4rmare: De flesta traditionella v\u00e4rmare, t.ex. konvektionsv\u00e4rmare, v\u00e4rmer luften i rummet.<br \/>\nDetta kan ta l\u00e4ngre tid och kan leda till oj\u00e4mn uppv\u00e4rmning, d\u00e4r varm luft stiger och kallare luft stannar n\u00e4ra golvet. <\/li>\n<\/ul>\n<p><b>Energieffektivitet:<\/b><\/p>\n<ul>\n<li>Infrav\u00e4rmare: Eftersom de v\u00e4rmer f\u00f6rem\u00e5l direkt kan Infrav\u00e4rmare vara mer energieffektiva, s\u00e4rskilt i utrymmen d\u00e4r omedelbar, riktad v\u00e4rme beh\u00f6vs.<br \/>\nOm du till exempel anv\u00e4nder en Infrav\u00e4rmare p\u00e5 ett hemmakontor kan du f\u00e5 snabb komfort utan att beh\u00f6va v\u00e4rma upp hela huset. <\/li>\n<li>Traditionella v\u00e4rmare: Dessa m\u00e5ste ofta v\u00e4rma upp hela rummet innan de boende k\u00e4nner sig varma, vilket kan vara mindre effektivt och mer kostsamt n\u00e4r det g\u00e4ller energif\u00f6rbrukning.<\/li>\n<\/ul>\n<p><b>Svarstid:<\/b><\/p>\n<ul>\n<li>Infrav\u00e4rmare: De ger n\u00e4stan omedelbar v\u00e4rme, vilket g\u00f6r dem idealiska f\u00f6r situationer d\u00e4r snabb v\u00e4rme \u00f6nskas.<br \/>\nTill exempel i ett kallt garage eller en kall verkstad kan en Infrav\u00e4rmare omedelbart g\u00f6ra utrymmet behagligt. <\/li>\n<li>Traditionella v\u00e4rmare: Dessa tar vanligtvis l\u00e4ngre tid att v\u00e4rma upp ett rum eftersom de f\u00f6rlitar sig p\u00e5 att v\u00e4rma upp luften, som sedan cirkulerar f\u00f6r att skapa en varm milj\u00f6.<\/li>\n<\/ul>\n<p><b>Luftkvalitet:<\/b><\/p>\n<ul>\n<li>Infrav\u00e4rmare: Eftersom de inte \u00e4r beroende av luftcirkulation r\u00f6r de inte upp damm och allergener, vilket g\u00f6r dem till ett bra alternativ f\u00f6r personer med allergier eller astma.<br \/>\nTill exempel kan en Infrav\u00e4rmare i ett sovrum ge en ren och bekv\u00e4m sovmilj\u00f6. <\/li>\n<li>Traditionella v\u00e4rmare: Dessa kan cirkulera damm och allergener eftersom de f\u00f6rlitar sig p\u00e5 luftr\u00f6relser f\u00f6r att distribuera v\u00e4rme, vilket kan vara problematiskt f\u00f6r personer med andningssv\u00e5righeter.<\/li>\n<\/ul>\n<p>  Infrav\u00e4rmare erbjuder riktad, effektiv och snabb uppv\u00e4rmning med extra f\u00f6rdelar som f\u00f6rb\u00e4ttrad luftkvalitet och s\u00e4kerhetsfunktioner.<br \/>\nDetta g\u00f6r dem till ett m\u00e5ngsidigt och ofta mer effektivt val f\u00f6r m\u00e5nga moderna uppv\u00e4rmningsbehov.   <a href=\"https:\/\/opranic.com\/sv\/infrarod-uppvarmning-den-ultimata-guiden\/\">L\u00e4s mer p\u00e5 engelska<\/a>[\/vc_toggle][vc_toggle title=&#8221;VILKA \u00c4R F\u00d6RDELARNA MED ATT ANV\u00c4NDA OPRANIC INFRAR\u00d6DV\u00c4RMARE?&#8221; style=&#8221;arrow&#8221; css=&#8221;&#8221;]Opranic Infrav\u00e4rmare erbjuder flera f\u00f6rdelar som g\u00f6r dem till ett popul\u00e4rt val f\u00f6r b\u00e5de bostads- och kommersiell uppv\u00e4rmning.<br \/>\nDe \u00e4r k\u00e4nda f\u00f6r sin energieffektivitet och v\u00e4rmer f\u00f6rem\u00e5l och m\u00e4nniskor direkt i st\u00e4llet f\u00f6r luften, vilket ger effektivare energianv\u00e4ndning och l\u00e4gre uppv\u00e4rmningskostnader j\u00e4mf\u00f6rt med traditionella system.  F\u00f6r utomhusuppv\u00e4rmning ger Opranic Infrav\u00e4rmare omedelbar v\u00e4rme, vilket snabbt g\u00f6r utrymmen bekv\u00e4ma.<br \/>\nDe v\u00e4rmer m\u00e4nniskor direkt, vilket f\u00f6rhindrar energif\u00f6rlust och g\u00f6r dem till det b\u00e4sta valet f\u00f6r uteplatser, terrasser och andra \u00f6ppna ytor.  Inomhus ger dessa v\u00e4rmare en j\u00e4mn v\u00e4rmef\u00f6rdelning, vilket minskar kalla fl\u00e4ckar och ger en j\u00e4mn v\u00e4rme i hela rummet.<br \/>\nDe cirkulerar inte luft, vilket minimerar spridningen av damm, allergener och f\u00f6roreningar, vilket \u00e4r f\u00f6rdelaktigt f\u00f6r personer med andningssv\u00e5righeter eller allergier.<br \/>\nDessutom uppr\u00e4tth\u00e5ller de naturliga luftfuktighetsniv\u00e5er, vilket minskar risken f\u00f6r torr hud och luftv\u00e4gsbesv\u00e4r och skapar en behaglig milj\u00f6.<br \/>\nInfrav\u00e4rmare fr\u00e5n OPRANIC hj\u00e4lper ocks\u00e5 till att f\u00f6rhindra m\u00f6geltillv\u00e4xt genom att h\u00e5lla v\u00e4ggarna torra.    Milj\u00f6m\u00e4ssigt bidrar Opranic Infrav\u00e4rmare till ett l\u00e4gre koldioxidavtryck genom att anv\u00e4nda mindre energi och inte producera n\u00e5gra biprodukter fr\u00e5n f\u00f6rbr\u00e4nningen, vilket g\u00f6r dem till ett s\u00e4kert och milj\u00f6v\u00e4nligt uppv\u00e4rmningsalternativ. S\u00e4kerhetsfunktionerna omfattar ytor som \u00e4r svala att r\u00f6ra vid och \u00f6verhettningsskydd, vilket minskar risken f\u00f6r br\u00e4nnskador och garanterar s\u00e4ker drift.<br \/>\nDe arbetar ocks\u00e5 tyst, vilket skapar en lugn milj\u00f6 som \u00e4r idealisk f\u00f6r b\u00e5de inomhus- och utomhusmilj\u00f6er.  Deras moderna, eleganta design kompletterar olika inredningsstilar och ger ett estetiskt merv\u00e4rde.<br \/>\nDe \u00e4r l\u00e4tta att installera och kr\u00e4ver minimalt underh\u00e5ll, vilket ger en problemfri uppv\u00e4rmningsl\u00f6sning.  Sammanfattningsvis erbjuder Opranic Infrav\u00e4rmare m\u00e5nga f\u00f6rdelar, inklusive energieffektivitet, f\u00f6rb\u00e4ttrad komfort, h\u00e4lsof\u00f6rdelar, kostnadseffektiv drift, milj\u00f6v\u00e4nlighet, m\u00e5ngsidighet, s\u00e4kerhetsfunktioner, ljudfri drift, estetisk design och enkel installation och underh\u00e5ll, vilket g\u00f6r dem till ett utm\u00e4rkt val f\u00f6r att uppgradera alla v\u00e4rmesystem.  <a href=\"https:\/\/opranic.com\/sv\/halsa-infraroda-varmare-fordelarna-i-korthet\/\">L\u00e4s mer p\u00e5 engelska<\/a>[\/vc_toggle][vc_toggle title=&#8221;VAD SKILJER OPRANIC INFRAR\u00d6DA V\u00c4RMARE F\u00d6R INOMHUSBRUK FR\u00c5N OPRANIC INFRAR\u00d6DA V\u00c4RMESTR\u00c5LARE F\u00d6R UTOMHUSBRUK?&#8221; style=&#8221;arrow&#8221; css=&#8221;&#8221;]\n<p><b>V\u00e5gl\u00e4ngd och v\u00e4rmeeffektivitet<\/b><\/p>\n<ul>\n<li><b>Infrar\u00f6da v\u00e4rmare f\u00f6r inomhusbruk:<\/b>\n<ul>\n<li>V\u00e5gl\u00e4ngd: Dessa v\u00e4rmare anv\u00e4nder vanligtvis l\u00e5ngv\u00e5gig infrar\u00f6d str\u00e5lning (IR-C), som arbetar med v\u00e5gl\u00e4ngder \u00f6ver 3,0 \u03bcm.<br \/>\nDenna typ av str\u00e5lning \u00e4r idealisk f\u00f6r inomhusutrymmen eftersom den ger mild, j\u00e4mn v\u00e4rme utan att producera synligt ljus. <\/li>\n<li>Effektiv uppv\u00e4rmning: L\u00e5ngv\u00e5giga Infrav\u00e4rmare \u00e4r utformade f\u00f6r att absorberas effektivt av m\u00e4nniskors hud och f\u00f6rem\u00e5l i ett rum, vilket ger en effektiv och behaglig uppv\u00e4rmning i slutna milj\u00f6er.<br \/>\nDe \u00e4r mindre intensiva j\u00e4mf\u00f6rt med kortv\u00e5giga eller mellanv\u00e5giga v\u00e4rmare, vilket g\u00f6r dem l\u00e4mpliga f\u00f6r att uppr\u00e4tth\u00e5lla en mysig inomhusatmosf\u00e4r.   <a href=\"https:\/\/opranic.com\/theory-of-infrared-heating\/\">L\u00e4s mer p\u00e5 engelska<\/a><\/li>\n<\/ul>\n<\/li>\n<li><b>Infrav\u00e4rmare f\u00f6r utomhusbruk:<\/b>\n<ul>\n<li>V\u00e5gl\u00e4ngd: Infrav\u00e4rmare f\u00f6r utomhusbruk anv\u00e4nder i allm\u00e4nhet medelv\u00e5gig infrar\u00f6d str\u00e5lning (IR-B), som ligger mellan 1,4 &#8211; 3,0 \u03bcm.<br \/>\nDenna v\u00e5gl\u00e4ngd avger mer intensiv v\u00e4rme som kan motst\u00e5 de kylande effekterna av vind och \u00f6ppna utrymmen. <\/li>\n<li>Effektivitet vid uppv\u00e4rmning: Medelv\u00e5giga Infrav\u00e4rmare \u00e4r mer effektiva i utomhusmilj\u00f6er eftersom de kan ge starkare och mer direkt v\u00e4rme.<br \/>\nDetta s\u00e4kerst\u00e4ller att v\u00e4rmen n\u00e5r m\u00e4nniskor och f\u00f6rem\u00e5l trots milj\u00f6utmaningar som vind och utomhusluft.   <a href=\"https:\/\/opranic.com\/theory-of-infrared-heating\/\">L\u00e4s mer p\u00e5 engelska<\/a><\/li>\n<\/ul>\n<\/li>\n<\/ul>\n[\/vc_toggle][vc_toggle title=&#8221;\u00c4R OPRANIC-V\u00c4RMARE L\u00c4MPLIGA F\u00d6R KOMMERSIELLT BRUK?&#8221; style=&#8221;arrow&#8221; css=&#8221;&#8221;]Ja, OPRANIC-v\u00e4rmare \u00e4r mycket l\u00e4mpliga f\u00f6r kommersiell anv\u00e4ndning tack vare deras exceptionella energieffektivitet, h\u00e5llbarhet och avancerade tekniska funktioner.<br \/>\nOpranic Infrav\u00e4rmare f\u00f6r utomhusbruk \u00e4r utformade f\u00f6r att ge snabb och kraftfull v\u00e4rme genom avancerad IR-X Carbon Black-teknik, vilket g\u00f6r dem \u00e4nnu b\u00e4ttre l\u00e4mpade f\u00f6r kommersiella utrymmen som kr\u00e4ver konsekventa och effektiva v\u00e4rmel\u00f6sningar.<br \/>\nDeras h\u00f6ga IP-klassning, som IP65-klassningen f\u00f6r THOR S70R, g\u00f6r dem motst\u00e5ndskraftiga mot vatten och damm, vilket m\u00f6jligg\u00f6r anv\u00e4ndning i kommersiella milj\u00f6er b\u00e5de inomhus och utomhus.<br \/>\nInfrav\u00e4rmare fr\u00e5n Opranic \u00e4r idealiska f\u00f6r utomhusrestauranger, caf\u00e9er och andra bes\u00f6ksm\u00e5l, eftersom de ger effektiva och eleganta v\u00e4rmel\u00f6sningar.    Opranic P5- och P6-serierna har t.ex. en anm\u00e4rkningsv\u00e4rd energiomvandlingseffektivitet och omvandlar cirka 99% av den elektriska energin till v\u00e4rme, vilket s\u00e4kerst\u00e4ller tillf\u00f6rlitlig och effektiv uppv\u00e4rmning av stora kommersiella inomhusomr\u00e5den.<br \/>\nDessa v\u00e4rmare \u00e4r tillverkade av h\u00f6gkvalitativa material som anodiserad aluminium och h\u00e4rdat glas, vilket ger robust och l\u00e5ngvarig prestanda \u00e4ven under tuffa f\u00f6rh\u00e5llanden.  Kombinationen av h\u00f6g effektivitet, robust konstruktion, m\u00e5ngsidiga installationsalternativ, avancerade s\u00e4kerhetsfunktioner och \u00f6verensst\u00e4mmelse med internationella standarder g\u00f6r OPRANIC-v\u00e4rmare till en tillf\u00f6rlitlig och effektiv l\u00f6sning f\u00f6r ett brett spektrum av kommersiella till\u00e4mpningar, fr\u00e5n restauranger och kaf\u00e9er till butiker, kontor och evenemangslokaler.<br \/>\nDeras f\u00f6rm\u00e5ga att ge j\u00e4mn v\u00e4rme \u00e4ven i utomhusmilj\u00f6er g\u00f6r dem m\u00e5ngsidiga.<br \/>\nF\u00f6r mer detaljerad information om specifika modeller och deras funktioner kan du bes\u00f6ka produktsidorna.    <a href=\"https:\/\/opranic.com\/sv\/grunderna-i-infrarod-teknik-en-introduktion\/\">L\u00e4s mer p\u00e5 engelska<\/a>[\/vc_toggle][vc_toggle title=&#8221;AVGER INFRAV\u00c4RMARE STR\u00c5LNING?&#8221; style=&#8221;arrow&#8221; css=&#8221;&#8221;]Ja, Infrav\u00e4rmare avger str\u00e5lning, men str\u00e5lningen \u00e4r s\u00e4ker och ofarlig, vilket ger en bekv\u00e4m och effektiv uppv\u00e4rmningsl\u00f6sning. <b>Typ av str\u00e5lning:<\/b> Infrav\u00e4rmare avger infrar\u00f6d str\u00e5lning, som \u00e4r en typ av elektromagnetisk str\u00e5lning.<br \/>\nDet \u00e4r samma typ av str\u00e5lning som solen avger, men utan den skadliga ultravioletta (UV) komponenten.<br \/>\nInfrar\u00f6d str\u00e5lning \u00e4r en del av det elektromagnetiska spektrumet och ligger strax bortom synligt ljus, vilket g\u00f6r den osynlig f\u00f6r det m\u00e4nskliga \u00f6gat men k\u00e4nns som v\u00e4rme. <b>Hur Infrav\u00e4rmare fungerar:<\/b> Infrav\u00e4rmare fungerar genom att avge infrar\u00f6da str\u00e5lar som direkt v\u00e4rmer f\u00f6rem\u00e5l och m\u00e4nniskor i deras v\u00e4g, snarare \u00e4n att v\u00e4rma luften som traditionella konvektionsv\u00e4rmare.<br \/>\nDenna direkta uppv\u00e4rmningsform \u00e4r effektiv och kan snabbt skapa en behaglig v\u00e4rme. <b>S\u00e4kerhet f\u00f6r infrar\u00f6d str\u00e5lning:<\/b> Den infrar\u00f6da str\u00e5lningen som avges av dessa v\u00e4rmare \u00e4r helt s\u00e4ker f\u00f6r m\u00e4nniskor och husdjur.<br \/>\nTill skillnad fr\u00e5n ultraviolett (UV) str\u00e5lning, som kan orsaka hudskador, \u00e4r infrar\u00f6d str\u00e5lning godartad och har anv\u00e4nts p\u00e5 ett s\u00e4kert s\u00e4tt i olika till\u00e4mpningar, inklusive medicinska terapier, i m\u00e5nga \u00e5r. <b>Till\u00e4mpningar av infrar\u00f6d str\u00e5lning:<\/b> Infrar\u00f6d teknik anv\u00e4nds ofta inom olika omr\u00e5den, t.ex. medicinska behandlingar (t.ex. infrar\u00f6da lampor f\u00f6r muskelterapi), livsmedelsuppv\u00e4rmning och uppv\u00e4rmning av bost\u00e4der p\u00e5 grund av dess s\u00e4kra och effektiva uppv\u00e4rmningsegenskaper. <a href=\"https:\/\/opranic.com\/sv\/halsa-infraroda-varmare-fordelarna-i-korthet\/\">L\u00e4s mer om infrar\u00f6d str\u00e5lning<\/a>[\/vc_toggle][\/vc_column_inner][\/vc_row_inner][\/vc_column][\/vc_row]\n<\/div>","protected":false},"excerpt":{"rendered":"<p>[vc_row][vc_column][\/vc_column][\/vc_row][vc_row][vc_column][vc_row_inner equal_height=&#8221;yes&#8221; remove_bottom_col_margin=&#8221;true&#8221; css=&#8221;.vc_custom_1715063689585{padding-top: 30px !important;padding-bottom: 30px !important;}&#8221; el_id=&#8221;faq&#8221;][vc_column_inner][vc_toggle title=&#8221;HUR FUNGERAR INFRAR\u00d6D UPPV\u00c4RMNING?&#8221; style=&#8221;arrow&#8221; css=&#8221;&#8221;]Infrar\u00f6d uppv\u00e4rmning fungerar genom att avge infrar\u00f6d str\u00e5lning, en typ av elektromagnetisk v\u00e5g som direkt v\u00e4rmer f\u00f6rem\u00e5l och m\u00e4nniskor snarare \u00e4n luften omkring dem. Denna str\u00e5lning ligger mellan synligt ljus och mikrov\u00e5gor i det elektromagnetiska spektrumet och kan kategoriseras i n\u00e4ra,&hellip;<\/p>\n","protected":false},"author":1,"featured_media":0,"parent":0,"menu_order":0,"comment_status":"closed","ping_status":"closed","template":"","meta":{"_acf_changed":false,"inline_featured_image":false,"_joinchat":[],"footnotes":""},"class_list":["post-8079","page","type-page","status-publish","hentry","entry","no-media"],"acf":[],"_links":{"self":[{"href":"https:\/\/opranic.com\/sv\/wp-json\/wp\/v2\/pages\/8079","targetHints":{"allow":["GET"]}}],"collection":[{"href":"https:\/\/opranic.com\/sv\/wp-json\/wp\/v2\/pages"}],"about":[{"href":"https:\/\/opranic.com\/sv\/wp-json\/wp\/v2\/types\/page"}],"author":[{"embeddable":true,"href":"https:\/\/opranic.com\/sv\/wp-json\/wp\/v2\/users\/1"}],"replies":[{"embeddable":true,"href":"https:\/\/opranic.com\/sv\/wp-json\/wp\/v2\/comments?post=8079"}],"version-history":[{"count":0,"href":"https:\/\/opranic.com\/sv\/wp-json\/wp\/v2\/pages\/8079\/revisions"}],"wp:attachment":[{"href":"https:\/\/opranic.com\/sv\/wp-json\/wp\/v2\/media?parent=8079"}],"curies":[{"name":"wp","href":"https:\/\/api.w.org\/{rel}","templated":true}]}}