{"id":8227,"date":"2023-09-25T15:56:11","date_gmt":"2023-09-25T13:56:11","guid":{"rendered":"https:\/\/opranic.com\/returformular\/"},"modified":"2025-10-30T00:26:48","modified_gmt":"2025-10-29T23:26:48","slug":"returformular","status":"publish","type":"page","link":"https:\/\/opranic.com\/sv\/returformular\/","title":{"rendered":"Returformul\u00e4r"},"content":{"rendered":"<div class=\"wpb-content-wrapper\">[vc_row][vc_column width=&#8221;1\/4&#8243;]<style>.vcex-navbar.vcex_69dfd5b62cc8f a.vcex-navbar-link{color:#ffffff;background:#ee9305;text-transform:uppercase;}.vcex-navbar.vcex_69dfd5b62cc8f a.vcex-navbar-link:is(:hover,.active){color:#ffffff;background:#d6d6d6;}.vcex-navbar.vcex_69dfd5b62cc8f a.vcex-navbar-link:is(:active,.active){color:#ffffff;background:#262626;}<\/style><nav class=\"vcex-navbar vcex-navbar--expanded vcex-module vcex_69dfd5b62cc8f\"><div class=\"vcex-navbar-inner wpex-clr\"><a href=\"https:\/\/opranic.com\/contact-us\/\" class=\"vcex-navbar-link vcex-navbar-link--7375 wpex-block wpex-float-left wpex-mb-5 theme-button minimal-border expanded has-bg-hover\"><span class=\"vcex-navbar-link-text\">Kontakta oss<\/span><\/a><a href=\"https:\/\/opranic.com\/reseller-inquiry\/\" class=\"vcex-navbar-link vcex-navbar-link--14652 wpex-block wpex-float-left wpex-mb-5 theme-button minimal-border expanded has-bg-hover\"><span class=\"vcex-navbar-link-text\">\u00c5terf\u00f6rs\u00e4ljarf\u00f6rfr\u00e5gan<\/span><\/a><a href=\"https:\/\/opranic.com\/return-form\/\" class=\"vcex-navbar-link vcex-navbar-link--8227 wpex-block wpex-float-left wpex-mb-5 theme-button minimal-border expanded has-bg-hover\"><span class=\"vcex-navbar-link-text\">Returformul\u00e4r<\/span><\/a><\/div><\/nav><div class=\"vcex-spacing wpex-w-100 wpex-clear\"><\/div><div class=\"vcex-module vcex-divider vcex-divider-solid vcex-divider-center wpex-mx-auto wpex-block wpex-h-0 wpex-border-b wpex-border-solid wpex-border-main\"><\/div><div class=\"vcex-spacing wpex-w-100 wpex-clear\"><\/div>[vc_column_text]\n<h2 class=\"vcex-heading vcex-heading-plain vcex-module wpex-text-2xl wpex-font-normal wpex-mb-10 wpex-text-left vcex_6511575c2cfb8\"><span class=\"vcex-heading-inner wpex-inline-block\">V\u00c5R ADRESS<\/span><\/h2>\n<div class=\"vcex-spacing wpex-w-100 wpex-clear vcex_6511575c2d39c\">Adress: OPRANIC, BOX 2356, 116 74 Stockholm<\/div>\n<div class=\"vcex-spacing wpex-w-100 wpex-clear vcex_6511575c2d39c\">Tfn: <a href=\"tel:+46855920360\">+46 8 559 203 60<\/a><\/div>\n<div class=\"vcex-spacing wpex-w-100 wpex-clear vcex_6511575c2d39c\">Fax: <a href=\"fax:+4655116586\">+46 551 165 86<\/a><\/div>\n<div class=\"vcex-spacing wpex-w-100 wpex-clear vcex_6511575c2d39c\">E-post: <a href=\"mailto:info@opranic.com\">info@opranic.com<\/a><\/div>\n[\/vc_column_text][\/vc_column][vc_column width=&#8221;3\/4&#8243;]<style>.vcex-heading.vcex_69dfd5b635730{text-transform:uppercase;}<\/style><h1 class=\"vcex-heading vcex-heading-plain vcex-module wpex-heading wpex-text-2xl vcex_69dfd5b635730\"><span class=\"vcex-heading-inner wpex-inline-block\">Formul\u00e4r f\u00f6r beg\u00e4ran om retur<\/span><\/h1><div class=\"vcex-spacing wpex-w-100 wpex-clear\" style=\"height:20px;\"><\/div>[vc_column_text]K\u00e4ra v\u00e4rderade kund,<\/p>\n<p>Vi f\u00f6rst\u00e5r att det kan finnas olika sk\u00e4l till att returnera en produkt. P\u00e5 Opranic str\u00e4var vi efter att f\u00f6renkla denna process i enlighet med v\u00e5r returpolicy. F\u00f6r att underl\u00e4tta din retur, v\u00e4nligen anv\u00e4nd detta formul\u00e4r f\u00f6r att registrera din produkt. Fyll i de obligatoriska uppgifterna s\u00e5 guidar vi dig till n\u00e4sta steg.<\/p>\n<p>Om det finns produktskador eller transportskador, v\u00e4nligen bifoga en bild som visar det skadade omr\u00e5det. Detta kommer att p\u00e5skynda godk\u00e4nnandet av RMA-beg\u00e4ran.<\/p>\n<p>V\u00e4nligen l\u00e4mna detaljerad information i f\u00e4lten nedan.<\/p>\n<p>Med v\u00e4nliga h\u00e4lsningar<br \/>\nOpranic[\/vc_column_text]<div class=\"vcex-shortcode wpex-clr\"><style id=\"wpforms-css-vars-8110\">\n\t\t\t\t#wpforms-8110 {\n\t\t\t\t--wpforms-field-size-input-height: 43px;\n--wpforms-field-size-input-spacing: 15px;\n--wpforms-field-size-font-size: 16px;\n--wpforms-field-size-line-height: 19px;\n--wpforms-field-size-padding-h: 14px;\n--wpforms-field-size-checkbox-size: 16px;\n--wpforms-field-size-sublabel-spacing: 5px;\n--wpforms-field-size-icon-size: 1;\n--wpforms-label-size-font-size: 16px;\n--wpforms-label-size-line-height: 19px;\n--wpforms-label-size-sublabel-font-size: 14px;\n--wpforms-label-size-sublabel-line-height: 17px;\n--wpforms-button-size-font-size: 17px;\n--wpforms-button-size-height: 41px;\n--wpforms-button-size-padding-h: 15px;\n--wpforms-button-size-margin-top: 10px;\n--wpforms-container-shadow-size-box-shadow: none;\n\t\t\t}\n\t\t\t<\/style><div class=\"wpforms-container wpforms-container-full wpforms-render-modern\" id=\"wpforms-8110\"><form id=\"wpforms-form-8110\" class=\"wpforms-validate wpforms-form wpforms-ajax-form\" data-formid=\"8110\" method=\"post\" enctype=\"multipart\/form-data\" action=\"\/sv\/wp-json\/wp\/v2\/pages\/8227?wpforms_form_id=8110\" data-token=\"7667dba31a55422e75df2c9a1efbe9b9\" data-token-time=\"1776276918\"><noscript class=\"wpforms-error-noscript\">Aktivera JavaScript i din webbl\u00e4sare f\u00f6r att slutf\u00f6ra detta formul\u00e4r.<\/noscript><div id=\"wpforms-error-noscript\" style=\"display: none;\">Aktivera JavaScript i din webbl\u00e4sare f\u00f6r att slutf\u00f6ra detta formul\u00e4r.<\/div><div class=\"wpforms-field-container\"><div id=\"wpforms-8110-field_1-container\" class=\"wpforms-field wpforms-field-divider\" data-field-id=\"1\"><h3 id=\"wpforms-8110-field_1\" aria-errormessage=\"wpforms-8110-field_1-error\">RMA-formul\u00e4r<\/h3><\/div><div id=\"wpforms-8110-field_3-container\" class=\"wpforms-field wpforms-field-name\" data-field-id=\"3\"><fieldset><legend class=\"wpforms-field-label\">Kundnamn <span class=\"wpforms-required-label\" aria-hidden=\"true\">*<\/span><\/legend><div class=\"wpforms-field-row wpforms-field-large\"><div class=\"wpforms-field-row-block wpforms-first wpforms-one-half\"><input type=\"text\" id=\"wpforms-8110-field_3\" class=\"wpforms-field-name-first wpforms-field-required\" name=\"wpforms[fields][3][first]\" placeholder=\"t.ex. Jane\" aria-errormessage=\"wpforms-8110-field_3-error\" required><label for=\"wpforms-8110-field_3\" class=\"wpforms-field-sublabel after\">F\u00f6rsta<\/label><\/div><div class=\"wpforms-field-row-block wpforms-one-half\"><input type=\"text\" id=\"wpforms-8110-field_3-last\" class=\"wpforms-field-name-last wpforms-field-required\" name=\"wpforms[fields][3][last]\" placeholder=\"Smith\" aria-errormessage=\"wpforms-8110-field_3-last-error\" required><label for=\"wpforms-8110-field_3-last\" class=\"wpforms-field-sublabel after\">Sista<\/label><\/div><\/div><\/fieldset><\/div>\t\t<div id=\"wpforms-8110-field_6-container\"\n\t\t\tclass=\"wpforms-field wpforms-field-text\"\n\t\t\tdata-field-type=\"text\"\n\t\t\tdata-field-id=\"6\"\n\t\t\t>\n\t\t\t<label class=\"wpforms-field-label\" for=\"wpforms-8110-field_6\" >f\u00f6r Produkt RMA-formul\u00e4r<\/label>\n\t\t\t<input type=\"text\" id=\"wpforms-8110-field_6\" class=\"wpforms-field-medium\" name=\"wpforms[fields][6]\" >\n\t\t<\/div>\n\t\t<div id=\"wpforms-8110-field_2-container\" class=\"wpforms-field wpforms-field-layout\" data-field-id=\"2\"><div class=\"wpforms-field-layout-columns wpforms-field-layout-preset-50-50\"><div class=\"wpforms-layout-column wpforms-layout-column-50\" ><div id=\"wpforms-8110-field_4-container\" class=\"wpforms-field wpforms-field-email\" data-field-id=\"4\"><label class=\"wpforms-field-label\" for=\"wpforms-8110-field_4\">E-postadress <span class=\"wpforms-required-label\" aria-hidden=\"true\">*<\/span><\/label><input type=\"email\" id=\"wpforms-8110-field_4\" class=\"wpforms-field-medium wpforms-field-required\" name=\"wpforms[fields][4]\" placeholder=\"t.ex. jane.smith@email.com\" spellcheck=\"false\" aria-errormessage=\"wpforms-8110-field_4-error\" required><\/div><div id=\"wpforms-8110-field_23-container\" class=\"wpforms-field wpforms-field-text\" data-field-id=\"23\"><label class=\"wpforms-field-label\" for=\"wpforms-8110-field_23\">Best\u00e4llningsnummer<\/label><input type=\"text\" id=\"wpforms-8110-field_23\" class=\"wpforms-field-medium\" name=\"wpforms[fields][23]\" aria-errormessage=\"wpforms-8110-field_23-error\" ><\/div><div id=\"wpforms-8110-field_11-container\" class=\"wpforms-field wpforms-field-text\" data-field-id=\"11\"><label class=\"wpforms-field-label\" for=\"wpforms-8110-field_11\">Produkt SKU <span class=\"wpforms-required-label\" aria-hidden=\"true\">*<\/span><\/label><input type=\"text\" id=\"wpforms-8110-field_11\" class=\"wpforms-field-medium wpforms-field-required\" name=\"wpforms[fields][11]\" placeholder=\"t.ex. P6H900, ECO14T2 ....\" aria-errormessage=\"wpforms-8110-field_11-error\" required><\/div><div id=\"wpforms-8110-field_16-container\" class=\"wpforms-field wpforms-field-select wpforms-field-select-style-classic\" data-field-id=\"16\"><label class=\"wpforms-field-label\" for=\"wpforms-8110-field_16\">Anledning till retur <span class=\"wpforms-required-label\" aria-hidden=\"true\">*<\/span><\/label><select id=\"wpforms-8110-field_16\" class=\"wpforms-field-medium wpforms-field-required\" name=\"wpforms[fields][16]\" required=\"required\"><option value=\"Defekt\"  class=\"choice-1 depth-1\"  >Defekt<\/option><option value=\"Felaktig artikel skickad\"  class=\"choice-2 depth-1\"  >Felaktig artikel skickad<\/option><option value=\"\u00c5nger\"  class=\"choice-3 depth-1\"  >\u00c5nger<\/option><option value=\"Transport skadad\"  class=\"choice-4 depth-1\"  >Transport skadad<\/option><option value=\"Missn\u00f6jd med produkten\"  class=\"choice-5 depth-1\"  >Missn\u00f6jd med produkten<\/option><option value=\"Delar som saknas i paketet\"  class=\"choice-6 depth-1\"  >Delar som saknas i paketet<\/option><option value=\"Annan anledning - beskriv i kommentarerna\"  class=\"choice-7 depth-1\"  >Annan anledning - beskriv i kommentarerna<\/option><\/select><\/div><div id=\"wpforms-8110-field_18-container\" class=\"wpforms-field wpforms-field-file-upload\" data-field-id=\"18\"><label class=\"wpforms-field-label\" for=\"wpforms-8110-field_18\">Bilagor<\/label><div\n\t\tclass=\"wpforms-uploader \"\n\t\tdata-field-id=\"18\"\n\t\tdata-form-id=\"8110\"\n\t\tdata-input-name=\"wpforms_8110_18\"\n\t\tdata-extensions=\"jpg,jpeg,jpe,gif,png,bmp,tiff,tif,webp,avif,ico,heic,heif,heics,heifs,asf,asx,wmv,wmx,wm,avi,divx,mov,qt,mpeg,mpg,mpe,mp4,m4v,ogv,webm,mkv,3gp,3gpp,3g2,3gp2,txt,asc,c,cc,h,srt,csv,tsv,ics,rtx,css,vtt,mp3,m4a,m4b,aac,ra,ram,wav,x-wav,ogg,oga,flac,mid,midi,wma,wax,mka,rtf,pdf,class,tar,zip,gz,gzip,rar,7z,psd,xcf,doc,pot,pps,ppt,wri,xla,xls,xlt,xlw,mpp,docx,docm,dotx,dotm,xlsx,xlsm,xlsb,xltx,xltm,xlam,pptx,pptm,ppsx,ppsm,potx,potm,ppam,sldx,sldm,onetoc,onetoc2,onepkg,oxps,xps,odt,odp,ods,odg,odc,odb,odf,wp,wpd,key,numbers,pages\"\n\t\tdata-max-size=\"536870912\"\n\t\tdata-max-file-number=\"4\"\n\t\tdata-post-max-size=\"536870912\"\n\t\tdata-max-parallel-uploads=\"4\"\n\t\tdata-parallel-uploads=\"true\"\n\t\tdata-file-chunk-size=\"2097152\">\n\t<div class=\"dz-message\">\n\t\t<svg  viewBox=\"0 0 640 640\" focusable=\"false\" data-icon=\"inbox\" width=\"50px\" height=\"50px\" fill=\"currentColor\" aria-hidden=\"true\">\n\t\t\t<path d=\"M352 173.3L352 384C352 401.7 337.7 416 320 416C302.3 416 288 401.7 288 384L288 173.3L246.6 214.7C234.1 227.2 213.8 227.2 201.3 214.7C188.8 202.2 188.8 181.9 201.3 169.4L297.3 73.4C309.8 60.9 330.1 60.9 342.6 73.4L438.6 169.4C451.1 181.9 451.1 202.2 438.6 214.7C426.1 227.2 405.8 227.2 393.3 214.7L352 173.3zM320 464C364.2 464 400 428.2 400 384L480 384C515.3 384 544 412.7 544 448L544 480C544 515.3 515.3 544 480 544L160 544C124.7 544 96 515.3 96 480L96 448C96 412.7 124.7 384 160 384L240 384C240 428.2 275.8 464 320 464zM464 488C477.3 488 488 477.3 488 464C488 450.7 477.3 440 464 440C450.7 440 440 450.7 440 464C440 477.3 450.7 488 464 488z\"\/>\n\t\t<\/svg>\n\n\t\t<span class=\"modern-title\">\n\t\t\t\t\t\t\tDrag &amp; Drop Files, \t\t\t\t<span>Choose Files to Upload<\/span>\n\t\t\t\t\t<\/span>\n\n\t\t\t\t\t<span class=\"modern-hint\">Du kan ladda upp upp till 4 filer.<\/span>\n\t\t\t<\/div>\n<\/div>\n\n<input\n\t\ttype=\"text\"\n\t\tautocomplete=\"off\"\n\t\treadonly\n\t\tclass=\"dropzone-input\"\n\t\tstyle=\"position:absolute!important;clip:rect(0,0,0,0)!important;height:1px!important;width:1px!important;border:0!important;overflow:hidden!important;padding:0!important;margin:0!important;\"\n\t\tid=\"wpforms-8110-field_18\"\n\t\tname=\"wpforms_8110_18\" \t\tvalue=\"\">\n<\/div><\/div><div class=\"wpforms-layout-column wpforms-layout-column-50\" ><div id=\"wpforms-8110-field_5-container\" class=\"wpforms-field wpforms-field-phone\" data-field-id=\"5\"><label class=\"wpforms-field-label\" for=\"wpforms-8110-field_5\">Telefonnummer <span class=\"wpforms-required-label\" aria-hidden=\"true\">*<\/span><\/label><input type=\"tel\" id=\"wpforms-8110-field_5\" class=\"wpforms-field-medium wpforms-field-required wpforms-smart-phone-field\" data-rule-smart-phone-field=\"true\" name=\"wpforms[fields][5]\" aria-label=\"Telefonnummer\" aria-errormessage=\"wpforms-8110-field_5-error\" required><\/div><div id=\"wpforms-8110-field_24-container\" class=\"wpforms-field wpforms-field-text\" data-field-id=\"24\"><label class=\"wpforms-field-label\" for=\"wpforms-8110-field_24\">K\u00f6pt p\u00e5<\/label><input type=\"text\" id=\"wpforms-8110-field_24\" class=\"wpforms-field-medium\" name=\"wpforms[fields][24]\" placeholder=\"Namn p\u00e5 \u00e5terf\u00f6rs\u00e4ljare\" aria-errormessage=\"wpforms-8110-field_24-error\" ><\/div><div id=\"wpforms-8110-field_13-container\" class=\"wpforms-field wpforms-field-date-time\" data-field-id=\"13\"><label class=\"wpforms-field-label\" for=\"wpforms-8110-field_13\">Datum f\u00f6r k\u00f6p <span class=\"wpforms-required-label\" aria-hidden=\"true\">*<\/span><\/label><div class=\"wpforms-datepicker-wrap\"><input type=\"text\" id=\"wpforms-8110-field_13\" class=\"wpforms-field-date-time-date wpforms-datepicker wpforms-field-required wpforms-field-medium\" data-date-format=\"d\/m\/Y\" data-disable-past-dates=\"0\" data-input=\"true\" name=\"wpforms[fields][13][date]\" placeholder=\"MM\/DD\/\u00c5\u00c5\u00c5\" aria-errormessage=\"wpforms-8110-field_13-error\" required><a title=\"Clear Date\" data-clear role=\"button\" tabindex=\"0\" class=\"wpforms-datepicker-clear\" aria-label=\"Clear Date\" style=\"display:none;\"><\/a><\/div><\/div><div id=\"wpforms-8110-field_17-container\" class=\"wpforms-field wpforms-field-text\" data-field-id=\"17\"><label class=\"wpforms-field-label\" for=\"wpforms-8110-field_17\">Beskriv problemet <span class=\"wpforms-required-label\" aria-hidden=\"true\">*<\/span><\/label><input type=\"text\" id=\"wpforms-8110-field_17\" class=\"wpforms-field-medium wpforms-field-required\" name=\"wpforms[fields][17]\" placeholder=\"t.ex., Anl\u00e4nde med en transportskada\" aria-errormessage=\"wpforms-8110-field_17-error\" required><\/div><div id=\"wpforms-8110-field_22-container\" class=\"wpforms-field wpforms-field-text\" data-field-id=\"22\"><label class=\"wpforms-field-label\" for=\"wpforms-8110-field_22\">Ytterligare kommentarer<\/label><input type=\"text\" id=\"wpforms-8110-field_22\" class=\"wpforms-field-medium\" name=\"wpforms[fields][22]\" aria-errormessage=\"wpforms-8110-field_22-error\" ><\/div><\/div><\/div><\/div><script>\n\t\t\t\t( function() {\n\t\t\t\t\tconst style = document.createElement( 'style' );\n\t\t\t\t\tstyle.appendChild( document.createTextNode( '#wpforms-8110-field_6-container { position: absolute !important; overflow: hidden !important; display: inline !important; height: 1px !important; width: 1px !important; z-index: -1000 !important; padding: 0 !important; } #wpforms-8110-field_6-container input { visibility: hidden; } #wpforms-conversational-form-page #wpforms-8110-field_6-container label { counter-increment: none; }' ) );\n\t\t\t\t\tdocument.head.appendChild( style );\n\t\t\t\t\tdocument.currentScript?.remove();\n\t\t\t\t} )();\n\t\t\t<\/script><\/div><!-- .wpforms-field-container --><div class=\"wpforms-recaptcha-container wpforms-is-recaptcha wpforms-is-recaptcha-type-v3\" ><input type=\"hidden\" name=\"wpforms[recaptcha]\" value=\"\"><\/div><div class=\"wpforms-submit-container\" ><input type=\"hidden\" name=\"wpforms[id]\" value=\"8110\"><input type=\"hidden\" name=\"page_title\" value=\"\"><input type=\"hidden\" name=\"page_url\" value=\"https:\/\/opranic.com\/sv\/wp-json\/wp\/v2\/pages\/8227\"><input type=\"hidden\" name=\"url_referer\" value=\"https:\/\/opranic.com\/sv\/returformular\/\"><button type=\"submit\" name=\"wpforms[submit]\" id=\"wpforms-submit-8110\" class=\"wpforms-submit\" data-alt-text=\"Skickar...\" data-submit-text=\"SKICKA\" aria-live=\"assertive\" value=\"wpforms-submit\">SKICKA<\/button><img src=\"https:\/\/opranic.com\/wp-content\/plugins\/wpforms\/assets\/images\/submit-spin.svg\" class=\"wpforms-submit-spinner\" style=\"display: none;\" width=\"26\" height=\"26\" alt=\"Laddar\"><\/div><\/form><\/div>  <!-- .wpforms-container --><\/div>[vc_column_text]Genom att klicka p\u00e5 knappen &#8221;SUBMIT&#8221;,<br \/>\nJag samtycker till behandling av personuppgifter[\/vc_column_text][\/vc_column][\/vc_row]\n<\/div>","protected":false},"excerpt":{"rendered":"<p>[vc_row][vc_column width=&#8221;1\/4&#8243;][vc_column_text] V\u00c5R ADRESS Adress: OPRANIC, BOX 2356, 116 74 Stockholm Tfn: +46 8 559 203 60 Fax: +46 551 165 86 E-post: info@opranic.com [\/vc_column_text][\/vc_column][vc_column width=&#8221;3\/4&#8243;][vc_column_text]K\u00e4ra v\u00e4rderade kund, Vi f\u00f6rst\u00e5r att det kan finnas olika sk\u00e4l till att returnera en produkt. P\u00e5 Opranic str\u00e4var vi efter att f\u00f6renkla denna process i enlighet med v\u00e5r returpolicy.&hellip;<\/p>\n","protected":false},"author":1,"featured_media":0,"parent":0,"menu_order":0,"comment_status":"closed","ping_status":"closed","template":"","meta":{"_acf_changed":false,"inline_featured_image":false,"_joinchat":[],"footnotes":""},"class_list":["post-8227","page","type-page","status-publish","hentry","entry","no-media"],"acf":[],"_links":{"self":[{"href":"https:\/\/opranic.com\/sv\/wp-json\/wp\/v2\/pages\/8227","targetHints":{"allow":["GET"]}}],"collection":[{"href":"https:\/\/opranic.com\/sv\/wp-json\/wp\/v2\/pages"}],"about":[{"href":"https:\/\/opranic.com\/sv\/wp-json\/wp\/v2\/types\/page"}],"author":[{"embeddable":true,"href":"https:\/\/opranic.com\/sv\/wp-json\/wp\/v2\/users\/1"}],"replies":[{"embeddable":true,"href":"https:\/\/opranic.com\/sv\/wp-json\/wp\/v2\/comments?post=8227"}],"version-history":[{"count":0,"href":"https:\/\/opranic.com\/sv\/wp-json\/wp\/v2\/pages\/8227\/revisions"}],"wp:attachment":[{"href":"https:\/\/opranic.com\/sv\/wp-json\/wp\/v2\/media?parent=8227"}],"curies":[{"name":"wp","href":"https:\/\/api.w.org\/{rel}","templated":true}]}}