{"id":12484,"date":"2024-06-16T10:35:08","date_gmt":"2024-06-16T08:35:08","guid":{"rendered":"https:\/\/opranic.com\/shop\/okategoriserad\/opranic-nova-v50r-vaggmonterad-terrassvarmare-2300w-ir-x-carbon-black-ip65-fjarrkontroll-timer\/"},"modified":"2026-04-16T16:28:55","modified_gmt":"2026-04-16T14:28:55","slug":"opranic-nova-v50r-vaggmonterad-terrassvarmare-2300w-ir-x-carbon-black-ip65-fjarrkontroll-timer","status":"publish","type":"product","link":"https:\/\/opranic.com\/sv\/shop\/infravarmare\/v50-nova-sv\/opranic-nova-v50r-vaggmonterad-terrassvarmare-2300w-ir-x-carbon-black-ip65-fjarrkontroll-timer\/","title":{"rendered":"OPRANIC NOVA V50R Terrassv\u00e4rmare 2300 W, IR-X Carbon Black, IP65, Fj\u00e4rrkontroll, Timer"},"content":{"rendered":"<div class=\"wpb-content-wrapper\">[vc_row][vc_column][vc_tta_tabs style=&#8221;total_3&#8243; active_section=&#8221;1&#8243;][vc_tta_section title=&#8221;Detaljer&#8221; tab_id=&#8221;1715058604722-4be8b460-d501&#8243;][vc_row_inner][vc_column_inner]<h2 class=\"vcex-heading vcex-heading-plain vcex-module wpex-heading wpex-text-2xl\"><span class=\"vcex-heading-inner wpex-inline-block\">NOVA V50R Infrar\u00f6d v\u00e4gg- eller takmonterad Infrav\u00e4rmare<\/span><\/h2>[vc_column_text css=&#8221;.vc_custom_1761069958089{margin-top: 30px !important;}&#8221;]\n<div class=\"wpb_text_column wpb_content_element section-margin\">\n<div class=\"wpb_wrapper\">\n<p>Vi har utformat Opranic NOVA V50R terrassv\u00e4rmare f\u00f6r att lyfta era utomhusmilj\u00f6er med p\u00e5litlig prestanda och en stilren design. Den anv\u00e4nder effektiv IR-X Carbon Black-teknik f\u00f6r att leverera stabil v\u00e4rmeprestanda och h\u00f6g effektivitet, vilket g\u00f6r den till ett utm\u00e4rkt val f\u00f6r modern utomhusuppv\u00e4rmning. <\/p>\n<h2>Design och s\u00e4kerhetsfunktioner<\/h2>\n<p>Den str\u00f6mlinjeformade, h\u00e5llbara kroppen p\u00e5 Opranic NOVA V50R fj\u00e4rrstyrd terrassv\u00e4rmare garanterar l\u00e5ngvarig prestanda. Konstruktionen best\u00e5r av robust anodiserad aluminium i h\u00f6gtemperaturutf\u00f6rande. Materialen \u00e4r rostfria, vilket s\u00e4kerst\u00e4ller att v\u00e4rmaren bibeh\u00e5ller sin kvalitet och prestanda \u00f6ver tid.  <\/p>\n<h2>Funktionalitet och kontroll<\/h2>\n<p>Du kan installera den fj\u00e4rrstyrda terrassv\u00e4rmaren p\u00e5 flera olika s\u00e4tt s\u00e5 att den passar perfekt i ditt utrymme. F\u00f6ljande \u00e4r dina alternativ: <\/p>\n<ul>\n<li>Takmontering f\u00f6r direkt ned\u00e5triktad v\u00e4rme<\/li>\n<li>V\u00e4ggmontering i valfri riktning f\u00f6r flexibel anv\u00e4ndning<\/li>\n<li>Installation av markis f\u00f6r att v\u00e4rma upp ett specifikt omr\u00e5de<\/li>\n<\/ul>\n<p>Denna flexibilitet g\u00f6r att du kan njuta av optimal v\u00e4rme var du \u00e4n beh\u00f6ver den som mest.<\/p>\n<h2>M\u00e5ngsidighet och komfort<\/h2>\n<p>Opranic NOVA V50R Terrassv\u00e4rmare en p\u00e5litlig fj\u00e4rrstyrd infrav\u00e4rmare som erbjuder effektiva, s\u00e4kra och m\u00e5ngsidiga funktioner, vilket g\u00f6r den till ett perfekt val f\u00f6r alla som vill njuta av sina uteplatser i svalare temperaturer. Upplev p\u00e5litlig komfort och stil med Opranic NOVA V50R, en v\u00e4rmare som \u00e4r utformad f\u00f6r att uppfylla dina behov p\u00e5 ett effektivt och elegant s\u00e4tt. <\/p>\n<h3>F\u00f6rdelar med en v\u00e4gg-\/takv\u00e4rmare:<\/h3>\n<ul>\n<li>Mysig v\u00e4rme fr\u00e5n ovan som p\u00e5 uteserveringar<\/li>\n<li>Flexibel montering, perfekt inriktning och genomg\u00e5ende behaglig v\u00e4rme i din sittgrupp<\/li>\n<li>Fj\u00e4rrkontroll med automatisk avst\u00e4ngning f\u00f6r enkel anv\u00e4ndning.<\/li>\n<\/ul>\n<h3>Kontroll:<\/h3>\n<ul>\n<li>Fj\u00e4rrkontroll<\/li>\n<li>1 &#8211; 9 timmars vilotimer<\/li>\n<li>V\u00e4rmeeffekt: Max. 2300 watt <\/li>\n<li>5 effektniv\u00e5er: 900W, 1200W, 1600W, 1900W och 2300W<\/li>\n<\/ul>\n<h3>Design:<\/h3>\n<ul>\n<li>Smal, elegant och modern design<\/li>\n<li>Modern, tunn anodiserad aluminiumkropp i champagnef\u00e4rg<\/li>\n<li>M\u00e5tt (H x B x D): 19,5 x 91,5 x 9 cm<\/li>\n<\/ul>\n<h3>Uppv\u00e4rmningsteknik:<\/h3>\n<ul>\n<li>Huvudelementet: IR-X Carbon Black-teknik, snabb start inom 3\u20135 sekunder, h\u00f6gsta absorption f\u00f6r m\u00e4nniskor vid 2,3 \u00b5m<\/li>\n<li>Medelv\u00e5gig infrar\u00f6d str\u00e5lning, Konverterar 96 % till str\u00e5lningsv\u00e4rme och 2\u20133 % ljus (extremt l\u00e5gt ljus), Livsl\u00e4ngd upp till: 8 000 timmar<\/li>\n<li>Reflektor: Fokuserad parabolisk reflektor med h\u00f6gglansig reflektion, sidoreflektorer i h\u00f6gglansigt rostfritt st\u00e5l.<\/li>\n<\/ul>\n<h3>IP-skydd:<\/h3>\n<ul>\n<li>IP65-vattenskydd f\u00f6r anv\u00e4ndning \u00e5ret runt i tuffa v\u00e4derf\u00f6rh\u00e5llanden<\/li>\n<li>L\u00e4mplig f\u00f6r utomhusbruk, terrasser, uteserveringar<\/li>\n<\/ul>\n<h3>Anv\u00e4ndningsomr\u00e5den:<\/h3>\n<ul>\n<li>Utomhusomr\u00e5den, balkonger, terrasser, bakg\u00e5rdar, uteserveringar, camping, \u00f6ppna uterum, uteserveringar, uteserveringar och inomhusomr\u00e5den som garage, k\u00e4llare, sommarhus och vinterstugor.<\/li>\n<\/ul>\n<h3>Uppv\u00e4rmningsomr\u00e5de:<\/h3>\n<ul>\n<li>Vindskyddade omr\u00e5den med en omgivningstemperatur p\u00e5 min 10\u00baC: upp till 15-25 m\u00b2.<\/li>\n<li>Utomhus: 7-15 m\u00b2, beroende p\u00e5 utomhustemperatur och vindf\u00f6rh\u00e5llanden<\/li>\n<\/ul>\n<h3>Installation:<\/h3>\n<ul>\n<li>Inkl. 2-delade monteringsf\u00e4sten med justerbar installationsbredd. <\/li>\n<li>Justerbar vinkel.<\/li>\n<li>F\u00f6r montering p\u00e5 v\u00e4gg och tak eller i metallprofiler etc.<\/li>\n<li>Rekommenderad monteringsposition p\u00e5 v\u00e4ggen: 1,8 &#8211; 2,2 meter fr\u00e5n marken, lutad 30-50\u00b0.<\/li>\n<\/ul>\n<h3>Aktuell belastning och s\u00e4kring:<\/h3>\n<ul>\n<li>En vanlig hush\u00e5llsstr\u00f6mledning levererar ca. 3,5 kW vid 16 ampere. eller ca. 2,3 kW vid 10 ampere.   <\/li>\n<li>En v\u00e4rmare med en uteffekt p\u00e5 2300 watt = 2,3 kW (kr\u00e4ver minst 10 ampere s\u00e4kring)<\/li>\n<\/ul>\n<h3>S\u00e4kerhetsavst\u00e5nd till brandfarliga material:<\/h3>\n<ul>\n<li>Monteras p\u00e5 v\u00e4gg avst\u00e5nd till sidov\u00e4gg\/tak: 40\/20 cm<\/li>\n<li>Till framsidan: 100 cm<\/li>\n<li>Till sidorna: 40 cm<\/li>\n<li>Monteras i taket: 10 cm (h\u00f6jden p\u00e5 monteringsf\u00e4stena)<\/li>\n<\/ul>\n<h3>Uppv\u00e4rmningskostnader:<\/h3>\n<p>Vid ett genomsnittligt elpris p\u00e5 10 cent per kWh: 0,1 \u20ac * 2,3 kW \u2248 0,23 \u20ac per timme<br \/>\n<em>* G\u00e4ller f\u00f6r den h\u00f6gsta v\u00e4rmeniv\u00e5n. Om en l\u00e4gre produktion v\u00e4ljs blir de resulterande kostnaderna l\u00e4gre. <\/em><\/p>\n<\/div>\n<\/div>\n[\/vc_column_text]<h2 class=\"vcex-heading vcex-heading-plain vcex-module wpex-heading wpex-text-2xl\"><span class=\"vcex-heading-inner wpex-inline-block\">Tekniska specifikationer<\/span><\/h2>[vc_column_text css=&#8221;&#8221;]\n<ul>\n<li>Produkt: OPRANIC NOVA V50R &#8211; elektrisk utomhusinfrav\u00e4rmare<\/li>\n<li>Infrar\u00f6d teknik: IR-X Carbon Black<\/li>\n<li>F\u00e4rg: Champagne<\/li>\n<li>Material: Solid anodiserad aluminium, med glasfiberf\u00f6rst\u00e4rkta sidoplaster<\/li>\n<li>Sp\u00e4nning: 230V AC ~ 50 Hz<\/li>\n<li>Total uteffekt: 2300 watt<\/li>\n<li>5 v\u00e4rmeinst\u00e4llningar: 900 watt | 1200 watt | 1600 watt | 1900 watt och 2300 watt<\/li>\n<li>LCD-display: ja<\/li>\n<li>Insomningstimer: ja (9 timmar)<\/li>\n<li>Str\u00f6mkontakt: Typ F schuko-kontakt (EU-standard)<\/li>\n<li>F\u00f6r permanent anslutning till eln\u00e4tet m\u00e5ste kontakten dras ur av en beh\u00f6rig fackman. Garantin kommer att forts\u00e4tta att g\u00e4lla. <\/li>\n<li>Kabell\u00e4ngd: 1,9 m<\/li>\n<li>Fj\u00e4rrkontroll: ja, l\u00e5ngdistans infrar\u00f6d<\/li>\n<li>Funktioner f\u00f6r fj\u00e4rrkontroll: P\u00e5, av (standby), val av v\u00e4rmeniv\u00e5er, maxeffekt, timer.<\/li>\n<li>M\u00e5tt (H x B x D): 19,5 x 91,5 x 9 cm<\/li>\n<li>Vikt: 3,2 kg<\/li>\n<li>Skyddsklass: IP65 (skyddad mot regn, vattenstr\u00e5lar, damm)<\/li>\n<li>Montering: Tv\u00e5delade f\u00e4sten f\u00f6r v\u00e4gg- och takmontage.<\/li>\n<li>Typ av infrar\u00f6d str\u00e5lning: H\u00f6gsta absorption f\u00f6r m\u00e4nniskor med 2,3 \u00b5m medelv\u00e5gig infrar\u00f6d str\u00e5lning<\/li>\n<li>Uppv\u00e4rmningsyta: max. 7-15 m\u00b2 utomhus, upp till 25-30 m\u00b2 i vindskyddade omr\u00e5den <\/li>\n<li>Batterier fj\u00e4rrkontroll: 2 x AAA (ing\u00e5r i leveransen)<\/li>\n<\/ul>\n<h3>Leveransinneh\u00e5ll<\/h3>\n<ul>\n<li>1 x NOVA V50R elektrisk utomhusv\u00e4rmare<\/li>\n<li>2 x Tv\u00e5delade monteringsf\u00e4sten<\/li>\n<li>1 x Monteringsutrustning (skruvar)<\/li>\n<li>1 x Fj\u00e4rrkontroll (batterier ing\u00e5r)<\/li>\n<li>1 x Anv\u00e4ndarhandbok<\/li>\n<\/ul>\n[\/vc_column_text][\/vc_column_inner][\/vc_row_inner][\/vc_tta_section][vc_tta_section title=&#8221;F.a.q.&#8221; tab_id=&#8221;1715058630675-41822335-92e1&#8243;][vc_row_inner equal_height=&#8221;yes&#8221; remove_bottom_col_margin=&#8221;true&#8221; css=&#8221;.vc_custom_1715063689585{padding-top: 30px !important;padding-bottom: 30px !important;}&#8221; el_id=&#8221;faq&#8221;][vc_column_inner]<style>.vcex-heading.vcex_69e18a8a6b232{font-size:32px;text-transform:uppercase;}<\/style><h2 class=\"vcex-heading vcex-heading-plain vcex-module wpex-heading wpex-text-2xl vcex_69e18a8a6b232\"><span class=\"vcex-heading-inner wpex-inline-block\">Vanliga fr\u00e5gor<\/span><\/h2>[vc_column_text css=&#8221;&#8221;]Vanliga fr\u00e5gor f\u00f6r alla Opranic-produkter hittar du <a href=\"https:\/\/opranic.com\/sv\/faq-infravarme\/\">h\u00e4r<\/a>.<br \/>\n<a href=\"https:\/\/opranic.com\/sv\/faq-infravarme\/\">Kunskapsbank FAQ | Opranic<\/a>[\/vc_column_text]<div class=\"vcex-module vcex-divider vcex-divider-solid vcex-divider-center wpex-mx-auto wpex-block wpex-h-0 wpex-border-b wpex-border-solid wpex-border-main\"><\/div>[\/vc_column_inner][\/vc_row_inner][\/vc_tta_section][vc_tta_section title=&#8221;\u00c5terf\u00f6rs\u00e4ljare&#8221; tab_id=&#8221;1774800383448-fdc70b06-a580&#8243;][vc_raw_html css=&#8221;&#8221;]W29wcmFuaWNfd2hlcmV0b2J1eV90YWJd[\/vc_raw_html]<div class=\"vcex-module vcex-divider vcex-divider-solid vcex-divider-center wpex-mx-auto wpex-block wpex-h-0 wpex-border-b wpex-border-solid wpex-border-main\"><\/div>[vc_raw_html css=&#8221;&#8221;]W29wcmFuaWNfaW5zdGFsbGVyX3RhYl0=[\/vc_raw_html][\/vc_tta_section][vc_tta_section title=&#8221;Recensioner&#8221; tab_id=&#8221;1776349479313-c8153b52-16bf&#8221;][vc_raw_html css=&#8221;&#8221;]W2xpcHNjb3JlLXJldmlld3Nd[\/vc_raw_html][\/vc_tta_section][\/vc_tta_tabs][\/vc_column][\/vc_row]\n<\/div>","protected":false},"excerpt":{"rendered":"<div class=\"product-description\">Njut av kraftfull, solliknande v\u00e4rme med Opranic NOVA V50R infrav\u00e4rmare.<br \/>\nDesignad f\u00f6r stil och h\u00e5llbarhet, dess anodiserade aluminiumh\u00f6lje och avancerade IR-X<br \/>\nkolteknologi levererar omedelbar, j\u00e4mn v\u00e4rme f\u00f6r utomhuskomfort \u00e5ret runt. Perfekt<br \/>\nf\u00f6r terrasser, kaf\u00e9er och balkonger som s\u00f6ker effektiv uppv\u00e4rmning med modern styrning. <\/p>\n<ul class=\"premium-features\">\n<li>2300 W IR-X-kolinfrar\u00f6d teknologi f\u00f6r djup, behaglig v\u00e4rme<\/li>\n<li>Omedelbar v\u00e4rme utan uppv\u00e4rmningstid<\/li>\n<li>IP65-klassad \u2013 helt v\u00e4derbest\u00e4ndig f\u00f6r utomhusbruk<\/li>\n<li>Fj\u00e4rrkontroll med 5 effektl\u00e4gen och timerfunktion<\/li>\n<li>T\u00e5lig aluminiumdesign med 2 \u00e5rs garanti<\/li>\n<\/ul>\n<\/div>\n","protected":false},"featured_media":20203,"comment_status":"open","ping_status":"closed","template":"","meta":{"_acf_changed":false,"inline_featured_image":false,"_joinchat":[]},"product_brand":[],"product_cat":[496,655],"product_tag":[681,680,682,679],"class_list":{"0":"post-12484","1":"product","2":"type-product","3":"status-publish","4":"has-post-thumbnail","6":"product_cat-infravarmare","7":"product_cat-v50-nova-sv","8":"product_tag-eco23r-sv","9":"product_tag-nova23r-sv","10":"product_tag-opranic-nova-sv","11":"product_tag-opranic-nova-infrared-heater-sv","12":"entry","13":"has-media","15":"first","16":"instock","17":"taxable","18":"shipping-taxable","19":"purchasable","20":"product-type-simple"},"acf":[],"_links":{"self":[{"href":"https:\/\/opranic.com\/sv\/wp-json\/wp\/v2\/product\/12484","targetHints":{"allow":["GET"]}}],"collection":[{"href":"https:\/\/opranic.com\/sv\/wp-json\/wp\/v2\/product"}],"about":[{"href":"https:\/\/opranic.com\/sv\/wp-json\/wp\/v2\/types\/product"}],"replies":[{"embeddable":true,"href":"https:\/\/opranic.com\/sv\/wp-json\/wp\/v2\/comments?post=12484"}],"wp:featuredmedia":[{"embeddable":true,"href":"https:\/\/opranic.com\/sv\/wp-json\/wp\/v2\/media\/20203"}],"wp:attachment":[{"href":"https:\/\/opranic.com\/sv\/wp-json\/wp\/v2\/media?parent=12484"}],"wp:term":[{"taxonomy":"product_brand","embeddable":true,"href":"https:\/\/opranic.com\/sv\/wp-json\/wp\/v2\/product_brand?post=12484"},{"taxonomy":"product_cat","embeddable":true,"href":"https:\/\/opranic.com\/sv\/wp-json\/wp\/v2\/product_cat?post=12484"},{"taxonomy":"product_tag","embeddable":true,"href":"https:\/\/opranic.com\/sv\/wp-json\/wp\/v2\/product_tag?post=12484"}],"curies":[{"name":"wp","href":"https:\/\/api.w.org\/{rel}","templated":true}]}}