{"id":12633,"date":"2024-07-07T19:58:20","date_gmt":"2024-07-07T17:58:20","guid":{"rendered":"https:\/\/opranic.com\/shop\/okategoriserad\/opranic-p5-metall-infravarmepanel-300w-900w\/"},"modified":"2026-04-14T20:50:22","modified_gmt":"2026-04-14T18:50:22","slug":"opranic-p5-metall-infravarmepanel-300w-900w","status":"publish","type":"product","link":"https:\/\/opranic.com\/sv\/shop\/premium-infravarmepanel\/effektiv-infravarmepanel\/opranic-p5-metall-infravarmepanel-300w-900w\/","title":{"rendered":"OPRANIC P5 Infrav\u00e4rmepaneler i metall 300 W\u2013900 W"},"content":{"rendered":"<div class=\"wpb-content-wrapper\">[vc_row][vc_column][vc_tta_tabs shape=&#8221;square&#8221; active_section=&#8221;1&#8243; css=&#8221;.vc_custom_1760386833377{background-color: #FFFFFF00 !important;border-color: #FFFFFF00 !important;}&#8221;][vc_tta_section title=&#8221;Detaljer&#8221; tab_id=&#8221;1715058604722-4be8b460-d501&#8243;]<style>.vcex-heading.vcex_69f0da5a45d22{text-transform:capitalize;}<\/style><h2 class=\"vcex-heading vcex-heading-plain vcex-module wpex-heading wpex-text-2xl vcex_69f0da5a45d22\"><span class=\"vcex-heading-inner wpex-inline-block\">Opranic P5 metall Infrav\u00e4rmepaneler nyckelfunktioner<\/span><\/h2>[vc_column_text css=&#8221;&#8221;]Opranic P5 Metal Infrav\u00e4rmepaneler anv\u00e4nder m\u00f6rk infrar\u00f6d v\u00e4rmeteknik och uppn\u00e5r h\u00f6g effektivitet genom att omvandla cirka 99 % av den elektriska energin till v\u00e4rme. P5-serien \u00e4r en effektiv infrav\u00e4rmare f\u00f6r inomhusbruk.  Den s\u00e4kerst\u00e4ller j\u00e4mn v\u00e4rmef\u00f6rdelning och erbjuder konsekvent v\u00e4rme i hela utrymmet.<\/p>\n<h3>Funktioner<\/h3>\n<ul>\n<li>Avancerad teknik: M\u00f6rk infrar\u00f6d v\u00e4rmeteknik ger en j\u00e4mn, solliknande v\u00e4rme.<\/li>\n<li><strong>Effektiv uppv\u00e4rmning:<\/strong> Bakre isolering med en aluminiumreflektor minskar v\u00e4rmef\u00f6rlusten.<\/li>\n<li><strong>H\u00f6gkvalitativ konstruktion:<\/strong> Stark metallh\u00f6lje.<\/li>\n<li>F\u00f6rb\u00e4ttrat skydd: \u00d6verhettningsskydd och s\u00e4kerhetsf\u00e4sten.<\/li>\n<li><strong>Elegant design:<\/strong> Silkesmatt vit yta och en ultratunn tjocklek p\u00e5 2,5 cm f\u00f6r ett modernt utseende.<\/li>\n<li><strong>M\u00e5ngsidig installation:<\/strong> Montera horisontellt eller vertikalt p\u00e5 v\u00e4ggar eller tak.<\/li>\n<li>IP44-klassad: S\u00e4ker f\u00f6r anv\u00e4ndning i badrum, skyddad mot vattenst\u00e4nk.<\/li>\n<li><strong>S\u00e4kerhet:<\/strong> Inbyggt \u00f6verhettningsskydd f\u00f6r maximal s\u00e4kerhet.<\/li>\n<li><strong>Certifieringar:<\/strong> T\u00dcV S\u00fcd, CE, RoHS, REACH och EMC.<\/li>\n<li><strong>Termostatkompatibilitet:<\/strong> Fungerar med externa termostater.<\/li>\n<li><strong>Garanti:<\/strong> 5 \u00e5rs garanti f\u00f6r produkttillf\u00f6rlitlighet.<\/li>\n<\/ul>\n<h3>Design och s\u00e4kerhetsfunktioner f\u00f6r Opranic P5 Infrav\u00e4rmare<\/h3>\n<p>Opranic P5 metall Infrav\u00e4rmepaneler har en premium vit-matt texturerad design. Det \u00e4r inte bara snyggt utan ocks\u00e5 s\u00e4kert att r\u00f6ra vid. Denna v\u00e4rmare \u00e4r snabb och enkel att montera p\u00e5 v\u00e4ggar eller tak, vilket ger m\u00e5ngsidiga installationsalternativ. Den inneh\u00e5ller b\u00e5de \u00f6verhettnings- och \u00f6versp\u00e4nningsskydd. Med en IP44-klassificering \u00e4r den s\u00e4ker att anv\u00e4nda i badrum.    <\/p>\n<h3>Kompatibilitet och certifiering av Opranic P5 Infrav\u00e4rmare<\/h3>\n<p>Opranic P5 Metal Infrav\u00e4rmepanel fungerar med andra termostatsystem och smarta hemmilj\u00f6er f\u00f6r \u00f6kad bekv\u00e4mlighet och m\u00e5ngsidighet. P5 v\u00e4ggmonterade infrav\u00e4rmepaneler \u00e4r certifierade av T\u00dcV S\u00fcd, CE, EMC, REACH och RoHS, vilket s\u00e4kerst\u00e4ller tillf\u00f6rlitlighet och h\u00e5llbarhet f\u00f6r l\u00e5ngvarig anv\u00e4ndning. <\/p>\n<h3>Exklusiv lyx med Opranic Infrav\u00e4rmare f\u00f6r badrum<\/h3>\n<p>OPRANIC Infrav\u00e4rmepaneler \u00e4r idealiska f\u00f6r anv\u00e4ndning i badrum. Med m\u00f6rk infrav\u00e4rmeteknik ger Opranic infrav\u00e4rmare en behaglig, solliknande v\u00e4rme som str\u00e5lar direkt mot kroppen f\u00f6r en ombonad k\u00e4nsla. De hj\u00e4lper ocks\u00e5 till att h\u00e5lla badrumsv\u00e4ggarna torra och m\u00f6gelfria, vilket minskar behovet av avfuktning. P5-serien, med sin ultrasmala profil p\u00e5 2,5 cm och moderna design, kan monteras horisontellt eller vertikalt p\u00e5 v\u00e4gg eller i tak och sparar v\u00e4rdefullt utrymme. Med OPRANIC f\u00e5r Ni solliknande infrav\u00e4rme i badrummet.    <\/p>\n<p>OPRANIC P5 Series metallv\u00e4rmare \u00e4r premium infrar\u00f6da radiatorer utformade med h\u00f6geffektiv m\u00f6rk infrar\u00f6d v\u00e4rmeteknik. Dessa infrav\u00e4rmare finns med effekter upp till 900 W och har innovativ resistans- och nanoteknik-tr\u00e5ddragning med cirka 99 % energieffektivitet. OPRANIC P5-seriens infrav\u00e4rmare har en elegant vit metallyta med sidenmatt finish och en h\u00f6gkvalitativ v\u00e4rmematta som ger j\u00e4mn, solliknande str\u00e5lningsv\u00e4rme. Trots ett slimmat djup p\u00e5 endast 2,5 cm erbjuder de en robust v\u00e4rmeprestanda. V\u00e4gg- och takf\u00e4sten s\u00e4kerst\u00e4ller trygg montering. OPRANIC P5-serien \u00e4r IP44-klassad, vilket g\u00f6r den t\u00e5lig mot st\u00e4nkvatten och fukt samt l\u00e4mplig f\u00f6r badrum.     Med integrerat \u00f6verhettningsskydd och inbyggda s\u00e4kerhetsbrytare f\u00f6r att f\u00f6rhindra att panelerna n\u00e5r farliga temperaturer \u00e4r dessa infrav\u00e4rmare b\u00e5de s\u00e4kra och p\u00e5litliga. De \u00e4r kompatibla med smarta hem och levereras med avancerad isolering och ett robust metallh\u00f6lje. Varje infrav\u00e4rmare backas upp av en 5-\u00e5rig garanti f\u00f6r tillf\u00f6rlitlig, l\u00e5ngvarig prestanda.  <\/p>\n<h3>Valfria tillbeh\u00f6r, ben<\/h3>\n<p>Ni kan g\u00f6ra v\u00e5r OPRANIC Metal Series till en mobil v\u00e4rmeenhet med metallf\u00f6tter. Tack vare det l\u00e4ttanv\u00e4nda monteringssystemet kan Ni ta loss enheten fr\u00e5n v\u00e4gg eller tak och omvandla den till en flexibel, mobil v\u00e4rmare.<br \/>\n[\/vc_column_text]<h2 class=\"vcex-heading vcex-heading-plain vcex-module wpex-heading wpex-text-2xl\"><span class=\"vcex-heading-inner wpex-inline-block\">Tekniska specifikationer<\/span><\/h2>[vc_column_text css=&#8221;&#8221;]\n<ul>\n<li>V\u00e4rmeeffekt: Modeller finns fr\u00e5n 300 W till 900 W f\u00f6r att passa olika rumsstorlekar.<\/li>\n<li>M\u00e5tt:\n<ul>\n<li>300 watt: 60 x 40 x 2,5 cm<\/li>\n<li>450 watt: 60 x 60 x 2,5 cm<\/li>\n<li>700 watt: 60 x 90 x 2,5 cm<\/li>\n<li>900 watt: 60 x 120 x 2,5 cm<\/li>\n<\/ul>\n<\/li>\n<li>Uppv\u00e4rmningsomr\u00e5de: L\u00e4mplig f\u00f6r rum fr\u00e5n 6 m\u00b2 till 20 m\u00b2 beroende p\u00e5 modell.<\/li>\n<li>Yttemperatur: Upp till 110\u00b0C.<\/li>\n<li>Baksidestemperatur: Cirka 35 till 45\u00b0C.<\/li>\n<li>Typ av v\u00e4rme: L\u00e5ngv\u00e5gig infrar\u00f6d C-str\u00e5lning.<\/li>\n<li>Monteringsdjup: Totalt djup med konsol \u00e4r 5 cm.<\/li>\n<li>Str\u00f6mf\u00f6rs\u00f6rjning: 230V \/ 50Hz med en 1,9 m l\u00e5ng n\u00e4tsladd.<\/li>\n<\/ul>\n<h3>Effekt och vikt<\/h3>\n<ul>\n<li>Material: Metallkonstruktion av h\u00f6g kvalitet.<\/li>\n<li>Str\u00f6mf\u00f6rs\u00f6rjning: 230V \/ 50Hz med en 1,9 m l\u00e5ng n\u00e4tsladd.<\/li>\n<li>Vikt:\n<ul>\n<li>300 watt: 5,5 kg<\/li>\n<li>450 watt: 6,9 kg<\/li>\n<li>700 watt: 8,4 kg<\/li>\n<li>900 watt: 12,2 kg<\/li>\n<\/ul>\n<\/li>\n<li>Skyddsklass: I<\/li>\n<\/ul>\n<h3>Uppv\u00e4rmningst\u00e4ckning: Exklusivt f\u00f6r slutna innerutrymmen<\/h3>\n<ul>\n<li>300 watt: upp till cirka 8 m\u00b2<\/li>\n<li>450 watt: upp till cirka 12 m\u00b2<\/li>\n<li>700 watt: upp till cirka 16 m\u00b2<\/li>\n<li>900 watt: upp till cirka 20 m\u00b2<\/li>\n<\/ul>\n<p>Uppskattningarna av v\u00e4rmet\u00e4ckningen ovan baseras p\u00e5 m\u00e4tningar och tester som utf\u00f6rts i v\u00e4lisolerade rum. Den faktiska t\u00e4ckningen kan variera beroende p\u00e5 faktorer som takh\u00f6jd, rumsstorlek, isoleringskvalitet, byggnadens struktur och antalet ytterv\u00e4ggar. <\/p>\n<h3>V\u00e4rmeteknologi<\/h3>\n<ul>\n<li>Uppv\u00e4rmningsfilament: Dubbel v\u00e4rmeledarteknik med en serpentinformad layout f\u00f6r j\u00e4mn v\u00e4rmef\u00f6rdelning och inga extra magnetf\u00e4lt. V\u00e4rmetr\u00e5den str\u00e4cker sig \u00e4nda ut till panelens kanter, vilket ger en j\u00e4mn yttemperatur och en effektiv v\u00e4rmestr\u00e5lning utan heta punkter. <\/li>\n<li><strong>Bakre isolering:<\/strong> H\u00f6gkvalitativ aluminiumreflektor med ett 2,5 cm mineraliskt v\u00e4rmeisolerande skikt f\u00f6r riktad fram\u00e5tv\u00e4rmereflexion, vilket minimerar energif\u00f6rlust. Denna konstruktion \u00e4r mycket effektiv och s\u00e4ker. <\/li>\n<\/ul>\n<h3>Str\u00e5lningseffektivitet<\/h3>\n<p>V\u00e5ra Infrav\u00e4rmepaneler \u00e4r utformade f\u00f6r optimal energiomvandling, vilket s\u00e4kerst\u00e4ller att mer elektrisk energi direkt omvandlas till v\u00e4rme. De \u00f6vertr\u00e4ffar industristandarderna och ger effektiv uppv\u00e4rmning av b\u00e5de sm\u00e5 och stora utrymmen. OPRANIC infrav\u00e4rmare ger en j\u00e4mn v\u00e4rmef\u00f6rdelning med minimal energif\u00f6rlust, vilket resulterar i betydande besparingar p\u00e5 uppv\u00e4rmningskostnaderna.<\/p>\n<h3>Inbyggd termostat och extern termostat<\/h3>\n<p>F\u00f6r effektiv energioptimering rekommenderar vi att Ni anv\u00e4nder infrav\u00e4rmare med en termostat. Termostaten ing\u00e5r inte i produktf\u00f6rpackningen. Valet av l\u00e4mplig termostat beror p\u00e5 den avsedda applikationen. OPRANIC P5 Series Infrav\u00e4rmare har ett \u00f6ppet gr\u00e4nssnitt, vilket g\u00f6r dem kompatibla med alla termostatsystem. De \u00e4r ocks\u00e5 utformade f\u00f6r att integreras i smarta hemmilj\u00f6er och \u00e4r kompatibla med termostater fr\u00e5n andra tillverkare.<\/p>\n<h3>S\u00e4kerhetsfunktioner och s\u00e4kerhetsanv\u00e4ndning<\/h3>\n<ul>\n<li>Skydd mot \u00f6verhettning: Integrerad s\u00e4kerhetsbrytare f\u00f6rhindrar farliga temperaturer.<\/li>\n<li>IP44-klassning: Skyddar mot vattenst\u00e4nk, l\u00e4mplig f\u00f6r anv\u00e4ndning i badrum.<\/li>\n<li>S\u00e4kerhetsavst\u00e5nd: H\u00e5ll ett s\u00e4kerhetsavst\u00e5nd p\u00e5 30 cm framtill och 10 cm p\u00e5 alla sidor, \u00e4ven upp\u00e5t och ned\u00e5t, fr\u00e5n br\u00e4nnbara f\u00f6rem\u00e5l.<\/li>\n<\/ul>\n<h3>Anv\u00e4ndningsomr\u00e5den f\u00f6r P5 metall Infrav\u00e4rmepanel<\/h3>\n<p><strong>Inomhusomr\u00e5den:<\/strong> Idealisk f\u00f6r vardagsrum, kontor, badrum, sovrum, k\u00f6k, barnrum, tv\u00e4ttstugor, k\u00e4llare och vindar, hobbyrum, tr\u00e4dg\u00e5rdshus, uterum, semesterhem, sm\u00e5 l\u00e4genheter, v\u00e4xthus och mer.<\/p>\n<h3>Monteringsanvisningar<\/h3>\n<p>L\u00e4mplig f\u00f6r v\u00e4gg- eller takmontering. F\u00e4stena som ing\u00e5r i paketet g\u00f6r att v\u00e4rmaren kan installeras horisontellt eller vertikalt, vilket ger flexibilitet f\u00f6r ditt utrymme.  I paketet ing\u00e5r ett patenterat monteringsf\u00e4ste som garanterar s\u00e4ker fasts\u00e4ttning.<\/p>\n<p>F\u00e4st konsolen i taket eller p\u00e5 v\u00e4ggen med de medf\u00f6ljande skruvarna och pluggarna. Skjut sedan in v\u00e4rmaren p\u00e5 plats och vrid s\u00e4kerhetsf\u00e4stet f\u00f6r en s\u00e4ker och enkel installation. F\u00f6r optimal v\u00e4rmeprestanda rekommenderar vi ett maximalt avst\u00e5nd p\u00e5 3 till 4 meter fr\u00e5n den \u00f6nskade v\u00e4rmeytan.  <\/p>\n<h3>Leveransinneh\u00e5ll<\/h3>\n<ul>\n<li>1 x OPRANIC P5 infrav\u00e4rmepanel i metall<\/li>\n<li>1 x patenterat monteringsf\u00e4ste<\/li>\n<li>1 x Installationssats (pluggar och skruvar)<\/li>\n<li>1 x Anv\u00e4ndarhandbok<\/li>\n<li>1 x integrerad n\u00e4tsladd<\/li>\n<\/ul>\n<h3>Ytterligare data<\/h3>\n<ul>\n<li>F\u00e4rg: vit<\/li>\n<li>Prestanda: Modeller p\u00e5 300W till 900W<\/li>\n<li>Maximal effektivitet: Cirka 99% av den elektriska energin omvandlas till termisk effekt<\/li>\n<li>Uppv\u00e4rmningsbar yta: Upp till 20 m\u00b2 beroende p\u00e5 modell<\/li>\n<\/ul>\n<p>OPRANIC P5-serien kombinerar avancerad infrav\u00e4rmeteknik med en slimmad design f\u00f6r en effektiv och s\u00e4ker v\u00e4rmel\u00f6sning, l\u00e4mplig f\u00f6r olika inomhusmilj\u00f6er.<\/p>\n<h2>F\u00f6rordning (EU) 2015\/1188<\/h2>\n<p>Se EU:s ekodesignf\u00f6rordning 2015\/1188. F\u00f6r att anv\u00e4nda uppv\u00e4rmningen i enlighet med EU-f\u00f6rordning nr 2015\/1188, v\u00e4nligen anv\u00e4nd ett ytterligare elektroniskt termostatsystem som har f\u00f6nster\u00f6ppningsdetektering och veckodagsprogrammering. Denna produkt \u00e4r endast l\u00e4mplig f\u00f6r v\u00e4lisolerade rum eller f\u00f6r tillf\u00e4llig anv\u00e4ndning (EU-f\u00f6rordning 2015\/1188 artikel 3, bilaga II b) II (2)).  Rumstemperaturregulatorn \u00e4r inte en del av produkten. Eftersom gr\u00e4nssnitten \u00e4r \u00f6ppna kan du antingen anv\u00e4nda ditt eget termostatsystem eller t.ex. v\u00e5rt OT50-termostatsystem. [\/vc_column_text][\/vc_tta_section][vc_tta_section title=&#8221;F.a.q.&#8221; tab_id=&#8221;1715058630675-41822335-92e1&#8243;][vc_row_inner equal_height=&#8221;yes&#8221; remove_bottom_col_margin=&#8221;true&#8221; css=&#8221;.vc_custom_1715063689585{padding-top: 30px !important;padding-bottom: 30px !important;}&#8221; el_id=&#8221;faq&#8221;][vc_column_inner]<style>.vcex-heading.vcex_69f0da5a4761d{font-weight:600;text-transform:uppercase;}<\/style><h2 class=\"vcex-heading vcex-heading-plain vcex-module wpex-heading wpex-text-2xl vcex_69f0da5a4761d\"><span class=\"vcex-heading-inner wpex-inline-block\">Vanliga Fr\u00e5gor - P5 Metall Infrar\u00f6d<\/span><\/h2>[vc_toggle title=&#8221;KAN OPRANIC P5 INFRAV\u00c4RMARE I METALL ANV\u00c4NDAS I BADRUM?&#8221; style=&#8221;arrow&#8221; css=&#8221;&#8221;]Ja, Opranic P5 Metal infrav\u00e4rmare f\u00f6r badrum \u00e4r IP44-klassad, vilket g\u00f6r den s\u00e4ker att anv\u00e4nda i badrum eftersom den \u00e4r skyddad mot st\u00e4nkvatten. P5-seriens v\u00e4rmare tillf\u00f6r inte bara estetik till ditt badrum med sitt stilrena utseende utan ger \u00e4ven den lyxiga komforten av varma badrum, vilket f\u00f6rb\u00e4ttrar din totala badrumsupplevelse.[\/vc_toggle][vc_toggle title=&#8221;\u00c4R OPRANIC P5 INFRAV\u00c4RMARE I METALL KOMPATIBEL MED SMART HOME-SYSTEM?&#8221; style=&#8221;arrow&#8221; css=&#8221;&#8221;]Ja, Opranic P5 Metall Infrar\u00f6d V\u00e4rmare \u00e4r kompatibel med termostatystem och smarta hem-installationer. Denna kompatibilitet g\u00f6r att du kan integrera v\u00e4rmaren med olika smarta hem-enheter, vilket g\u00f6r det m\u00f6jligt att styra temperaturen p\u00e5 distans via din smartphone eller r\u00f6staktiverade assistenter som Amazon Alexa och Google Home. Du kan st\u00e4lla in scheman, \u00f6vervaka energif\u00f6rbrukning och justera inst\u00e4llningarna f\u00f6r optimal komfort och energieffektivitet, och smidigt integrera v\u00e4rmaren i din befintliga smarta hemmilj\u00f6.[\/vc_toggle][vc_column_text css=&#8221;&#8221;]Vanliga fr\u00e5gor f\u00f6r alla Opranic-produkter hittar du <a href=\"https:\/\/opranic.com\/sv\/faq-infravarme\/\">h\u00e4r<\/a>.<br \/>\n<a href=\"https:\/\/opranic.com\/sv\/faq-infravarme\/\">Kunskapsbank FAQ | Opranic<\/a>[\/vc_column_text][\/vc_column_inner][\/vc_row_inner][\/vc_tta_section][vc_tta_section title=&#8221;Media&#8221; tab_id=&#8221;1760357335507-d5564118-4f52&#8243;][\/vc_tta_section][\/vc_tta_tabs][\/vc_column][\/vc_row]\n<\/div>","protected":false},"excerpt":{"rendered":"<div class=\"product-description\">\n<p>K\u00e4nn omedelbar, j\u00e4mn v\u00e4rme med Opranic P5 infrar\u00f6d panelv\u00e4rmaren. Designad med ett h\u00e5llbart metallh\u00f6lje och en sl\u00e4t matt yta levererar P5 tyst, effektiv komfort f\u00f6r moderna inomhusmilj\u00f6er. Dess rena, minimalistiska form sm\u00e4lter s\u00f6ml\u00f6st in i vilket rum som helst, medan den kraftfulla infrar\u00f6da tekniken s\u00e4kerst\u00e4ller l\u00e5ngvarig prestanda och energibesparingar.  <\/p>\n<ul class=\"premium-features\">\n<li>Upp till 99 % energieffektivitet med str\u00e5lande infrar\u00f6d komfort<\/li>\n<li>H\u00e5llbar metallkonstruktion med matt ytfinish<\/li>\n<li>Fungerar med externa termostater och smarta hemsystem<\/li>\n<li>IP44-klassad \u2013 l\u00e4mplig f\u00f6r badrum och fuktiga rum<\/li>\n<li>Flexibel v\u00e4gg-, takmontering eller p\u00e5 stativ, horisontellt eller vertikalt<\/li>\n<li>Certifierad av T\u00dcV S\u00fcd, CE och REACH \u2013 5 \u00e5rs garanti<\/li>\n<\/ul>\n<\/div>\n","protected":false},"featured_media":19826,"comment_status":"closed","ping_status":"closed","template":"","meta":{"_acf_changed":false,"inline_featured_image":false,"_joinchat":[]},"product_brand":[],"product_cat":[504,503],"product_tag":[],"class_list":{"0":"post-12633","1":"product","2":"type-product","3":"status-publish","4":"has-post-thumbnail","6":"product_cat-effektiv-infravarmepanel","7":"product_cat-premium-infravarmepanel","8":"product_shipping_class-inomhus","9":"pa_power-w-300-sv","10":"pa_power-w-450-sv","11":"pa_power-w-700-sv","12":"pa_power-w-900-sv","13":"entry","14":"has-media","16":"first","17":"instock","18":"sale","19":"featured","20":"taxable","21":"shipping-taxable","22":"purchasable","23":"product-type-variable"},"acf":[],"_links":{"self":[{"href":"https:\/\/opranic.com\/sv\/wp-json\/wp\/v2\/product\/12633","targetHints":{"allow":["GET"]}}],"collection":[{"href":"https:\/\/opranic.com\/sv\/wp-json\/wp\/v2\/product"}],"about":[{"href":"https:\/\/opranic.com\/sv\/wp-json\/wp\/v2\/types\/product"}],"replies":[{"embeddable":true,"href":"https:\/\/opranic.com\/sv\/wp-json\/wp\/v2\/comments?post=12633"}],"wp:featuredmedia":[{"embeddable":true,"href":"https:\/\/opranic.com\/sv\/wp-json\/wp\/v2\/media\/19826"}],"wp:attachment":[{"href":"https:\/\/opranic.com\/sv\/wp-json\/wp\/v2\/media?parent=12633"}],"wp:term":[{"taxonomy":"product_brand","embeddable":true,"href":"https:\/\/opranic.com\/sv\/wp-json\/wp\/v2\/product_brand?post=12633"},{"taxonomy":"product_cat","embeddable":true,"href":"https:\/\/opranic.com\/sv\/wp-json\/wp\/v2\/product_cat?post=12633"},{"taxonomy":"product_tag","embeddable":true,"href":"https:\/\/opranic.com\/sv\/wp-json\/wp\/v2\/product_tag?post=12633"}],"curies":[{"name":"wp","href":"https:\/\/api.w.org\/{rel}","templated":true}]}}