{"id":12745,"date":"2024-07-10T20:29:47","date_gmt":"2024-07-10T18:29:47","guid":{"rendered":"https:\/\/opranic.com\/shop\/okategoriserad\/opranic-p6-hybrid-infravarmepaneler\/"},"modified":"2026-03-31T09:26:00","modified_gmt":"2026-03-31T07:26:00","slug":"opranic-p6-hybrid-infravarmepaneler","status":"publish","type":"product","link":"https:\/\/opranic.com\/sv\/shop\/premium-infravarmepanel\/opranic-hybrid-infravarmepanel\/opranic-p6-hybrid-infravarmepaneler\/","title":{"rendered":"OPRANIC P6 Hybrid Infrav\u00e4rmepaneler 550 W &#8211; 900 W"},"content":{"rendered":"<div class=\"wpb-content-wrapper\">[vc_row][vc_column][vc_tta_tabs shape=&#8221;square&#8221; active_section=&#8221;1&#8243; css=&#8221;.vc_custom_1760386833377{background-color: #FFFFFF00 !important;border-color: #FFFFFF00 !important;}&#8221;][vc_tta_section title=&#8221;Detaljer&#8221; tab_id=&#8221;1715058604722-4be8b460-d501&#8243;]<style>.vcex-heading.vcex_69e18ab094ba2{font-weight:600;text-transform:uppercase;}<\/style><h2 class=\"vcex-heading vcex-heading-plain vcex-module wpex-heading wpex-text-2xl vcex_69e18ab094ba2\"><span class=\"vcex-heading-inner wpex-inline-block\">Opranic P6 Hybrid Infrav\u00e4rmepaneler - Egenskaper<\/span><\/h2>[vc_column_text css=&#8221;.vc_custom_1725984920864{padding-bottom: 30px !important;}&#8221;]OPRANIC Hybrid P6-serien erbjuder energieffektiv uppv\u00e4rmning med sin innovativa dubbla hybridteknik som kombinerar infrar\u00f6d v\u00e4rme och konvektionsv\u00e4rme. Infrav\u00e4rmaren avger direkta, solliknande str\u00e5lningsv\u00e5gor, medan konvektionsv\u00e4rmen skapas genom cirkulation av uppv\u00e4rmd luft inuti panelens \u00f6ppna h\u00f6lje. Denna dubbla metod \u00f6kar effektiviteten genom att s\u00e4kerst\u00e4lla en j\u00e4mn v\u00e4rmef\u00f6rdelning i hela rummet.  <\/p>\n<p>OPRANIC Hybrid P6-serien finns i 550 W och 900 W. Energieffektiviteten uppn\u00e5s genom egenutvecklat motst\u00e5nd och nanoteknikbaserad kiseltr\u00e5dskablage. V\u00e4rmemotst\u00e5nden str\u00e4cker sig hela v\u00e4gen ut till v\u00e4rmarens kanter, vilket s\u00e4kerst\u00e4ller j\u00e4mn v\u00e4rmef\u00f6rdelning utan varma punkter. OPRANIC Hybrid-serien omvandlar cirka 99 % av den elektriska energin till v\u00e4rmeeffekt och ger maximal energieffektivitet, med en yttemperaturkapacitet upp till 110 \u00b0C.   <\/p>\n<p>P6 Infrav\u00e4rmare \u00e4r utrustad med en inbyggd mekanisk termostat som g\u00f6r att du kan justera v\u00e4rmarens yttemperatur med stegl\u00f6s kontroll. P6 Hybrid infrav\u00e4rmare \u00e4r smala med ett djup p\u00e5 4 cm, byggda med h\u00f6gkvalitativt metallh\u00f6lje, vilket ger h\u00e5llbarhet och har en elegant vit finish. <\/p>\n<p>Det specialdesignade monteringssystemet inkluderar en s\u00e4kerhetsl\u00e5smekanism f\u00f6r s\u00e4ker horisontell v\u00e4gginstallation. OPRANIC P6-serien har en IP24-klassning, vilket g\u00f6r den s\u00e4ker f\u00f6r badrumsanv\u00e4ndning med skydd mot vattenst\u00e4nk, och inkluderar integrerat \u00f6verhettnings- och \u00f6versp\u00e4nningsskydd. Certifierad enligt CE-, EMC-, REACH- och RoHS-standarder, levereras den med 3 \u00e5rs garanti.[\/vc_column_text]<h3 class=\"vcex-heading vcex-heading-plain vcex-module wpex-heading wpex-text-2xl\"><span class=\"vcex-heading-inner wpex-inline-block\">G\u00f6r den portabel eller anv\u00e4nd den i badrummet som en handdukstork.<\/span><\/h3>[vc_column_text css=&#8221;.vc_custom_1725984912798{padding-bottom: 30px !important;}&#8221;]\n<div class=\"wpb_text_column wpb_content_element vc_custom_1725955535196\">\n<div class=\"wpb_wrapper\">\n<p>Hybrid P6-serien kan vara frist\u00e5ende och mobil, med st\u00e5ende ben som tillval f\u00f6r enkel anv\u00e4ndning \u00f6verallt. Serien \u00e4r ocks\u00e5 kompatibel med andra anslutna termostatsystem och kan integreras i smarta hemmilj\u00f6er f\u00f6r \u00f6kad bekv\u00e4mlighet. OPRANIC Hybrid P6-serien s\u00e4kerst\u00e4ller effektiv, oberoende uppv\u00e4rmning d\u00e4r det beh\u00f6vs.  <\/p>\n<p>Du kan f\u00f6rvandla v\u00e5r OPRANIC Metal-serie till en mobil v\u00e4rmare med metallst\u00f6djande ben. Tack vare dess l\u00e4ttanv\u00e4nda monteringsf\u00e4stessystem kan du ta bort enheten fr\u00e5n v\u00e4ggen eller taket och omvandla den till en m\u00e5ngsidig mobil v\u00e4rmare. <\/p>\n<p>Opranic infrav\u00e4rmare \u00e4r de idealiska badrumsv\u00e4rmarna f\u00f6r ditt hem, som f\u00f6rvandlar kyliga badrum till varma och inbjudande utrymmen. Dessa v\u00e4rmare ger effektiv, behaglig v\u00e4rme, vilket g\u00f6r dem till ett m\u00e5ste i din dagliga badrumsrutin. V\u00e5ra infrar\u00f6da badrumsv\u00e4rmare levererar intensiv str\u00e5lningsv\u00e4rme med maximal energieffektivitet, tack vare avancerad m\u00f6rk infrar\u00f6d teknik. Designade som den perfekta infrar\u00f6da uppv\u00e4rmningen i badrummet, \u00e4r dessa v\u00e4rmare st\u00e4nks\u00e4kra, vilket garanterar s\u00e4kerhet i v\u00e5ta milj\u00f6er. Med eleganta designer och h\u00e5llbar konstruktion \u00e4r v\u00e5ra infrav\u00e4rmare den idealiska uppgraderingen f\u00f6r din morgonrutin, som ger l\u00e5ngvarig komfort och stil i alla badrum.    <\/p>\n<\/div>\n<\/div>\n[\/vc_column_text]<h3 class=\"vcex-heading vcex-heading-plain vcex-module wpex-heading wpex-text-2xl\"><span class=\"vcex-heading-inner wpex-inline-block\">Viktiga funktioner<\/span><\/h3>[vc_column_text css=&#8221;.vc_custom_1725984928339{padding-bottom: 30px !important;}&#8221;]\n<ul>\n<li>Dubbel hybridteknik: Kombinerar infrar\u00f6d v\u00e4rme och konvektionsv\u00e4rme f\u00f6r \u00f6kad energieffektivitet och prestanda. M\u00f6rk infrar\u00f6d uppv\u00e4rmning. <\/li>\n<li>Energieffektivitet: Omvandlar cirka 99% av den elektriska energin till termisk effekt med hj\u00e4lp av avancerat motst\u00e5nd och nanoteknologisk kiseltr\u00e5d.<\/li>\n<li>J\u00e4mn v\u00e4rmef\u00f6rdelning: v\u00e4rmeelementen \u00e4r spridda till kanterna f\u00f6r att undvika varma fl\u00e4ckar.<\/li>\n<li>H\u00f6gkvalitativ Konstruktion: Tillverkad av ett slitstarkt metallh\u00f6lje med en slimmad profil p\u00e5 4 cm djup och en satinmatt vit finish.<\/li>\n<li>F\u00f6rb\u00e4ttrat skydd: \u00d6verhettningsskydd och s\u00e4kerhetsf\u00e4sten f\u00f6r s\u00e4ker installation.<\/li>\n<li>Elegant design: Sidenmatt vit yta och ett smalt h\u00f6lje p\u00e5 4 cm f\u00f6r en modern look.<\/li>\n<li>Certifieringar: Certifierad enligt CE, RoHS, REACH och EMC. Inbyggd termostat och kompatibilitet:<\/li>\n<li>Inbyggd mekanisk termostat och kompatibilitet med smarta hem-system.<\/li>\n<li>Mobilitet som tillval: Kan omvandlas till en mobil v\u00e4rmare med st\u00e5ende ben som tillval.<\/li>\n<li>Garanti: Garanterad tillf\u00f6rlitlighet med 3 \u00e5rs garanti.<\/li>\n<\/ul>\n[\/vc_column_text]<h3 class=\"vcex-heading vcex-heading-plain vcex-module wpex-heading wpex-text-2xl\"><span class=\"vcex-heading-inner wpex-inline-block\">Prestanda<\/span><\/h3>[vc_column_text css=&#8221;.vc_custom_1725984936701{padding-bottom: 30px !important;}&#8221;]\n<ul>\n<li>V\u00e4rmeeffekt: Finns i effektl\u00e4gen p\u00e5 550W och 900W.<\/li>\n<li> M\u00e5tt:\n<ul>\n<li>550 watt: 60 x 60 x 4 cm<\/li>\n<li>900 watt: 100 x 60 x 4 cm<\/li>\n<\/ul>\n<\/li>\n<li>Uppv\u00e4rmd yta: Upp till 22 m\u00b2 beroende p\u00e5 modell.<\/li>\n<li>J\u00e4mn yttemperatur p\u00e5 90 &#8211; 110\u00b0C.<\/li>\n<li>Temperatur p\u00e5 baksidan: Cirka 35 &#8211; 45\u00b0C.<\/li>\n<li>Typ av v\u00e4rme: L\u00e5ngv\u00e5gig infrar\u00f6d C-str\u00e5lning.<\/li>\n<li>Monteringsdjup: Total djup med f\u00e4ste \u00e4r 5,3 cm.<\/li>\n<li>Str\u00f6mf\u00f6rs\u00f6rjning: 230V \/ 50Hz med en 1,7 m l\u00e5ng n\u00e4tsladd.<\/li>\n<\/ul>\n[\/vc_column_text]<h3 class=\"vcex-heading vcex-heading-plain vcex-module wpex-heading wpex-text-2xl\"><span class=\"vcex-heading-inner wpex-inline-block\">Tekniska specifikationer<\/span><\/h3>[vc_column_text css=&#8221;.vc_custom_1725984946609{padding-bottom: 30px !important;}&#8221;]\n<ul>\n<li>Material: H\u00f6gkvalitativ metallkonstruktion. Str\u00f6mf\u00f6rs\u00f6rjning: 230V \/ 50Hz med en 1,9 m l\u00e5ng str\u00f6msladd.<\/li>\n<li>Vikt:\n<ul>\n<li>550 watt: 7 kg<\/li>\n<li>900 watt: 11 kg<\/li>\n<\/ul>\n<\/li>\n<li>Skyddsklass: I<\/li>\n<\/ul>\n[\/vc_column_text]<h3 class=\"vcex-heading vcex-heading-plain vcex-module wpex-heading wpex-text-2xl\"><span class=\"vcex-heading-inner wpex-inline-block\">Uppv\u00e4rmningst\u00e4ckning: Exklusivt f\u00f6r slutna innerutrymmen<\/span><\/h3>[vc_column_text css=&#8221;.vc_custom_1725984956389{padding-bottom: 30px !important;}&#8221;]\n<ul>\n<li>550 watt: upp till cirka 14 m\u00b2<\/li>\n<li>900 watt: upp till cirka 22 m\u00b2<\/li>\n<\/ul>\n<p>Uppskattningarna av v\u00e4rmet\u00e4ckningen ovan baseras p\u00e5 m\u00e4tningar och tester som utf\u00f6rts i v\u00e4lisolerade rum. Den faktiska uppv\u00e4rmningsytan kan variera beroende p\u00e5 faktorer som takh\u00f6jd, rumsstorlek, isoleringskvalitet, byggnadsstruktur och antalet ytterv\u00e4ggar.[\/vc_column_text]<h3 class=\"vcex-heading vcex-heading-plain vcex-module wpex-heading wpex-text-2xl\"><span class=\"vcex-heading-inner wpex-inline-block\">V\u00e4rmeteknologi<\/span><\/h3>[vc_column_text css=&#8221;.vc_custom_1725984967504{padding-bottom: 30px !important;}&#8221;]Uppv\u00e4rmningsfilament: Dubbel v\u00e4rmeledarteknik med en serpentinformad layout f\u00f6r j\u00e4mn v\u00e4rmef\u00f6rdelning och inga extra magnetf\u00e4lt. V\u00e4rmetr\u00e5den str\u00e4cker sig \u00e4nda ut till panelens kanter, vilket ger en j\u00e4mn yttemperatur och en effektiv v\u00e4rmestr\u00e5lning utan heta punkter.[\/vc_column_text]<h3 class=\"vcex-heading vcex-heading-plain vcex-module wpex-heading wpex-text-2xl\"><span class=\"vcex-heading-inner wpex-inline-block\">Str\u00e5lningseffektivitet<\/span><\/h3>[vc_column_text css=&#8221;.vc_custom_1725984976211{padding-bottom: 30px !important;}&#8221;]V\u00e5ra infrav\u00e4rmepaneler \u00e4r designade f\u00f6r optimal energiomvandling, vilket s\u00e4kerst\u00e4ller att mer elektrisk energi direkt omvandlas till v\u00e4rme. De \u00f6vertr\u00e4ffar branschstandarder och ger effektiv uppv\u00e4rmning f\u00f6r b\u00e5de sm\u00e5 och stora utrymmen. OPRANIC infrav\u00e4rmare levererar konsekvent v\u00e4rmef\u00f6rdelning med minimal energif\u00f6rlust, vilket resulterar i betydande besparingar p\u00e5 uppv\u00e4rmningskostnaderna.[\/vc_column_text]<h3 class=\"vcex-heading vcex-heading-plain vcex-module wpex-heading wpex-text-2xl\"><span class=\"vcex-heading-inner wpex-inline-block\">Inbyggd termostat och extern termostat<\/span><\/h3>[vc_column_text css=&#8221;.vc_custom_1725984843947{padding-bottom: 30px !important;}&#8221;]P6-serien har en inbyggd mekanisk termostat som m\u00f6jligg\u00f6r justering av v\u00e4rmarens yttemperatur. Den inbyggda termostaten reglerar v\u00e4rmeeffekten genom att justera radiatorns yttemperatur. Dessutom kan P6 Hybrid Infrav\u00e4rmare styras med en extern termostat, som inte ing\u00e5r i produktpaketet. Valet av en l\u00e4mplig termostat beror p\u00e5 den avsedda applikationen. OPRANIC P6-seriens infrav\u00e4rmare har ett \u00f6ppet gr\u00e4nssnitt, vilket g\u00f6r dem kompatibla med alla termostatsystem. De \u00e4r ocks\u00e5 designade f\u00f6r integration i smarta hemmilj\u00f6er och \u00e4r kompatibla med termostater fr\u00e5n andra tillverkare.[\/vc_column_text]<h3 class=\"vcex-heading vcex-heading-plain vcex-module wpex-heading wpex-text-2xl\"><span class=\"vcex-heading-inner wpex-inline-block\">S\u00e4kerhetsfunktioner och s\u00e4kerhetsanv\u00e4ndning<\/span><\/h3>[vc_column_text css=&#8221;.vc_custom_1725984986793{padding-bottom: 30px !important;}&#8221;]\n<ul>\n<li>Skydd mot \u00f6verhettning: Integrerad s\u00e4kerhetsbrytare f\u00f6rhindrar farliga temperaturer.<\/li>\n<li>IP24-klassning: Skyddad mot vattenst\u00e4nk fr\u00e5n alla riktningar.<\/li>\n<li>S\u00e4kerhetsavst\u00e5nd: H\u00e5ll ett s\u00e4kerhetsavst\u00e5nd p\u00e5 30 cm framtill och 10 cm p\u00e5 alla sidor, \u00e4ven upp\u00e5t och ned\u00e5t, fr\u00e5n br\u00e4nnbara f\u00f6rem\u00e5l.<\/li>\n<\/ul>\n[\/vc_column_text]<h3 class=\"vcex-heading vcex-heading-plain vcex-module wpex-heading wpex-text-2xl\"><span class=\"vcex-heading-inner wpex-inline-block\">Anv\u00e4ndningsomr\u00e5den f\u00f6r P6 Hybrid Infrar\u00f6d Panelv\u00e4rmare:<\/span><\/h3>[vc_column_text css=&#8221;.vc_custom_1725984855328{padding-bottom: 30px !important;}&#8221;]Inomhusomr\u00e5den: Idealisk f\u00f6r vardagsrum, kontor, badrum, sovrum, k\u00f6k, barnrum, tv\u00e4ttstugor, k\u00e4llare och vindar, hobbyrum, tr\u00e4dg\u00e5rdshus, solrum, semesterbost\u00e4der, sm\u00e5 l\u00e4genheter, v\u00e4xthus etc.[\/vc_column_text]<h3 class=\"vcex-heading vcex-heading-plain vcex-module wpex-heading wpex-text-2xl\"><span class=\"vcex-heading-inner wpex-inline-block\">Monteringsanvisningar<\/span><\/h3>[vc_column_text css=&#8221;.vc_custom_1725984996328{padding-bottom: 30px !important;}&#8221;]De medf\u00f6ljande f\u00e4stena \u00e4r l\u00e4mpliga f\u00f6r v\u00e4ggmontering och g\u00f6r att v\u00e4rmaren kan installeras horisontellt. F\u00e4st konsolen i v\u00e4ggen med de medf\u00f6ljande skruvarna och pluggarna. Skjut sedan v\u00e4rmaren p\u00e5 plats och vrid p\u00e5 s\u00e4kerhetsf\u00e4stet f\u00f6r en s\u00e4ker och enkel installation. F\u00f6r optimal v\u00e4rmeprestanda rekommenderar vi ett maximalt avst\u00e5nd p\u00e5 3 till 4 meter fr\u00e5n den \u00f6nskade v\u00e4rmeytan.[\/vc_column_text]<h3 class=\"vcex-heading vcex-heading-plain vcex-module wpex-heading wpex-text-2xl\"><span class=\"vcex-heading-inner wpex-inline-block\">Leveransinneh\u00e5ll<\/span><\/h3>[vc_column_text css=&#8221;.vc_custom_1725987104340{padding-bottom: 30px !important;}&#8221;]\n<ul>\n<li>1 x OPRANIC P6 Metall Hybrid Infrav\u00e4rmepanel<\/li>\n<li>1 x patenterat monteringsf\u00e4ste<\/li>\n<li>1 x Installationssats (pluggar och skruvar)<\/li>\n<li>1 x Anv\u00e4ndarhandbok<\/li>\n<li>1 x integrerad n\u00e4tsladd<\/li>\n<\/ul>\n[\/vc_column_text]<h3 class=\"vcex-heading vcex-heading-plain vcex-module wpex-heading wpex-text-2xl\"><span class=\"vcex-heading-inner wpex-inline-block\">Tekniska data<\/span><\/h3>[vc_column_text css=&#8221;.vc_custom_1725985012617{padding-bottom: 30px !important;}&#8221;]\n<ul>\n<li>F\u00e4rg: vit<\/li>\n<li>Prestanda: 550W och 900W<\/li>\n<li>Maximal effektivitet: Cirka 99% av den elektriska energin omvandlas till termisk effekt<\/li>\n<li>Uppv\u00e4rmningsbar yta: Upp till 22 kvadratmeter beroende p\u00e5 modell<\/li>\n<\/ul>\n<p>OPRANIC P6-serien kombinerar avancerad infrar\u00f6d teknik med elegant design f\u00f6r en effektiv och s\u00e4ker uppv\u00e4rmningsl\u00f6sning, l\u00e4mplig f\u00f6r olika inomhusapplikationer.[\/vc_column_text]<h2 class=\"vcex-heading vcex-heading-plain vcex-module wpex-heading wpex-text-2xl\"><span class=\"vcex-heading-inner wpex-inline-block\">F\u00f6rordning (EU) 2015\/1188<\/span><\/h2>[vc_column_text css=&#8221;&#8221;]V\u00e4nligen se EU:s ekodesignf\u00f6rordning 2015\/1188. F\u00f6r att driva uppv\u00e4rmningen i enlighet med EU-f\u00f6rordning nr 2015\/118, anv\u00e4nd ett ytterligare elektroniskt termostatsystem som har &#8221;f\u00f6nster \u00f6ppet&#8221;-detektering och veckodagsprogrammering. Denna produkt \u00e4r endast l\u00e4mplig f\u00f6r v\u00e4lisolerade rum eller f\u00f6r tillf\u00e4llig anv\u00e4ndning (EU-f\u00f6rordning 2015\/1188 Artikel 3, Bilaga II b) II (2)). Rumstemperaturregulatorn \u00e4r inte en del av produkten. Eftersom gr\u00e4nssnitten \u00e4r \u00f6ppna kan du antingen anv\u00e4nda ditt eget termostatsystem eller, till exempel, v\u00e5rt OT50 termostatsystem. OPRANIC P6, Hybrid-serien har en mekaniskt integrerad yttermostat.[\/vc_column_text][\/vc_tta_section][vc_tta_section title=&#8221;F.a.q.&#8221; tab_id=&#8221;1715058630675-41822335-92e1&#8243;][vc_row_inner equal_height=&#8221;yes&#8221; remove_bottom_col_margin=&#8221;true&#8221; css=&#8221;.vc_custom_1715063689585{padding-top: 30px !important;padding-bottom: 30px !important;}&#8221; el_id=&#8221;faq&#8221;][vc_column_inner]<style>.vcex-heading.vcex_69e18ab09b35d{font-weight:600;text-transform:uppercase;}<\/style><h2 class=\"vcex-heading vcex-heading-plain vcex-module wpex-heading wpex-text-2xl vcex_69e18ab09b35d\"><span class=\"vcex-heading-inner wpex-inline-block\">FAQ - P6 Hybrid Metal<\/span><\/h2>[vc_toggle title=&#8221;\u00c4R OPRANIC P6 HYBRID INFRAV\u00c4RMARE S\u00c4KER ATT ANV\u00c4NDA I BADRUM?&#8221; style=&#8221;arrow&#8221; css=&#8221;&#8221;]Ja, Opranic P6 Hybrid infrav\u00e4rmaren f\u00f6r badrum \u00e4r IP24-klassad, vilket g\u00f6r den s\u00e4ker att anv\u00e4nda i badrum. Den \u00e4r skyddad mot vattenst\u00e4nk och har \u00f6verhettningsskydd f\u00f6r att s\u00e4kerst\u00e4lla anv\u00e4ndars\u00e4kerheten. Den h\u00e4r v\u00e4rmaren ger inte bara ert badrum en elegant k\u00e4nsla med sin slimmade design, utan s\u00e4kerst\u00e4ller ocks\u00e5 komforten av ett varmt badrum och f\u00f6rb\u00e4ttrar er totala badrumsupplevelse.[\/vc_toggle][vc_toggle title=&#8221;VAD \u00c4R DEN DUBBLA HYBRIDTEKNIKEN I OPRANIC P6 HYBRID INFRAV\u00c4RMARE?&#8221; style=&#8221;arrow&#8221; css=&#8221;&#8221;]Den dubbla hybridteknologin i Opranic P6 kombinerar infrar\u00f6d och konvektionsv\u00e4rme, vilket ger b\u00e5de sol-liknande str\u00e5lningsv\u00e4rme och uppv\u00e4rmd luft. Infrar\u00f6d v\u00e4rme v\u00e4rmer direkt upp f\u00f6rem\u00e5l och m\u00e4nniskor i rummet, p\u00e5 ett s\u00e4tt som liknar hur solljus ger v\u00e4rme. Konvektionsv\u00e4rme v\u00e4rmer \u00e5 sin sida upp luften och skapar en mer j\u00e4mnt uppv\u00e4rmd milj\u00f6. Kombinationen av dessa tv\u00e5 metoder s\u00e4kerst\u00e4ller snabbare och mer konsekvent v\u00e4rme, vilket maximerar komforten samtidigt som energif\u00f6rbrukningen minimeras.[\/vc_toggle][\/vc_column_inner][\/vc_row_inner][\/vc_tta_section][vc_tta_section title=&#8221;Media&#8221; tab_id=&#8221;1760357335507-d5564118-4f52&#8243;][\/vc_tta_section][\/vc_tta_tabs][\/vc_column][\/vc_row]\n<\/div>","protected":false},"excerpt":{"rendered":"<div class=\"product-description\">\n<p>Upplev snabb, solliknande v\u00e4rme med den infrar\u00f6da panelv\u00e4rmaren Opranic P6 Hybrid. Dess tunna metallh\u00f6lje p\u00e5 4 cm och sidenmatta vita finish ger effektiv och j\u00e4mn komfort, medan den dubbla hybridkonstruktionen kombinerar infrar\u00f6d str\u00e5lningsv\u00e4rme med mjuk konvektion f\u00f6r en balanserad rumsv\u00e4rme i modeller p\u00e5 550 W eller 900 W.. <\/p>\n<ul class=\"premium-features\">\n<li>Dubbel hybriduppv\u00e4rmning: infrar\u00f6d + konvektion f\u00f6r h\u00f6g effektivitet<\/li>\n<li>Inbyggd mekanisk termostat med stegl\u00f6s kontroll<\/li>\n<li>IP24 st\u00e4nks\u00e4ker och l\u00e4mplig f\u00f6r badrum<\/li>\n<li>S\u00e4ker horisontell v\u00e4ggmontering med s\u00e4kerhetsl\u00e5s &amp; \u00f6verhettningsskydd<\/li>\n<li>Certifierad CE, RoHS, REACH &amp; EMC; 3 \u00e5rs garanti<\/li>\n<\/ul>\n<\/div>\n","protected":false},"featured_media":19425,"comment_status":"closed","ping_status":"closed","template":"","meta":{"_acf_changed":false,"inline_featured_image":false,"_joinchat":[]},"product_brand":[],"product_cat":[523,503],"product_tag":[799,800],"class_list":{"0":"post-12745","1":"product","2":"type-product","3":"status-publish","4":"has-post-thumbnail","6":"product_cat-opranic-hybrid-infravarmepanel","7":"product_cat-premium-infravarmepanel","8":"product_tag-hybrid-varmepanel-2","9":"product_tag-infrarod-varmepanel-2","10":"pa_power-w-550-sv","11":"pa_power-w-900-sv","12":"entry","13":"has-media","15":"first","16":"instock","17":"sale","18":"taxable","19":"shipping-taxable","20":"purchasable","21":"product-type-variable","22":"has-default-attributes"},"acf":[],"_links":{"self":[{"href":"https:\/\/opranic.com\/sv\/wp-json\/wp\/v2\/product\/12745","targetHints":{"allow":["GET"]}}],"collection":[{"href":"https:\/\/opranic.com\/sv\/wp-json\/wp\/v2\/product"}],"about":[{"href":"https:\/\/opranic.com\/sv\/wp-json\/wp\/v2\/types\/product"}],"replies":[{"embeddable":true,"href":"https:\/\/opranic.com\/sv\/wp-json\/wp\/v2\/comments?post=12745"}],"wp:featuredmedia":[{"embeddable":true,"href":"https:\/\/opranic.com\/sv\/wp-json\/wp\/v2\/media\/19425"}],"wp:attachment":[{"href":"https:\/\/opranic.com\/sv\/wp-json\/wp\/v2\/media?parent=12745"}],"wp:term":[{"taxonomy":"product_brand","embeddable":true,"href":"https:\/\/opranic.com\/sv\/wp-json\/wp\/v2\/product_brand?post=12745"},{"taxonomy":"product_cat","embeddable":true,"href":"https:\/\/opranic.com\/sv\/wp-json\/wp\/v2\/product_cat?post=12745"},{"taxonomy":"product_tag","embeddable":true,"href":"https:\/\/opranic.com\/sv\/wp-json\/wp\/v2\/product_tag?post=12745"}],"curies":[{"name":"wp","href":"https:\/\/api.w.org\/{rel}","templated":true}]}}