{"id":12794,"date":"2024-07-12T10:30:35","date_gmt":"2024-07-12T08:30:35","guid":{"rendered":"https:\/\/opranic.com\/shop\/okategoriserad\/opranic-i90-vega-industriell-infravarmare\/"},"modified":"2024-07-12T10:46:24","modified_gmt":"2024-07-12T08:46:24","slug":"opranic-i90-vega-industriell-infravarmare","status":"publish","type":"product","link":"https:\/\/opranic.com\/sv\/shop\/infravarmare\/vega-i90-sv\/opranic-i90-vega-industriell-infravarmare\/","title":{"rendered":"OPRANIC I90 &#8211; VEGA Industriell Infrav\u00e4rmare"},"content":{"rendered":"","protected":false},"excerpt":{"rendered":"<h2 class=\"vcex-heading vcex-heading-plain vcex-module wpex-heading wpex-text-2xl\">\n  <span class=\"vcex-heading-inner wpex-inline-block\">ST\u00d6D F\u00d6R KUNDANPASSNING<\/span><br \/>\n<\/h2>\n<div class=\"wpb_text_column wpb_content_element section-margin\">\n<div class=\"wpb_wrapper\">\n<p>Den industriella infrar\u00f6da v\u00e4rmaren Opranic Pro Vega kan skr\u00e4ddarsys efter dina specifika behov. Standard-VEGA har tre v\u00e4rmefilament, men vi kan tillverka den efter dina specifika behov med ett eller tv\u00e5 filament. Ta kontakt med oss s\u00e5 g\u00f6r vi v\u00e5rt b\u00e4sta f\u00f6r att hj\u00e4lpa dig.<\/p>\n<h2 class=\"vcex-heading vcex-heading-plain vcex-module wpex-heading wpex-text-2xl\">\n      <span class=\"vcex-heading-inner wpex-inline-block\">VEGA INDUSTRIELL INFRAR\u00d6DV\u00c4RMARE<\/span><br \/>\n    <\/h2>\n<p>Opranic Vega industriell infrar\u00f6d v\u00e4rmare \u00e4r en kraftfull serie medelv\u00e5giga infrar\u00f6da v\u00e4rmare upp till 9000W (9kW) f\u00f6r uppv\u00e4rmning av stora ytor som industrihallar, sportarenor, lager och andra stora omr\u00e5den. Tack vare den h\u00f6ga effektiviteten och den optimala v\u00e5gl\u00e4ngden p\u00e5 str\u00e5lningen minskar uppv\u00e4rmningskostnaderna j\u00e4mf\u00f6rt med traditionella uppv\u00e4rmningsmetoder.<\/p>\n<\/p><\/div>\n<\/div>\n","protected":false},"featured_media":19473,"comment_status":"closed","ping_status":"closed","template":"","meta":{"_acf_changed":false,"inline_featured_image":false,"_joinchat":[]},"product_brand":[],"product_cat":[525,496],"product_tag":[],"class_list":{"0":"post-12794","1":"product","2":"type-product","3":"status-publish","4":"has-post-thumbnail","6":"product_cat-vega-i90-sv","7":"product_cat-infravarmare","8":"pa_power-w-5400-sv","9":"pa_power-w-6900-sv","10":"pa_power-w-9000-sv","11":"entry","12":"has-media","14":"first","15":"instock","16":"taxable","17":"shipping-taxable","18":"purchasable","19":"product-type-variable"},"acf":[],"_links":{"self":[{"href":"https:\/\/opranic.com\/sv\/wp-json\/wp\/v2\/product\/12794","targetHints":{"allow":["GET"]}}],"collection":[{"href":"https:\/\/opranic.com\/sv\/wp-json\/wp\/v2\/product"}],"about":[{"href":"https:\/\/opranic.com\/sv\/wp-json\/wp\/v2\/types\/product"}],"replies":[{"embeddable":true,"href":"https:\/\/opranic.com\/sv\/wp-json\/wp\/v2\/comments?post=12794"}],"wp:featuredmedia":[{"embeddable":true,"href":"https:\/\/opranic.com\/sv\/wp-json\/wp\/v2\/media\/19473"}],"wp:attachment":[{"href":"https:\/\/opranic.com\/sv\/wp-json\/wp\/v2\/media?parent=12794"}],"wp:term":[{"taxonomy":"product_brand","embeddable":true,"href":"https:\/\/opranic.com\/sv\/wp-json\/wp\/v2\/product_brand?post=12794"},{"taxonomy":"product_cat","embeddable":true,"href":"https:\/\/opranic.com\/sv\/wp-json\/wp\/v2\/product_cat?post=12794"},{"taxonomy":"product_tag","embeddable":true,"href":"https:\/\/opranic.com\/sv\/wp-json\/wp\/v2\/product_tag?post=12794"}],"curies":[{"name":"wp","href":"https:\/\/api.w.org\/{rel}","templated":true}]}}