{"id":7063,"date":"2023-04-21T01:07:17","date_gmt":"2023-04-20T23:07:17","guid":{"rendered":"https:\/\/opranic.com\/product\/norveco-star-barbar-eller-vaggmonterad-terrassvarmare-1800w-med-stativ-fjarrkontroll-ip44\/"},"modified":"2026-04-16T16:35:19","modified_gmt":"2026-04-16T14:35:19","slug":"norveco-stjarna-portabel-patio-varmare-1800w-med-stand-remote-ip44","status":"publish","type":"product","link":"https:\/\/opranic.com\/sv\/shop\/infravarmare\/v40-star\/norveco-stjarna-portabel-patio-varmare-1800w-med-stand-remote-ip44\/","title":{"rendered":"STAR V40 Portabel infrav\u00e4rmare 1800W f\u00f6r v\u00e4gg, tak eller stativ"},"content":{"rendered":"<div class=\"wpb-content-wrapper\">[vc_row][vc_column][vc_tta_tabs style=&#8221;total_3&#8243; active_section=&#8221;1&#8243;][vc_tta_section title=&#8221;Detaljer&#8221; tab_id=&#8221;1715058604722-4be8b460-d501&#8243;][vc_row_inner][vc_column_inner]<h2 class=\"vcex-heading vcex-heading-plain vcex-module wpex-heading wpex-text-2xl\"><span class=\"vcex-heading-inner wpex-inline-block\">STAR infrav\u00e4rmare f\u00f6r installation p\u00e5 stativ, v\u00e4gg eller i tak<\/span><\/h2>[vc_column_text css=&#8221;.vc_custom_1775473782538{margin-top: 30px !important;}&#8221;]\n<div class=\"wpb_text_column wpb_content_element section-margin\">\n<div class=\"wpb_wrapper\">\n<p>STAR V30 \u00e4r en portabel infrav\u00e4rmare byggd f\u00f6r flexibilitet. Till skillnad fr\u00e5n fasta v\u00e4ggmonterade v\u00e4rmare levererar den 1800 W effektiv infrar\u00f6d v\u00e4rme direkt till m\u00e4nniskor och f\u00f6rem\u00e5l, inte den omgivande luften, s\u00e5 ingen v\u00e4rme g\u00e5r till spillo. Anv\u00e4nd den p\u00e5 det medf\u00f6ljande stativet, montera den p\u00e5 v\u00e4ggen eller h\u00e4ng den fr\u00e5n taket.  <\/p>\n<h2>Design och s\u00e4kerhetsfunktioner<\/h2>\n<p>STAR18RS har ett aluminiumh\u00f6lje designat f\u00f6r daglig anv\u00e4ndning. Den inneh\u00e5ller inbyggda s\u00e4kerhetsfunktioner s\u00e5som automatiskt tippskydd, som st\u00e4nger av enheten om den faller. <\/p>\n<h2>Funktionalitet och kontroll<\/h2>\n<p>V\u00e4rmaren \u00e4r fj\u00e4rrstyrd och erbjuder enkel anv\u00e4ndning med:<\/p>\n<ul>\n<li>3 effektniv\u00e5er<\/li>\n<li>Upp till 9 timmars timerfunktion<\/li>\n<li>Elektronisk termostatfunktion<\/li>\n<\/ul>\n<p>Enheten kan anv\u00e4ndas i olika konfigurationer:<\/p>\n<ul>\n<li>Monterad p\u00e5 det medf\u00f6ljande stativet eller p\u00e5 v\u00e4gg\/tak (kr\u00e4ver att det elektroniska tippskyddet \u00e4r avst\u00e4ngt) <\/li>\n<li>Anv\u00e4nds med det medf\u00f6ljande justerbara stativet (1,0\u20131,4 meter)<\/li>\n<\/ul>\n<h2><strong>AVAKTIVERA TITLT-OMKOPPLAREN F\u00d6R STAR18RS<\/strong><\/h2>\n<p>Tilt-skyddet kan inaktiveras. F\u00f6lj instruktionerna nedan: <\/p>\n<p>\u201dE3\u201d indikerar att tippskyddet \u00e4r aktiverat.<\/p>\n<p>Det \u00e4r m\u00f6jligt att inaktivera lutningsbrytaren.<br \/>Vi har medvetet gjort det lite mer komplicerat f\u00f6r att f\u00f6rhindra att kunder av misstag st\u00e4nger av den. F\u00f6rklaring med ett steg i taget:  <\/p>\n<ol>\n<li>F\u00f6rst m\u00e5ste du koppla ur och \u00e5teransluta v\u00e4rmaren. (Ha fj\u00e4rrkontrollen redo eftersom du bara har n\u00e5gra sekunder p\u00e5 dig att g\u00f6ra \u00e4ndringarna efter \u00e5teranslutningen). <\/li>\n<li>Omedelbart efter \u00e5teranslutningen, n\u00e4r du ser lamporna cirkla, m\u00e5ste du trycka p\u00e5 timerknappen (l\u00e4ngst ned till h\u00f6ger), termostatknappen (l\u00e4ngst ned till v\u00e4nster) och niv\u00e5knappen (mitten) inom 2 sekunder.<\/li>\n<li>Om du har utf\u00f6rt denna del korrekt b\u00f6r du se bokstaven A eller P p\u00e5 displayen. Detta betyder att du lyckades. <\/li>\n<li>Eftersom standardinst\u00e4llningen \u00e4r att tippskyddet \u00e4r aktivt b\u00f6r Ni se bokstaven A. Nu kan Ni anv\u00e4nda knapparna + och \u2013 f\u00f6r att v\u00e4xla mellan A och P. F\u00f6r att avaktivera tippskyddet, st\u00e4ll in det p\u00e5 P och st\u00e4ng sedan av enheten med str\u00f6mknappen.<br \/>\nN\u00e4r Ni sl\u00e5r p\u00e5 den igen b\u00f6r tippskyddet vara avaktiverat, och det f\u00f6rblir s\u00e5 tills Ni upprepar stegen f\u00f6r att aktivera det igen.<\/li>\n<\/ol>\n<p>Se g\u00e4rna \u00e4ven denna video som visar processen ovan.<\/p>\n<p><a href=\"https:\/\/opranic.com\/external\/video\/norveco_star18rs_tilt.mp4?v=efad7abb323e\">https:\/\/opranic.com\/external\/video\/norveco_star18rs_tilt.mp4<\/a><\/p>\n<h2>M\u00e5ngsidighet och komfort<\/h2>\n<p>STAR18RS ger mjuk och behaglig infrav\u00e4rme, liknande solens v\u00e4rme. Den v\u00e4rmer direkt utan att torka ut luften, vilket g\u00f6r den l\u00e4mplig f\u00f6r b\u00e5de utomhus- och inomhusmilj\u00f6er. <\/p>\n<h3>F\u00f6rdelar:<\/h3>\n<ul>\n<li>Direkt uppv\u00e4rmning utan energif\u00f6rlust till luften<\/li>\n<li>Mjuk och naturlig v\u00e4rme<\/li>\n<li>Enkel och flexibel installation<\/li>\n<li>L\u00e4mplig f\u00f6r b\u00e5de inomhus- och utomhusbruk<\/li>\n<\/ul>\n<h3>Tekniska specifikationer:<\/h3>\n<ul>\n<li>Max effekt: 1800W<\/li>\n<li>3 v\u00e4rmeinst\u00e4llningar<\/li>\n<li>Sp\u00e4nning: 220\u2013240V<\/li>\n<li>Ber\u00e4knad livsl\u00e4ngd: ca 5 000 timmar <\/li>\n<li>IP44-klassad f\u00f6r utomhusbruk<\/li>\n<\/ul>\n<h3>Uppv\u00e4rmningsteknik:<\/h3>\n<ul>\n<li>Mellanv\u00e5gs-infrav\u00e4rme<\/li>\n<li>Mer \u00e4n 90 % av energin omvandlas till v\u00e4rme<\/li>\n<li>L\u00e5gt ljusutsl\u00e4pp<\/li>\n<li>V\u00e4rmer f\u00f6rem\u00e5l direkt ist\u00e4llet f\u00f6r luften<\/li>\n<\/ul>\n<h3>Uppv\u00e4rmningsomr\u00e5de:<\/h3>\n<ul>\n<li>Ca 5\u201318 m\u00b2 beroende p\u00e5 f\u00f6rh\u00e5llanden <\/li>\n<\/ul>\n<h3>Design:<\/h3>\n<ul>\n<li>Aluminiumh\u00f6lje<\/li>\n<li>M\u00e5tt: 76 x 8,5 x 16,5 cm<\/li>\n<li>Vikt: 3,85 kg (inklusive stativ)<\/li>\n<\/ul>\n<h3>Anv\u00e4ndningsomr\u00e5den:<\/h3>\n<ul>\n<li>Balkonger, terrasser, uteplatser<\/li>\n<li>Garage och k\u00e4llare<\/li>\n<li>Uteserveringar<\/li>\n<\/ul>\n<h3>Installation:<\/h3>\n<ul>\n<li>V\u00e4ggmontering m\u00f6jlig<\/li>\n<li>Inkluderar justerbart stativ (1,0\u20131,4 m)<\/li>\n<\/ul>\n<h3>Uppv\u00e4rmningskostnader:<\/h3>\n<p>Vid ett genomsnittligt elpris p\u00e5 10 cent per kWh:<br \/>\n0,1 \u20ac \u00d7 1,8 kW \u2248 0,18 \u20ac per timme<br \/>\n<em>*L\u00e4gre inst\u00e4llningar minskar energif\u00f6rbrukningen ytterligare.<\/em><\/p>\n<\/div>\n<\/div>\n[\/vc_column_text]<h2 class=\"vcex-heading vcex-heading-plain vcex-module wpex-heading wpex-text-2xl\"><span class=\"vcex-heading-inner wpex-inline-block\">Tekniska specifikationer<\/span><\/h2>[vc_column_text css=&#8221;&#8221;]\n<ul>\n<li>Produkt: NORVECO STAR18RS &#8211; elektrisk utomhusv\u00e4rmare<\/li>\n<li>Infrar\u00f6d teknik: Carbon Classic<\/li>\n<li>F\u00e4rg: Silver<\/li>\n<li>Material: Aluminiumh\u00f6lje, med sidoplaster<\/li>\n<li>Sp\u00e4nning: 230V AC ~ 50 Hz<\/li>\n<li>Total uteffekt: 1800 watt<\/li>\n<li>3 v\u00e4rmeinst\u00e4llningar<\/li>\n<li>LCD-display: ja<\/li>\n<li>Insomningstimer: ja (9 timmar)<\/li>\n<li>Str\u00f6mkontakt: Typ F schuko-kontakt (EU-standard)<\/li>\n<li>F\u00f6r permanent anslutning till eln\u00e4tet m\u00e5ste kontakten dras ur av en beh\u00f6rig fackman. Garantin kommer att forts\u00e4tta att g\u00e4lla. <\/li>\n<li>Kabell\u00e4ngd: 1,9 m<\/li>\n<li>Fj\u00e4rrkontroll: ja<\/li>\n<li>Funktioner f\u00f6r fj\u00e4rrkontroll: P\u00e5, av (standby), val av v\u00e4rmeniv\u00e5er, maxeffekt, timer, termostat.<\/li>\n<li>M\u00e5tt (H x B x D): 16,5 x 76 x 8,5 cm<\/li>\n<li>Vikt: 2,5 kg<\/li>\n<li>Skyddsklass: IP44 (skyddad mot vattenst\u00e4nk)<\/li>\n<li>Montering: Tv\u00e5delade f\u00e4sten f\u00f6r v\u00e4gg- och takmontage.<\/li>\n<li>Uppv\u00e4rmningsyta: max. 5\u201310 m\u00b2 utomhus, upp till 9\u201318 m\u00b2 i vindskyddade omr\u00e5den <\/li>\n<li>Batterier fj\u00e4rrkontroll: 2 x AAA (ing\u00e5r i leveransen)<\/li>\n<\/ul>\n<h3>Leveransinneh\u00e5ll<\/h3>\n<ul>\n<li>1 x STAR18RS elektrisk utomhusv\u00e4rmare<\/li>\n<li>1 x stativ<\/li>\n<li>2 x Tv\u00e5delade monteringsf\u00e4sten<\/li>\n<li>1 x Monteringsutrustning (skruvar)<\/li>\n<li>1 x Fj\u00e4rrkontroll (batterier ing\u00e5r)<\/li>\n<li>1 x Anv\u00e4ndarhandbok<\/li>\n<\/ul>\n[\/vc_column_text][\/vc_column_inner][\/vc_row_inner][\/vc_tta_section][vc_tta_section title=&#8221;F.a.q.&#8221; tab_id=&#8221;1715058630675-41822335-92e1&#8243;][vc_row_inner equal_height=&#8221;yes&#8221; remove_bottom_col_margin=&#8221;true&#8221; css=&#8221;.vc_custom_1715063689585{padding-top: 30px !important;padding-bottom: 30px !important;}&#8221; el_id=&#8221;faq&#8221;][vc_column_inner]<style>.vcex-heading.vcex_69e6fcefc6f99{font-size:32px;text-transform:uppercase;}<\/style><h2 class=\"vcex-heading vcex-heading-plain vcex-module wpex-heading wpex-text-2xl vcex_69e6fcefc6f99\"><span class=\"vcex-heading-inner wpex-inline-block\">Vanliga fr\u00e5gor<\/span><\/h2>[vc_column_text css=&#8221;&#8221;]Vanliga fr\u00e5gor f\u00f6r alla Opranic-produkter hittar du <a href=\"https:\/\/opranic.com\/sv\/faq-infravarme\/\">h\u00e4r<\/a>.<br \/>\n<a href=\"https:\/\/opranic.com\/sv\/faq-infravarme\/\">Kunskapsbank FAQ | Opranic<\/a>[\/vc_column_text]<div class=\"vcex-module vcex-divider vcex-divider-solid vcex-divider-center wpex-mx-auto wpex-block wpex-h-0 wpex-border-b wpex-border-solid wpex-border-main\"><\/div>[\/vc_column_inner][\/vc_row_inner][\/vc_tta_section][vc_tta_section title=&#8221;\u00c5terf\u00f6rs\u00e4ljare&#8221; tab_id=&#8221;1774800383448-fdc70b06-a580&#8243;][vc_raw_html css=&#8221;&#8221;]W29wcmFuaWNfd2hlcmV0b2J1eV90YWJd[\/vc_raw_html]<div class=\"vcex-module vcex-divider vcex-divider-solid vcex-divider-center wpex-mx-auto wpex-block wpex-h-0 wpex-border-b wpex-border-solid wpex-border-main\"><\/div>[vc_raw_html css=&#8221;&#8221;]W29wcmFuaWNfaW5zdGFsbGVyX3RhYl0=[\/vc_raw_html][\/vc_tta_section][vc_tta_section title=&#8221;Recensioner&#8221; tab_id=&#8221;1776349812732-11b8b4b2-ffbe&#8221;][vc_raw_html css=&#8221;&#8221;]W2xpcHNjb3JlLXJldmlld3Nd[\/vc_raw_html][\/vc_tta_section][\/vc_tta_tabs][\/vc_column][\/vc_row]\n<\/div>","protected":false},"excerpt":{"rendered":"<p>Den portabla infrav\u00e4rmaren STAR k<strong>an monteras p\u00e5 v\u00e4gg\/tak<\/strong> eller det<strong> medf\u00f6ljande stativet<\/strong>! Med <strong>fj\u00e4rrkontrollen<\/strong> v\u00e4ljer ni <strong>\u00f6nskad effekt<\/strong>, st\u00e4nger av (9 timmars <strong>vilofunktion<\/strong>) och en <strong>integrerad termostatfunktion<\/strong>. Utrustad med Carbon Clear-teknik, som levererar effektiv 1800 W medelh\u00f6g infrar\u00f6d v\u00e4rme. Den erbjuder betydande t\u00e4ckning, upp till 15 kvadratmeter inomhus och 8 kvadratmeter utomhus, vilket s\u00e4kerst\u00e4ller en mysig atmosf\u00e4r i alla bostadsmilj\u00f6er. Byggd f\u00f6r att h\u00e5lla med IP44-skydd och en livsl\u00e4ngd p\u00e5 upp till 6 000 timmar.   <\/p>\n<ul>\n<li><strong>Effekt:<\/strong> 1800W<\/li>\n<li><strong>Montering:<\/strong> Stativ och f\u00f6r v\u00e4gg eller tak (se nedan f\u00f6r avaktivering av lutningsbrytare)<\/li>\n<li><strong>Justerbar effekt:<\/strong> Ja &#8211; 3 effektniv\u00e5er<\/li>\n<li><strong>T\u00e4ckning av v\u00e4rme:<\/strong> Inomhus: 18kwm, Utomhus: 6-9kwm<\/li>\n<li><strong>Fj\u00e4rrkontroll:<\/strong> Ja<\/li>\n<li><strong>IP-skydd:<\/strong> IP44<\/li>\n<li><strong>Timer:<\/strong> Ja &#8211; 9 timmar<\/li>\n<li><strong>Vikt:<\/strong> 2,7 kg<\/li>\n<li><strong>M\u00e5tt (H\/V\/D):<\/strong> 23 x 97 x 13 cm (fot: 26x39cm)<\/li>\n<li><strong>Livsl\u00e4ngd:<\/strong> Upp till 6.000 timmars livsl\u00e4ngd<\/li>\n<li><strong>Garanti:<\/strong> 2 \u00e5r<\/li>\n<\/ul>\n","protected":false},"featured_media":24259,"comment_status":"open","ping_status":"closed","template":"","meta":{"_acf_changed":false,"inline_featured_image":false,"_joinchat":[]},"product_brand":[],"product_cat":[1106,496],"product_tag":[681,719,718],"class_list":{"0":"post-7063","1":"product","2":"type-product","3":"status-publish","4":"has-post-thumbnail","6":"product_cat-v40-star","7":"product_cat-infravarmare","8":"product_tag-eco23r-sv","9":"product_tag-norveco-sv","10":"product_tag-star18rs-sv","11":"entry","12":"has-media","14":"first","15":"instock","16":"sale","17":"taxable","18":"shipping-taxable","19":"purchasable","20":"product-type-variable","21":"has-default-attributes"},"acf":[],"_links":{"self":[{"href":"https:\/\/opranic.com\/sv\/wp-json\/wp\/v2\/product\/7063","targetHints":{"allow":["GET"]}}],"collection":[{"href":"https:\/\/opranic.com\/sv\/wp-json\/wp\/v2\/product"}],"about":[{"href":"https:\/\/opranic.com\/sv\/wp-json\/wp\/v2\/types\/product"}],"replies":[{"embeddable":true,"href":"https:\/\/opranic.com\/sv\/wp-json\/wp\/v2\/comments?post=7063"}],"wp:featuredmedia":[{"embeddable":true,"href":"https:\/\/opranic.com\/sv\/wp-json\/wp\/v2\/media\/24259"}],"wp:attachment":[{"href":"https:\/\/opranic.com\/sv\/wp-json\/wp\/v2\/media?parent=7063"}],"wp:term":[{"taxonomy":"product_brand","embeddable":true,"href":"https:\/\/opranic.com\/sv\/wp-json\/wp\/v2\/product_brand?post=7063"},{"taxonomy":"product_cat","embeddable":true,"href":"https:\/\/opranic.com\/sv\/wp-json\/wp\/v2\/product_cat?post=7063"},{"taxonomy":"product_tag","embeddable":true,"href":"https:\/\/opranic.com\/sv\/wp-json\/wp\/v2\/product_tag?post=7063"}],"curies":[{"name":"wp","href":"https:\/\/api.w.org\/{rel}","templated":true}]}}