{"id":7541,"date":"2023-04-21T13:15:24","date_gmt":"2023-04-21T11:15:24","guid":{"rendered":"https:\/\/opranic.com\/product\/opranic-thor-s50-barbar-terrassvarmare-2000w-ir-x-ip34-fjarrkontroll-svart-inkl-skydd\/"},"modified":"2024-08-07T09:57:17","modified_gmt":"2024-08-07T07:57:17","slug":"opranic-thor-s50-barbar-terrassvarmare-2000w-ir-x-ip34-fjarrkontroll-svart-inkl-skydd","status":"publish","type":"product","link":"https:\/\/opranic.com\/sv\/shop\/infravarmare\/thor-s50-sv\/opranic-thor-s50-barbar-terrassvarmare-2000w-ir-x-ip34-fjarrkontroll-svart-inkl-skydd\/","title":{"rendered":"OPRANIC THOR S50, portabel terrassv\u00e4rmare 2000W, IR-X, IP34, fj\u00e4rrkontroll, svart, inkl. lock"},"content":{"rendered":"<div class=\"wpb-content-wrapper\">[vc_row][vc_column][\/vc_column][\/vc_row]\n<\/div>","protected":false},"excerpt":{"rendered":"<h2 class=\"vcex-heading vcex-heading-plain vcex-module wpex-heading wpex-text-2xl\"><span class=\"vcex-heading-inner wpex-inline-block\">THOR S50 &#8211; PORTABEL INFRAV\u00c4RMARE<\/span><\/h2>\n<div class=\"wpb_text_column wpb_content_element\">\n<div class=\"wpb_wrapper\">Opranic THOR S50-serien \u00e4r en b\u00e4rbar infrar\u00f6d v\u00e4rmare med en uteffekt p\u00e5 2000 W, avsedd f\u00f6r anv\u00e4ndning p\u00e5 uteplatsen eller f\u00f6r extra uppv\u00e4rmning inomhus. Den l\u00e4tta konstruktionen och IR-X-tekniken ger effektiv str\u00e5lning. Den integrerade elektroniska tiltbrytaren och aluminiumkonstruktionen garanterar h\u00e5llbarhet och anv\u00e4ndarv\u00e4nlighet. Med en h\u00f6jd p\u00e5 100 cm och en vikt p\u00e5 ca 4,2 kg \u00e4r den l\u00e4tt att b\u00e4ra och perfekt f\u00f6r utomhusbruk. Med en fj\u00e4rrkontroll som erbjuder fem v\u00e4rmeniv\u00e5er kan du enkelt styra enheten s\u00e5 att den passar dina \u00f6nskem\u00e5l. Den \u00e4r IP34-certifierad f\u00f6r anv\u00e4ndning i en skyddad utomhusmilj\u00f6. Ett utm\u00e4rkt komplement till din utomhusmilj\u00f6. H\u00e5ll dig varm med v\u00e4rmen fr\u00e5n Opranic THOR!<\/div>\n<\/div>\n","protected":false},"featured_media":7542,"comment_status":"closed","ping_status":"closed","template":"","meta":{"_acf_changed":false,"inline_featured_image":false,"_joinchat":[]},"product_brand":[],"product_cat":[496,549],"product_tag":[706,708,707],"class_list":{"0":"post-7541","1":"product","2":"type-product","3":"status-publish","4":"has-post-thumbnail","6":"product_cat-infravarmare","7":"product_cat-thor-s50-sv","8":"product_tag-opranic-ir-x-sv","9":"product_tag-opranic-irx-sv","10":"product_tag-thor20xr-b-sv","11":"entry","12":"has-media","14":"first","15":"instock","16":"taxable","17":"shipping-taxable","18":"purchasable","19":"product-type-simple"},"acf":[],"_links":{"self":[{"href":"https:\/\/opranic.com\/sv\/wp-json\/wp\/v2\/product\/7541","targetHints":{"allow":["GET"]}}],"collection":[{"href":"https:\/\/opranic.com\/sv\/wp-json\/wp\/v2\/product"}],"about":[{"href":"https:\/\/opranic.com\/sv\/wp-json\/wp\/v2\/types\/product"}],"replies":[{"embeddable":true,"href":"https:\/\/opranic.com\/sv\/wp-json\/wp\/v2\/comments?post=7541"}],"wp:featuredmedia":[{"embeddable":true,"href":"https:\/\/opranic.com\/sv\/wp-json\/wp\/v2\/media\/7542"}],"wp:attachment":[{"href":"https:\/\/opranic.com\/sv\/wp-json\/wp\/v2\/media?parent=7541"}],"wp:term":[{"taxonomy":"product_brand","embeddable":true,"href":"https:\/\/opranic.com\/sv\/wp-json\/wp\/v2\/product_brand?post=7541"},{"taxonomy":"product_cat","embeddable":true,"href":"https:\/\/opranic.com\/sv\/wp-json\/wp\/v2\/product_cat?post=7541"},{"taxonomy":"product_tag","embeddable":true,"href":"https:\/\/opranic.com\/sv\/wp-json\/wp\/v2\/product_tag?post=7541"}],"curies":[{"name":"wp","href":"https:\/\/api.w.org\/{rel}","templated":true}]}}