{"id":7548,"date":"2023-04-21T08:07:49","date_gmt":"2023-04-21T06:07:49","guid":{"rendered":"https:\/\/opranic.com\/product\/opranic-eco23r-vaggmonterad-terrassvarmare-2300w-fjarrkontroll-ip34-silver\/"},"modified":"2026-03-28T15:03:45","modified_gmt":"2026-03-28T14:03:45","slug":"opranic-eco23r-vaggmonterad-terrassvarmare-2300w-fjarrkontroll-ip34-silver","status":"publish","type":"product","link":"https:\/\/opranic.com\/sv\/shop\/infravarmare\/opranic-eco23r-vaggmonterad-terrassvarmare-2300w-fjarrkontroll-ip34-silver\/","title":{"rendered":"OPRANIC ECO23R, V\u00e4ggmonterad Utev\u00e4rmare, 2300 W, Fj\u00e4rrkontroll, IP34, Silver"},"content":{"rendered":"<div class=\"wpb-content-wrapper\">[vc_row][vc_column][\/vc_column][\/vc_row]\n<\/div>","protected":false},"excerpt":{"rendered":"<p><strong>Denna modell har utg\u00e5tt ur sortimentet och ersatts med <a href=\"https:\/\/opranic.com\/sv\/shop\/infravarmare\/opranic-eco23r-vaggmonterad-terrassvarmare-2300w-fjarrkontroll-ip34-silver\/\">NOVA23R-XC<\/a> eller <a href=\"https:\/\/opranic.com\/sv\/shop\/infravarmare\/v50-nova-sv\/norveco-stjarna-portabel-patio-varmare-1800w-med-stand-remote-ip44\/\">STAR18RS<\/a> <\/strong><\/p>\n<h2 class=\"vcex-heading vcex-heading-plain vcex-module wpex-heading wpex-text-2xl\"><span class=\"vcex-heading-inner wpex-inline-block\">V\u00e5r klassiska terrassv\u00e4rmare f\u00f6r komfort utomhus<\/span><\/h2>\n<div class=\"wpb_text_column wpb_content_element section-margin\">\n<div class=\"wpb_wrapper\">\n<p>Opranic ECO23R terrassv\u00e4rmare \u00e4r utformad f\u00f6r att f\u00f6rb\u00e4ttra dina utomhusutrymmen med p\u00e5litlig prestanda och en elegant design. Den anv\u00e4nder effektiv Classic-teknik f\u00f6r att erbjuda bra v\u00e4rmeprestanda och effektivitet, vilket g\u00f6r den till ett utm\u00e4rkt val f\u00f6r modern utomhusv\u00e4rme.<\/p>\n<h2 class=\"vcex-heading vcex-heading-plain vcex-module wpex-heading wpex-text-2xl\"><span class=\"vcex-heading-inner wpex-inline-block\">Design och s\u00e4kerhetsfunktioner<\/span><\/h2>\n<p>Den h\u00e5llbara konstruktionen p\u00e5 Opranic ECO23R infrav\u00e4rmare med fj\u00e4rrkontroll garanterar l\u00e5ngvarig prestanda. Konstruktionen best\u00e5r av robust anodiserad aluminium i h\u00f6gtemperaturutf\u00f6rande. Materialen \u00e4r rostskyddade, vilket g\u00f6r att v\u00e4rmaren beh\u00e5ller sin kvalitet och prestanda \u00f6ver tid.<\/p>\n<h2 class=\"vcex-heading vcex-heading-plain vcex-module wpex-heading wpex-text-2xl\"><span class=\"vcex-heading-inner wpex-inline-block\">Funktionalitet och kontroll<\/span><\/h2>\n<p>Du kan installera den fj\u00e4rrstyrda terrassv\u00e4rmaren p\u00e5 flera olika s\u00e4tt s\u00e5 att den passar perfekt i ditt utrymme. F\u00f6ljande \u00e4r dina alternativ:<\/p>\n<ul>\n<li>Takmontering f\u00f6r direkt ned\u00e5triktad v\u00e4rme<\/li>\n<li>V\u00e4ggmontering i valfri riktning f\u00f6r flexibel anv\u00e4ndning<\/li>\n<li>Installation av markis f\u00f6r att v\u00e4rma upp ett specifikt omr\u00e5de<\/li>\n<\/ul>\n<p>Denna flexibilitet g\u00f6r att du kan njuta av optimal v\u00e4rme var du \u00e4n beh\u00f6ver den som mest.<\/p>\n<p>Opranic ECO, en p\u00e5litlig terrassv\u00e4rmare, erbjuder effektiva, s\u00e4kra och m\u00e5ngsidiga funktioner, vilket g\u00f6r den till ett perfekt val f\u00f6r alla som vill njuta av sina uteplatser i svalare temperaturer.<\/p>\n<\/div>\n<\/div>\n<p><strong>Denna modell har utg\u00e5tt ur sortimentet och ersatts med <a href=\"https:\/\/opranic.com\/sv\/shop\/infravarmare\/opranic-eco23r-vaggmonterad-terrassvarmare-2300w-fjarrkontroll-ip34-silver\/\">NOVA23R-XC<\/a> eller <a href=\"https:\/\/opranic.com\/sv\/shop\/infravarmare\/v50-nova-sv\/norveco-stjarna-portabel-patio-varmare-1800w-med-stand-remote-ip44\/\">STAR18RS<\/a> <\/strong><\/p>\n","protected":false},"featured_media":20274,"comment_status":"open","ping_status":"closed","template":"","meta":{"_acf_changed":false,"inline_featured_image":false,"_joinchat":[]},"product_brand":[],"product_cat":[496],"product_tag":[],"class_list":{"0":"post-7548","1":"product","2":"type-product","3":"status-publish","4":"has-post-thumbnail","6":"product_cat-infravarmare","7":"entry","8":"has-media","10":"first","11":"outofstock","12":"taxable","13":"shipping-taxable","14":"purchasable","15":"product-type-simple"},"acf":[],"_links":{"self":[{"href":"https:\/\/opranic.com\/sv\/wp-json\/wp\/v2\/product\/7548","targetHints":{"allow":["GET"]}}],"collection":[{"href":"https:\/\/opranic.com\/sv\/wp-json\/wp\/v2\/product"}],"about":[{"href":"https:\/\/opranic.com\/sv\/wp-json\/wp\/v2\/types\/product"}],"replies":[{"embeddable":true,"href":"https:\/\/opranic.com\/sv\/wp-json\/wp\/v2\/comments?post=7548"}],"wp:featuredmedia":[{"embeddable":true,"href":"https:\/\/opranic.com\/sv\/wp-json\/wp\/v2\/media\/20274"}],"wp:attachment":[{"href":"https:\/\/opranic.com\/sv\/wp-json\/wp\/v2\/media?parent=7548"}],"wp:term":[{"taxonomy":"product_brand","embeddable":true,"href":"https:\/\/opranic.com\/sv\/wp-json\/wp\/v2\/product_brand?post=7548"},{"taxonomy":"product_cat","embeddable":true,"href":"https:\/\/opranic.com\/sv\/wp-json\/wp\/v2\/product_cat?post=7548"},{"taxonomy":"product_tag","embeddable":true,"href":"https:\/\/opranic.com\/sv\/wp-json\/wp\/v2\/product_tag?post=7548"}],"curies":[{"name":"wp","href":"https:\/\/api.w.org\/{rel}","templated":true}]}}