{"id":7571,"date":"2023-04-18T15:35:23","date_gmt":"2023-04-18T15:35:23","guid":{"rendered":"https:\/\/opranic.com\/product\/opranic-instickstermostat-ot50\/"},"modified":"2026-04-06T19:09:03","modified_gmt":"2026-04-06T17:09:03","slug":"opranic-plugin-termostat-ot50","status":"publish","type":"product","link":"https:\/\/opranic.com\/sv\/shop\/tillbehor\/inomhusvarmare\/opranic-plugin-termostat-ot50\/","title":{"rendered":"OPRANIC insticks-termostat OT50"},"content":{"rendered":"<div class=\"wpb-content-wrapper\">[vc_row][vc_column][vc_tta_tabs][vc_tta_section title=&#8221;Detaljer&#8221; tab_id=&#8221;1760790713439-1c128aa2-96d7&#8243;]<h2 class=\"vcex-heading vcex-heading-plain vcex-module wpex-heading wpex-text-2xl\"><span class=\"vcex-heading-inner wpex-inline-block\">Opranic OT50 termostatkontakt<\/span><\/h2>[vc_column_text css=&#8221;&#8221;]\n<p data-start=\"974\" data-end=\"1177\"><strong data-start=\"974\" data-end=\"982\">SKU:<\/strong> OT50<br data-start=\"987\" data-end=\"990\" \/><strong data-start=\"990\" data-end=\"1007\">Str\u00f6mf\u00f6rs\u00f6rjning:<\/strong> 230 V \/ 50 Hz<br data-start=\"1021\" data-end=\"1024\" \/><strong data-start=\"1024\" data-end=\"1046\">Temperaturomr\u00e5de:<\/strong> 3 \u00b0C \u2013 40 \u00b0C<br data-start=\"1059\" data-end=\"1062\" \/><strong data-start=\"1062\" data-end=\"1075\">Noggrannhet:<\/strong> \u00b10.5 \u00b0C<br data-start=\"1083\" data-end=\"1086\" \/><strong data-start=\"1086\" data-end=\"1099\">Max belastning:<\/strong> 16 A<br data-start=\"1104\" data-end=\"1107\" \/><strong data-start=\"1107\" data-end=\"1128\">Skyddsklass:<\/strong> IP20<br data-start=\"1133\" data-end=\"1136\" \/><strong data-start=\"1136\" data-end=\"1162\">Drifttemperatur:<\/strong> 0 \u00b0C \u2013 40 \u00b0C<\/p>\n<p data-start=\"1179\" data-end=\"1449\">Opranic OT50 \u00e4r en kompakt plug-in termostat designad f\u00f6r enkel styrning av dina Opranic infrar\u00f6da panelv\u00e4rmare. Den ger exakt temperaturreglering, vilket hj\u00e4lper dig att uppr\u00e4tth\u00e5lla ett j\u00e4mnt och behagligt rumsklimat samtidigt som du minskar on\u00f6dig energif\u00f6rbrukning.<\/p>\n<p data-start=\"1451\" data-end=\"1749\">Anslut helt enkelt OT50-termostaten till ett vanligt v\u00e4gguttag, anslut din v\u00e4rmare till termostaten och st\u00e4ll in \u00f6nskad temperatur med hj\u00e4lp av de intuitiva kontrollerna. Den ljusa digitala displayen visar aktuell rumstemperatur och vald inst\u00e4llning, vilket g\u00f6r att du enkelt kan \u00f6vervaka och justera.<\/p>\n<p data-start=\"1751\" data-end=\"2040\">Med temperaturjustering i steg om 0,5 \u00b0C ger OT50 exakt kontroll \u00f6ver din komfortniv\u00e5. Den inbyggda frostskyddsfunktionen aktiveras automatiskt vid 3 \u00b0C f\u00f6r att f\u00f6rhindra frysning i kalla milj\u00f6er, vilket g\u00f6r den idealisk f\u00f6r anv\u00e4ndning i hem, kontor, verkst\u00e4der eller stugor.<\/p>\n<p data-start=\"2042\" data-end=\"2311\">Termostaten inkluderar ett praktiskt OFF-l\u00e4ge f\u00f6r fullst\u00e4ndig avaktivering av den anslutna apparaten n\u00e4r uppv\u00e4rmning inte kr\u00e4vs. Konstruerad med en h\u00f6gkvalitativ rel\u00e4utg\u00e5ng, st\u00f6der den laster upp till 16 A, vilket s\u00e4kerst\u00e4ller kompatibilitet med alla Opranic infrar\u00f6da panelv\u00e4rmare.<\/p>\n<p data-start=\"2313\" data-end=\"2447\">Opranic OT50 kombinerar enkelhet och effektivitet i en enda enhet, vilket ger dig full kontroll \u00f6ver din uppv\u00e4rmning med minimal anstr\u00e4ngning.<\/p>\n<p data-start=\"2449\" data-end=\"2467\"><strong data-start=\"2449\" data-end=\"2465\">Viktiga funktioner<\/strong><\/p>\n<ul data-start=\"2468\" data-end=\"2674\">\n<li data-start=\"2468\" data-end=\"2503\">\n<p data-start=\"2470\" data-end=\"2503\">Enkel plug-and-play-installation<\/p>\n<\/li>\n<li data-start=\"2504\" data-end=\"2551\">\n<p data-start=\"2506\" data-end=\"2551\">Exakt temperaturkontroll i steg om 0,5 \u00b0C<\/p>\n<\/li>\n<li data-start=\"2552\" data-end=\"2588\">\n<p data-start=\"2554\" data-end=\"2588\">Frostskyddsfunktion (3 \u00b0C)<\/p>\n<\/li>\n<li data-start=\"2589\" data-end=\"2623\">\n<p data-start=\"2591\" data-end=\"2623\">Tydlig och l\u00e4ttl\u00e4st display<\/p>\n<\/li>\n<li data-start=\"2624\" data-end=\"2643\">\n<p data-start=\"2626\" data-end=\"2643\">Max uteffekt 16 A<\/p>\n<\/li>\n<li data-start=\"2644\" data-end=\"2674\">\n<p data-start=\"2646\" data-end=\"2674\">Kompakt och elegant design<\/p>\n<\/li>\n<\/ul>\n[\/vc_column_text][\/vc_tta_section][\/vc_tta_tabs][\/vc_column][\/vc_row]\n<\/div>","protected":false},"excerpt":{"rendered":"<h2>Opranic OT50 termostatkontakt<\/h2>\n<p>Styr enkelt din Opranic infrar\u00f6da panelv\u00e4rmare med OT50 termostatkontakt. Anslut helt enkelt termostaten till v\u00e4gguttaget och anslut din v\u00e4rmare f\u00f6r automatisk temperaturkontroll. St\u00e4ll in \u00f6nskad temperatur och njut av j\u00e4mn, behaglig v\u00e4rme utan manuell justering. Den digitala displayen g\u00f6r anv\u00e4ndningen intuitiv, medan termostaten s\u00e4kerst\u00e4ller maximal energieffektivitet och komfort i varje rum.<\/p>\n<p><strong data-start=\"974\" data-end=\"982\">SKU:<\/strong> OT50<br data-start=\"987\" data-end=\"990\" \/><strong data-start=\"990\" data-end=\"1007\">Str\u00f6mf\u00f6rs\u00f6rjning:<\/strong> 230 V \/ 50 Hz<br data-start=\"1021\" data-end=\"1024\" \/><strong data-start=\"1024\" data-end=\"1046\">Temperaturomr\u00e5de:<\/strong> 3 \u00b0C \u2013 40 \u00b0C<br data-start=\"1059\" data-end=\"1062\" \/><strong data-start=\"1062\" data-end=\"1075\">Noggrannhet:<\/strong> \u00b10.5 \u00b0C<br data-start=\"1083\" data-end=\"1086\" \/><strong data-start=\"1086\" data-end=\"1099\">Max belastning:<\/strong> 16 A<br data-start=\"1104\" data-end=\"1107\" \/><strong data-start=\"1107\" data-end=\"1128\">Skyddsklass:<\/strong> IP20<br data-start=\"1133\" data-end=\"1136\" \/><strong data-start=\"1136\" data-end=\"1162\">Drifttemperatur:<\/strong> 0 \u00b0C \u2013 40 \u00b0C<\/p>\n<p>&nbsp;<\/p>\n","protected":false},"featured_media":20284,"comment_status":"closed","ping_status":"closed","template":"","meta":{"_acf_changed":false,"inline_featured_image":false,"_joinchat":[]},"product_brand":[],"product_cat":[1045,1050],"product_tag":[],"class_list":{"0":"post-7571","1":"product","2":"type-product","3":"status-publish","4":"has-post-thumbnail","6":"product_cat-tillbehor","7":"product_cat-inomhusvarmare","8":"entry","9":"has-media","11":"first","12":"instock","13":"taxable","14":"shipping-taxable","15":"purchasable","16":"product-type-simple"},"acf":[],"_links":{"self":[{"href":"https:\/\/opranic.com\/sv\/wp-json\/wp\/v2\/product\/7571","targetHints":{"allow":["GET"]}}],"collection":[{"href":"https:\/\/opranic.com\/sv\/wp-json\/wp\/v2\/product"}],"about":[{"href":"https:\/\/opranic.com\/sv\/wp-json\/wp\/v2\/types\/product"}],"replies":[{"embeddable":true,"href":"https:\/\/opranic.com\/sv\/wp-json\/wp\/v2\/comments?post=7571"}],"wp:featuredmedia":[{"embeddable":true,"href":"https:\/\/opranic.com\/sv\/wp-json\/wp\/v2\/media\/20284"}],"wp:attachment":[{"href":"https:\/\/opranic.com\/sv\/wp-json\/wp\/v2\/media?parent=7571"}],"wp:term":[{"taxonomy":"product_brand","embeddable":true,"href":"https:\/\/opranic.com\/sv\/wp-json\/wp\/v2\/product_brand?post=7571"},{"taxonomy":"product_cat","embeddable":true,"href":"https:\/\/opranic.com\/sv\/wp-json\/wp\/v2\/product_cat?post=7571"},{"taxonomy":"product_tag","embeddable":true,"href":"https:\/\/opranic.com\/sv\/wp-json\/wp\/v2\/product_tag?post=7571"}],"curies":[{"name":"wp","href":"https:\/\/api.w.org\/{rel}","templated":true}]}}