{"id":7573,"date":"2023-04-18T15:24:42","date_gmt":"2023-04-18T13:24:42","guid":{"rendered":"https:\/\/opranic.com\/product\/opranic-metallfotsats-for-p6-hybrid\/"},"modified":"2026-03-30T21:11:19","modified_gmt":"2026-03-30T19:11:19","slug":"opranic-metall-fotter-for-p6-hybrid","status":"publish","type":"product","link":"https:\/\/opranic.com\/sv\/shop\/tillbehor\/inomhusvarmare\/opranic-metall-fotter-for-p6-hybrid\/","title":{"rendered":"OPRANIC metallf\u00f6tter, kit f\u00f6r P6 Hybrid"},"content":{"rendered":"<div class=\"wpb-content-wrapper\">[vc_row][vc_column][vc_tta_tabs][vc_tta_section title=&#8221;Detaljer&#8221; tab_id=&#8221;1760790713439-1c128aa2-96d7&#8243;]<h2 class=\"vcex-heading vcex-heading-plain vcex-module wpex-heading wpex-text-2xl\"><span class=\"vcex-heading-inner wpex-inline-block\">Opranic golvstativ<\/span><\/h2>[vc_column_text css=&#8221;&#8221;]\n<h3 data-start=\"189\" data-end=\"317\"><strong data-start=\"189\" data-end=\"197\">Detaljer<\/strong><\/h3>\n<p data-start=\"189\" data-end=\"317\"><strong data-start=\"189\" data-end=\"197\">SKU<\/strong>: OPP6LEG2<br data-start=\"206\" data-end=\"209\"><strong data-start=\"209\" data-end=\"222\">Material<\/strong>: Metall med pulverlackering<br data-start=\"248\" data-end=\"251\"><strong data-start=\"251\" data-end=\"262\">F\u00e4rg<\/strong>: Vit<br data-start=\"268\" data-end=\"271\"><strong data-start=\"271\" data-end=\"298\">M\u00e5tt <\/strong>(H x B x D): 11 x 7 x 20,5 cm<\/p>\n<p data-start=\"319\" data-end=\"696\">Opranic golvstativset erbjuder den perfekta l\u00f6sningen f\u00f6r dig som vill ha flexibilitet utan att kompromissa med stilen. Med dessa h\u00f6gkvalitativa stativ kan din Opranic P6 infrav\u00e4rmare placeras var som helst, fr\u00e5n vardagsrum och kontor till verkst\u00e4der, stugor eller studior. De ger dig friheten att anv\u00e4nda din v\u00e4rmare precis d\u00e4r den beh\u00f6vs, utan permanent installation.  <\/p>\n<p data-start=\"698\" data-end=\"967\">Varje stativ \u00e4r tillverkat av stark, pulverlackerad metall som s\u00e4kerst\u00e4ller en h\u00e5llbar yta som st\u00e5r emot slitage och beh\u00e5ller sitt rena, eleganta utseende \u00f6ver tid. Den ljusa vita ytan sm\u00e4lter perfekt in i den minimalistiska skandinaviska designen som k\u00e4nnetecknar Opranic P6-serien. <\/p>\n<p data-start=\"969\" data-end=\"1293\">Stativen \u00e4r utformade inte bara f\u00f6r stabilitet utan ocks\u00e5 f\u00f6r effektivitet. Deras form och h\u00f6jd skapar ett idealiskt avst\u00e5nd mellan v\u00e4rmaren och golvet, vilket m\u00f6jligg\u00f6r korrekt luftfl\u00f6de f\u00f6r naturlig konvektion. Detta hj\u00e4lper v\u00e4rmaren att dra in kallare luft underifr\u00e5n, v\u00e4rma den j\u00e4mnt och distribuera behaglig v\u00e4rme i hela rummet.  <\/p>\n<p data-start=\"1295\" data-end=\"1571\">Oavsett om den anv\u00e4nds p\u00e5 kakel, tr\u00e4 eller matta ger den robusta baskonstruktionen s\u00e4ker balans och f\u00f6rhindrar tippning. Den breda st\u00e4llningen ger p\u00e5litligt st\u00f6d \u00e4ven n\u00e4r v\u00e4rmaren flyttas ofta, vilket g\u00f6r den till ett utm\u00e4rkt val f\u00f6r flexibla milj\u00f6er eller s\u00e4songsanv\u00e4ndning. <\/p>\n<p data-start=\"1573\" data-end=\"1912\">Installationen \u00e4r snabb och intuitiv. F\u00e4st stativen med de medf\u00f6ljande monteringsskruvarna, och inom n\u00e5gra minuter blir din Opranic P6 en helt portabel infrav\u00e4rmare som enkelt kan flyttas fr\u00e5n en plats till en annan. Det \u00e4r perfekt n\u00e4r v\u00e4ggmontering inte \u00e4r m\u00f6jlig eller n\u00e4r du vill anpassa din uppv\u00e4rmningsl\u00f6sning under \u00e5ret.  <\/p>\n<p data-start=\"1914\" data-end=\"2172\">Opranic golvstativset speglar samma uppm\u00e4rksamhet p\u00e5 detaljer och byggkvalitet som finns i alla Opranic-produkter. Det kombinerar funktionalitet, s\u00e4kerhet och modern design i ett smart tillbeh\u00f6r som f\u00f6rb\u00e4ttrar b\u00e5de utseendet och anv\u00e4ndbarheten av din infrav\u00e4rmare. <\/p>\n<p data-start=\"2174\" data-end=\"2197\"><strong data-start=\"2174\" data-end=\"2195\">Leveransomfattning<\/strong><\/p>\n<ul>\n<li data-start=\"2174\" data-end=\"2197\">1 x Set golvstativ (2 stycken)<\/li>\n<li data-start=\"2174\" data-end=\"2197\">1 x Monteringssats<\/li>\n<\/ul>\n[\/vc_column_text][\/vc_tta_section][\/vc_tta_tabs][\/vc_column][\/vc_row]\n<\/div>","protected":false},"excerpt":{"rendered":"<section class=\"product-intro\">\n<h2>Opranic metallfotsats f\u00f6r P6 hybrid<\/h2>\n<p>G\u00f6r din Opranic P6 Hybrid infrav\u00e4rmare helt portabel med detta robusta kit med vit pulverlackerade metallf\u00f6tter. Montera p\u00e5 n\u00e5gra minuter f\u00f6r att f\u00f6rvandla en v\u00e4ggmonterad enhet till en stabil, frist\u00e5ende v\u00e4rmare perfekt f\u00f6r flexibel anv\u00e4ndning hemma eller p\u00e5 arbetsplatsen. <\/p>\n<ul class=\"premium-features\">\n<li>Frist\u00e5ende stabilitet f\u00f6r P6 Hybrid<\/li>\n<li>H\u00e5llbar pulverlackerad metall (vit)<\/li>\n<li>Snabb installation med medf\u00f6ljande monteringssats<\/li>\n<li>Optimerat luftfl\u00f6de f\u00f6r effektiv uppv\u00e4rmning<\/li>\n<li>Ren, minimalistisk skandinavisk design<\/li>\n<\/ul>\n<\/section>\n","protected":false},"featured_media":20290,"comment_status":"closed","ping_status":"closed","template":"","meta":{"_acf_changed":false,"inline_featured_image":false,"_joinchat":[]},"product_brand":[],"product_cat":[1050,1045],"product_tag":[],"class_list":{"0":"post-7573","1":"product","2":"type-product","3":"status-publish","4":"has-post-thumbnail","6":"product_cat-inomhusvarmare","7":"product_cat-tillbehor","8":"entry","9":"has-media","11":"first","12":"instock","13":"taxable","14":"shipping-taxable","15":"purchasable","16":"product-type-simple"},"acf":[],"_links":{"self":[{"href":"https:\/\/opranic.com\/sv\/wp-json\/wp\/v2\/product\/7573","targetHints":{"allow":["GET"]}}],"collection":[{"href":"https:\/\/opranic.com\/sv\/wp-json\/wp\/v2\/product"}],"about":[{"href":"https:\/\/opranic.com\/sv\/wp-json\/wp\/v2\/types\/product"}],"replies":[{"embeddable":true,"href":"https:\/\/opranic.com\/sv\/wp-json\/wp\/v2\/comments?post=7573"}],"wp:featuredmedia":[{"embeddable":true,"href":"https:\/\/opranic.com\/sv\/wp-json\/wp\/v2\/media\/20290"}],"wp:attachment":[{"href":"https:\/\/opranic.com\/sv\/wp-json\/wp\/v2\/media?parent=7573"}],"wp:term":[{"taxonomy":"product_brand","embeddable":true,"href":"https:\/\/opranic.com\/sv\/wp-json\/wp\/v2\/product_brand?post=7573"},{"taxonomy":"product_cat","embeddable":true,"href":"https:\/\/opranic.com\/sv\/wp-json\/wp\/v2\/product_cat?post=7573"},{"taxonomy":"product_tag","embeddable":true,"href":"https:\/\/opranic.com\/sv\/wp-json\/wp\/v2\/product_tag?post=7573"}],"curies":[{"name":"wp","href":"https:\/\/api.w.org\/{rel}","templated":true}]}}